{"id":1543,"date":"2025-04-05T08:19:06","date_gmt":"2025-04-05T08:19:06","guid":{"rendered":"https:\/\/puffvapekit.com\/?page_id=1543"},"modified":"2025-04-06T04:16:07","modified_gmt":"2025-04-06T04:16:07","slug":"expedition","status":"publish","type":"page","link":"https:\/\/puffvapekit.com\/de\/versand\/","title":{"rendered":"Informationen zum Versand"},"content":{"rendered":"<div data-elementor-type=\"wp-page\" data-elementor-id=\"1543\" class=\"elementor elementor-1543\">\n\t\t\t\t<div class=\"elementor-element elementor-element-594b08a e-flex e-con-boxed e-con e-parent\" data-id=\"594b08a\" data-element_type=\"container\" data-e-type=\"container\">\n\t\t\t\t\t<div class=\"e-con-inner\">\n\t\t<div class=\"elementor-element elementor-element-4414d11 e-con-full e-flex e-con e-child\" data-id=\"4414d11\" data-element_type=\"container\" data-e-type=\"container\">\n\t\t\t\t<div class=\"elementor-element elementor-element-8b94d53 elementor-widget elementor-widget-text-editor\" data-id=\"8b94d53\" data-element_type=\"widget\" data-e-type=\"widget\" data-widget_type=\"text-editor.default\">\n\t\t\t\t<div class=\"elementor-widget-container\">\n\t\t\t\t\t\t\t\t\t<h1>Informationen zum Versand<\/h1><h3>Bearbeitung von Bestellungen und Versand :<\/h3><p>Wir werden Ihre Bestellung innerhalb von 1 bis 3 Werktagen bearbeiten und versenden. Die Lieferzeit betr\u00e4gt in der Regel 7 bis 12 Werktage. Bitte beachten Sie, dass wir an Wochenenden und Feiertagen nicht versenden.<\/p><h3>Sendungen verfolgen :<\/h3><p>Sobald Ihre Bestellung versendet wurde, erhalten Sie eine E-Mail mit einer Tracking-Nummer. Sie k\u00f6nnen den Versandstatus Ihrer Bestellung \u00fcber die folgenden Websites verfolgen:<\/p><p>https:\/\/www.17track.net\/<\/p><p>Bitte planen Sie 3 bis 5 Tage nach dem Versand ein, damit die Tracking-Informationen auf der Website aktualisiert werden k\u00f6nnen.<\/p><h3>\u00c4nderungen und Stornierungen von Bestellungen :<\/h3><p>Sie k\u00f6nnen Ihre Bestellung jederzeit stornieren oder Ihre Lieferadresse \u00e4ndern, bevor Ihre Bestellung versendet wird. Sobald eine Bestellung versendet wurde, k\u00f6nnen wir keine R\u00fcckerstattungen oder Adress\u00e4nderungen mehr bearbeiten.<\/p><h3>Zoll und Zollabfertigung :<\/h3><p>Wir bieten DDP-Versand (Delivery Duty Paid) in die folgenden L\u00e4nder an. Mit DDP m\u00fcssen Sie nicht durch den Zoll gehen und keine Z\u00f6lle zahlen. (Nicht in allen L\u00e4ndern g\u00fcltig, bitte beziehen Sie sich auf die tats\u00e4chliche Situation)<\/p><p>USA: Versand per UPS (au\u00dfer Alaska und Hawaii)<br \/>Australien: Versand \u00fcber Australia Post<br \/>Gro\u00dfbritannien: Lieferung \u00fcber DPD Express (lokal)<br \/>Europa: Versand \u00fcber DHL Express \/ DPD Express,<\/p><p>Nicht erh\u00e4ltlich in einigen L\u00e4ndern mit strengen Zollbestimmungen: D\u00e4nemark, Australien, Norwegen, Schweiz<\/p><h3>Zus\u00e4tzliche Informationen:<\/h3><p>Einige abgelegene Gebiete k\u00f6nnen zus\u00e4tzliche Kosten verursachen und die Lieferzeit verl\u00e4ngern. Wir werden unser Bestes tun, damit Ihre Bestellung rechtzeitig zugestellt wird.<\/p><h3>Kundenbetreuung :<\/h3><p>Wenn Sie Fragen oder spezielle W\u00fcnsche haben, wenden Sie sich bitte \u00fcber die offizielle E-Mail-Adresse an unser Kundenbetreuungsteam. Wir tun unser Bestes, um Ihnen den bestm\u00f6glichen Service zu bieten.<\/p>\t\t\t\t\t\t\t\t<\/div>\n\t\t\t\t<\/div>\n\t\t\t\t<\/div>\n\t\t\t\t\t<\/div>\n\t\t\t\t<\/div>\n\t\t\t\t<\/div>","protected":false},"excerpt":{"rendered":"<p>Versandinformationen Bestellungsbearbeitung und Versand: Wir bearbeiten und versenden Ihre Bestellung innerhalb von 1 bis 3 Werktagen. Die Lieferzeit betr\u00e4gt in der Regel 7 bis 12 Werktage. Bitte beachten Sie, dass wir an Wochenenden und Feiertagen nicht versenden. Verfolgung der Sendungen : Sobald Ihre Bestellung [...].<\/p>","protected":false},"author":1,"featured_media":0,"parent":0,"menu_order":2,"comment_status":"closed","ping_status":"closed","template":"","meta":{"site-sidebar-layout":"no-sidebar","site-content-layout":"page-builder","ast-site-content-layout":"full-width-container","site-content-style":"default","site-sidebar-style":"default","ast-global-header-display":"","ast-banner-title-visibility":"","ast-main-header-display":"","ast-hfb-above-header-display":"","ast-hfb-below-header-display":"","ast-hfb-mobile-header-display":"","site-post-title":"disabled","ast-breadcrumbs-content":"","ast-featured-img":"disabled","footer-sml-layout":"","theme-transparent-header-meta":"","adv-header-id-meta":"","stick-header-meta":"","header-above-stick-meta":"","header-main-stick-meta":"","header-below-stick-meta":"","astra-migrate-meta-layouts":"set","ast-page-background-enabled":"default","ast-page-background-meta":{"desktop":{"background-color":"","background-image":"","background-repeat":"repeat","background-position":"center center","background-size":"auto","background-attachment":"scroll","background-type":"","background-media":"","overlay-type":"","overlay-color":"","overlay-opacity":"","overlay-gradient":""},"tablet":{"background-color":"","background-image":"","background-repeat":"repeat","background-position":"center center","background-size":"auto","background-attachment":"scroll","background-type":"","background-media":"","overlay-type":"","overlay-color":"","overlay-opacity":"","overlay-gradient":""},"mobile":{"background-color":"","background-image":"","background-repeat":"repeat","background-position":"center center","background-size":"auto","background-attachment":"scroll","background-type":"","background-media":"","overlay-type":"","overlay-color":"","overlay-opacity":"","overlay-gradient":""}},"ast-content-background-meta":{"desktop":{"background-color":"var(--ast-global-color-5)","background-image":"","background-repeat":"repeat","background-position":"center center","background-size":"auto","background-attachment":"scroll","background-type":"","background-media":"","overlay-type":"","overlay-color":"","overlay-opacity":"","overlay-gradient":""},"tablet":{"background-color":"var(--ast-global-color-5)","background-image":"","background-repeat":"repeat","background-position":"center center","background-size":"auto","background-attachment":"scroll","background-type":"","background-media":"","overlay-type":"","overlay-color":"","overlay-opacity":"","overlay-gradient":""},"mobile":{"background-color":"var(--ast-global-color-5)","background-image":"","background-repeat":"repeat","background-position":"center center","background-size":"auto","background-attachment":"scroll","background-type":"","background-media":"","overlay-type":"","overlay-color":"","overlay-opacity":"","overlay-gradient":""}},"footnotes":""},"class_list":["post-1543","page","type-page","status-publish","hentry"],"_links":{"self":[{"href":"https:\/\/puffvapekit.com\/de\/wp-json\/wp\/v2\/pages\/1543","targetHints":{"allow":["GET"]}}],"collection":[{"href":"https:\/\/puffvapekit.com\/de\/wp-json\/wp\/v2\/pages"}],"about":[{"href":"https:\/\/puffvapekit.com\/de\/wp-json\/wp\/v2\/types\/page"}],"author":[{"embeddable":true,"href":"https:\/\/puffvapekit.com\/de\/wp-json\/wp\/v2\/users\/1"}],"replies":[{"embeddable":true,"href":"https:\/\/puffvapekit.com\/de\/wp-json\/wp\/v2\/comments?post=1543"}],"version-history":[{"count":10,"href":"https:\/\/puffvapekit.com\/de\/wp-json\/wp\/v2\/pages\/1543\/revisions"}],"predecessor-version":[{"id":1624,"href":"https:\/\/puffvapekit.com\/de\/wp-json\/wp\/v2\/pages\/1543\/revisions\/1624"}],"wp:attachment":[{"href":"https:\/\/puffvapekit.com\/de\/wp-json\/wp\/v2\/media?parent=1543"}],"curies":[{"name":"wp","href":"https:\/\/api.w.org\/{rel}","templated":true}]}}