{"id":3,"date":"2025-04-04T11:31:41","date_gmt":"2025-04-04T11:31:41","guid":{"rendered":"https:\/\/puffvapekit.com\/?page_id=3"},"modified":"2025-04-06T04:16:17","modified_gmt":"2025-04-06T04:16:17","slug":"privacy-policy","status":"publish","type":"page","link":"https:\/\/puffvapekit.com\/de\/datenschutzrichtlinie\/","title":{"rendered":"Datenschutzrichtlinie"},"content":{"rendered":"<div data-elementor-type=\"wp-page\" data-elementor-id=\"3\" class=\"elementor elementor-3\">\n\t\t\t\t<div class=\"elementor-element elementor-element-979762e e-flex e-con-boxed e-con e-parent\" data-id=\"979762e\" data-element_type=\"container\" data-e-type=\"container\">\n\t\t\t\t\t<div class=\"e-con-inner\">\n\t\t<div class=\"elementor-element elementor-element-3250152 e-con-full e-flex e-con e-child\" data-id=\"3250152\" data-element_type=\"container\" data-e-type=\"container\">\n\t\t\t\t<div class=\"elementor-element elementor-element-706712a elementor-widget elementor-widget-text-editor\" data-id=\"706712a\" data-element_type=\"widget\" data-e-type=\"widget\" data-widget_type=\"text-editor.default\">\n\t\t\t\t<div class=\"elementor-widget-container\">\n\t\t\t\t\t\t\t\t\t<h1>Datenschutzrichtlinie<\/h1><p>Willkommen auf puffvapekit.com. Wir freuen uns, dass unser Online-Shop Ihr Interesse geweckt hat. Der Schutz Ihrer Privatsph\u00e4re ist uns sehr wichtig. Diese Datenschutzrichtlinie erl\u00e4utert, wie wir Ihre Informationen sammeln, verwenden und sch\u00fctzen, wenn Sie unsere Website puffvapekit.com besuchen oder unsere Dienstleistungen in Anspruch nehmen.<\/p><h3>Sammeln von Informationen<\/h3><p>Sie k\u00f6nnen unsere Website besuchen, ohne irgendwelche pers\u00f6nlichen Daten anzugeben. Jedes Mal, wenn Sie eine Website besuchen, speichert der Webserver automatisch sogenannte Server-Log-Dateien, die den Namen der angeforderten Datei, Ihre IP-Adresse, Datum und Uhrzeit des Abrufs, die \u00fcbertragene Datenmenge und den anfragenden Anbieter enthalten (Zugriffsdaten), und zeichnet die abgerufenen Informationen wie Ihren Namen, Ihre Kontaktdaten, Ihre Lieferadresse, Ihre Zahlungsdetails und Ihre Kaufhistorie auf.<\/p><h3>Verwendung von Informationen<\/h3><p>Wir erheben Ihre personenbezogenen Daten, wenn Sie diese im Rahmen einer Bestellung, einer Kontaktaufnahme mit uns (z. B. \u00fcber ein Kontaktformular oder eine E-Mail) oder bei der Er\u00f6ffnung eines Kundenkontos freiwillig angeben. Pflichtfelder sind als obligatorisch gekennzeichnet, da wir die Daten in diesen F\u00e4llen unbedingt ben\u00f6tigen, um den Vertrag zu bearbeiten oder Ihre Kontakte zu verwalten oder ein Kundenkonto zu er\u00f6ffnen, und Sie ohne die Bereitstellung dieser Daten Ihre Bestellung nicht abschlie\u00dfen und\/oder ein Konto er\u00f6ffnen oder Kontaktinformationen senden k\u00f6nnen. Sie k\u00f6nnen Ihr Kundenkonto jederzeit l\u00f6schen, indem Sie eine Nachricht an die unten beschriebenen Kontaktdaten senden oder die daf\u00fcr vorgesehene Funktion in Ihrem Kundenkonto nutzen.<\/p><h3>Schutz von Informationen<\/h3><p>Wir ergreifen Ma\u00dfnahmen, um Ihre personenbezogenen Daten vor unbefugtem Zugriff, \u00c4nderung, Offenlegung oder Vernichtung zu sch\u00fctzen. Zu diesen Ma\u00dfnahmen geh\u00f6ren Verschl\u00fcsselung, Zugangskontrollen und regelm\u00e4\u00dfige Sicherheitsbewertungen.<\/p><h3>Cookies und Tracking-Technologien<\/h3><p>Um Ihren Besuch auf unserer Website attraktiv zu gestalten und Ihnen die Nutzung bestimmter Funktionen zu erm\u00f6glichen, passende Produkte anzuzeigen oder Marktforschung zu betreiben, verwenden wir auf verschiedenen Seiten Cookies. Dies dient der Wahrung unserer berechtigten Interessen und ist im Rahmen einer Interessenabw\u00e4gung durchf\u00fchrbar. Cookies sind kleine Textdateien, die automatisch auf Ihrem Ger\u00e4t gespeichert werden. Einige der von uns verwendeten Cookies werden am Ende Ihrer Browsersitzung, d. h. sobald Sie Ihren Browser schlie\u00dfen, gel\u00f6scht (sog. Sitzungscookies). Andere Cookies verbleiben auf Ihrem Ger\u00e4t und erm\u00f6glichen es uns, Ihren Browser bei Ihrem n\u00e4chsten Besuch wiederzuerkennen (persistente Cookies). Die Speicherdauer k\u00f6nnen Sie in der \u00dcbersicht der Cookie-Einstellungen Ihres Internetbrowsers finden. Sie k\u00f6nnen Ihren Browser so einstellen, dass Sie \u00fcber die Cookie-Einstellungen informiert werden und individuell entscheiden k\u00f6nnen, ob Sie Cookies im Einzelfall oder generell akzeptieren oder ausschlie\u00dfen m\u00f6chten. Jeder Browser verf\u00fcgt \u00fcber unterschiedliche Einstellungen zur Verwaltung von Cookies. Die Vorgehensweise wird im Hilfemen\u00fc jedes Browsers beschrieben, in dem auch erl\u00e4utert wird, wie Sie Ihre Cookie-Einstellungen \u00e4ndern k\u00f6nnen. Wenn Sie keine Cookies akzeptieren, kann die Funktionalit\u00e4t unserer Website eingeschr\u00e4nkt sein.<\/p><h3>Daten, auf die Sie selbst\u00e4ndig zugreifen k\u00f6nnen<\/h3><p>Im Benutzerbereich der Website puffvapekit.com k\u00f6nnen registrierte Benutzer auf bestimmte Daten zugreifen und bestimmte Informationen und Einstellungen verwalten, wie z. B. :<\/p><p>Kontoinformationen: Ihre pers\u00f6nlichen Daten und Ihre E-Mail-Adresse; Sie k\u00f6nnen die E-Mail-Adresse oder das Passwort, das Sie f\u00fcr den Zugang zum Dienst puffvapekit.com verwenden, \u00e4ndern;<\/p><p>Adressbuch - bietet zus\u00e4tzliche pers\u00f6nliche Identifikations- und Kontaktdaten sowie die M\u00f6glichkeit, Adressb\u00fccher zu erstellen und zu verwalten ;<\/p><p>Meine Bestellungen: enth\u00e4lt den Verlauf Ihrer Bestellungen auf der Website puffvapekit.com, bei der Sie angemeldet sind ;<\/p><p>Produktbewertungen: Listen Sie die Bewertungen zu einem oder mehreren Produkten auf; ;<\/p><p>Wunschliste: Eine Produktliste als Wunschliste generieren ;<\/p><p>Kundensupport: Bietet eine Liste der offenen Tickets und ein Formular, um neue Tickets zu er\u00f6ffnen ;<\/p><p>Newsletter-Abonnements: Werden verwendet, um Abonnements f\u00fcr E-Mail-Marketingdienste zu verwalten.<\/p><h3>Sicherheit der gesammelten pers\u00f6nlichen Daten<\/h3><p>Um die Sicherheit der gesammelten pers\u00f6nlichen Daten zu gew\u00e4hrleisten, gestalten wir unser System unter Ber\u00fccksichtigung der Privatsph\u00e4re der Nutzer.<\/p><p>Wir verpflichten uns, Verschl\u00fcsselungsprotokolle und -verfahren zu verwenden, um die Sicherheit Ihrer pers\u00f6nlichen Daten bei der \u00dcbertragung zu sch\u00fctzen.<\/p><p>Wir unterhalten physische, elektronische und organisatorische Sicherheitsma\u00dfnahmen in Bezug auf die Erhebung, Verarbeitung, Speicherung und Weitergabe der personenbezogenen Daten unserer Kunden. Unsere Sicherheitsmanagementverfahren bedeuten, dass wir Sie m\u00f6glicherweise auffordern, Ihre Identit\u00e4t zu \u00fcberpr\u00fcfen, bevor wir Ihnen Zugang zu Ihren personenbezogenen Daten gew\u00e4hren.<\/p><p>Es ist wichtig, dass Sie geeignete Ma\u00dfnahmen ergreifen, um einen unbefugten Zugriff auf Ihre Passw\u00f6rter, Ger\u00e4te und Anwendungen zu verhindern. Wir empfehlen Ihnen, ein einziges Passwort f\u00fcr Ihr Konto zu verwenden und es nicht f\u00fcr andere Online-Konten zu nutzen. Wenn Sie die Nutzung eines Ger\u00e4ts, das Sie mit anderen Nutzern teilen, beendet haben, stellen Sie sicher, dass Sie sich abmelden.<\/p><h3>Rechte der Nutzer<\/h3><p>In Bezug auf die von puffvapekit.com verarbeiteten personenbezogenen Daten k\u00f6nnen Sie die in Artikel III der Verordnung (EU) 2016\/679 festgelegten Rechte aus\u00fcben, unbeschadet der in dieser Verordnung festgelegten Einschr\u00e4nkungen und Bedingungen. Wenn Sie eine Vereinbarung unterzeichnet haben, die Ihre Zustimmung zur Verarbeitung Ihrer Daten durch puffvapekit.com enth\u00e4lt, weisen wir Sie darauf hin, dass Sie diese Zustimmung jederzeit widerrufen k\u00f6nnen, unbeschadet der verbindlichen Verpflichtungen, die sich aus den zum Zeitpunkt des Antrags auf Widerruf geltenden Rechtsvorschriften ergeben, indem Sie den f\u00fcr die Verarbeitung Verantwortlichen unter Verwendung der unten angegebenen Kontaktdaten kontaktieren.<\/p><p>Der Widerruf der Einwilligung hat keinen Einfluss auf die Rechtm\u00e4\u00dfigkeit der Verarbeitung, die vor dem Widerruf auf der Einwilligung beruhte.<\/p><p>Wie Sie PuffVapekit in Bezug auf diese Datenschutzrichtlinie im Internet kontaktieren k\u00f6nnen<\/p><p>Wenn Sie Fragen, Bedenken oder Beschwerden bez\u00fcglich der Datenschutzrichtlinien von puffvapekit.com haben, k\u00f6nnen Sie eine E-Mail an info@puffvapekit.com senden.<\/p><h3>Rechtskonformit\u00e4t<\/h3><p>Unsere Datenschutzrichtlinie entspricht den geltenden Gesetzen und Vorschriften zum Datenschutz. Wenn Sie Fragen oder Bedenken zu unserer Datenschutzrichtlinie oder unseren Datenverarbeitungspraktiken haben, kontaktieren Sie uns bitte.<\/p><h3>Aktualisierungen von Richtlinien<\/h3><p>Wir k\u00f6nnen unsere Datenschutzrichtlinie in regelm\u00e4\u00dfigen Abst\u00e4nden aktualisieren, um \u00c4nderungen unserer Datenschutzpraktiken oder unserer rechtlichen Anforderungen zu ber\u00fccksichtigen. Wir werden Sie \u00fcber alle wichtigen \u00c4nderungen an dieser Datenschutzrichtlinie informieren, indem wir eine aktualisierte Version auf unserer Website ver\u00f6ffentlichen.<\/p><p>Vielen Dank, dass Sie sich f\u00fcr: puffvapekit entschieden haben. Wenn Sie Fragen oder Bedenken zu unserer Datenschutzrichtlinie oder unseren Dienstleistungen haben, kontaktieren Sie uns bitte unter info@puffvapekit.com.<\/p>\t\t\t\t\t\t\t\t<\/div>\n\t\t\t\t<\/div>\n\t\t\t\t<\/div>\n\t\t\t\t\t<\/div>\n\t\t\t\t<\/div>\n\t\t\t\t<\/div>","protected":false},"excerpt":{"rendered":"<p>datenschutzrichtlinie Willkommen bei puffvapekit.com. Wir freuen uns, dass unser Online-Shop Ihr Interesse geweckt hat. Der Schutz Ihrer Privatsph\u00e4re ist uns sehr wichtig. Diese Datenschutzrichtlinie erl\u00e4utert, wie wir Ihre Informationen sammeln, verwenden und sch\u00fctzen, wenn Sie unsere Website puffvapekit.com besuchen oder unsere Dienstleistungen in Anspruch nehmen. Sammeln von Informationen [...].<\/p>","protected":false},"author":1,"featured_media":0,"parent":0,"menu_order":11,"comment_status":"closed","ping_status":"open","template":"","meta":{"site-sidebar-layout":"no-sidebar","site-content-layout":"page-builder","ast-site-content-layout":"full-width-container","site-content-style":"default","site-sidebar-style":"default","ast-global-header-display":"","ast-banner-title-visibility":"","ast-main-header-display":"","ast-hfb-above-header-display":"","ast-hfb-below-header-display":"","ast-hfb-mobile-header-display":"","site-post-title":"disabled","ast-breadcrumbs-content":"","ast-featured-img":"disabled","footer-sml-layout":"","theme-transparent-header-meta":"","adv-header-id-meta":"","stick-header-meta":"","header-above-stick-meta":"","header-main-stick-meta":"","header-below-stick-meta":"","astra-migrate-meta-layouts":"default","ast-page-background-enabled":"default","ast-page-background-meta":{"desktop":{"background-color":"","background-image":"","background-repeat":"repeat","background-position":"center center","background-size":"auto","background-attachment":"scroll","background-type":"","background-media":"","overlay-type":"","overlay-color":"","overlay-opacity":"","overlay-gradient":""},"tablet":{"background-color":"","background-image":"","background-repeat":"repeat","background-position":"center center","background-size":"auto","background-attachment":"scroll","background-type":"","background-media":"","overlay-type":"","overlay-color":"","overlay-opacity":"","overlay-gradient":""},"mobile":{"background-color":"","background-image":"","background-repeat":"repeat","background-position":"center center","background-size":"auto","background-attachment":"scroll","background-type":"","background-media":"","overlay-type":"","overlay-color":"","overlay-opacity":"","overlay-gradient":""}},"ast-content-background-meta":{"desktop":{"background-color":"var(--ast-global-color-5)","background-image":"","background-repeat":"repeat","background-position":"center center","background-size":"auto","background-attachment":"scroll","background-type":"","background-media":"","overlay-type":"","overlay-color":"","overlay-opacity":"","overlay-gradient":""},"tablet":{"background-color":"var(--ast-global-color-5)","background-image":"","background-repeat":"repeat","background-position":"center center","background-size":"auto","background-attachment":"scroll","background-type":"","background-media":"","overlay-type":"","overlay-color":"","overlay-opacity":"","overlay-gradient":""},"mobile":{"background-color":"var(--ast-global-color-5)","background-image":"","background-repeat":"repeat","background-position":"center center","background-size":"auto","background-attachment":"scroll","background-type":"","background-media":"","overlay-type":"","overlay-color":"","overlay-opacity":"","overlay-gradient":""}},"footnotes":""},"class_list":["post-3","page","type-page","status-publish","hentry"],"_links":{"self":[{"href":"https:\/\/puffvapekit.com\/de\/wp-json\/wp\/v2\/pages\/3","targetHints":{"allow":["GET"]}}],"collection":[{"href":"https:\/\/puffvapekit.com\/de\/wp-json\/wp\/v2\/pages"}],"about":[{"href":"https:\/\/puffvapekit.com\/de\/wp-json\/wp\/v2\/types\/page"}],"author":[{"embeddable":true,"href":"https:\/\/puffvapekit.com\/de\/wp-json\/wp\/v2\/users\/1"}],"replies":[{"embeddable":true,"href":"https:\/\/puffvapekit.com\/de\/wp-json\/wp\/v2\/comments?post=3"}],"version-history":[{"count":8,"href":"https:\/\/puffvapekit.com\/de\/wp-json\/wp\/v2\/pages\/3\/revisions"}],"predecessor-version":[{"id":1628,"href":"https:\/\/puffvapekit.com\/de\/wp-json\/wp\/v2\/pages\/3\/revisions\/1628"}],"wp:attachment":[{"href":"https:\/\/puffvapekit.com\/de\/wp-json\/wp\/v2\/media?parent=3"}],"curies":[{"name":"wp","href":"https:\/\/api.w.org\/{rel}","templated":true}]}}