{"id":1785,"date":"2025-04-14T03:06:00","date_gmt":"2025-04-14T03:06:00","guid":{"rendered":"https:\/\/puffvapekit.com\/?post_type=product&#038;p=1785"},"modified":"2026-02-22T01:18:39","modified_gmt":"2026-02-22T01:18:39","slug":"jnr-falcon-18k-vape-29-saveurs","status":"publish","type":"product","link":"https:\/\/puffvapekit.com\/de\/product\/jnr-falcon-18k-vape-29-geschmacksrichtungen\/","title":{"rendered":"JNR Falcon 18K Vape 29 Geschmacksrichtungen, einstellbarer Luftstrom"},"content":{"rendered":"<div data-elementor-type=\"wp-post\" data-elementor-id=\"1785\" class=\"elementor elementor-1785\">\n\t\t\t\t<div class=\"elementor-element elementor-element-7bd8723 e-flex e-con-boxed e-con e-parent\" data-id=\"7bd8723\" data-element_type=\"container\" data-e-type=\"container\">\n\t\t\t\t\t<div class=\"e-con-inner\">\n\t\t<div class=\"elementor-element elementor-element-3292131 e-con-full e-flex e-con e-child\" data-id=\"3292131\" data-element_type=\"container\" data-e-type=\"container\">\n\t\t\t\t<div class=\"elementor-element elementor-element-4140b4c elementor-widget elementor-widget-text-editor\" data-id=\"4140b4c\" data-element_type=\"widget\" data-e-type=\"widget\" data-widget_type=\"text-editor.default\">\n\t\t\t\t<div class=\"elementor-widget-container\">\n\t\t\t\t\t\t\t\t\t<h2>Eigenschaften von JNR Falcon 18K :<\/h2><p>Nikotin: 0 %, 2 %, 5 %<br \/>Anzahl der Z\u00fcge: 18000<br \/>Kapazit\u00e4t der e-Fl\u00fcssigkeit: 24 ml<br \/>29 Geschmacksrichtungen verf\u00fcgbar<br \/>Wiederaufladbarer Akku mit 950 mAh<br \/>Doppelte Maschenspule &amp; Doppelter Kern<br \/>Digitale Anzeige<br \/>Mesh-Widerstand von 0,6 \u03a9<br \/>Einstellbarer Luftstrom<\/p>\t\t\t\t\t\t\t\t<\/div>\n\t\t\t\t<\/div>\n\t\t\t\t<\/div>\n\t\t<div class=\"elementor-element elementor-element-8a49c3b e-con-full e-flex e-con e-child\" data-id=\"8a49c3b\" data-element_type=\"container\" data-e-type=\"container\">\n\t\t\t\t<div class=\"elementor-element elementor-element-1e95a83 elementor-widget elementor-widget-image-gallery\" data-id=\"1e95a83\" data-element_type=\"widget\" data-e-type=\"widget\" data-widget_type=\"image-gallery.default\">\n\t\t\t\t<div class=\"elementor-widget-container\">\n\t\t\t\t\t\t\t<div class=\"elementor-image-gallery\">\n\t\t\t<div id='gallery-308' class='gallery galleryid-1785 gallery-columns-1 gallery-size-medium_large'><figure class='gallery-item'>\n\t\t\t<div class='gallery-icon portrait'>\n\t\t\t\t<img fetchpriority=\"high\" width=\"654\" height=\"690\" src=\"https:\/\/puffvapekit.com\/wp-content\/uploads\/2025\/04\/pvbjf18000-8.jpg\" class=\"attachment-medium_large size-medium_large\" alt=\"Blue Razz Ice JNR Falcon 18K\" aria-describedby=\"gallery-308-1762\" decoding=\"async\" srcset=\"https:\/\/puffvapekit.com\/wp-content\/uploads\/2025\/04\/pvbjf18000-8.jpg 654w, https:\/\/puffvapekit.com\/wp-content\/uploads\/2025\/04\/pvbjf18000-8-284x300.jpg 284w, https:\/\/puffvapekit.com\/wp-content\/uploads\/2025\/04\/pvbjf18000-8-600x633.jpg 600w\" sizes=\"(max-width: 654px) 100vw, 654px\" \/>\n\t\t\t<\/div>\n\t\t\t\t<figcaption class='wp-caption-text gallery-caption' id='gallery-308-1762'>\n\t\t\t\tBlue Razz Ice JNR Falcon 18K\n\t\t\t\t<\/figcaption><\/figure>\n\t\t<\/div>\n\t\t<\/div>\n\t\t\t\t\t\t<\/div>\n\t\t\t\t<\/div>\n\t\t\t\t<\/div>\n\t\t\t\t\t<\/div>\n\t\t\t\t<\/div>\n\t\t<div class=\"elementor-element elementor-element-465b019 e-flex e-con-boxed e-con e-parent\" data-id=\"465b019\" data-element_type=\"container\" data-e-type=\"container\">\n\t\t\t\t\t<div class=\"e-con-inner\">\n\t\t\t\t<div class=\"elementor-element elementor-element-733fca7 elementor-widget elementor-widget-text-editor\" data-id=\"733fca7\" data-element_type=\"widget\" data-e-type=\"widget\" data-widget_type=\"text-editor.default\">\n\t\t\t\t<div class=\"elementor-widget-container\">\n\t\t\t\t\t\t\t\t\t<p>In Frankreich, einem Land, das die Lebensqualit\u00e4t predigt, wird die Einweg-elektronische Zigarette JNR Falcon 18000 18K langsam zur ersten Wahl der Trendsetter. Als ich dieses Produkt zum ersten Mal erhielt, war ich von seinem schlanken K\u00f6rper angezogen - die Gr\u00f6\u00dfe von 53,5 * 32 * 121 mm ist gerade genug, um es in meine Tasche zu stecken und es jederzeit mit mir zu tragen.<\/p><p>Was mich wirklich \u00fcberrascht hat, ist, dass er 18.000 Z\u00fcge der Nutzung liefern kann, was wirklich selten auf dem Markt ist. Die Fl\u00fcssigkeitskapazit\u00e4t von 24 ml sorgte daf\u00fcr, dass ich mir fast zwei Wochen lang keine Sorgen um einen Wechsel machen musste. Am interessantesten ist, dass es drei Optionen f\u00fcr den Nikotingehalt gibt: 0 %, 2 % und 5 %. Ich pers\u00f6nlich bevorzuge die Version 2%, die sowohl zufriedenstellend als auch nicht zu stark ist.<\/p><p>Beim Gebrauch haben die 0,6 Ohm Doppelmaschenspule und die Doppelherztechnologie wirklich gut funktioniert, jeder Zug hatte einen reichen Geschmack und ein moderates Rauchvolumen. Mir gef\u00e4llt besonders das Design mit einstellbarem Luftstrom. Manchmal m\u00f6chte ich ein leichteres Erlebnis und manchmal etwas St\u00e4rkeres. Eine einfache Einstellung kann verschiedene Stimmungen befriedigen.<\/p><p>Der 950-mAh-Akku bedeutet, dass ich mir keine Sorgen machen muss, ihn einen Tag lang zu benutzen, und der Typ-C-Ladeanschluss ist ebenfalls sehr praktisch, sodass ich ihn mit einem normalen Handyladeger\u00e4t schnell aufladen kann. Die digitale Anzeige ist ebenfalls sehr praktisch und zeigt deutlich die Anzahl der verbleibenden Z\u00fcge an, sodass Sie nicht von einem pl\u00f6tzlichen Batterieausfall gest\u00f6rt werden.<\/p>\t\t\t\t\t\t\t\t<\/div>\n\t\t\t\t<\/div>\n\t\t\t\t\t<\/div>\n\t\t\t\t<\/div>\n\t\t<div class=\"elementor-element elementor-element-f29ba08 e-flex e-con-boxed e-con e-parent\" data-id=\"f29ba08\" data-element_type=\"container\" data-e-type=\"container\">\n\t\t\t\t\t<div class=\"e-con-inner\">\n\t\t<div class=\"elementor-element elementor-element-5694658 e-con-full e-flex e-con e-child\" data-id=\"5694658\" data-element_type=\"container\" data-e-type=\"container\">\n\t\t\t\t<div class=\"elementor-element elementor-element-1090fdc elementor-widget elementor-widget-image-gallery\" data-id=\"1090fdc\" data-element_type=\"widget\" data-e-type=\"widget\" data-widget_type=\"image-gallery.default\">\n\t\t\t\t<div class=\"elementor-widget-container\">\n\t\t\t\t\t\t\t<div class=\"elementor-image-gallery\">\n\t\t\t<div id='gallery-309' class='gallery galleryid-1785 gallery-columns-3 gallery-size-medium_large'><figure class='gallery-item'>\n\t\t\t<div class='gallery-icon landscape'>\n\t\t\t\t<img width=\"768\" height=\"768\" src=\"https:\/\/puffvapekit.com\/wp-content\/uploads\/2025\/04\/pvbjf18000-1-768x768.jpg\" class=\"attachment-medium_large size-medium_large\" alt=\"JNR Falcon 18K Spule mit doppeltem Mesh und doppeltem Kern\" aria-describedby=\"gallery-309-1755\" decoding=\"async\" srcset=\"https:\/\/puffvapekit.com\/wp-content\/uploads\/2025\/04\/pvbjf18000-1-768x768.jpg 768w, https:\/\/puffvapekit.com\/wp-content\/uploads\/2025\/04\/pvbjf18000-1-300x300.jpg 300w, https:\/\/puffvapekit.com\/wp-content\/uploads\/2025\/04\/pvbjf18000-1-150x150.jpg 150w, https:\/\/puffvapekit.com\/wp-content\/uploads\/2025\/04\/pvbjf18000-1-600x600.jpg 600w, https:\/\/puffvapekit.com\/wp-content\/uploads\/2025\/04\/pvbjf18000-1-100x100.jpg 100w, https:\/\/puffvapekit.com\/wp-content\/uploads\/2025\/04\/pvbjf18000-1.jpg 1000w\" sizes=\"(max-width: 768px) 100vw, 768px\" \/>\n\t\t\t<\/div>\n\t\t\t\t<figcaption class='wp-caption-text gallery-caption' id='gallery-309-1755'>\n\t\t\t\tJNR Falcon 18K Spule mit doppeltem Mesh und doppeltem Kern\n\t\t\t\t<\/figcaption><\/figure><figure class='gallery-item'>\n\t\t\t<div class='gallery-icon portrait'>\n\t\t\t\t<img width=\"654\" height=\"690\" src=\"https:\/\/puffvapekit.com\/wp-content\/uploads\/2025\/04\/pvbjf18000-18.jpg\" class=\"attachment-medium_large size-medium_large\" alt=\"JNR Falcon 18K Wiederaufladbarer Akku 950 mAh\" aria-describedby=\"gallery-309-1772\" decoding=\"async\" srcset=\"https:\/\/puffvapekit.com\/wp-content\/uploads\/2025\/04\/pvbjf18000-18.jpg 654w, https:\/\/puffvapekit.com\/wp-content\/uploads\/2025\/04\/pvbjf18000-18-284x300.jpg 284w, https:\/\/puffvapekit.com\/wp-content\/uploads\/2025\/04\/pvbjf18000-18-600x633.jpg 600w\" sizes=\"(max-width: 654px) 100vw, 654px\" \/>\n\t\t\t<\/div>\n\t\t\t\t<figcaption class='wp-caption-text gallery-caption' id='gallery-309-1772'>\n\t\t\t\tJNR Falcon 18K Wiederaufladbarer Akku 950 mAh\n\t\t\t\t<\/figcaption><\/figure><figure class='gallery-item'>\n\t\t\t<div class='gallery-icon portrait'>\n\t\t\t\t<img loading=\"lazy\" width=\"654\" height=\"690\" src=\"https:\/\/puffvapekit.com\/wp-content\/uploads\/2025\/04\/pvbjf18000-17.jpg\" class=\"attachment-medium_large size-medium_large\" alt=\"JNR Falcon 18K 29 Geschmacksrichtungen erh\u00e4ltlich\" aria-describedby=\"gallery-309-1771\" decoding=\"async\" srcset=\"https:\/\/puffvapekit.com\/wp-content\/uploads\/2025\/04\/pvbjf18000-17.jpg 654w, https:\/\/puffvapekit.com\/wp-content\/uploads\/2025\/04\/pvbjf18000-17-284x300.jpg 284w, https:\/\/puffvapekit.com\/wp-content\/uploads\/2025\/04\/pvbjf18000-17-600x633.jpg 600w\" sizes=\"(max-width: 654px) 100vw, 654px\" \/>\n\t\t\t<\/div>\n\t\t\t\t<figcaption class='wp-caption-text gallery-caption' id='gallery-309-1771'>\n\t\t\t\tJNR Falcon 18K 29 Geschmacksrichtungen erh\u00e4ltlich\n\t\t\t\t<\/figcaption><\/figure>\n\t\t<\/div>\n\t\t<\/div>\n\t\t\t\t\t\t<\/div>\n\t\t\t\t<\/div>\n\t\t\t\t<\/div>\n\t\t\t\t\t<\/div>\n\t\t\t\t<\/div>\n\t\t<div class=\"elementor-element elementor-element-5367c11 e-flex e-con-boxed e-con e-parent\" data-id=\"5367c11\" data-element_type=\"container\" data-e-type=\"container\">\n\t\t\t\t\t<div class=\"e-con-inner\">\n\t\t\t\t<div class=\"elementor-element elementor-element-1704875 elementor-widget elementor-widget-text-editor\" data-id=\"1704875\" data-element_type=\"widget\" data-e-type=\"widget\" data-widget_type=\"text-editor.default\">\n\t\t\t\t<div class=\"elementor-widget-container\">\n\t\t\t\t\t\t\t\t\t<p>Ich sehe immer h\u00e4ufiger, dass meine Freunde in den Pariser Caf\u00e9s dieses Produkt w\u00e4hlen. Er ist weniger scharf als herk\u00f6mmlicher Tabak und eignet sich besser f\u00fcr gesellschaftliche Anl\u00e4sse. Wenn Sie am Wochenende an der Seine spazieren gehen, k\u00f6nnen Sie es mitnehmen und genie\u00dfen, was nicht nur Ihre sensorischen Bed\u00fcrfnisse befriedigt, sondern auch den Geschmack der modernen Stadtbewohner bewahrt.<\/p><p>Alles in allem verdient die JNR Falcon 18K ihre Beliebtheit auf dem franz\u00f6sischen Markt f\u00fcr E-Zigaretten aufgrund ihrer hervorragenden Akkulaufzeit, der feinen Geschmackskontrolle und des tragbaren Designs. Wenn Sie eine Einweg-E-Zigarette suchen, die sowohl Qualit\u00e4t als auch Stil bietet, ist diese wirklich einen Versuch wert.<\/p>\t\t\t\t\t\t\t\t<\/div>\n\t\t\t\t<\/div>\n\t\t\t\t\t<\/div>\n\t\t\t\t<\/div>\n\t\t<div class=\"elementor-element elementor-element-2c974cd e-flex e-con-boxed e-con e-parent\" data-id=\"2c974cd\" data-element_type=\"container\" data-e-type=\"container\">\n\t\t\t\t\t<div class=\"e-con-inner\">\n\t\t\t\t<div class=\"elementor-element elementor-element-b08b8a4 elementor-widget elementor-widget-text-editor\" data-id=\"b08b8a4\" data-element_type=\"widget\" data-e-type=\"widget\" data-widget_type=\"text-editor.default\">\n\t\t\t\t<div class=\"elementor-widget-container\">\n\t\t\t\t\t\t\t\t\t<p>Liste der Geschmacksrichtungen von JNR FALCON X 18000 18k Vape :<\/p><p>1: Blue Razz Ice<br \/>2: Blueberry Raspberry<br \/>3: Cool Mint<br \/>4: Kiwi Watermelon Ice<br \/>5: Grape Ice<br \/>6: Strawberry Kiwi<br \/>7: Strawberry Watermelon Ice (Erdbeere-Wassermelonen-Eis)<br \/>8: Watermelon Ice<br \/>9: Erdbeereis<br \/>10:Mixed Berries<br \/>11:Watermelon Bubblegum<br \/>12:Sour Apple Ice<br \/>13:Peach Ice<br \/>14:Berry Burst<br \/>15:Blueberry Raspberry Cherry<br \/>16:Cherry Berry<br \/>17:Strawberry Banana<br \/>18:Blueberry Kiwi<br \/>19:Passion Frucht Kiwi<br \/>20:White Peach Razz<br \/>21:Blue Razz Cherry<br \/>22:Cherry Watermelon Freeze<br \/>23:Cherry Cola<br \/>24:Banana Ice<br \/>25:Skittles<br \/>26:Dreifache Melone<br \/>27:Mr.Blue<br \/>28:Cherry Ice<br \/>29:Wassermelone Lychee<\/p>\t\t\t\t\t\t\t\t<\/div>\n\t\t\t\t<\/div>\n\t\t\t\t\t<\/div>\n\t\t\t\t<\/div>\n\t\t\t\t<\/div>","protected":false},"excerpt":{"rendered":"<p>Eigenschaften des JNR Falcon 18K: Nikotin: 0 %, 2 %, 5 % Anzahl der Z\u00fcge: 18000 Kapazit\u00e4t der E-Fl\u00fcssigkeit: 24 ml 29 Geschmacksrichtungen erh\u00e4ltlich 950 mAh wiederaufladbare Batterie Doppelte Mesh-Spule &amp; Doppelter Kern Digitale Anzeige Mesh-Widerstand von 0,6 \u03a9 Einstellbarer Luftstrom Blue Razz Ice JNR Falcon 18K In [...].<\/p>","protected":false},"featured_media":1755,"comment_status":"open","ping_status":"closed","template":"","meta":{"site-sidebar-layout":"no-sidebar","site-content-layout":"page-builder","ast-site-content-layout":"normal-width-container","site-content-style":"default","site-sidebar-style":"default","ast-global-header-display":"","ast-banner-title-visibility":"","ast-main-header-display":"","ast-hfb-above-header-display":"","ast-hfb-below-header-display":"","ast-hfb-mobile-header-display":"","site-post-title":"disabled","ast-breadcrumbs-content":"","ast-featured-img":"disabled","footer-sml-layout":"","ast-disable-related-posts":"","theme-transparent-header-meta":"default","adv-header-id-meta":"","stick-header-meta":"default","header-above-stick-meta":"","header-main-stick-meta":"","header-below-stick-meta":"","astra-migrate-meta-layouts":"set","ast-page-background-enabled":"default","ast-page-background-meta":{"desktop":{"background-color":"","background-image":"","background-repeat":"repeat","background-position":"center center","background-size":"auto","background-attachment":"scroll","background-type":"","background-media":"","overlay-type":"","overlay-color":"","overlay-opacity":"","overlay-gradient":""},"tablet":{"background-color":"","background-image":"","background-repeat":"repeat","background-position":"center center","background-size":"auto","background-attachment":"scroll","background-type":"","background-media":"","overlay-type":"","overlay-color":"","overlay-opacity":"","overlay-gradient":""},"mobile":{"background-color":"","background-image":"","background-repeat":"repeat","background-position":"center center","background-size":"auto","background-attachment":"scroll","background-type":"","background-media":"","overlay-type":"","overlay-color":"","overlay-opacity":"","overlay-gradient":""}},"ast-content-background-meta":{"desktop":{"background-color":"var(--ast-global-color-5)","background-image":"","background-repeat":"repeat","background-position":"center center","background-size":"auto","background-attachment":"scroll","background-type":"","background-media":"","overlay-type":"","overlay-color":"","overlay-opacity":"","overlay-gradient":""},"tablet":{"background-color":"var(--ast-global-color-5)","background-image":"","background-repeat":"repeat","background-position":"center center","background-size":"auto","background-attachment":"scroll","background-type":"","background-media":"","overlay-type":"","overlay-color":"","overlay-opacity":"","overlay-gradient":""},"mobile":{"background-color":"var(--ast-global-color-5)","background-image":"","background-repeat":"repeat","background-position":"center center","background-size":"auto","background-attachment":"scroll","background-type":"","background-media":"","overlay-type":"","overlay-color":"","overlay-opacity":"","overlay-gradient":""}}},"product_brand":[23],"product_cat":[26,68,24,15],"product_tag":[],"class_list":{"0":"post-1785","1":"product","2":"type-product","3":"status-publish","4":"has-post-thumbnail","6":"product_brand-jnr","7":"product_cat-jnr-18k","8":"product_cat-puff-18k-vous-epargne-les-tracas-des-rachats-frequents-et-du-deballage","9":"product_cat-jnr-falcon","10":"product_cat-jnr-vape","11":"desktop-align-center","12":"tablet-align-center","13":"mobile-align-center","14":"ast-product-gallery-layout-horizontal","15":"ast-product-single-variable","16":"ast-product-tabs-layout-horizontal","18":"first","19":"instock","20":"sale","21":"shipping-taxable","22":"purchasable","23":"product-type-variable","24":"has-default-attributes"},"tiered_pricing_type":"fixed","tiered_pricing_fixed_rules":{"50":"9.75","100":"8.78","200":"8.26","400":"7.79"},"tiered_pricing_product_settings":{"layout":"default","base_unit_name":{"singular":null,"plural":null},"default_variation":null},"tiered_pricing_minimum_quantity":null,"tiered_pricing_roles_data":[],"tiered_pricing_percentage_rules":[],"_links":{"self":[{"href":"https:\/\/puffvapekit.com\/de\/wp-json\/wp\/v2\/product\/1785","targetHints":{"allow":["GET"]}}],"collection":[{"href":"https:\/\/puffvapekit.com\/de\/wp-json\/wp\/v2\/product"}],"about":[{"href":"https:\/\/puffvapekit.com\/de\/wp-json\/wp\/v2\/types\/product"}],"replies":[{"embeddable":true,"href":"https:\/\/puffvapekit.com\/de\/wp-json\/wp\/v2\/comments?post=1785"}],"version-history":[{"count":17,"href":"https:\/\/puffvapekit.com\/de\/wp-json\/wp\/v2\/product\/1785\/revisions"}],"predecessor-version":[{"id":2790,"href":"https:\/\/puffvapekit.com\/de\/wp-json\/wp\/v2\/product\/1785\/revisions\/2790"}],"wp:featuredmedia":[{"embeddable":true,"href":"https:\/\/puffvapekit.com\/de\/wp-json\/wp\/v2\/media\/1755"}],"wp:attachment":[{"href":"https:\/\/puffvapekit.com\/de\/wp-json\/wp\/v2\/media?parent=1785"}],"wp:term":[{"taxonomy":"product_brand","embeddable":true,"href":"https:\/\/puffvapekit.com\/de\/wp-json\/wp\/v2\/product_brand?post=1785"},{"taxonomy":"product_cat","embeddable":true,"href":"https:\/\/puffvapekit.com\/de\/wp-json\/wp\/v2\/product_cat?post=1785"},{"taxonomy":"product_tag","embeddable":true,"href":"https:\/\/puffvapekit.com\/de\/wp-json\/wp\/v2\/product_tag?post=1785"}],"curies":[{"name":"wp","href":"https:\/\/api.w.org\/{rel}","templated":true}]}}