{"id":2291,"date":"2025-06-20T08:04:41","date_gmt":"2025-06-20T08:04:41","guid":{"rendered":"https:\/\/puffvapekit.com\/?post_type=product&#038;p=2291"},"modified":"2026-02-22T01:25:33","modified_gmt":"2026-02-22T01:25:33","slug":"randm-9000-vape-raspberry-watermelon","status":"publish","type":"product","link":"https:\/\/puffvapekit.com\/de\/product\/randm-9000-vape-raspberry-watermelon\/","title":{"rendered":"RandM 9000 Vape Raspberry Watermelon"},"content":{"rendered":"<div data-elementor-type=\"wp-post\" data-elementor-id=\"2291\" class=\"elementor elementor-2291\">\n\t\t\t\t<div class=\"elementor-element elementor-element-465b019 e-flex e-con-boxed e-con e-parent\" data-id=\"465b019\" data-element_type=\"container\" data-e-type=\"container\">\n\t\t\t\t\t<div class=\"e-con-inner\">\n\t\t\t\t<div class=\"elementor-element elementor-element-733fca7 elementor-widget elementor-widget-text-editor\" data-id=\"733fca7\" data-element_type=\"widget\" data-e-type=\"widget\" data-widget_type=\"text-editor.default\">\n\t\t\t\t<div class=\"elementor-widget-container\">\n\t\t\t\t\t\t\t\t\t<h2>Geschmack: Raspberry Watermelon<\/h2><p>Die RandM Tornado 9000 Himbeere Wassermelone ist eine fruchtige e-Liquid, die die einzigartigen Aromen von reifen Himbeeren und saftiger Wassermelone f\u00fcr ein erfrischendes, s\u00fc\u00dfes und befriedigendes Dampferlebnis vereint.<\/p><ul><li>Hauptaroma : Dieser Vape kombiniert den s\u00fc\u00df-s\u00e4uerlichen Geschmack reifer Himbeeren mit der saftigen Frische von Wassermelonen und schafft so eine fruchtige Kombination mit einem Gleichgewicht zwischen S\u00fc\u00dfe und leichter S\u00e4ure. Der allgemeine Geschmack wird als \u00abfruchtig\u00bb, \u00abfrisch und angenehm\u00bb beschrieben und ist ideal f\u00fcr Dampfer, die fruchtige Aromen lieben. <\/li><li>Subtile Sensation: Beim Einatmen durchdringt zuerst die S\u00fc\u00dfe und der saftige Geschmack der Wassermelone die Geschmacksknospen und bietet ein erfrischendes Erlebnis, als ob Sie in eine frische Wassermelone bei\u00dfen w\u00fcrden. Dann tauchen allm\u00e4hlich die leichte S\u00e4ure und das fruchtige Aroma der Himbeere auf, die der S\u00fc\u00dfe eine lebendige S\u00e4ure hinzuf\u00fcgen. Dieses subtile Gef\u00fchl von S\u00e4ure und S\u00fc\u00dfe macht jede Inhalation reich an \u00dcberraschungen.<\/li><li>Nachgeschmack: Beim Ausatmen vermischt sich der s\u00e4uerliche Nachgeschmack der Himbeere mit der S\u00fc\u00dfe der Wassermelone im Mund und hinterl\u00e4sst einen unendlich fruchtigen, erfrischenden Nachgeschmack. Dieser Nachgeschmack wird von den Verbrauchern als \u00abdas Wiedererscheinen der Sommerfr\u00fcchte\u00bb beschrieben.<\/li><\/ul>\t\t\t\t\t\t\t\t<\/div>\n\t\t\t\t<\/div>\n\t\t\t\t\t<\/div>\n\t\t\t\t<\/div>\n\t\t<div class=\"elementor-element elementor-element-1a81077 e-flex e-con-boxed e-con e-parent\" data-id=\"1a81077\" data-element_type=\"container\" data-e-type=\"container\">\n\t\t\t\t\t<div class=\"e-con-inner\">\n\t\t\t\t<div class=\"elementor-element elementor-element-b5c174c elementor-widget elementor-widget-text-editor\" data-id=\"b5c174c\" data-element_type=\"widget\" data-e-type=\"widget\" data-widget_type=\"text-editor.default\">\n\t\t\t\t<div class=\"elementor-widget-container\">\n\t\t\t\t\t\t\t\t\t<h2>RandM 9000 Raspberry Watermelon<\/h2><p>Mit bis zu 9000 Z\u00fcgen ist die Einweg-elektronische Zigarette RandM Tornado 9000 ideal f\u00fcr den l\u00e4ngeren Gebrauch ohne h\u00e4ufiges Wechseln des Widerstands oder Nachf\u00fcllen von E-Fl\u00fcssigkeit. Sie wird von einer wiederaufladbaren 850-mAh-Batterie mit Type-C-Ladeger\u00e4t angetrieben und erm\u00f6glicht es dem Benutzer, jeden Tropfen E-Fl\u00fcssigkeit zu genie\u00dfen, was sie wirtschaftlicher und langlebiger macht.<\/p>\t\t\t\t\t\t\t\t<\/div>\n\t\t\t\t<\/div>\n\t\t\t\t\t<\/div>\n\t\t\t\t<\/div>\n\t\t<div class=\"elementor-element elementor-element-43ff8b6 e-flex e-con-boxed e-con e-parent\" data-id=\"43ff8b6\" data-element_type=\"container\" data-e-type=\"container\">\n\t\t\t\t\t<div class=\"e-con-inner\">\n\t\t<div class=\"elementor-element elementor-element-48457b7 e-con-full e-flex e-con e-child\" data-id=\"48457b7\" data-element_type=\"container\" data-e-type=\"container\">\n\t\t\t\t<div class=\"elementor-element elementor-element-0c8c2ff elementor-widget__width-initial elementor-widget elementor-widget-text-editor\" data-id=\"0c8c2ff\" data-element_type=\"widget\" data-e-type=\"widget\" data-widget_type=\"text-editor.default\">\n\t\t\t\t<div class=\"elementor-widget-container\">\n\t\t\t\t\t\t\t\t\t<h2>Eigenschaften des RandM Tornado 9000 Raspberry Watermelon:<\/h2><ul><li>Z\u00fcge : Bis zu 9000 Z\u00fcge, eine der st\u00e4rksten auf dem Markt f\u00fcr elektronische Einwegzigaretten.<\/li><li>Inhalt der e-Fl\u00fcssigkeit: 18 ml vorgef\u00fcllte e-Fl\u00fcssigkeit mit Nikotinsalzen mit einer Auswahl an Nikotinkonzentrationen von 2 % oder 5 %.<\/li><li>Akku: Wiederaufladbarer 850-mAh-Akku, der \u00fcber USB-C aufgeladen wird.<\/li><li>Widerstand: Mesh-Widerstand von 0,8 Ohm f\u00fcr verbesserten Geschmack und Dampfentwicklung.<\/li><li>Design: Tragbar und leicht, mit originellen, von Au\u00dferirdischen inspirierten Grafiken und RGB-LEDs, die w\u00e4hrend des Gebrauchs blinken.<\/li><li>Aktivierung durch einen Zug: Keine Kn\u00f6pfe erforderlich; einfach einatmen, um zu aktivieren, ideal f\u00fcr Anf\u00e4nger.<\/li><\/ul>\t\t\t\t\t\t\t\t<\/div>\n\t\t\t\t<\/div>\n\t\t\t\t<\/div>\n\t\t<div class=\"elementor-element elementor-element-5694658 e-con-full e-flex e-con e-child\" data-id=\"5694658\" data-element_type=\"container\" data-e-type=\"container\">\n\t\t\t\t<div class=\"elementor-element elementor-element-1090fdc elementor-widget elementor-widget-image-gallery\" data-id=\"1090fdc\" data-element_type=\"widget\" data-e-type=\"widget\" data-widget_type=\"image-gallery.default\">\n\t\t\t\t<div class=\"elementor-widget-container\">\n\t\t\t\t\t\t\t<div class=\"elementor-image-gallery\">\n\t\t\t<div id='gallery-1' class='gallery galleryid-2291 gallery-columns-1 gallery-size-medium_large'><figure class='gallery-item'>\n\t\t\t<div class='gallery-icon landscape'>\n\t\t\t\t<img fetchpriority=\"high\" decoding=\"async\" width=\"768\" height=\"768\" src=\"https:\/\/puffvapekit.com\/wp-content\/uploads\/2025\/06\/randm-tornado-vape-9000-raspberry-watermelon-pvbfrt9000-768x768.jpg\" class=\"attachment-medium_large size-medium_large\" alt=\"raspberry watermelon tornado 9000\" aria-describedby=\"gallery-1-2115\" srcset=\"https:\/\/puffvapekit.com\/wp-content\/uploads\/2025\/06\/randm-tornado-vape-9000-raspberry-watermelon-pvbfrt9000-768x768.jpg 768w, https:\/\/puffvapekit.com\/wp-content\/uploads\/2025\/06\/randm-tornado-vape-9000-raspberry-watermelon-pvbfrt9000-300x300.jpg 300w, https:\/\/puffvapekit.com\/wp-content\/uploads\/2025\/06\/randm-tornado-vape-9000-raspberry-watermelon-pvbfrt9000-1024x1024.jpg 1024w, https:\/\/puffvapekit.com\/wp-content\/uploads\/2025\/06\/randm-tornado-vape-9000-raspberry-watermelon-pvbfrt9000-150x150.jpg 150w, https:\/\/puffvapekit.com\/wp-content\/uploads\/2025\/06\/randm-tornado-vape-9000-raspberry-watermelon-pvbfrt9000-600x600.jpg 600w, https:\/\/puffvapekit.com\/wp-content\/uploads\/2025\/06\/randm-tornado-vape-9000-raspberry-watermelon-pvbfrt9000-100x100.jpg 100w, https:\/\/puffvapekit.com\/wp-content\/uploads\/2025\/06\/randm-tornado-vape-9000-raspberry-watermelon-pvbfrt9000.jpg 1082w\" sizes=\"(max-width: 768px) 100vw, 768px\" \/>\n\t\t\t<\/div>\n\t\t\t\t<figcaption class='wp-caption-text gallery-caption' id='gallery-1-2115'>\n\t\t\t\traspberry watermelon tornado 9000\n\t\t\t\t<\/figcaption><\/figure>\n\t\t<\/div>\n\t\t<\/div>\n\t\t\t\t\t\t<\/div>\n\t\t\t\t<\/div>\n\t\t\t\t<\/div>\n\t\t\t\t\t<\/div>\n\t\t\t\t<\/div>\n\t\t<div class=\"elementor-element elementor-element-5367c11 e-flex e-con-boxed e-con e-parent\" data-id=\"5367c11\" data-element_type=\"container\" data-e-type=\"container\">\n\t\t\t\t\t<div class=\"e-con-inner\">\n\t\t\t\t<div class=\"elementor-element elementor-element-1704875 elementor-widget elementor-widget-text-editor\" data-id=\"1704875\" data-element_type=\"widget\" data-e-type=\"widget\" data-widget_type=\"text-editor.default\">\n\t\t\t\t<div class=\"elementor-widget-container\">\n\t\t\t\t\t\t\t\t\t<h3>Wie viele Ladezyklen h\u00e4lt die Batterie des RandM Tornado 9000 Raspberry Watermelon aus?<\/h3><p>Nach unseren Tests ist die Batterie des RandM Tornado 9000 Raspberry Watermelon leistungsstark genug, um bis zur Ersch\u00f6pfung der e-Liquid durchzuhalten.<\/p><p>Der RandM Tornado 9000 Raspberry Watermelon verf\u00fcgt \u00fcber eine eingebaute wiederaufladbare 850-mAh-Batterie, die \u00fcber die Type-C-Schnittstelle aufgeladen wird und normalerweise 30 bis 60 Minuten f\u00fcr eine vollst\u00e4ndige Ladung ben\u00f6tigt. Normalerweise h\u00e4lt ein herk\u00f6mmlicher Lithium-Akku, der in der Unterhaltungselektronik verwendet wird, 300 bis 500 vollst\u00e4ndige Ladezyklen (von 0 % bis 100 %) aus, wonach seine Kapazit\u00e4t auf etwa 80 % seiner urspr\u00fcnglichen Kapazit\u00e4t sinken kann. Als Einweg-e-Zigarette, die jedoch wiederaufladbar ist, ist die RandM Tornado 9000 jedoch f\u00fcr etwa 9000 Z\u00fcge ausgelegt, und die Akkulaufzeit ist in der Regel auf den Konsumzyklus ihrer 18-ml-E-Fl\u00fcssigkeit abgestimmt. Es ist wahrscheinlich, dass Ihnen nach 50 bis 100 Ladezyklen die E-Fl\u00fcssigkeit ausgeht; Sie m\u00fcssen sich also keine Sorgen um die Akkulaufzeit machen.<\/p><h3>Ist die RandM Tornado 9000 Raspberry Watermelon f\u00fcr unerfahrene Benutzer geeignet?<\/h3><p>Der RandM Tornado 9000 Raspberry Watermelon ist ideal f\u00fcr unerfahrene Benutzer.<\/p><p>Die RandM Tornado 9000 Raspberry Watermelon ist eine sehr einfach zu bedienende elektronische Einwegzigarette. Sie erfordert kein Nachf\u00fcllen von E-Fl\u00fcssigkeit, kein Auswechseln der Zerst\u00e4uberkerne und keine Einstellung der Leistung. Anf\u00e4ngern fehlt es in der Regel an Wissen und Erfahrung, und dieses gebrauchsfertige Ger\u00e4t vereinfacht den Einstieg erheblich. Dar\u00fcber hinaus verf\u00fcgt es \u00fcber einen Typ-C-Ladeanschluss, der ein wiederholtes Aufladen und Verwenden erm\u00f6glicht. Sein Nutzungszyklus ist l\u00e4nger als der von gew\u00f6hnlichen Einwegger\u00e4ten, wodurch h\u00e4ufiges Auswechseln vermieden wird.<\/p>\t\t\t\t\t\t\t\t<\/div>\n\t\t\t\t<\/div>\n\t\t\t\t\t<\/div>\n\t\t\t\t<\/div>\n\t\t\t\t<\/div>","protected":false},"excerpt":{"rendered":"<p>Aroma: Raspberry Watermelon Die RandM Tornado 9000 Himbeere Wassermelone ist eine fruchtige e-Liquid, die die einzigartigen Aromen von reifen Himbeeren und saftigen Wassermelonen f\u00fcr ein erfrischendes, s\u00fc\u00dfes und befriedigendes Dampferlebnis vereint. Hauptgeschmacksrichtung : Dieser Vape verbindet den s\u00fc\u00df-sauren Geschmack reifer Himbeeren mit der saftigen Frische von [...].<\/p>","protected":false},"featured_media":2115,"comment_status":"open","ping_status":"closed","template":"","meta":{"site-sidebar-layout":"no-sidebar","site-content-layout":"page-builder","ast-site-content-layout":"normal-width-container","site-content-style":"default","site-sidebar-style":"default","ast-global-header-display":"","ast-banner-title-visibility":"","ast-main-header-display":"","ast-hfb-above-header-display":"","ast-hfb-below-header-display":"","ast-hfb-mobile-header-display":"","site-post-title":"disabled","ast-breadcrumbs-content":"","ast-featured-img":"disabled","footer-sml-layout":"","theme-transparent-header-meta":"default","adv-header-id-meta":"","stick-header-meta":"default","header-above-stick-meta":"","header-main-stick-meta":"","header-below-stick-meta":"","astra-migrate-meta-layouts":"set","ast-page-background-enabled":"default","ast-page-background-meta":{"desktop":{"background-color":"","background-image":"","background-repeat":"repeat","background-position":"center center","background-size":"auto","background-attachment":"scroll","background-type":"","background-media":"","overlay-type":"","overlay-color":"","overlay-opacity":"","overlay-gradient":""},"tablet":{"background-color":"","background-image":"","background-repeat":"repeat","background-position":"center center","background-size":"auto","background-attachment":"scroll","background-type":"","background-media":"","overlay-type":"","overlay-color":"","overlay-opacity":"","overlay-gradient":""},"mobile":{"background-color":"","background-image":"","background-repeat":"repeat","background-position":"center center","background-size":"auto","background-attachment":"scroll","background-type":"","background-media":"","overlay-type":"","overlay-color":"","overlay-opacity":"","overlay-gradient":""}},"ast-content-background-meta":{"desktop":{"background-color":"var(--ast-global-color-5)","background-image":"","background-repeat":"repeat","background-position":"center center","background-size":"auto","background-attachment":"scroll","background-type":"","background-media":"","overlay-type":"","overlay-color":"","overlay-opacity":"","overlay-gradient":""},"tablet":{"background-color":"var(--ast-global-color-5)","background-image":"","background-repeat":"repeat","background-position":"center center","background-size":"auto","background-attachment":"scroll","background-type":"","background-media":"","overlay-type":"","overlay-color":"","overlay-opacity":"","overlay-gradient":""},"mobile":{"background-color":"var(--ast-global-color-5)","background-image":"","background-repeat":"repeat","background-position":"center center","background-size":"auto","background-attachment":"scroll","background-type":"","background-media":"","overlay-type":"","overlay-color":"","overlay-opacity":"","overlay-gradient":""}}},"product_brand":[29],"product_cat":[28,63],"product_tag":[],"class_list":{"0":"post-2291","1":"product","2":"type-product","3":"status-publish","4":"has-post-thumbnail","6":"product_brand-randm-tornado","7":"product_cat-randm-tornado-9000","8":"product_cat-puff-9k-vous-apporte-la-tranquillite-desprit-vous-permettant-de-profiter-dun-week-end","9":"desktop-align-center","10":"tablet-align-center","11":"mobile-align-center","12":"ast-product-gallery-layout-horizontal","13":"ast-product-gallery-with-no-image","14":"ast-product-single-variable","15":"ast-product-tabs-layout-horizontal","17":"first","18":"instock","19":"sale","20":"shipping-taxable","21":"purchasable","22":"product-type-variable","23":"has-default-attributes"},"tiered_pricing_type":"fixed","tiered_pricing_fixed_rules":{"30":"8.58","60":"8.13","100":"7.61","200":"7.12","400":"6.86"},"tiered_pricing_product_settings":{"layout":"default","base_unit_name":{"singular":null,"plural":null},"default_variation":null},"tiered_pricing_minimum_quantity":null,"tiered_pricing_roles_data":[],"tiered_pricing_percentage_rules":[],"_links":{"self":[{"href":"https:\/\/puffvapekit.com\/de\/wp-json\/wp\/v2\/product\/2291","targetHints":{"allow":["GET"]}}],"collection":[{"href":"https:\/\/puffvapekit.com\/de\/wp-json\/wp\/v2\/product"}],"about":[{"href":"https:\/\/puffvapekit.com\/de\/wp-json\/wp\/v2\/types\/product"}],"replies":[{"embeddable":true,"href":"https:\/\/puffvapekit.com\/de\/wp-json\/wp\/v2\/comments?post=2291"}],"version-history":[{"count":7,"href":"https:\/\/puffvapekit.com\/de\/wp-json\/wp\/v2\/product\/2291\/revisions"}],"predecessor-version":[{"id":2941,"href":"https:\/\/puffvapekit.com\/de\/wp-json\/wp\/v2\/product\/2291\/revisions\/2941"}],"wp:featuredmedia":[{"embeddable":true,"href":"https:\/\/puffvapekit.com\/de\/wp-json\/wp\/v2\/media\/2115"}],"wp:attachment":[{"href":"https:\/\/puffvapekit.com\/de\/wp-json\/wp\/v2\/media?parent=2291"}],"wp:term":[{"taxonomy":"product_brand","embeddable":true,"href":"https:\/\/puffvapekit.com\/de\/wp-json\/wp\/v2\/product_brand?post=2291"},{"taxonomy":"product_cat","embeddable":true,"href":"https:\/\/puffvapekit.com\/de\/wp-json\/wp\/v2\/product_cat?post=2291"},{"taxonomy":"product_tag","embeddable":true,"href":"https:\/\/puffvapekit.com\/de\/wp-json\/wp\/v2\/product_tag?post=2291"}],"curies":[{"name":"wp","href":"https:\/\/api.w.org\/{rel}","templated":true}]}}