{"id":2353,"date":"2025-06-26T11:44:58","date_gmt":"2025-06-26T11:44:58","guid":{"rendered":"https:\/\/puffvapekit.com\/?post_type=product&#038;p=2353"},"modified":"2026-02-22T01:25:32","modified_gmt":"2026-02-22T01:25:32","slug":"puff-9000-tornado-randm-orange-soda","status":"publish","type":"product","link":"https:\/\/puffvapekit.com\/de\/product\/puff-9000-tornado-randm-orange-soda\/","title":{"rendered":"Puff 9000 Tornado RandM Orange Soda"},"content":{"rendered":"<div data-elementor-type=\"wp-post\" data-elementor-id=\"2353\" class=\"elementor elementor-2353\">\n\t\t\t\t<div class=\"elementor-element elementor-element-465b019 e-flex e-con-boxed e-con e-parent\" data-id=\"465b019\" data-element_type=\"container\" data-e-type=\"container\">\n\t\t\t\t\t<div class=\"e-con-inner\">\n\t\t\t\t<div class=\"elementor-element elementor-element-733fca7 elementor-widget elementor-widget-text-editor\" data-id=\"733fca7\" data-element_type=\"widget\" data-e-type=\"widget\" data-widget_type=\"text-editor.default\">\n\t\t\t\t<div class=\"elementor-widget-container\">\n\t\t\t\t\t\t\t\t\t<h2>Geschmack: Orange Soda<\/h2><p>Orangenlimonade ist einzigartig: Sie bildet die klassische Orangenlimonade originalgetreu nach und vermittelt das befriedigende Gef\u00fchl eines \u00abzuckerfreien kohlens\u00e4urehaltigen Getr\u00e4nks\u00bb. Die Nutzer vergleichen sie oft mit einer \u00abeisgek\u00fchlten Orangenlimonade im Sommer\u00bb oder einer \u00abgedampften Version der Getr\u00e4nke ihrer Kindheit\u00bb und wecken damit nostalgische Gef\u00fchle.<\/p><ul><li>Orange: Das Orangenaroma steht im Mittelpunkt dieser E-Zigarette und dr\u00fcckt die S\u00fc\u00dfe und leichte S\u00e4ure von reifen Orangen aus, was an den Geschmack von frischem Orangensaft oder Orangenbonbons erinnert.<\/li><li>Soda Fizz: Die Spritzigkeit von Soda dr\u00fcckt sich in einem subtilen Frischegef\u00fchl und einer leichten Reizung des Rachens aus und simuliert das prickelnde Mundgef\u00fchl von kohlens\u00e4urehaltigen Getr\u00e4nken. Dieser Effekt ist besonders beim Ein- und Ausatmen sp\u00fcrbar und f\u00fcgt dem gesamten Aromaprofil eine lebhafte und erfrischende Dimension hinzu, die ein angenehmes Gef\u00fchl der K\u00fchle vermittelt.<\/li><\/ul>\t\t\t\t\t\t\t\t<\/div>\n\t\t\t\t<\/div>\n\t\t\t\t\t<\/div>\n\t\t\t\t<\/div>\n\t\t<div class=\"elementor-element elementor-element-1a81077 e-flex e-con-boxed e-con e-parent\" data-id=\"1a81077\" data-element_type=\"container\" data-e-type=\"container\">\n\t\t\t\t\t<div class=\"e-con-inner\">\n\t\t\t\t<div class=\"elementor-element elementor-element-b5c174c elementor-widget elementor-widget-text-editor\" data-id=\"b5c174c\" data-element_type=\"widget\" data-e-type=\"widget\" data-widget_type=\"text-editor.default\">\n\t\t\t\t<div class=\"elementor-widget-container\">\n\t\t\t\t\t\t\t\t\t<h2>Tornado RandM 9000 Orange Soda<\/h2><p>Die Einweg-elektronische Zigarette RandM Tornado 9000 Orange Soda ist mit einem leistungsstarken, wiederaufladbaren 850-mAh-Akku ausgestattet und unterst\u00fctzt den Ladetyp C, sodass Sie jeden Tropfen E-Fl\u00fcssigkeit einfach und effizient genie\u00dfen k\u00f6nnen. Ihr elegantes, tragbares Design vereint Zweckm\u00e4\u00dfigkeit und Haltbarkeit und macht sie ideal f\u00fcr den Einsatz an jedem Ort und zu jeder Zeit. Die Tornado 9000 Orange Soda wurde sowohl f\u00fcr Anf\u00e4nger als auch f\u00fcr erfahrene Benutzer entwickelt und erfordert weder einen Wechsel des Widerstands noch das Nachf\u00fcllen von Liquid, wodurch sie ein fl\u00fcssiges und erschwingliches Dampferlebnis bietet.<\/p>\t\t\t\t\t\t\t\t<\/div>\n\t\t\t\t<\/div>\n\t\t\t\t\t<\/div>\n\t\t\t\t<\/div>\n\t\t<div class=\"elementor-element elementor-element-43ff8b6 e-flex e-con-boxed e-con e-parent\" data-id=\"43ff8b6\" data-element_type=\"container\" data-e-type=\"container\">\n\t\t\t\t\t<div class=\"e-con-inner\">\n\t\t<div class=\"elementor-element elementor-element-48457b7 e-con-full e-flex e-con e-child\" data-id=\"48457b7\" data-element_type=\"container\" data-e-type=\"container\">\n\t\t\t\t<div class=\"elementor-element elementor-element-0c8c2ff elementor-widget__width-initial elementor-widget elementor-widget-text-editor\" data-id=\"0c8c2ff\" data-element_type=\"widget\" data-e-type=\"widget\" data-widget_type=\"text-editor.default\">\n\t\t\t\t<div class=\"elementor-widget-container\">\n\t\t\t\t\t\t\t\t\t<h2>Eigenschaften der RandM Tornado 9000 Orange Soda:<\/h2><ul><li>Z\u00fcge : Bis zu 9000 Z\u00fcge, eine der st\u00e4rksten auf dem Markt f\u00fcr elektronische Einwegzigaretten.<\/li><li>Inhalt der e-Fl\u00fcssigkeit: 18 ml vorgef\u00fcllte e-Fl\u00fcssigkeit mit Nikotinsalzen mit einer Auswahl an Nikotinkonzentrationen von 2 % oder 5 %.<\/li><li>Akku: Wiederaufladbarer 850-mAh-Akku, der \u00fcber USB-C aufgeladen wird.<\/li><li>Widerstand: Mesh-Widerstand von 0,8 Ohm f\u00fcr verbesserten Geschmack und Dampfentwicklung.<\/li><li>Design: Tragbar und leicht, mit originellen, von Au\u00dferirdischen inspirierten Grafiken und RGB-LEDs, die w\u00e4hrend des Gebrauchs blinken.<\/li><li>Aktivierung durch einen Zug: Keine Kn\u00f6pfe erforderlich; einfach einatmen, um zu aktivieren, ideal f\u00fcr Anf\u00e4nger.<\/li><\/ul>\t\t\t\t\t\t\t\t<\/div>\n\t\t\t\t<\/div>\n\t\t\t\t<\/div>\n\t\t<div class=\"elementor-element elementor-element-5694658 e-con-full e-flex e-con e-child\" data-id=\"5694658\" data-element_type=\"container\" data-e-type=\"container\">\n\t\t\t\t<div class=\"elementor-element elementor-element-1090fdc elementor-widget elementor-widget-image-gallery\" data-id=\"1090fdc\" data-element_type=\"widget\" data-e-type=\"widget\" data-widget_type=\"image-gallery.default\">\n\t\t\t\t<div class=\"elementor-widget-container\">\n\t\t\t\t\t\t\t<div class=\"elementor-image-gallery\">\n\t\t\t<div id='gallery-1' class='gallery galleryid-2353 gallery-columns-1 gallery-size-medium_large'><figure class='gallery-item'>\n\t\t\t<div class='gallery-icon landscape'>\n\t\t\t\t<img fetchpriority=\"high\" decoding=\"async\" width=\"768\" height=\"768\" src=\"https:\/\/puffvapekit.com\/wp-content\/uploads\/2025\/06\/randm-tornado-vape-9000-orange-soda-pvbfrt9000-768x768.jpg\" class=\"attachment-medium_large size-medium_large\" alt=\"orange Soda randm tornado 9000\" aria-describedby=\"gallery-1-2106\" srcset=\"https:\/\/puffvapekit.com\/wp-content\/uploads\/2025\/06\/randm-tornado-vape-9000-orange-soda-pvbfrt9000-768x768.jpg 768w, https:\/\/puffvapekit.com\/wp-content\/uploads\/2025\/06\/randm-tornado-vape-9000-orange-soda-pvbfrt9000-300x300.jpg 300w, https:\/\/puffvapekit.com\/wp-content\/uploads\/2025\/06\/randm-tornado-vape-9000-orange-soda-pvbfrt9000-1024x1024.jpg 1024w, https:\/\/puffvapekit.com\/wp-content\/uploads\/2025\/06\/randm-tornado-vape-9000-orange-soda-pvbfrt9000-150x150.jpg 150w, https:\/\/puffvapekit.com\/wp-content\/uploads\/2025\/06\/randm-tornado-vape-9000-orange-soda-pvbfrt9000-600x600.jpg 600w, https:\/\/puffvapekit.com\/wp-content\/uploads\/2025\/06\/randm-tornado-vape-9000-orange-soda-pvbfrt9000-100x100.jpg 100w, https:\/\/puffvapekit.com\/wp-content\/uploads\/2025\/06\/randm-tornado-vape-9000-orange-soda-pvbfrt9000.jpg 1082w\" sizes=\"(max-width: 768px) 100vw, 768px\" \/>\n\t\t\t<\/div>\n\t\t\t\t<figcaption class='wp-caption-text gallery-caption' id='gallery-1-2106'>\n\t\t\t\torange Soda randm tornado 9000 \n\t\t\t\t<\/figcaption><\/figure>\n\t\t<\/div>\n\t\t<\/div>\n\t\t\t\t\t\t<\/div>\n\t\t\t\t<\/div>\n\t\t\t\t<\/div>\n\t\t\t\t\t<\/div>\n\t\t\t\t<\/div>\n\t\t<div class=\"elementor-element elementor-element-5367c11 e-flex e-con-boxed e-con e-parent\" data-id=\"5367c11\" data-element_type=\"container\" data-e-type=\"container\">\n\t\t\t\t\t<div class=\"e-con-inner\">\n\t\t\t\t<div class=\"elementor-element elementor-element-1704875 elementor-widget elementor-widget-text-editor\" data-id=\"1704875\" data-element_type=\"widget\" data-e-type=\"widget\" data-widget_type=\"text-editor.default\">\n\t\t\t\t<div class=\"elementor-widget-container\">\n\t\t\t\t\t\t\t\t\t<h3>Wie viele Ladezyklen h\u00e4lt der Akku des RandM Tornado 9000 Orange Soda aus?<\/h3><p>Nach unseren Tests ist die Batterie des RandM Tornado 9000 Orange Soda leistungsstark genug, um bis zur Ersch\u00f6pfung der e-Fl\u00fcssigkeit durchzuhalten.<\/p><p>Die RandM Tornado 9000 Orange Soda ist eine wiederaufladbare Einweg-elektronische Zigarette mit einer eingebauten 850-mAh-Lithiumbatterie. Sie wird \u00fcber eine Type-C-Schnittstelle aufgeladen, und das vollst\u00e4ndige Aufladen dauert in der Regel zwischen 30 und 60 Minuten. Nach Industriestandards k\u00f6nnen die in der Unterhaltungselektronik \u00fcblicherweise verwendeten Lithiumbatterien in der Regel 300 bis 500 vollst\u00e4ndige Ladezyklen (von 0 % bis 100 %) \u00fcberstehen, wonach ihre Kapazit\u00e4t auf etwa 80 % ihrer urspr\u00fcnglichen Kapazit\u00e4t absinken kann. Die RandM Tornado 9000 Orange Soda wurde jedoch so konzipiert, dass sie bei einer E-Liquid-Kapazit\u00e4t von 18 ml ca. 9000 Z\u00fcge an einer Zigarette bietet, und ihre Reichweite ist perfekt auf den Konsum von E-Liquid abgestimmt. Unsere Tests zeigen, dass die Leistung der Batterie ausreicht, um einen unzureichenden E-Liquid-Konsum zu verkraften. In der Regel wird die e-Liquid in 50 bis 100 Ladezyklen verbraucht, so dass die Nutzer eine unzureichende Akkulaufzeit vermeiden k\u00f6nnen.<\/p><p>Dar\u00fcber hinaus optimiert das Batteriemanagementsystem des RandM Tornado 9000 Orange Soda die Effizienz des Ladevorgangs und verringert die Auswirkungen von \u00dcberladung oder Tiefentladung auf die Lebensdauer der Batterie. In der Praxis k\u00f6nnen die Ladegewohnheiten des Nutzers (z. B. Vermeidung h\u00e4ufiger Tiefentladung des Akkus) die Lebensdauer des Akkus verl\u00e4ngern. Bei intensiven Nutzern mit 500 Z\u00fcgen pro Tag kann das Gesamtvolumen von 9000 Z\u00fcgen etwa 18 Tage lang genutzt werden, in denen m\u00f6glicherweise 10 bis 20 Aufladungen erforderlich sind. Gelegenheitsnutzer k\u00f6nnen das Ger\u00e4t l\u00e4nger verwenden, aber unabh\u00e4ngig von der Nutzungsintensit\u00e4t ist die Batterie langlebig genug, um den gesamten Nutzungszyklus des Ger\u00e4ts abzudecken.<\/p><h3>Ist die RandM Tornado 9000 f\u00fcr unerfahrene Benutzer geeignet?<\/h3><p>Die RandM Tornado 9000 ist ideal f\u00fcr unerfahrene Benutzer.<\/p><p>Die RandM Tornado 9000 ist eine ideale elektronische Zigarette f\u00fcr neue Benutzer, vor allem f\u00fcr diejenigen, die gerade erst anfangen und die komplizierten Handgriffe nicht beherrschen. Diese wartungsfreie elektronische Einwegzigarette vereinfacht die Benutzung erheblich, da das l\u00e4stige Nachf\u00fcllen von E-Fl\u00fcssigkeit, das Auswechseln der Zerst\u00e4uberkerne oder das Einstellen der St\u00e4rke entf\u00e4llt. Es gen\u00fcgt, sie auszupacken und direkt zu inhalieren. Die Bedienung ist einfach und intuitiv und eignet sich besonders f\u00fcr Anf\u00e4nger. Dar\u00fcber hinaus erm\u00f6glicht der eingebaute 850-mAh-Akku mit Typ-C-Ladeschnittstelle mehrmaliges Aufladen und verl\u00e4ngert so die Lebensdauer des Ger\u00e4ts. Sie ist kosteng\u00fcnstiger und umweltfreundlicher als herk\u00f6mmliche elektronische Einwegzigaretten.<\/p><p>F\u00fcr neue Nutzer bietet die RandM Tornado 9000 einen weiteren Vorteil: ihre vielf\u00e4ltige Auswahl an Geschmacksrichtungen und ihre geschmackliche Stabilit\u00e4t. Sie bietet \u00fcber 50 Geschmacksrichtungen, von Klassikern \u00fcber Fr\u00fcchte bis hin zu frischer Minze oder Desserts, um den geschmacklichen Vorlieben neuer Nutzer gerecht zu werden. Das Ger\u00e4t verf\u00fcgt \u00fcber einen integrierten 18-ml-Tank mit gro\u00dfem Fassungsverm\u00f6gen, der bis zu 9000 Z\u00fcge erm\u00f6glicht. So m\u00fcssen neue Nutzer das Ger\u00e4t nicht h\u00e4ufig wechseln, was den Lern- und Pflegeaufwand verringert. Au\u00dferdem ist er dank seines ergonomischen Mundst\u00fccks und seiner leichten Form bequemer zu halten und zu verwenden, ideal f\u00fcr den Langzeitgebrauch.<\/p>\t\t\t\t\t\t\t\t<\/div>\n\t\t\t\t<\/div>\n\t\t\t\t\t<\/div>\n\t\t\t\t<\/div>\n\t\t\t\t<\/div>","protected":false},"excerpt":{"rendered":"<p>Geschmack: Orangenlimonade Orangenlimonade ist einzigartig: Sie bildet die klassische Orangenlimonade originalgetreu nach und vermittelt das befriedigende Gef\u00fchl eines \u00abzuckerfreien Soda-Getr\u00e4nks\u00bb. Die Nutzer vergleichen sie oft mit einer \u00abeisgek\u00fchlten Orangenlimonade im Sommer\u00bb oder einer \u00abgedampften Version der Getr\u00e4nke aus ihrer Kindheit\u00bb und wecken damit nostalgische Gef\u00fchle. Orange: Das Aroma [...].<\/p>","protected":false},"featured_media":2106,"comment_status":"open","ping_status":"closed","template":"","meta":{"site-sidebar-layout":"no-sidebar","site-content-layout":"page-builder","ast-site-content-layout":"normal-width-container","site-content-style":"default","site-sidebar-style":"default","ast-global-header-display":"","ast-banner-title-visibility":"","ast-main-header-display":"","ast-hfb-above-header-display":"","ast-hfb-below-header-display":"","ast-hfb-mobile-header-display":"","site-post-title":"disabled","ast-breadcrumbs-content":"","ast-featured-img":"disabled","footer-sml-layout":"","theme-transparent-header-meta":"default","adv-header-id-meta":"","stick-header-meta":"default","header-above-stick-meta":"","header-main-stick-meta":"","header-below-stick-meta":"","astra-migrate-meta-layouts":"set","ast-page-background-enabled":"default","ast-page-background-meta":{"desktop":{"background-color":"","background-image":"","background-repeat":"repeat","background-position":"center center","background-size":"auto","background-attachment":"scroll","background-type":"","background-media":"","overlay-type":"","overlay-color":"","overlay-opacity":"","overlay-gradient":""},"tablet":{"background-color":"","background-image":"","background-repeat":"repeat","background-position":"center center","background-size":"auto","background-attachment":"scroll","background-type":"","background-media":"","overlay-type":"","overlay-color":"","overlay-opacity":"","overlay-gradient":""},"mobile":{"background-color":"","background-image":"","background-repeat":"repeat","background-position":"center center","background-size":"auto","background-attachment":"scroll","background-type":"","background-media":"","overlay-type":"","overlay-color":"","overlay-opacity":"","overlay-gradient":""}},"ast-content-background-meta":{"desktop":{"background-color":"var(--ast-global-color-5)","background-image":"","background-repeat":"repeat","background-position":"center center","background-size":"auto","background-attachment":"scroll","background-type":"","background-media":"","overlay-type":"","overlay-color":"","overlay-opacity":"","overlay-gradient":""},"tablet":{"background-color":"var(--ast-global-color-5)","background-image":"","background-repeat":"repeat","background-position":"center center","background-size":"auto","background-attachment":"scroll","background-type":"","background-media":"","overlay-type":"","overlay-color":"","overlay-opacity":"","overlay-gradient":""},"mobile":{"background-color":"var(--ast-global-color-5)","background-image":"","background-repeat":"repeat","background-position":"center center","background-size":"auto","background-attachment":"scroll","background-type":"","background-media":"","overlay-type":"","overlay-color":"","overlay-opacity":"","overlay-gradient":""}}},"product_brand":[29],"product_cat":[28,63],"product_tag":[],"class_list":{"0":"post-2353","1":"product","2":"type-product","3":"status-publish","4":"has-post-thumbnail","6":"product_brand-randm-tornado","7":"product_cat-randm-tornado-9000","8":"product_cat-puff-9k-vous-apporte-la-tranquillite-desprit-vous-permettant-de-profiter-dun-week-end","9":"desktop-align-center","10":"tablet-align-center","11":"mobile-align-center","12":"ast-product-gallery-layout-horizontal","13":"ast-product-gallery-with-no-image","14":"ast-product-single-variable","15":"ast-product-tabs-layout-horizontal","17":"first","18":"instock","19":"sale","20":"shipping-taxable","21":"purchasable","22":"product-type-variable","23":"has-default-attributes"},"tiered_pricing_type":"fixed","tiered_pricing_fixed_rules":{"30":"8.58","60":"8.13","100":"7.61","200":"7.12","400":"6.86"},"tiered_pricing_product_settings":{"layout":"default","base_unit_name":{"singular":null,"plural":null},"default_variation":null},"tiered_pricing_minimum_quantity":null,"tiered_pricing_roles_data":[],"tiered_pricing_percentage_rules":[],"_links":{"self":[{"href":"https:\/\/puffvapekit.com\/de\/wp-json\/wp\/v2\/product\/2353","targetHints":{"allow":["GET"]}}],"collection":[{"href":"https:\/\/puffvapekit.com\/de\/wp-json\/wp\/v2\/product"}],"about":[{"href":"https:\/\/puffvapekit.com\/de\/wp-json\/wp\/v2\/types\/product"}],"replies":[{"embeddable":true,"href":"https:\/\/puffvapekit.com\/de\/wp-json\/wp\/v2\/comments?post=2353"}],"version-history":[{"count":11,"href":"https:\/\/puffvapekit.com\/de\/wp-json\/wp\/v2\/product\/2353\/revisions"}],"predecessor-version":[{"id":3212,"href":"https:\/\/puffvapekit.com\/de\/wp-json\/wp\/v2\/product\/2353\/revisions\/3212"}],"wp:featuredmedia":[{"embeddable":true,"href":"https:\/\/puffvapekit.com\/de\/wp-json\/wp\/v2\/media\/2106"}],"wp:attachment":[{"href":"https:\/\/puffvapekit.com\/de\/wp-json\/wp\/v2\/media?parent=2353"}],"wp:term":[{"taxonomy":"product_brand","embeddable":true,"href":"https:\/\/puffvapekit.com\/de\/wp-json\/wp\/v2\/product_brand?post=2353"},{"taxonomy":"product_cat","embeddable":true,"href":"https:\/\/puffvapekit.com\/de\/wp-json\/wp\/v2\/product_cat?post=2353"},{"taxonomy":"product_tag","embeddable":true,"href":"https:\/\/puffvapekit.com\/de\/wp-json\/wp\/v2\/product_tag?post=2353"}],"curies":[{"name":"wp","href":"https:\/\/api.w.org\/{rel}","templated":true}]}}