{"id":3000,"date":"2025-06-27T07:08:01","date_gmt":"2025-06-27T07:08:01","guid":{"rendered":"https:\/\/puffvapekit.com\/?post_type=product&#038;p=3000"},"modified":"2026-04-09T13:34:33","modified_gmt":"2026-04-09T13:34:33","slug":"randm-tornado-15000-propose-une-riche-variete-de-plus-de-40-saveurs","status":"publish","type":"product","link":"https:\/\/puffvapekit.com\/de\/product\/randm-tornado-15000-bietet-eine-reiche-vielfalt-von-mehr-als-40-geschmacksrichtungen\/","title":{"rendered":"RandM Tornado 15000 bietet eine reiche Vielfalt von \u00fcber 59 Geschmacksrichtungen"},"content":{"rendered":"<div data-elementor-type=\"wp-post\" data-elementor-id=\"3000\" class=\"elementor elementor-3000\">\n\t\t\t\t<div class=\"elementor-element elementor-element-465b019 e-flex e-con-boxed e-con e-parent\" data-id=\"465b019\" data-element_type=\"container\" data-e-type=\"container\">\n\t\t\t\t\t<div class=\"e-con-inner\">\n\t\t\t\t<div class=\"elementor-element elementor-element-733fca7 elementor-widget elementor-widget-text-editor\" data-id=\"733fca7\" data-element_type=\"widget\" data-e-type=\"widget\" data-widget_type=\"text-editor.default\">\n\t\t\t\t<div class=\"elementor-widget-container\">\n\t\t\t\t\t\t\t\t\t<p>Die RandM Tornado 15000 ist eine Einweg-E-Zigarette mit hoher Kapazit\u00e4t, die mit bis zu 25 ml vorgef\u00fcllter E-Fl\u00fcssigkeit (mit optionalen Nikotinsalzkonzentrationen wie 2 % und 5 %) und einem wiederaufladbaren 850-mAh-Akku, der \u00fcber einen USB-C-Anschluss aufgeladen wird, geliefert wird. Das Ger\u00e4t verwendet einen Mesh-Widerstand f\u00fcr ein gr\u00f6\u00dferes Rauchvolumen und einen intensiveren Geschmack. Sein LED-Display zeigt in Echtzeit den Akkustand und die verbleibende Menge an E-Fl\u00fcssigkeit an, was eine intuitive und praktische Bedienung erm\u00f6glicht.<\/p><h2>Eigenschaften des RandM Tornado 15000 :<\/h2><p>Anzahl der Z\u00fcge : Bis zu 15000, ideal f\u00fcr den Langzeitgebrauch.<\/p><p>Liquidkapazit\u00e4t: Vorgef\u00fcllt mit 25 ml E-Liquid.<\/p><p>Akku: Wiederaufladbarer 850-mAh-Akku mit Typ-C-Ladeanschluss f\u00fcr schnelles und einfaches Aufladen.<\/p><p>Widerstand: Mesh-Widerstand f\u00fcr optimalen Geschmack und dichten Dampf.<\/p><p>Anzeige: Digitale Anzeige zur \u00dcberwachung des Akkustands und der verbleibenden E-Fl\u00fcssigkeit.<\/p><p>Nikotingehalt: Erh\u00e4ltlich als Nikotinsalz mit 2 % oder 5 %.<\/p><p>Design: Kompakt, tragbar und elegant.<\/p><h2>Die zahlreichen Geschmacksrichtungen des RandM Tornado 15000 erf\u00fcllen die geschmacklichen Vorlieben jedes einzelnen Nutzers<\/h2><p>Die RandM Tornado 15000 Vape bietet eine reiche Vielfalt von 59 Geschmacksrichtungen, die in vier Hauptkategorien eingeteilt sind. Diese Geschmacksoptionen gehen auf die geschmacklichen Vorlieben jedes einzelnen Nutzers ein, sodass jeder den Geschmack finden kann, der ihm zusagt.<\/p><p>Fruchtige Aromen sind am beliebtesten, insbesondere Einzelfr\u00fcchte und Fruchtmischungen. Klassische Einzelfruchtgeschmacksrichtungen wie \u00abKirsche\u00bb und \u00abDrachenfrucht\u00bb bieten ein reines Fruchterlebnis, w\u00e4hrend komplexere Geschmacksrichtungen wie \u00abApfel-Pfirsich-Birne\u00bb, \u00abPfirsich-Mango\u00bb, \u00abErdbeere-Wassermelone\u00bb und \u00abKiwiWassermelone-Guave\u00bb einen reichhaltigeren und komplexeren Fruchtgeschmack erzeugen. \u00abTriple Berries\u00bb und \u00abMixed Berry\u00bb sind eine ausgezeichnete Wahl f\u00fcr Liebhaber von roten Fr\u00fcchten.<\/p><p>Eine weitere wichtige Kategorie ist die Produktreihe Eisgek\u00fchlte Erfrischungen, die traditionelle fruchtige Geschmacksrichtungen mit Minzeis kombiniert. Zu den Geschmacksrichtungen in dieser Kategorie geh\u00f6ren \u00abBanana Ice\u00bb, \u00abHeidelbeere auf Eis\u00bb, \u00abRaspberry Ice\u00bb, \u00abMango auf Eis\u00bb, \u00abPeach Ice\u00bb, \u00abAnanas Ice\u00bb, \u00abStrawberry Ice\u00bb und \u00abWatermelon Ice\u00bb. \u00abLush Ice\u00bb und \u00abIce Pop\u00bb bieten ein reines Erfrischungserlebnis, w\u00e4hrend \u00abCola Ice\u00bb klassische Getr\u00e4nkegeschmacksrichtungen mit Eis kombiniert.<\/p><p>Die Kategorie Spezialgetr\u00e4nke und Aromen bietet Optionen, die verschiedene Getr\u00e4nke und einzigartige Geschmacksrichtungen simulieren. Das Sortiment an Limonaden umfasst \u00abBeerenlimonade\u00bb, \u00abBlue Razz Limonade\u00bb, \u00abRosenlimonade\u00bb und \u00abErdbeer-Wassermelonen-Limonade\u00bb. Das Teesortiment umfasst \u00abIced Lemon Iced Tea\u00bb und \u00abIced Peach Iced Tea\u00bb. Zu den Energydrinks geh\u00f6ren \u00abRed Energy Ice\u00bb und \u00abStrawberry Red Bull\u00bb, w\u00e4hrend \u00abVimto\u00bb die klassische Geschmacksrichtung der britischen Getr\u00e4nke darstellt. Ausgefallene Geschmacksrichtungen wie \u00abCherry Cola\u00bb und \u00abGummy Bear\u00bb sind ebenso erh\u00e4ltlich wie s\u00e4uerliche Geschmacksrichtungen wie \u00abSour Apple\u00bb und \u00abBluesour Raspberry\u00bb und bieten somit eine \u00e4u\u00dferst reichhaltige Auswahl.<\/p>\t\t\t\t\t\t\t\t<\/div>\n\t\t\t\t<\/div>\n\t\t\t\t\t<\/div>\n\t\t\t\t<\/div>\n\t\t<div class=\"elementor-element elementor-element-5367c11 e-flex e-con-boxed e-con e-parent\" data-id=\"5367c11\" data-element_type=\"container\" data-e-type=\"container\">\n\t\t\t\t\t<div class=\"e-con-inner\">\n\t\t\t\t<div class=\"elementor-element elementor-element-1704875 elementor-widget elementor-widget-text-editor\" data-id=\"1704875\" data-element_type=\"widget\" data-e-type=\"widget\" data-widget_type=\"text-editor.default\">\n\t\t\t\t<div class=\"elementor-widget-container\">\n\t\t\t\t\t\t\t\t\t<h3>Ist die RandM Tornado 15000 f\u00fcr angehende Raucher geeignet? Ist seine Bedienung kompliziert?<\/h3><p>Die RandM Tornado 15000 ist ideal f\u00fcr Raucher, die gerade erst anfangen zu rauchen.<\/p><p>Eines der Hauptmerkmale des RandM Tornado 15000 ist der automatische Aktivierungsmechanismus durch Einatmen. Er erm\u00f6glicht es, das Ger\u00e4t einfach durch Einatmen zu aktivieren, ohne irgendwelche Kn\u00f6pfe zu dr\u00fccken oder komplizierte Einstellungen vorzunehmen. Dieses Design ist sehr anf\u00e4ngerfreundlich, da es den Lernprozess vereinfacht: Man muss nicht verstehen, wie man die Kn\u00f6pfe bedient oder die Einstellungen vornimmt; man inhaliert einfach wie bei einer herk\u00f6mmlichen Zigarette, um mit der Benutzung zu beginnen. Au\u00dferdem ist das Ger\u00e4t mit E-Fl\u00fcssigkeit vorgef\u00fcllt und muss nicht nachgef\u00fcllt oder der Widerstand ausgetauscht werden, was die Wartungsprobleme verringert. Seine einfache Handhabung macht es zur idealen Wahl f\u00fcr den Umstieg von der herk\u00f6mmlichen Zigarette auf die E-Zigarette, insbesondere f\u00fcr Rauchanf\u00e4nger, die mit dem Rauchen aufh\u00f6ren m\u00f6chten oder eine einfache Alternative suchen.<\/p><h4>Komplexit\u00e4t der Nutzung :\u00a0<\/h4><p>Was die Komplexit\u00e4t der Bedienung betrifft, ist die RandM Tornado 15000 \u00e4u\u00dferst intuitiv. Nehmen Sie das Ger\u00e4t einfach aus der Verpackung, lassen Sie es ein paar Minuten stehen, damit die E-Fl\u00fcssigkeit den Widerstand perfekt durchtr\u00e4nken kann, und beginnen Sie dann mit dem Rauchen. Das Produkt ist mit einer LED-Anzeige ausgestattet, die den Batteriestand und die verbleibende Menge an E-Fl\u00fcssigkeit anzeigt, was die Bedienung noch weiter vereinfacht. So k\u00f6nnen auch Anf\u00e4nger den Status des Ger\u00e4ts leicht \u00fcberwachen und Verwirrungen aufgrund eines leeren Akkus oder einer leeren E-Fl\u00fcssigkeit vermeiden. Dar\u00fcber hinaus verwendet das Ger\u00e4t eine Typ-C-Ladeschnittstelle und einen wiederaufladbaren 850-mAh-Akku. Obwohl das Ger\u00e4t gelegentlich aufgeladen werden muss, \u00e4hnelt der Ladevorgang dem von allt\u00e4glichen elektronischen Produkten (wie Mobiltelefonen) und ist den meisten Neulingen nicht unbekannt. Im Vergleich zu komplexen E-Zigaretten-Ger\u00e4ten, bei denen die Leistung eingestellt, die Spulen ausgetauscht oder die E-Fl\u00fcssigkeit manuell nachgef\u00fcllt werden muss, hat die Bedienung des RandM Tornado 15000 fast keine technischen Schwellen und ist f\u00fcr Anf\u00e4nger bestens geeignet.<\/p><h3>Wird die RandM Tornado 15000 bei niedrigen oder hohen Temperaturen richtig funktionieren?<\/h3><p>Die RandM Tornado 15000 wird bei m\u00e4\u00dfigen Temperaturschwankungen einwandfrei funktionieren, aber extrem niedrige oder hohe Temperaturen k\u00f6nnen die Effizienz der Batterie, die Konzentration der e-Fl\u00fcssigkeit und die Gesamtleistung beeintr\u00e4chtigen.<\/p><p><strong>Akkuleistung bei extremen Temperaturen :<\/strong> Die RandM Tornado 15000 ist mit einer wiederaufladbaren 850-mAh-Batterie ausgestattet, die f\u00fcr eine elektronische Einwegzigarette sehr langlebig ist und bis zu 15000 Z\u00fcge erm\u00f6glicht. Allerdings sind Lithium-Ionen-Akkus, wie sie in diesem Ger\u00e4t verwendet werden, empfindlich gegen\u00fcber extremen Temperaturen. Bei niedrigen Temperaturen (z. B. unter 0 \u00b0C) verlangsamen sich die chemischen Reaktionen im Akku, was die abgegebene Leistung verringern und zu einem geringeren Dampfvolumen oder einer langsameren Aktivierung f\u00fchren kann. Bei hohen Temperaturen (z. B. \u00fcber 50 \u00b0C) kann der Akku \u00fcberhitzen, was zu einer geringeren Effizienz, einer schnelleren Entladung oder in seltenen F\u00e4llen zu einem Auslaufen oder zu Sch\u00e4den f\u00fchrt, was ein Sicherheitsrisiko darstellen kann. Das Ger\u00e4t verf\u00fcgt \u00fcber Sicherheitsmerkmale wie einen Kurzschluss- und \u00dcberlastungsschutz, um das Risiko zu verringern. Eine l\u00e4ngere Exposition gegen\u00fcber extremer Hitze wird jedoch nicht empfohlen, um die optimale Leistung des Akkus aufrechtzuerhalten.<\/p><p><strong>E-Liquid und Dampferzeugung :<\/strong> Die RandM Tornado 15000 verwendet einen 25 ml fassenden E-Fl\u00fcssigkeitstank und einen Mesh-Widerstand f\u00fcr gleichbleibenden Geschmack und Dampf. Bei niedrigen Temperaturen steigt die Viskosit\u00e4t der e-Fl\u00fcssigkeit, was die Absorptionsgeschwindigkeit verlangsamen und den Dampfaussto\u00df verringern kann, was zu einem schlechten Erlebnis oder einer trockenen Verbrennung f\u00fchren kann, wenn das Heizelement nicht richtig erhitzt wird. Umgekehrt kann sich die e-Fl\u00fcssigkeit bei hohen Temperaturen verfl\u00fcssigen, was zu einer schnelleren Absorptionsgeschwindigkeit und dem Risiko von \u00fcberm\u00e4\u00dfigem Dampf oder kleineren Lecks f\u00fchrt. Das wasserdichte Design des Ger\u00e4ts tr\u00e4gt jedoch dazu bei, dieses Risiko zu minimieren. Das kontrollierte Heizsystem des Mesh-Widerstands ist so konzipiert, dass eine gleichm\u00e4\u00dfige Dampfproduktion aufrechterhalten wird, aber extreme Temperaturen k\u00f6nnen das Gleichgewicht st\u00f6ren und die Geschmacksintensit\u00e4t und Dichte des Dampfes beeintr\u00e4chtigen. Benutzer sollten die elektronische Zigarette nicht in direktem Sonnenlicht oder in Umgebungen mit hohen\/niedrigen Temperaturen lagern, um diese Probleme zu vermeiden.<\/p><p><strong>Ger\u00e4tedesign und Umwelt\u00fcberlegungen :<\/strong> Die RandM Tornado 15000 ist aus leichten und haltbaren Materialien hergestellt und eignet sich dank ihres kompakten und tragbaren Designs ideal f\u00fcr den Gebrauch unterwegs. Es wird jedoch empfohlen, die elektronische Zigarette an einem k\u00fchlen und trockenen Ort aufzubewahren, um eine \u00dcberhitzung zu vermeiden. Hohe Luftfeuchtigkeit oder hohe Temperaturen k\u00f6nnen die internen Bauteile langfristig besch\u00e4digen, w\u00e4hrend Frost zu Kondensation im Inneren des Ger\u00e4ts f\u00fchren kann, wodurch die Schaltkreise oder Widerst\u00e4nde besch\u00e4digt werden k\u00f6nnen. Die automatische Aktivierung durch Inhalation und die LED-Anzeigen f\u00fcr den Akkuladestand und die verbleibende E-Fl\u00fcssigkeit sind auf Bequemlichkeit ausgelegt, ihre Funktion kann jedoch beeintr\u00e4chtigt werden, wenn sie \u00fcber einen l\u00e4ngeren Zeitraum extremen Bedingungen ausgesetzt sind. F\u00fcr eine optimale Leistung sollten Sie die E-Zigarette nicht in Umgebungen wie einem hei\u00dfen Auto oder einem K\u00fchlschrank liegen lassen.<\/p><p><strong>Praktische Tipps :<\/strong> Um sicherzustellen, dass die RandM Tornado 15000 auch bei extremen Temperaturen einwandfrei funktioniert, m\u00fcssen Vorsichtsma\u00dfnahmen getroffen werden. Bewahren Sie das Ger\u00e4t bei kaltem Wetter nah am K\u00f6rper in einer Tasche auf, um die Temperatur zu halten. Vermeiden Sie bei hei\u00dfem Wetter direkte Sonneneinstrahlung oder schlecht bel\u00fcftete, geschlossene R\u00e4ume.<\/p>\t\t\t\t\t\t\t\t<\/div>\n\t\t\t\t<\/div>\n\t\t\t\t\t<\/div>\n\t\t\t\t<\/div>\n\t\t\t\t<\/div>","protected":false},"excerpt":{"rendered":"<p>Die RandM Tornado 15000 ist eine Einweg-E-Zigarette mit hoher Kapazit\u00e4t, die mit bis zu 25 ml vorgef\u00fcllter E-Fl\u00fcssigkeit (mit optionalen Nikotinsalzkonzentrationen wie 2 % und 5 %) und einem wiederaufladbaren 850-mAh-Akku, der \u00fcber einen USB-C-Anschluss aufgeladen wird, geliefert wird. Das Ger\u00e4t verwendet einen Mesh-Widerstand f\u00fcr ein Volumen von [...].<\/p>","protected":false},"featured_media":2944,"comment_status":"open","ping_status":"closed","template":"","meta":{"site-sidebar-layout":"no-sidebar","site-content-layout":"page-builder","ast-site-content-layout":"normal-width-container","site-content-style":"default","site-sidebar-style":"default","ast-global-header-display":"","ast-banner-title-visibility":"","ast-main-header-display":"","ast-hfb-above-header-display":"","ast-hfb-below-header-display":"","ast-hfb-mobile-header-display":"","site-post-title":"disabled","ast-breadcrumbs-content":"","ast-featured-img":"disabled","footer-sml-layout":"","theme-transparent-header-meta":"default","adv-header-id-meta":"","stick-header-meta":"default","header-above-stick-meta":"","header-main-stick-meta":"","header-below-stick-meta":"","astra-migrate-meta-layouts":"set","ast-page-background-enabled":"default","ast-page-background-meta":{"desktop":{"background-color":"","background-image":"","background-repeat":"repeat","background-position":"center center","background-size":"auto","background-attachment":"scroll","background-type":"","background-media":"","overlay-type":"","overlay-color":"","overlay-opacity":"","overlay-gradient":""},"tablet":{"background-color":"","background-image":"","background-repeat":"repeat","background-position":"center center","background-size":"auto","background-attachment":"scroll","background-type":"","background-media":"","overlay-type":"","overlay-color":"","overlay-opacity":"","overlay-gradient":""},"mobile":{"background-color":"","background-image":"","background-repeat":"repeat","background-position":"center center","background-size":"auto","background-attachment":"scroll","background-type":"","background-media":"","overlay-type":"","overlay-color":"","overlay-opacity":"","overlay-gradient":""}},"ast-content-background-meta":{"desktop":{"background-color":"var(--ast-global-color-5)","background-image":"","background-repeat":"repeat","background-position":"center center","background-size":"auto","background-attachment":"scroll","background-type":"","background-media":"","overlay-type":"","overlay-color":"","overlay-opacity":"","overlay-gradient":""},"tablet":{"background-color":"var(--ast-global-color-5)","background-image":"","background-repeat":"repeat","background-position":"center center","background-size":"auto","background-attachment":"scroll","background-type":"","background-media":"","overlay-type":"","overlay-color":"","overlay-opacity":"","overlay-gradient":""},"mobile":{"background-color":"var(--ast-global-color-5)","background-image":"","background-repeat":"repeat","background-position":"center center","background-size":"auto","background-attachment":"scroll","background-type":"","background-media":"","overlay-type":"","overlay-color":"","overlay-opacity":"","overlay-gradient":""}}},"product_brand":[29],"product_cat":[30,66],"product_tag":[],"class_list":{"0":"post-3000","1":"product","2":"type-product","3":"status-publish","4":"has-post-thumbnail","6":"product_brand-randm-tornado","7":"product_cat-randm-tornado-15000","8":"product_cat-puff-15k-offre-sensation-de-robustesse-rassurante","9":"desktop-align-center","10":"tablet-align-center","11":"mobile-align-center","12":"ast-product-gallery-layout-horizontal","13":"ast-product-single-variable","14":"ast-product-tabs-layout-horizontal","16":"first","17":"instock","18":"sale","19":"shipping-taxable","20":"purchasable","21":"product-type-variable","22":"has-default-attributes"},"tiered_pricing_type":"fixed","tiered_pricing_fixed_rules":{"30":"10.18","60":"9.17","100":"7.96","200":"7.48","400":"7.21"},"tiered_pricing_product_settings":{"layout":"default","base_unit_name":{"singular":null,"plural":null},"default_variation":null},"tiered_pricing_minimum_quantity":null,"tiered_pricing_roles_data":[],"tiered_pricing_percentage_rules":[],"_links":{"self":[{"href":"https:\/\/puffvapekit.com\/de\/wp-json\/wp\/v2\/product\/3000","targetHints":{"allow":["GET"]}}],"collection":[{"href":"https:\/\/puffvapekit.com\/de\/wp-json\/wp\/v2\/product"}],"about":[{"href":"https:\/\/puffvapekit.com\/de\/wp-json\/wp\/v2\/types\/product"}],"replies":[{"embeddable":true,"href":"https:\/\/puffvapekit.com\/de\/wp-json\/wp\/v2\/comments?post=3000"}],"version-history":[{"count":16,"href":"https:\/\/puffvapekit.com\/de\/wp-json\/wp\/v2\/product\/3000\/revisions"}],"predecessor-version":[{"id":12052,"href":"https:\/\/puffvapekit.com\/de\/wp-json\/wp\/v2\/product\/3000\/revisions\/12052"}],"wp:featuredmedia":[{"embeddable":true,"href":"https:\/\/puffvapekit.com\/de\/wp-json\/wp\/v2\/media\/2944"}],"wp:attachment":[{"href":"https:\/\/puffvapekit.com\/de\/wp-json\/wp\/v2\/media?parent=3000"}],"wp:term":[{"taxonomy":"product_brand","embeddable":true,"href":"https:\/\/puffvapekit.com\/de\/wp-json\/wp\/v2\/product_brand?post=3000"},{"taxonomy":"product_cat","embeddable":true,"href":"https:\/\/puffvapekit.com\/de\/wp-json\/wp\/v2\/product_cat?post=3000"},{"taxonomy":"product_tag","embeddable":true,"href":"https:\/\/puffvapekit.com\/de\/wp-json\/wp\/v2\/product_tag?post=3000"}],"curies":[{"name":"wp","href":"https:\/\/api.w.org\/{rel}","templated":true}]}}