{"id":3105,"date":"2025-06-29T11:42:07","date_gmt":"2025-06-29T11:42:07","guid":{"rendered":"https:\/\/puffvapekit.com\/?post_type=product&#038;p=3105"},"modified":"2026-04-09T13:10:07","modified_gmt":"2026-04-09T13:10:07","slug":"randm-15000-puff-kiwi-passionfruit-guava","status":"publish","type":"product","link":"https:\/\/puffvapekit.com\/de\/product\/randm-15000-puff-kiwi-passionfruit-guava\/","title":{"rendered":"RandM Tornado 15000 Kiwi Passionfruit Guava"},"content":{"rendered":"<div data-elementor-type=\"wp-post\" data-elementor-id=\"3105\" class=\"elementor elementor-3105\">\n\t\t\t\t<div class=\"elementor-element elementor-element-5367c11 e-flex e-con-boxed e-con e-parent\" data-id=\"5367c11\" data-element_type=\"container\" data-e-type=\"container\">\n\t\t\t\t\t<div class=\"e-con-inner\">\n\t\t\t\t<div class=\"elementor-element elementor-element-1704875 elementor-widget elementor-widget-text-editor\" data-id=\"1704875\" data-element_type=\"widget\" data-e-type=\"widget\" data-widget_type=\"text-editor.default\">\n\t\t\t\t<div class=\"elementor-widget-container\">\n\t\t\t\t\t\t\t\t\t<h2>Geschmack: Kiwi Passionsfrucht Guava<\/h2><p>Dieser Geschmack Kiwi Passion Guave erinnert an eine tropische Geschmacksreise. Die Eigenschaften der drei Fr\u00fcchte kommen voll zur Geltung: die Frische der Kiwi, die Leidenschaft der Passionsfrucht und die S\u00fc\u00dfe der Guave. Das Ganze ist \u00e4u\u00dferst ausgewogen und ideal f\u00fcr Liebhaber reichhaltiger und komplexer Fruchtgeschm\u00e4cker. Dieser tropische Sommergeschmack sorgt f\u00fcr gute Laune.<\/p><h3>Kiwi (Kiwi) - Frischer, lebhafter Einstieg<\/h3><p>Die S\u00e4ure des gr\u00fcnen Kerns der noch gr\u00fcnen Kiwi zeigt sich sofort im Mund, \u00e4hnlich dem gr\u00fcnen Gef\u00fchl des Saftes, der beim Biss aufplatzt, mit einem leichten Grasduft oder einem pflanzlichen Gef\u00fchl. Die S\u00e4ure des Kerns wird allm\u00e4hlich weicher und macht Platz f\u00fcr die Honigs\u00fc\u00dfe der reifen Kiwi, die dem konzentrierten Geschmack von Kiwi-Konfit\u00fcre \u00e4hnelt, ohne zu s\u00fc\u00df zu sein.<\/p><h3>Passionsfrucht - Reiches tropisches Aroma mit s\u00e4uerlichem Geschmack<\/h3><p>Die S\u00e4ure der Passionsfrucht ist ausgepr\u00e4gter als die der Kiwi, mit einer lebendigen S\u00e4ure, \u00e4hnlich der des frischen Fruchtfleisches, und sogar einem subtilen G\u00e4rungsgef\u00fchl, das die Komplexit\u00e4t des Geschmacks erh\u00f6ht. Nach der S\u00e4ure tritt allm\u00e4hlich die S\u00fc\u00dfe der Passionsfrucht hervor, mit einem leicht honigartigen Nachgeschmack.<\/p><h3>Guave - S\u00fc\u00dfe und warme Basis<\/h3><p>Guave hat einen s\u00fc\u00dferen Geschmack und bietet eine dichte S\u00fc\u00dfe, die der des Pink Guava P\u00fcrees \u00e4hnelt und die S\u00e4ure von Kiwi und Passionsfrucht ausgleicht.<\/p><h2>RandM Tornado 15K Kiwi Passionfruit Guava<\/h2><p>Die RandM Tornado 15000 Kiwi Passionfruit Guava ist eine Einweg-E-Zigarette mit hoher Kapazit\u00e4t, die mit bis zu 25 ml vorgef\u00fcllter E-Fl\u00fcssigkeit (mit optionalen Nikotinsalzkonzentrationen wie 2 % und 5 %) und einem wiederaufladbaren 850-mAh-Akku geliefert wird, der \u00fcber einen USB-C-Anschluss aufgeladen wird. Das Ger\u00e4t verwendet einen Mesh-Widerstand f\u00fcr ein gr\u00f6\u00dferes Rauchvolumen und einen intensiveren Geschmack. Sein LED-Display zeigt in Echtzeit den Akkustand und die verbleibende Menge an E-Fl\u00fcssigkeit an, was eine intuitive und praktische Bedienung erm\u00f6glicht.<\/p><h2>Eigenschaften der RandM Tornado 15000 Kiwi Passionfruit Guava:<\/h2><p>Anzahl der Z\u00fcge : Bis zu 15000, ideal f\u00fcr den Langzeitgebrauch.<\/p><p>Liquidkapazit\u00e4t: Vorgef\u00fcllt mit 25 ml E-Liquid.<\/p><p>Akku: Wiederaufladbarer 850-mAh-Akku mit Typ-C-Ladeanschluss f\u00fcr schnelles und einfaches Aufladen.<\/p><p>Widerstand: Mesh-Widerstand f\u00fcr optimalen Geschmack und dichten Dampf.<\/p><p>Anzeige: Digitale Anzeige zur \u00dcberwachung des Akkustands und der verbleibenden E-Fl\u00fcssigkeit.<\/p><p>Nikotingehalt: Erh\u00e4ltlich als Nikotinsalz mit 2 % oder 5 %.<\/p><p>Design: Kompakt, tragbar und elegant.<\/p><h3>Ist die RandM Tornado 15000 Kiwi Passionfruit Guava f\u00fcr Raucher geeignet, die gerade erst anfangen zu rauchen? Ist seine Verwendung kompliziert?<\/h3><p>Die RandM Tornado 15000 Kiwi Passionfruit Guava ist ideal f\u00fcr Raucher, die gerade erst anfangen zu rauchen.<\/p><p>Eines der Hauptmerkmale des RandM Tornado 15000 Kiwi Passionsfrucht Guava ist der automatische Aktivierungsmechanismus durch Inhalation. Er erm\u00f6glicht es, das Ger\u00e4t einfach durch Inhalieren zu aktivieren, ohne irgendwelche Kn\u00f6pfe zu dr\u00fccken oder komplizierte Einstellungen vorzunehmen. Dieses Design ist sehr anf\u00e4ngerfreundlich, da es den Lernprozess vereinfacht: Man muss nicht verstehen, wie man die Kn\u00f6pfe bedient oder die Einstellungen vornimmt; man inhaliert einfach wie bei einer herk\u00f6mmlichen Zigarette, um mit dem Gebrauch des Ger\u00e4ts zu beginnen. Au\u00dferdem ist das Ger\u00e4t mit E-Fl\u00fcssigkeit vorgef\u00fcllt und muss nicht nachgef\u00fcllt oder der Widerstand ausgetauscht werden, was die Wartungsprobleme verringert. Die einfache Handhabung macht das Ger\u00e4t zur idealen Wahl f\u00fcr den Umstieg von der herk\u00f6mmlichen Zigarette auf die E-Zigarette, insbesondere f\u00fcr Rauchanf\u00e4nger, die mit dem Rauchen aufh\u00f6ren m\u00f6chten oder eine einfache Alternative suchen.<\/p><h4>Komplexit\u00e4t der Nutzung: fast keine<\/h4><p>Was die Komplexit\u00e4t der Bedienung angeht, ist die RandM Tornado 15000 Kiwi Passionfruit Guava extrem intuitiv. Nehmen Sie das Ger\u00e4t einfach aus der Verpackung, lassen Sie es ein paar Minuten stehen, damit die E-Fl\u00fcssigkeit den Widerstand perfekt durchtr\u00e4nken kann, und beginnen Sie dann mit dem Rauchen. Das Produkt ist mit einer LED-Anzeige ausgestattet, die den Batteriestand und die verbleibende Menge an E-Fl\u00fcssigkeit anzeigt, was die Bedienung noch weiter vereinfacht. So k\u00f6nnen auch Anf\u00e4nger den Status des Ger\u00e4ts leicht \u00fcberwachen und Verwirrungen aufgrund eines leeren Akkus oder einer leeren E-Fl\u00fcssigkeit vermeiden. Dar\u00fcber hinaus verwendet das Ger\u00e4t eine Typ-C-Ladeschnittstelle und einen wiederaufladbaren 850-mAh-Akku. Obwohl das Ger\u00e4t gelegentlich aufgeladen werden muss, \u00e4hnelt der Ladevorgang dem von allt\u00e4glichen elektronischen Produkten (wie Mobiltelefonen) und ist den meisten Neulingen nicht unbekannt. Im Vergleich zu komplexen E-Zigaretten-Ger\u00e4ten, bei denen die Leistung eingestellt, die Spulen ausgetauscht oder die E-Fl\u00fcssigkeit manuell nachgef\u00fcllt werden muss, hat die Bedienung des RandM Tornado 15000 Kiwi Passionfruit Guava fast keine technischen Schwellen und ist f\u00fcr Anf\u00e4nger bestens geeignet.<\/p><h3>Wird die RandM Tornado 15000 Kiwi Passionfruit Guava bei niedrigen oder hohen Temperaturen richtig funktionieren?<\/h3><p>Die RandM Tornado 15000 Kiwi Passionfruit Guava wird bei m\u00e4\u00dfigen Temperaturschwankungen ordnungsgem\u00e4\u00df funktionieren, aber extrem niedrige oder hohe Temperaturen k\u00f6nnen die Effizienz der Batterie, die Konzentration der e-Fl\u00fcssigkeit und die Gesamtleistung beeintr\u00e4chtigen.<\/p><p><strong>Akkuleistung bei extremen Temperaturen :<\/strong> Die RandM Tornado 15000 Kiwi Passionfruit Guava ist mit einer wiederaufladbaren 850-mAh-Batterie ausgestattet, die f\u00fcr eine elektronische Einwegzigarette sehr langlebig ist und bis zu 15000 Z\u00fcge erm\u00f6glicht. Allerdings sind Lithium-Ionen-Akkus, wie sie in diesem Ger\u00e4t verwendet werden, empfindlich gegen\u00fcber extremen Temperaturen. Bei niedrigen Temperaturen (z. B. unter 0 \u00b0C) verlangsamen sich die chemischen Reaktionen im Akku, was die abgegebene Leistung verringern und zu einem geringeren Dampfvolumen oder einer langsameren Aktivierung f\u00fchren kann. Bei hohen Temperaturen (z. B. \u00fcber 50 \u00b0C) kann der Akku \u00fcberhitzen, was zu einer geringeren Effizienz, einer schnelleren Entladung oder in seltenen F\u00e4llen zu einem Auslaufen oder zu Sch\u00e4den f\u00fchrt, was ein Sicherheitsrisiko darstellen kann. Das Ger\u00e4t verf\u00fcgt \u00fcber Sicherheitsmerkmale wie einen Kurzschluss- und \u00dcberlastungsschutz, um das Risiko zu verringern. Eine l\u00e4ngere Exposition gegen\u00fcber extremer Hitze wird jedoch nicht empfohlen, um die optimale Leistung des Akkus aufrechtzuerhalten.<\/p><p><strong>E-Liquid und Dampferzeugung :<\/strong> Die RandM Tornado 15000 Kiwi Passionfruit Guava verwendet einen 25 ml E-Fl\u00fcssigkeitstank und einen Mesh-Widerstand f\u00fcr gleichbleibenden Geschmack und Dampf. Bei niedrigen Temperaturen steigt die Viskosit\u00e4t der e-Fl\u00fcssigkeit, was die Absorptionsgeschwindigkeit verlangsamen und den Dampfaussto\u00df verringern kann, was zu einem schlechten Erlebnis oder einer trockenen Verbrennung f\u00fchren kann, wenn der Widerstand nicht richtig erhitzt wird. Umgekehrt kann sich die e-Fl\u00fcssigkeit bei hohen Temperaturen verfl\u00fcssigen, was zu einer schnelleren Absorptionsgeschwindigkeit und dem Risiko von \u00fcberm\u00e4\u00dfigem Dampf oder kleineren Lecks f\u00fchrt. Das wasserdichte Design des Ger\u00e4ts tr\u00e4gt jedoch dazu bei, dieses Risiko zu minimieren. Das kontrollierte Heizsystem des Mesh-Widerstands ist so konzipiert, dass eine gleichm\u00e4\u00dfige Dampfproduktion aufrechterhalten wird, aber extreme Temperaturen k\u00f6nnen das Gleichgewicht st\u00f6ren und die Geschmacksintensit\u00e4t und Dichte des Dampfes beeintr\u00e4chtigen. Benutzer sollten die elektronische Zigarette nicht in direktem Sonnenlicht oder in Umgebungen mit hohen\/niedrigen Temperaturen lagern, um diese Probleme zu vermeiden.<\/p><p><strong>Ger\u00e4tedesign und Umwelt\u00fcberlegungen :<\/strong> Die RandM Tornado 15000 Kiwi Passionfruit Guava ist aus leichten und haltbaren Materialien hergestellt und eignet sich dank ihres kompakten und tragbaren Designs ideal f\u00fcr den Gebrauch unterwegs. Es wird jedoch empfohlen, die elektronische Zigarette an einem k\u00fchlen und trockenen Ort aufzubewahren, um eine \u00dcberhitzung zu vermeiden. Hohe Luftfeuchtigkeit oder hohe Temperaturen k\u00f6nnen die internen Komponenten langfristig besch\u00e4digen, w\u00e4hrend Frost zu Kondensation im Inneren des Ger\u00e4ts f\u00fchren kann, wodurch die Schaltkreise oder Widerst\u00e4nde besch\u00e4digt werden k\u00f6nnen. Die automatische Aktivierung durch Inhalation und die LED-Anzeigen f\u00fcr den Akkuladestand und die verbleibende E-Fl\u00fcssigkeit sind auf Bequemlichkeit ausgelegt, ihre Funktion kann jedoch beeintr\u00e4chtigt werden, wenn sie \u00fcber einen l\u00e4ngeren Zeitraum extremen Bedingungen ausgesetzt sind. F\u00fcr eine optimale Leistung sollten Sie die E-Zigarette nicht in Umgebungen wie einem hei\u00dfen Auto oder einem K\u00fchlschrank liegen lassen.<\/p><p><strong>Praktische Tipps :<\/strong> Um sicherzustellen, dass die RandM Tornado 15000 auch bei extremen Temperaturen einwandfrei funktioniert, m\u00fcssen Vorsichtsma\u00dfnahmen getroffen werden. Bewahren Sie das Ger\u00e4t bei kaltem Wetter nah am K\u00f6rper in einer Tasche auf, um die Temperatur zu halten. Vermeiden Sie bei hei\u00dfem Wetter direkte Sonneneinstrahlung oder schlecht bel\u00fcftete, geschlossene R\u00e4ume.<\/p>\t\t\t\t\t\t\t\t<\/div>\n\t\t\t\t<\/div>\n\t\t\t\t\t<\/div>\n\t\t\t\t<\/div>\n\t\t\t\t<\/div>","protected":false},"excerpt":{"rendered":"<p>Geschmack: Kiwi Passionsfrucht Guava Dieser Geschmack Kiwi Passionsfrucht Guava erinnert an eine tropische Geschmacksreise. Die Eigenschaften der drei Fr\u00fcchte kommen voll zur Geltung: die Frische der Kiwi, die Leidenschaft der Passionsfrucht und die S\u00fc\u00dfe der Guave. Das Ganze ist \u00e4u\u00dferst ausgewogen und ideal f\u00fcr Liebhaber reichhaltiger und komplexer Fruchtgeschm\u00e4cker. Diese [...].<\/p>","protected":false},"featured_media":6433,"comment_status":"open","ping_status":"closed","template":"","meta":{"site-sidebar-layout":"no-sidebar","site-content-layout":"page-builder","ast-site-content-layout":"normal-width-container","site-content-style":"default","site-sidebar-style":"default","ast-global-header-display":"","ast-banner-title-visibility":"","ast-main-header-display":"","ast-hfb-above-header-display":"","ast-hfb-below-header-display":"","ast-hfb-mobile-header-display":"","site-post-title":"disabled","ast-breadcrumbs-content":"","ast-featured-img":"disabled","footer-sml-layout":"","theme-transparent-header-meta":"default","adv-header-id-meta":"","stick-header-meta":"default","header-above-stick-meta":"","header-main-stick-meta":"","header-below-stick-meta":"","astra-migrate-meta-layouts":"set","ast-page-background-enabled":"default","ast-page-background-meta":{"desktop":{"background-color":"","background-image":"","background-repeat":"repeat","background-position":"center center","background-size":"auto","background-attachment":"scroll","background-type":"","background-media":"","overlay-type":"","overlay-color":"","overlay-opacity":"","overlay-gradient":""},"tablet":{"background-color":"","background-image":"","background-repeat":"repeat","background-position":"center center","background-size":"auto","background-attachment":"scroll","background-type":"","background-media":"","overlay-type":"","overlay-color":"","overlay-opacity":"","overlay-gradient":""},"mobile":{"background-color":"","background-image":"","background-repeat":"repeat","background-position":"center center","background-size":"auto","background-attachment":"scroll","background-type":"","background-media":"","overlay-type":"","overlay-color":"","overlay-opacity":"","overlay-gradient":""}},"ast-content-background-meta":{"desktop":{"background-color":"var(--ast-global-color-5)","background-image":"","background-repeat":"repeat","background-position":"center center","background-size":"auto","background-attachment":"scroll","background-type":"","background-media":"","overlay-type":"","overlay-color":"","overlay-opacity":"","overlay-gradient":""},"tablet":{"background-color":"var(--ast-global-color-5)","background-image":"","background-repeat":"repeat","background-position":"center center","background-size":"auto","background-attachment":"scroll","background-type":"","background-media":"","overlay-type":"","overlay-color":"","overlay-opacity":"","overlay-gradient":""},"mobile":{"background-color":"var(--ast-global-color-5)","background-image":"","background-repeat":"repeat","background-position":"center center","background-size":"auto","background-attachment":"scroll","background-type":"","background-media":"","overlay-type":"","overlay-color":"","overlay-opacity":"","overlay-gradient":""}}},"product_brand":[29],"product_cat":[30,66],"product_tag":[],"class_list":{"0":"post-3105","1":"product","2":"type-product","3":"status-publish","4":"has-post-thumbnail","6":"product_brand-randm-tornado","7":"product_cat-randm-tornado-15000","8":"product_cat-puff-15k-offre-sensation-de-robustesse-rassurante","9":"desktop-align-center","10":"tablet-align-center","11":"mobile-align-center","12":"ast-product-gallery-layout-horizontal","13":"ast-product-single-variable","14":"ast-product-tabs-layout-horizontal","16":"first","17":"instock","18":"sale","19":"shipping-taxable","20":"purchasable","21":"product-type-variable","22":"has-default-attributes"},"tiered_pricing_type":"fixed","tiered_pricing_fixed_rules":{"30":"10.18","60":"9.17","100":"7.96","200":"7.48","400":"7.21"},"tiered_pricing_product_settings":{"layout":"default","base_unit_name":{"singular":null,"plural":null},"default_variation":null},"tiered_pricing_minimum_quantity":null,"tiered_pricing_roles_data":[],"tiered_pricing_percentage_rules":[],"_links":{"self":[{"href":"https:\/\/puffvapekit.com\/de\/wp-json\/wp\/v2\/product\/3105","targetHints":{"allow":["GET"]}}],"collection":[{"href":"https:\/\/puffvapekit.com\/de\/wp-json\/wp\/v2\/product"}],"about":[{"href":"https:\/\/puffvapekit.com\/de\/wp-json\/wp\/v2\/types\/product"}],"replies":[{"embeddable":true,"href":"https:\/\/puffvapekit.com\/de\/wp-json\/wp\/v2\/comments?post=3105"}],"version-history":[{"count":11,"href":"https:\/\/puffvapekit.com\/de\/wp-json\/wp\/v2\/product\/3105\/revisions"}],"predecessor-version":[{"id":6571,"href":"https:\/\/puffvapekit.com\/de\/wp-json\/wp\/v2\/product\/3105\/revisions\/6571"}],"wp:featuredmedia":[{"embeddable":true,"href":"https:\/\/puffvapekit.com\/de\/wp-json\/wp\/v2\/media\/6433"}],"wp:attachment":[{"href":"https:\/\/puffvapekit.com\/de\/wp-json\/wp\/v2\/media?parent=3105"}],"wp:term":[{"taxonomy":"product_brand","embeddable":true,"href":"https:\/\/puffvapekit.com\/de\/wp-json\/wp\/v2\/product_brand?post=3105"},{"taxonomy":"product_cat","embeddable":true,"href":"https:\/\/puffvapekit.com\/de\/wp-json\/wp\/v2\/product_cat?post=3105"},{"taxonomy":"product_tag","embeddable":true,"href":"https:\/\/puffvapekit.com\/de\/wp-json\/wp\/v2\/product_tag?post=3105"}],"curies":[{"name":"wp","href":"https:\/\/api.w.org\/{rel}","templated":true}]}}