{"id":3444,"date":"2025-07-17T03:44:57","date_gmt":"2025-07-17T03:44:57","guid":{"rendered":"https:\/\/puffvapekit.com\/?post_type=product&#038;p=3444"},"modified":"2026-02-22T01:24:37","modified_gmt":"2026-02-22T01:24:37","slug":"randm-7000-blueberry-raspberry-allie-le-double-arome-fruite-de-la-myrtille-et-de-la-framboise","status":"publish","type":"product","link":"https:\/\/puffvapekit.com\/de\/product\/randm-7000-blueberry-raspberry-vereint-das-fruchtige-doppelaroma-von-heidelbeere-und-himbeere\/","title":{"rendered":"RandM Tornado 7000 - Blueberry Raspberry"},"content":{"rendered":"<div data-elementor-type=\"wp-post\" data-elementor-id=\"3444\" class=\"elementor elementor-3444\">\n\t\t\t\t<div class=\"elementor-element elementor-element-5367c11 e-flex e-con-boxed e-con e-parent\" data-id=\"5367c11\" data-element_type=\"container\" data-e-type=\"container\">\n\t\t\t\t\t<div class=\"e-con-inner\">\n\t\t\t\t<div class=\"elementor-element elementor-element-1704875 elementor-widget elementor-widget-text-editor\" data-id=\"1704875\" data-element_type=\"widget\" data-e-type=\"widget\" data-widget_type=\"text-editor.default\">\n\t\t\t\t<div class=\"elementor-widget-container\">\n\t\t\t\t\t\t\t\t\t<p>Der Geschmack des RandM Tornado 7000 Heidelbeere Himbeere bietet ein fruchtiges Erlebnis, das S\u00fc\u00dfe mit leichter S\u00e4ure verbindet und das fruchtige Doppelaroma von Heidelbeere und Himbeere vereint. Sein allgemeiner Stil ist frisch, fruchtig und reichhaltig.<\/p><h2>Heidelbeere :<\/h2><p>Kopfnote: Der erste Rauch verstr\u00f6mt ein s\u00fc\u00dfes Heidelbeeraroma, mit einem Geschmack, der an reife Heidelbeermarmelade erinnert, fruchtig und leicht cremig.<\/p><p>Geschmackseigenschaften: Die Heidelbeere schmeckt nicht wie eine rohe Frucht, sondern neigt dazu, nach der Reifung einen reichen Fruchtgeschmack zu entwickeln, mit einem weichen, milden, leicht s\u00fc\u00dflichen Geschmack.<\/p><p>Nachgeschmack: Der Heidelbeergeschmack bleibt lange im Mund, mit einem leichten Hauch von Milcharoma, was dem Ganzen einen s\u00fc\u00dfen Abgang verleiht.<\/p><h2>Himbeere :<\/h2><p>Mittlerer Ton: Die S\u00e4ure der Himbeere ist st\u00e4rker ausgepr\u00e4gt als die der Heidelbeere und f\u00fcgt dem Ganzen ein Gef\u00fchl von Frische und Leichtigkeit hinzu.<\/p><p>Geschmacksdetails: Es handelt sich nicht um reine S\u00e4ure, sondern um ein Gleichgewicht zwischen fruchtiger S\u00e4ure und Leichtigkeit, \u00e4hnlich wie das Gef\u00fchl von frischen Himbeeren, die sanft im Mund aufplatzen, gleichzeitig s\u00e4uerlich und s\u00fc\u00df, mit einem leichten Hauch des krautigen Dufts von Waldbeeren.<\/p><p>Schichtwechsel: Mit zunehmender Anzahl von Inhalationen nimmt der Himbeergeschmack allm\u00e4hlich zu, wobei der s\u00fc\u00dfe Geschmack der Heidelbeere in den sauren Geschmack der Himbeere \u00fcbergeht, wodurch ein dynamischer Geschmack entsteht, der zuerst s\u00fc\u00df und dann sauer ist.<\/p><h2>Allgemeine Merkmale des Heidelbeer-Himbeer-Geschmacks :<\/h2><p>S\u00fc\u00df-saures Gleichgewicht: Der Geschmack der E-Zigarette ist ein s\u00fc\u00df-saures Fruchtaroma, ideal f\u00fcr Liebhaber von fruchtigen Aromen.<\/p><p>Fruchtiges Aroma: Das Aroma dieser Heidelbeer-Himbeer-Mischung ist nat\u00fcrlicher und \u00e4hnelt dem von roten Fr\u00fcchten.<\/p><p>Starkes Frischegef\u00fchl: Beim Einatmen wird eine leichte Minznote wahrgenommen, die das Erlebnis erfrischender und belebender macht.<\/p><h2>Anzahl der Z\u00fcge: bis zu 7000<\/h2><p>Jede elektronische Zigarette RandM Tornado 7000 Blueberry Raspberry bietet bis zu 7000 Z\u00fcge. Diese Einweg-elektronische Zigarette mit hoher Kapazit\u00e4t ist ideal f\u00fcr Benutzer, die eine lange Nutzungsdauer ben\u00f6tigen oder einen h\u00e4ufigen Austausch vermeiden m\u00f6chten.<\/p><p>Im Vergleich zu den 1000 bis 3000 Z\u00fcgen herk\u00f6mmlicher elektronischer Einwegzigaretten ist ihre Reichweite gr\u00f6\u00dfer und entspricht den Bed\u00fcrfnissen eines intensiven t\u00e4glichen Gebrauchs.<\/p><h2>Batterie und Aufladen: Wiederaufladbare 850-mAh-Batterie + Type-C-Schnittstelle<\/h2><p>Eingebauter wiederaufladbarer Lithium-Akku mit gro\u00dfer Kapazit\u00e4t (850 mAh) f\u00fcr eine kontinuierliche Stromversorgung.<\/p><p>Unterst\u00fctzt die Typ-C-Schnellladestation f\u00fcr optimale Ladeeffizienz, das vollst\u00e4ndige Aufladen dauert etwa 1 Stunde.<\/p><p>Vermeidet die Verschwendung von herk\u00f6mmlichen elektronischen Einwegzigaretten, die nach dem Gebrauch weggeworfen werden, was umweltfreundlicher und wirtschaftlicher ist.<\/p><p>Es wird generell empfohlen, die Batterie bei niedrigem Batteriestand aufzuladen, um einen stabilen Geschmack und eine stabile Rauchentwicklung zu gew\u00e4hrleisten.<\/p><h2>Kapazit\u00e4t der e-Fl\u00fcssigkeit und Nikotinkonzentration<\/h2><p>Die RandM Tornado 7000 Blueberry Raspberry ist mit 14 ml E-Fl\u00fcssigkeit vorgef\u00fcllt. Diese Menge ist viel gr\u00f6\u00dfer als bei den meisten elektronischen Einwegzigaretten (normalerweise 2 bis 10 ml), wodurch das h\u00e4ufige Auswechseln der Fl\u00fcssigkeit reduziert wird.<\/p><p>Nikotinsalzkonzentrationen von 2 % (20 mg\/ml) und 5 % (50 mg\/ml) sind erh\u00e4ltlich, um den Bed\u00fcrfnissen jedes einzelnen Rauchers gerecht zu werden :<\/p><p>2 % eignet sich f\u00fcr leichte bis m\u00e4\u00dfige Benutzerinnen und Benutzer<\/p><p>F\u00fcr Liebhaber von elektronischen Zigaretten, die hohe Nikotinkonzentrationen m\u00f6gen, ist 5 % vorzuziehen<\/p><p>Das E-Liquid verwendet eine Formel mit Nikotinsalzen f\u00fcr einen weicheren Hals-Hit und eine schnelle Befriedigung der Nikotinzufuhr.<\/p><h2>Einstellbares Luftansaugsystem: freier MTL- und DTL-Schalter<\/h2><p>Der RandM Tornado 7000 Blueberry Raspberry ist mit einem einstellbaren Lufteinlassventil ausgestattet. Die Nutzer k\u00f6nnen den Ansaugwiderstand nach ihren Gewohnheiten einstellen, um :<\/p><p>MTL-Modus (Mund-Lunge-Modus): Hoher Ansaugwiderstand, simuliert das Inhalieren einer herk\u00f6mmlichen Zigarette, geeignet f\u00fcr Anf\u00e4nger oder Personen, die sich das Rauchen abgew\u00f6hnen;<\/p><p>DTL-Modus (Direkt zur Lunge): geringerer Ansaugwiderstand, d\u00fcnnere Luft, gr\u00f6\u00dferes Rauchvolumen, ideal f\u00fcr Nutzer, die Geschmack und Erfahrung suchen.<\/p><p>Diese Funktion erm\u00f6glicht es dem Ger\u00e4t, sich an verschiedene Nutzungsgewohnheiten anzupassen, und verbessert die Flexibilit\u00e4t bei der Nutzung.<\/p><h2>Maschenf\u00f6rmige Widerstandsstruktur: besserer Geschmack und bessere Rauchleistung<\/h2><p>Der RandM Tornado 7000 verwendet einen hochwertigen Maschenwiderstand (Mesh Coil), der folgende Vorteile bietet:<\/p><p>Gr\u00f6\u00dfere Heizzone und gleichm\u00e4\u00dfigere Erw\u00e4rmung ;<\/p><p>Verbessert effektiv die Effizienz der Zerst\u00e4ubung von E-Fl\u00fcssigkeit ;<\/p><p>Bietet ein reichhaltigeres und stabileres Geschmackserlebnis ;<\/p><p>Das Rauchvolumen ist gr\u00f6\u00dfer und feiner, was die Trockenverbrennung reduziert und die Lebensdauer des Ger\u00e4ts verl\u00e4ngert.<\/p><h2>Design und Praktikabilit\u00e4t: transparenter \u00d6ltank + RGB-Lichteffekt<\/h2><p>Ausgestattet mit einem transparenten \u00d6ltank, kann der verbleibende \u00d6lstand in Echtzeit \u00fcberwacht werden, um eine trockene Verbrennung oder eine pl\u00f6tzliche Unbrauchbarkeit zu vermeiden ;<\/p><p>Die farbige RGB-Beleuchtung, die beim Rauchen aufleuchtet, verst\u00e4rkt die Technologie und die \u00c4sthetik ;<\/p><p>Harmonisches Design, geeignet f\u00fcr junge Nutzer, geeignet f\u00fcr die Darstellung der Pers\u00f6nlichkeit ;<\/p><p>Seine tragbare zylindrische Struktur ist bequem zu halten und leicht zu transportieren.<\/p><h2>Einfach zu verwenden<\/h2><p>Die RandM Tornado 7000 ben\u00f6tigt keine Kn\u00f6pfe: Die Inhalation aktiviert die E-Zigarette automatisch und die Bedienung ist intuitiver ;<\/p><p>Nach dem Auspacken verwendbar und ideal f\u00fcr Anf\u00e4nger ;<\/p><p>Mit E-Fl\u00fcssigkeit vorgef\u00fcllt, m\u00fcssen die Benutzerinnen und Benutzer sie nicht selbst auff\u00fcllen oder warten.<\/p>\t\t\t\t\t\t\t\t<\/div>\n\t\t\t\t<\/div>\n\t\t\t\t\t<\/div>\n\t\t\t\t<\/div>\n\t\t\t\t<\/div>","protected":false},"excerpt":{"rendered":"<p>Der Geschmack des RandM Tornado 7000 Heidelbeere Himbeere bietet ein fruchtiges Erlebnis, das S\u00fc\u00dfe mit leichter S\u00e4ure verbindet und das fruchtige Doppelaroma von Heidelbeere und Himbeere vereint. Sein allgemeiner Stil ist frisch, fruchtig und reichhaltig. Heidelbeere: Kopfnote: Der erste Rauch verstr\u00f6mt ein s\u00fc\u00dfes Heidelbeeraroma, mit einem Geschmack, der an [...] erinnert.<\/p>","protected":false},"featured_media":3253,"comment_status":"open","ping_status":"closed","template":"","meta":{"site-sidebar-layout":"no-sidebar","site-content-layout":"page-builder","ast-site-content-layout":"normal-width-container","site-content-style":"default","site-sidebar-style":"default","ast-global-header-display":"","ast-banner-title-visibility":"","ast-main-header-display":"","ast-hfb-above-header-display":"","ast-hfb-below-header-display":"","ast-hfb-mobile-header-display":"","site-post-title":"disabled","ast-breadcrumbs-content":"","ast-featured-img":"disabled","footer-sml-layout":"","theme-transparent-header-meta":"default","adv-header-id-meta":"","stick-header-meta":"default","header-above-stick-meta":"","header-main-stick-meta":"","header-below-stick-meta":"","astra-migrate-meta-layouts":"set","ast-page-background-enabled":"default","ast-page-background-meta":{"desktop":{"background-color":"","background-image":"","background-repeat":"repeat","background-position":"center center","background-size":"auto","background-attachment":"scroll","background-type":"","background-media":"","overlay-type":"","overlay-color":"","overlay-opacity":"","overlay-gradient":""},"tablet":{"background-color":"","background-image":"","background-repeat":"repeat","background-position":"center center","background-size":"auto","background-attachment":"scroll","background-type":"","background-media":"","overlay-type":"","overlay-color":"","overlay-opacity":"","overlay-gradient":""},"mobile":{"background-color":"","background-image":"","background-repeat":"repeat","background-position":"center center","background-size":"auto","background-attachment":"scroll","background-type":"","background-media":"","overlay-type":"","overlay-color":"","overlay-opacity":"","overlay-gradient":""}},"ast-content-background-meta":{"desktop":{"background-color":"var(--ast-global-color-5)","background-image":"","background-repeat":"repeat","background-position":"center center","background-size":"auto","background-attachment":"scroll","background-type":"","background-media":"","overlay-type":"","overlay-color":"","overlay-opacity":"","overlay-gradient":""},"tablet":{"background-color":"var(--ast-global-color-5)","background-image":"","background-repeat":"repeat","background-position":"center center","background-size":"auto","background-attachment":"scroll","background-type":"","background-media":"","overlay-type":"","overlay-color":"","overlay-opacity":"","overlay-gradient":""},"mobile":{"background-color":"var(--ast-global-color-5)","background-image":"","background-repeat":"repeat","background-position":"center center","background-size":"auto","background-attachment":"scroll","background-type":"","background-media":"","overlay-type":"","overlay-color":"","overlay-opacity":"","overlay-gradient":""}}},"product_brand":[29],"product_cat":[31,62],"product_tag":[],"class_list":{"0":"post-3444","1":"product","2":"type-product","3":"status-publish","4":"has-post-thumbnail","6":"product_brand-randm-tornado","7":"product_cat-randm-tornado-7000-est-equipe-dune-batterie-rechargeable-integree-de-850-mah","8":"product_cat-puff-7k-repousse-les-limites-de-duree-de-vie-des-cigarettes-electroniques-jetables","9":"desktop-align-center","10":"tablet-align-center","11":"mobile-align-center","12":"ast-product-gallery-layout-horizontal","13":"ast-product-gallery-with-no-image","14":"ast-product-single-variable","15":"ast-product-tabs-layout-horizontal","17":"first","18":"instock","19":"sale","20":"shipping-taxable","21":"purchasable","22":"product-type-variable","23":"has-default-attributes"},"tiered_pricing_type":"fixed","tiered_pricing_fixed_rules":{"30":"8.58","60":"8.12","100":"7.48","200":"6.98"},"tiered_pricing_product_settings":{"layout":"default","base_unit_name":{"singular":null,"plural":null},"default_variation":null},"tiered_pricing_minimum_quantity":null,"tiered_pricing_roles_data":[],"tiered_pricing_percentage_rules":[],"_links":{"self":[{"href":"https:\/\/puffvapekit.com\/de\/wp-json\/wp\/v2\/product\/3444","targetHints":{"allow":["GET"]}}],"collection":[{"href":"https:\/\/puffvapekit.com\/de\/wp-json\/wp\/v2\/product"}],"about":[{"href":"https:\/\/puffvapekit.com\/de\/wp-json\/wp\/v2\/types\/product"}],"replies":[{"embeddable":true,"href":"https:\/\/puffvapekit.com\/de\/wp-json\/wp\/v2\/comments?post=3444"}],"version-history":[{"count":6,"href":"https:\/\/puffvapekit.com\/de\/wp-json\/wp\/v2\/product\/3444\/revisions"}],"predecessor-version":[{"id":3452,"href":"https:\/\/puffvapekit.com\/de\/wp-json\/wp\/v2\/product\/3444\/revisions\/3452"}],"wp:featuredmedia":[{"embeddable":true,"href":"https:\/\/puffvapekit.com\/de\/wp-json\/wp\/v2\/media\/3253"}],"wp:attachment":[{"href":"https:\/\/puffvapekit.com\/de\/wp-json\/wp\/v2\/media?parent=3444"}],"wp:term":[{"taxonomy":"product_brand","embeddable":true,"href":"https:\/\/puffvapekit.com\/de\/wp-json\/wp\/v2\/product_brand?post=3444"},{"taxonomy":"product_cat","embeddable":true,"href":"https:\/\/puffvapekit.com\/de\/wp-json\/wp\/v2\/product_cat?post=3444"},{"taxonomy":"product_tag","embeddable":true,"href":"https:\/\/puffvapekit.com\/de\/wp-json\/wp\/v2\/product_tag?post=3444"}],"curies":[{"name":"wp","href":"https:\/\/api.w.org\/{rel}","templated":true}]}}