{"id":3453,"date":"2025-07-17T05:52:59","date_gmt":"2025-07-17T05:52:59","guid":{"rendered":"https:\/\/puffvapekit.com\/?post_type=product&#038;p=3453"},"modified":"2026-02-22T01:24:37","modified_gmt":"2026-02-22T01:24:37","slug":"tornado-7000-pomme-acidulee-a-lacidite-fruitee-et-a-la-douceur-sucree","status":"publish","type":"product","link":"https:\/\/puffvapekit.com\/de\/product\/tornado-7000-sauerlicher-apfel-mit-fruchtiger-saure-und-suser-suse\/","title":{"rendered":"RandM Tornado 7000 - Apple Sour"},"content":{"rendered":"<div data-elementor-type=\"wp-post\" data-elementor-id=\"3453\" class=\"elementor elementor-3453\">\n\t\t\t\t<div class=\"elementor-element elementor-element-5367c11 e-flex e-con-boxed e-con e-parent\" data-id=\"5367c11\" data-element_type=\"container\" data-e-type=\"container\">\n\t\t\t\t\t<div class=\"e-con-inner\">\n\t\t\t\t<div class=\"elementor-element elementor-element-1704875 elementor-widget elementor-widget-text-editor\" data-id=\"1704875\" data-element_type=\"widget\" data-e-type=\"widget\" data-widget_type=\"text-editor.default\">\n\t\t\t\t<div class=\"elementor-widget-container\">\n\t\t\t\t\t\t\t\t\t<p>Die Geschmacksrichtung Saurer Apfel ist frisch und lebendig, mit einer ausgepr\u00e4gten fruchtigen S\u00e4ure und einer subtilen s\u00fc\u00dfen Note, wie die Erinnerung daran, wie ich als Kind gr\u00fcne \u00c4pfel aus dem Obstgarten gestohlen habe, was mir ein L\u00e4cheln ins Gesicht zaubert. Diese einzigartige Stimulation bricht mit der Fadheit herk\u00f6mmlicher Fruchtgeschmacksrichtungen und eignet sich besonders f\u00fcr Erwachsene, die in der Hektik des Lebens einen Hauch von Wachheit suchen.<\/p><h2>Geschmack Ges\u00e4uerter gr\u00fcner Apfel :<\/h2><p>Dieser Geschmack stellt die Erfahrung nach, in einen frischen gr\u00fcnen Apfel zu bei\u00dfen, mit einem ausgepr\u00e4gten s\u00e4uerlichen Geschmack und einem lebhaften fruchtigen Aroma. Die S\u00e4ure steht im Mittelpunkt dieses Geschmacks, und der Rauch sorgt f\u00fcr einen leicht adstringierenden Reiz im Mund, als w\u00fcrde man einen frisch gepfl\u00fcckten gr\u00fcnen Apfel kauen.<\/p><p>Die genau richtige S\u00e4ure weckt die Geschmacksknospen und sorgt f\u00fcr ein Gef\u00fchl von Frische und Wohlbefinden, das besonders f\u00fcr Dampfer geeignet ist, die die Frische fruchtiger Aromen zu sch\u00e4tzen wissen.<\/p><h2>Subtile, s\u00fc\u00dfe Ausgewogenheit :<\/h2><p>Neben der Haupts\u00e4ure weist das Aroma Saurer Apfel beim Ausatmen eine leichte S\u00fc\u00dfe auf. Diese S\u00fc\u00dfe neutralisiert sinnvoll die S\u00e4ure der gr\u00fcnen \u00c4pfel und schafft so ein feines Gleichgewicht zwischen S\u00e4ure und S\u00fc\u00dfe.<\/p><p>Die S\u00fc\u00dfe ist nicht stark, sondern erinnert an die leichte S\u00fc\u00dfe der nat\u00fcrlichen Apfelfruktose, was dem Ganzen einen runden Abgang verleiht und die Eint\u00f6nigkeit einer einzigartigen S\u00e4ure verhindert.<\/p><h2>F\u00fcr wen ist das Aroma Saurer Apfel geeignet?<\/h2><p>F\u00fcr Menschen, die den s\u00e4uerlichen Geschmack von gr\u00fcnen \u00c4pfeln m\u00f6gen.<\/p><p>F\u00fcr alle, die eine erfrischende Anregung suchen, ohne zu s\u00fc\u00df zu sein.<\/p><p>F\u00fcr alle, die sich ein reiches Fruchterlebnis und einen erfrischenden Geschmack w\u00fcnschen.<\/p><h2>Anzahl der Z\u00fcge: bis zu 7000<\/h2><p>Jede elektronische Zigarette RandM Tornado 7000 Sour Apple bietet bis zu 7000 Z\u00fcge. Diese Einweg-elektronische Zigarette mit hoher Kapazit\u00e4t ist ideal f\u00fcr Benutzer, die eine lange Nutzungsdauer ben\u00f6tigen oder einen h\u00e4ufigen Austausch vermeiden m\u00f6chten.<\/p><p>Im Vergleich zu den 1000 bis 3000 Z\u00fcgen herk\u00f6mmlicher elektronischer Einwegzigaretten ist ihre Reichweite gr\u00f6\u00dfer und entspricht den Bed\u00fcrfnissen eines intensiven t\u00e4glichen Gebrauchs.<\/p><h2>Batterie und Aufladen: Wiederaufladbare 850-mAh-Batterie + Type-C-Schnittstelle<\/h2><p>Eingebauter wiederaufladbarer Lithium-Akku mit gro\u00dfer Kapazit\u00e4t (850 mAh) f\u00fcr eine kontinuierliche Stromversorgung.<\/p><p>Unterst\u00fctzt die Typ-C-Schnellladestation f\u00fcr optimale Ladeeffizienz, das vollst\u00e4ndige Aufladen dauert etwa 1 Stunde.<\/p><p>Vermeidet die Verschwendung von herk\u00f6mmlichen elektronischen Einwegzigaretten, die nach dem Gebrauch weggeworfen werden, was umweltfreundlicher und wirtschaftlicher ist.<\/p><p>Es wird generell empfohlen, die Batterie bei niedrigem Batteriestand aufzuladen, um einen stabilen Geschmack und eine stabile Rauchentwicklung zu gew\u00e4hrleisten.<\/p><h2>Kapazit\u00e4t der e-Fl\u00fcssigkeit und Nikotinkonzentration<\/h2><p>Die RandM Tornado 7000 Sour Apple ist mit 14 ml E-Fl\u00fcssigkeit vorgef\u00fcllt. Diese Menge ist viel gr\u00f6\u00dfer als die der meisten elektronischen Einwegzigaretten (normalerweise 2 bis 10 ml), wodurch h\u00e4ufiges Auswechseln reduziert wird.<\/p><p>Nikotinsalzkonzentrationen von 2 % (20 mg\/ml) und 5 % (50 mg\/ml) sind erh\u00e4ltlich, um den Bed\u00fcrfnissen jedes einzelnen Rauchers gerecht zu werden :<\/p><p>2 % eignet sich f\u00fcr leichte bis m\u00e4\u00dfige Benutzerinnen und Benutzer<\/p><p>F\u00fcr Liebhaber von elektronischen Zigaretten, die hohe Nikotinkonzentrationen m\u00f6gen, ist 5 % vorzuziehen<\/p><p>Das E-Liquid verwendet eine Formel mit Nikotinsalzen f\u00fcr einen weicheren Hals-Hit und eine schnelle Befriedigung der Nikotinzufuhr.<\/p><h2>Einstellbares Luftansaugsystem: freier MTL- und DTL-Schalter<\/h2><p>Der RandM Tornado 7000 Sour Apple ist mit einem einstellbaren Lufteinlassventil ausgestattet. Nutzer k\u00f6nnen den Saugwiderstand nach ihren Gewohnheiten einstellen, um :<\/p><p>MTL-Modus (Mund-Lunge-Modus): Hoher Ansaugwiderstand, simuliert das Inhalieren einer herk\u00f6mmlichen Zigarette, geeignet f\u00fcr Anf\u00e4nger oder Personen, die sich das Rauchen abgew\u00f6hnen;<\/p><p>DTL-Modus (Direkt zur Lunge): geringerer Ansaugwiderstand, d\u00fcnnere Luft, gr\u00f6\u00dferes Rauchvolumen, ideal f\u00fcr Nutzer, die Geschmack und Erfahrung suchen.<\/p><p>Diese Funktion erm\u00f6glicht es dem Ger\u00e4t, sich an verschiedene Nutzungsgewohnheiten anzupassen, und verbessert die Flexibilit\u00e4t bei der Nutzung.<\/p><h2>Maschenf\u00f6rmige Widerstandsstruktur: besserer Geschmack und bessere Rauchleistung<\/h2><p>Der RandM Tornado 7000 verwendet einen hochwertigen Maschenwiderstand (Mesh Coil), der folgende Vorteile bietet:<\/p><p>Gr\u00f6\u00dfere Heizzone und gleichm\u00e4\u00dfigere Erw\u00e4rmung ;<\/p><p>Verbessert effektiv die Effizienz der Zerst\u00e4ubung von E-Fl\u00fcssigkeit ;<\/p><p>Bietet ein reichhaltigeres und stabileres Geschmackserlebnis ;<\/p><p>Das Rauchvolumen ist gr\u00f6\u00dfer und feiner, was die Trockenverbrennung reduziert und die Lebensdauer des Ger\u00e4ts verl\u00e4ngert.<\/p><h2>Design und Praktikabilit\u00e4t: transparenter \u00d6ltank + RGB-Lichteffekt<\/h2><p>Ausgestattet mit einem transparenten \u00d6ltank, kann der verbleibende \u00d6lstand in Echtzeit \u00fcberwacht werden, um eine trockene Verbrennung oder eine pl\u00f6tzliche Unbrauchbarkeit zu vermeiden ;<\/p><p>Die farbige RGB-Beleuchtung, die beim Rauchen aufleuchtet, verst\u00e4rkt die Technologie und die \u00c4sthetik ;<\/p><p>Harmonisches Design, geeignet f\u00fcr junge Nutzer, geeignet f\u00fcr die Darstellung der Pers\u00f6nlichkeit ;<\/p><p>Seine tragbare zylindrische Struktur ist bequem zu halten und leicht zu transportieren.<\/p><h2>Einfach zu verwenden<\/h2><p>Die RandM Tornado 7000 ben\u00f6tigt keine Kn\u00f6pfe: Die Inhalation aktiviert die E-Zigarette automatisch und die Bedienung ist intuitiver ;<\/p><p>Nach dem Auspacken verwendbar und ideal f\u00fcr Anf\u00e4nger ;<\/p><p>Mit E-Fl\u00fcssigkeit vorgef\u00fcllt, m\u00fcssen die Benutzerinnen und Benutzer sie nicht selbst auff\u00fcllen oder warten.<\/p>\t\t\t\t\t\t\t\t<\/div>\n\t\t\t\t<\/div>\n\t\t\t\t\t<\/div>\n\t\t\t\t<\/div>\n\t\t\t\t<\/div>","protected":false},"excerpt":{"rendered":"<p>Die Geschmacksrichtung Saurer Apfel ist frisch und lebendig, mit einer ausgepr\u00e4gten fruchtigen S\u00e4ure und einer subtilen s\u00fc\u00dfen S\u00fc\u00dfe, wie die Erinnerung daran, wie ich als Kind gr\u00fcne \u00c4pfel aus dem Obstgarten gestohlen habe, was mir ein L\u00e4cheln ins Gesicht zaubert. Diese einzigartige Stimulation bricht mit der Fadheit herk\u00f6mmlicher Fruchtgeschmacksrichtungen und eignet sich besonders f\u00fcr Erwachsene, die auf der Suche [...] sind.<\/p>","protected":false},"featured_media":3282,"comment_status":"open","ping_status":"closed","template":"","meta":{"site-sidebar-layout":"no-sidebar","site-content-layout":"page-builder","ast-site-content-layout":"normal-width-container","site-content-style":"default","site-sidebar-style":"default","ast-global-header-display":"","ast-banner-title-visibility":"","ast-main-header-display":"","ast-hfb-above-header-display":"","ast-hfb-below-header-display":"","ast-hfb-mobile-header-display":"","site-post-title":"disabled","ast-breadcrumbs-content":"","ast-featured-img":"disabled","footer-sml-layout":"","theme-transparent-header-meta":"default","adv-header-id-meta":"","stick-header-meta":"default","header-above-stick-meta":"","header-main-stick-meta":"","header-below-stick-meta":"","astra-migrate-meta-layouts":"set","ast-page-background-enabled":"default","ast-page-background-meta":{"desktop":{"background-color":"","background-image":"","background-repeat":"repeat","background-position":"center center","background-size":"auto","background-attachment":"scroll","background-type":"","background-media":"","overlay-type":"","overlay-color":"","overlay-opacity":"","overlay-gradient":""},"tablet":{"background-color":"","background-image":"","background-repeat":"repeat","background-position":"center center","background-size":"auto","background-attachment":"scroll","background-type":"","background-media":"","overlay-type":"","overlay-color":"","overlay-opacity":"","overlay-gradient":""},"mobile":{"background-color":"","background-image":"","background-repeat":"repeat","background-position":"center center","background-size":"auto","background-attachment":"scroll","background-type":"","background-media":"","overlay-type":"","overlay-color":"","overlay-opacity":"","overlay-gradient":""}},"ast-content-background-meta":{"desktop":{"background-color":"var(--ast-global-color-5)","background-image":"","background-repeat":"repeat","background-position":"center center","background-size":"auto","background-attachment":"scroll","background-type":"","background-media":"","overlay-type":"","overlay-color":"","overlay-opacity":"","overlay-gradient":""},"tablet":{"background-color":"var(--ast-global-color-5)","background-image":"","background-repeat":"repeat","background-position":"center center","background-size":"auto","background-attachment":"scroll","background-type":"","background-media":"","overlay-type":"","overlay-color":"","overlay-opacity":"","overlay-gradient":""},"mobile":{"background-color":"var(--ast-global-color-5)","background-image":"","background-repeat":"repeat","background-position":"center center","background-size":"auto","background-attachment":"scroll","background-type":"","background-media":"","overlay-type":"","overlay-color":"","overlay-opacity":"","overlay-gradient":""}}},"product_brand":[29],"product_cat":[31,62],"product_tag":[],"class_list":{"0":"post-3453","1":"product","2":"type-product","3":"status-publish","4":"has-post-thumbnail","6":"product_brand-randm-tornado","7":"product_cat-randm-tornado-7000-est-equipe-dune-batterie-rechargeable-integree-de-850-mah","8":"product_cat-puff-7k-repousse-les-limites-de-duree-de-vie-des-cigarettes-electroniques-jetables","9":"desktop-align-center","10":"tablet-align-center","11":"mobile-align-center","12":"ast-product-gallery-layout-horizontal","13":"ast-product-gallery-with-no-image","14":"ast-product-single-variable","15":"ast-product-tabs-layout-horizontal","17":"first","18":"instock","19":"sale","20":"shipping-taxable","21":"purchasable","22":"product-type-variable","23":"has-default-attributes"},"tiered_pricing_type":"fixed","tiered_pricing_fixed_rules":{"30":"8.58","60":"8.12","100":"7.48","200":"6.98"},"tiered_pricing_product_settings":{"layout":"default","base_unit_name":{"singular":null,"plural":null},"default_variation":null},"tiered_pricing_minimum_quantity":null,"tiered_pricing_roles_data":[],"tiered_pricing_percentage_rules":[],"_links":{"self":[{"href":"https:\/\/puffvapekit.com\/de\/wp-json\/wp\/v2\/product\/3453","targetHints":{"allow":["GET"]}}],"collection":[{"href":"https:\/\/puffvapekit.com\/de\/wp-json\/wp\/v2\/product"}],"about":[{"href":"https:\/\/puffvapekit.com\/de\/wp-json\/wp\/v2\/types\/product"}],"replies":[{"embeddable":true,"href":"https:\/\/puffvapekit.com\/de\/wp-json\/wp\/v2\/comments?post=3453"}],"version-history":[{"count":6,"href":"https:\/\/puffvapekit.com\/de\/wp-json\/wp\/v2\/product\/3453\/revisions"}],"predecessor-version":[{"id":3461,"href":"https:\/\/puffvapekit.com\/de\/wp-json\/wp\/v2\/product\/3453\/revisions\/3461"}],"wp:featuredmedia":[{"embeddable":true,"href":"https:\/\/puffvapekit.com\/de\/wp-json\/wp\/v2\/media\/3282"}],"wp:attachment":[{"href":"https:\/\/puffvapekit.com\/de\/wp-json\/wp\/v2\/media?parent=3453"}],"wp:term":[{"taxonomy":"product_brand","embeddable":true,"href":"https:\/\/puffvapekit.com\/de\/wp-json\/wp\/v2\/product_brand?post=3453"},{"taxonomy":"product_cat","embeddable":true,"href":"https:\/\/puffvapekit.com\/de\/wp-json\/wp\/v2\/product_cat?post=3453"},{"taxonomy":"product_tag","embeddable":true,"href":"https:\/\/puffvapekit.com\/de\/wp-json\/wp\/v2\/product_tag?post=3453"}],"curies":[{"name":"wp","href":"https:\/\/api.w.org\/{rel}","templated":true}]}}