{"id":3501,"date":"2025-07-18T08:42:10","date_gmt":"2025-07-18T08:42:10","guid":{"rendered":"https:\/\/puffvapekit.com\/?post_type=product&#038;p=3501"},"modified":"2026-02-22T01:24:35","modified_gmt":"2026-02-22T01:24:35","slug":"tornado-7000-peach-ice-vous-offre-une-sensation-de-fraicheur","status":"publish","type":"product","link":"https:\/\/puffvapekit.com\/de\/product\/tornado-7000-peach-ice-gibt-ihnen-ein-gefuhl-der-frische\/","title":{"rendered":"Peach Ice - RandM Tornado 7000"},"content":{"rendered":"<div data-elementor-type=\"wp-post\" data-elementor-id=\"3501\" class=\"elementor elementor-3501\">\n\t\t\t\t<div class=\"elementor-element elementor-element-5367c11 e-flex e-con-boxed e-con e-parent\" data-id=\"5367c11\" data-element_type=\"container\" data-e-type=\"container\">\n\t\t\t\t\t<div class=\"e-con-inner\">\n\t\t\t\t<div class=\"elementor-element elementor-element-1704875 elementor-widget elementor-widget-text-editor\" data-id=\"1704875\" data-element_type=\"widget\" data-e-type=\"widget\" data-widget_type=\"text-editor.default\">\n\t\t\t\t<div class=\"elementor-widget-container\">\n\t\t\t\t\t\t\t\t\t<p>W\u00e4hrend Sie ruhig die schimmernde Wasseroberfl\u00e4che am Ufer der Seine betrachten, nehmen Sie einen sanften Zug von Ihrer elektronischen Zigarette mit dem Geschmack Eispfirsich, wie ein frischer Pfirsich, der unter der Sommersonne zwischen Ihren Lippen und Z\u00e4hnen zerplatzt: ein fruchtiges, s\u00fc\u00dfes und nat\u00fcrliches Aroma. Dann gleitet dieser Hauch von Frische schnell Ihre Kehle hinunter und verleiht Ihnen ein k\u00fchles Gef\u00fchl, wie eine Morgenbrise in den Alpen, erfrischend, aber nicht zu anregend, genau das Richtige.<\/p><h1>Fruchtige Eigenschaften<\/h1><p>S\u00fc\u00dfes Pfirsicharoma: Schon bei der ersten Inhalation wird der Rauch von Pfirsicheis Sie das nat\u00fcrliche fruchtige Aroma reifer, s\u00fc\u00dfer Pfirsiche sp\u00fcren lassen, als ob Sie in zartes, saftiges Fleisch bei\u00dfen w\u00fcrden. Seine S\u00fc\u00dfe ist rein und nicht fettig.<\/p><p>S\u00fc\u00dfes fruchtiges Gef\u00fchl: Dieser Geschmack kommt der Zartheit und Frische von echten Fr\u00fcchten nahe.<\/p><h2>Frischer Nachgeschmack<\/h2><p>K\u00fchles, eisiges Gef\u00fchl: Beim Ausatmen ist eine leichte Mentholnote zu sp\u00fcren, wie eine Quelle in der Fr\u00fchsommersonne, die der S\u00fc\u00dfe einen erfrischenden Touch verleiht.<\/p><p>Frisches Finish: Das eisige Gef\u00fchl ist zart und lang anhaltend und hebt die Frische und Intensit\u00e4t des Pfirsichgeschmacks wirksam hervor.<\/p><h2>Geschmacksniveau und allgemeine Ausgewogenheit<\/h2><p>Perfektes Gleichgewicht: Der s\u00fc\u00dfe Pfirsich und das eisige Gef\u00fchl sind harmonisch aufeinander abgestimmt, ohne vom eisigen Geschmack \u00fcberdeckt oder von der S\u00fc\u00dfe \u00fcberw\u00e4ltigt zu werden; der Rauch ist cremig im Mund und der Nachgeschmack ist rein.<\/p><p>Authentisch und nat\u00fcrlich: Die Erfahrung kommt der echten Frucht sehr nahe.<\/p><h2>Hauptmerkmale der RandM Tornado 7000 Peach Ice<\/h2><p>Anzahl der Z\u00fcge (Puffs) : Jede elektronische Zigarette RandM Tornado 7K bietet etwa 7000 Z\u00fcge.<\/p><p>Fl\u00fcssigkeitsreserve: 14 ml vorgef\u00fcllte E-Liquids f\u00fcr den Langzeitgebrauch.<\/p><p>Konzentration der e-Fl\u00fcssigkeit: 2 % und 5 % Rauchsalze sind verf\u00fcgbar, wobei 5 % eine hohe Konzentration darstellt.<\/p><p>Akkukapazit\u00e4t: Wiederaufladbarer 850-mAh-Akku.<\/p><p>Ladeschnittstelle: USB-C-Schnelllade-Schnittstelle, Ladezeit ca. 1 Stunde.<\/p><p>Zerst\u00e4ubungsstruktur: Maschenwiderstand f\u00fcr ein gr\u00f6\u00dferes Dampfvolumen und einen reineren Geschmack.<\/p><p>Einstellung des Luftstroms: Dank der Luftstromsteuerung kann der Ansaugwiderstand frei eingestellt werden.<\/p><p>RGB-Lichteffekt: RGB-Ambiente-Beleuchtung f\u00fcr eine attraktivere Optik.<\/p><h2>Vorteile des RandM Tornado 7000 Peach Ice<\/h2><p>Gro\u00dfe Kapazit\u00e4t: 14 ml + 7000 Z\u00fcge f\u00fcr Intensivnutzer, die das Ger\u00e4t nicht h\u00e4ufig wechseln m\u00fcssen.<\/p><p>Wiederaufladbares Design: Die USB-C-Schnellladung ist umweltfreundlicher und kosteng\u00fcnstiger als andere elektronische Einwegzigaretten mit nicht wiederaufladbaren Batterien.<\/p><p>Individuelle Erfahrung: Einstellbarer Luftstrom und Mesh-Widerst\u00e4nde f\u00fcr einen reichen Geschmack und optimale Dampfkontrolle.<\/p>\t\t\t\t\t\t\t\t<\/div>\n\t\t\t\t<\/div>\n\t\t\t\t\t<\/div>\n\t\t\t\t<\/div>\n\t\t\t\t<\/div>","protected":false},"excerpt":{"rendered":"<p>W\u00e4hrend Sie ruhig die schimmernde Wasseroberfl\u00e4che am Ufer der Seine betrachten, nehmen Sie einen sanften Zug von Ihrer elektronischen Zigarette mit dem Geschmack Eispfirsich, wie ein frischer Pfirsich, der unter der Sommersonne zwischen Ihren Lippen und Z\u00e4hnen zerplatzt: ein fruchtiger, s\u00fc\u00dfer und nat\u00fcrlicher Duft. Dann gleitet dieser Hauch von Frische [...].<\/p>","protected":false},"featured_media":3270,"comment_status":"open","ping_status":"closed","template":"","meta":{"site-sidebar-layout":"no-sidebar","site-content-layout":"page-builder","ast-site-content-layout":"normal-width-container","site-content-style":"default","site-sidebar-style":"default","ast-global-header-display":"","ast-banner-title-visibility":"","ast-main-header-display":"","ast-hfb-above-header-display":"","ast-hfb-below-header-display":"","ast-hfb-mobile-header-display":"","site-post-title":"disabled","ast-breadcrumbs-content":"","ast-featured-img":"disabled","footer-sml-layout":"","theme-transparent-header-meta":"default","adv-header-id-meta":"","stick-header-meta":"default","header-above-stick-meta":"","header-main-stick-meta":"","header-below-stick-meta":"","astra-migrate-meta-layouts":"set","ast-page-background-enabled":"default","ast-page-background-meta":{"desktop":{"background-color":"","background-image":"","background-repeat":"repeat","background-position":"center center","background-size":"auto","background-attachment":"scroll","background-type":"","background-media":"","overlay-type":"","overlay-color":"","overlay-opacity":"","overlay-gradient":""},"tablet":{"background-color":"","background-image":"","background-repeat":"repeat","background-position":"center center","background-size":"auto","background-attachment":"scroll","background-type":"","background-media":"","overlay-type":"","overlay-color":"","overlay-opacity":"","overlay-gradient":""},"mobile":{"background-color":"","background-image":"","background-repeat":"repeat","background-position":"center center","background-size":"auto","background-attachment":"scroll","background-type":"","background-media":"","overlay-type":"","overlay-color":"","overlay-opacity":"","overlay-gradient":""}},"ast-content-background-meta":{"desktop":{"background-color":"var(--ast-global-color-5)","background-image":"","background-repeat":"repeat","background-position":"center center","background-size":"auto","background-attachment":"scroll","background-type":"","background-media":"","overlay-type":"","overlay-color":"","overlay-opacity":"","overlay-gradient":""},"tablet":{"background-color":"var(--ast-global-color-5)","background-image":"","background-repeat":"repeat","background-position":"center center","background-size":"auto","background-attachment":"scroll","background-type":"","background-media":"","overlay-type":"","overlay-color":"","overlay-opacity":"","overlay-gradient":""},"mobile":{"background-color":"var(--ast-global-color-5)","background-image":"","background-repeat":"repeat","background-position":"center center","background-size":"auto","background-attachment":"scroll","background-type":"","background-media":"","overlay-type":"","overlay-color":"","overlay-opacity":"","overlay-gradient":""}}},"product_brand":[29],"product_cat":[31,62],"product_tag":[],"class_list":{"0":"post-3501","1":"product","2":"type-product","3":"status-publish","4":"has-post-thumbnail","6":"product_brand-randm-tornado","7":"product_cat-randm-tornado-7000-est-equipe-dune-batterie-rechargeable-integree-de-850-mah","8":"product_cat-puff-7k-repousse-les-limites-de-duree-de-vie-des-cigarettes-electroniques-jetables","9":"desktop-align-center","10":"tablet-align-center","11":"mobile-align-center","12":"ast-product-gallery-layout-horizontal","13":"ast-product-gallery-with-no-image","14":"ast-product-single-variable","15":"ast-product-tabs-layout-horizontal","17":"first","18":"instock","19":"sale","20":"shipping-taxable","21":"purchasable","22":"product-type-variable","23":"has-default-attributes"},"tiered_pricing_type":"fixed","tiered_pricing_fixed_rules":{"30":"8.58","60":"8.12","100":"7.48","200":"6.98"},"tiered_pricing_product_settings":{"layout":"default","base_unit_name":{"singular":null,"plural":null},"default_variation":null},"tiered_pricing_minimum_quantity":null,"tiered_pricing_roles_data":[],"tiered_pricing_percentage_rules":[],"_links":{"self":[{"href":"https:\/\/puffvapekit.com\/de\/wp-json\/wp\/v2\/product\/3501","targetHints":{"allow":["GET"]}}],"collection":[{"href":"https:\/\/puffvapekit.com\/de\/wp-json\/wp\/v2\/product"}],"about":[{"href":"https:\/\/puffvapekit.com\/de\/wp-json\/wp\/v2\/types\/product"}],"replies":[{"embeddable":true,"href":"https:\/\/puffvapekit.com\/de\/wp-json\/wp\/v2\/comments?post=3501"}],"version-history":[{"count":6,"href":"https:\/\/puffvapekit.com\/de\/wp-json\/wp\/v2\/product\/3501\/revisions"}],"predecessor-version":[{"id":3509,"href":"https:\/\/puffvapekit.com\/de\/wp-json\/wp\/v2\/product\/3501\/revisions\/3509"}],"wp:featuredmedia":[{"embeddable":true,"href":"https:\/\/puffvapekit.com\/de\/wp-json\/wp\/v2\/media\/3270"}],"wp:attachment":[{"href":"https:\/\/puffvapekit.com\/de\/wp-json\/wp\/v2\/media?parent=3501"}],"wp:term":[{"taxonomy":"product_brand","embeddable":true,"href":"https:\/\/puffvapekit.com\/de\/wp-json\/wp\/v2\/product_brand?post=3501"},{"taxonomy":"product_cat","embeddable":true,"href":"https:\/\/puffvapekit.com\/de\/wp-json\/wp\/v2\/product_cat?post=3501"},{"taxonomy":"product_tag","embeddable":true,"href":"https:\/\/puffvapekit.com\/de\/wp-json\/wp\/v2\/product_tag?post=3501"}],"curies":[{"name":"wp","href":"https:\/\/api.w.org\/{rel}","templated":true}]}}