{"id":3531,"date":"2025-07-19T06:05:58","date_gmt":"2025-07-19T06:05:58","guid":{"rendered":"https:\/\/puffvapekit.com\/?post_type=product&#038;p=3531"},"modified":"2026-02-22T01:24:35","modified_gmt":"2026-02-22T01:24:35","slug":"tornado-7000-cotton-candy-offre-une-delicate-sensation-dair-et-un-arome-sucre-soyeux","status":"publish","type":"product","link":"https:\/\/puffvapekit.com\/de\/product\/tornado-7000-cotton-candy-verleiht-ein-zartes-seidiges-gefuhl-und-ein-suses-aroma\/","title":{"rendered":"Cotton Candy - Fumot RandM Tornado 7000"},"content":{"rendered":"<div data-elementor-type=\"wp-post\" data-elementor-id=\"3531\" class=\"elementor elementor-3531\">\n\t\t\t\t<div class=\"elementor-element elementor-element-5367c11 e-flex e-con-boxed e-con e-parent\" data-id=\"5367c11\" data-element_type=\"container\" data-e-type=\"container\">\n\t\t\t\t\t<div class=\"e-con-inner\">\n\t\t\t\t<div class=\"elementor-element elementor-element-1704875 elementor-widget elementor-widget-text-editor\" data-id=\"1704875\" data-element_type=\"widget\" data-e-type=\"widget\" data-widget_type=\"text-editor.default\">\n\t\t\t\t<div class=\"elementor-widget-container\">\n\t\t\t\t\t\t\t\t\t<p>Das Zuckerwattearoma von RandM Tornado 7000 gibt den weichen, leichten, s\u00fc\u00dfen und nicht fettenden Geschmack der rosa Zuckerwatte aus Ihrer Kindheit wieder. Es ist mehr als nur s\u00fc\u00df, es bietet ein zartes Gef\u00fchl von Luft und ein seidig s\u00fc\u00dfes Aroma, als w\u00fcrde eine Wolke sanft auf der Zungenspitze schmelzen.<\/p><p>Grad der S\u00fc\u00dfe: Bei der ersten Inhalation werden Sie sofort die S\u00fc\u00dfe der Saccharose sp\u00fcren. Wenn sich der Rauch im Mund ausbreitet, verwandelt sich die S\u00fc\u00dfe allm\u00e4hlich in ein s\u00fc\u00dfes Gef\u00fchl von Puderzucker, das der echten Zuckerwatte sehr \u00e4hnlich ist.<\/p><p>Geschmack und Textur: Der Geschmack von Zuckerwatte ist sowohl s\u00fc\u00df als auch flauschig, und diese elektronische Zigarette mit Zuckerwatte erreicht dieses Niveau perfekt: Die Zerst\u00e4ubung ist weich und cremig, ohne Reizung des Halses, als ob Sie eine warme, s\u00fc\u00dfe Wolke einatmen w\u00fcrden.<\/p><p>Aroma: Beim Ausatmen mischen sich ein leichtes Karamellaroma und ein s\u00fc\u00dfes Aroma mit der Luft, das an frisch zubereitete Zuckerwatte auf einem Karnevalsfest erinnert.<\/p><h2>850-mAh-Akku und mehrere Nikotinkonzentrationen<\/h2><p>Der RandM Tornado 7000 ist mit einem wiederaufladbaren Hochleistungsakku mit 850 mAh ausgestattet, der gen\u00fcgend Kapazit\u00e4t f\u00fcr langes Dampfen bietet und h\u00e4ufiges Aufladen bei mehrmaligem Gebrauch \u00fcber den Tag hinweg \u00fcberfl\u00fcssig macht. Sein Design optimiert die Laufzeit und eignet sich f\u00fcr l\u00e4ngere Ausfl\u00fcge und Anwendungen.<\/p><p>Ausgestattet mit einem USB-Typ-C-Anschluss unterst\u00fctzt es die Schnellladetechnologie. Die Type-C-Schnittstelle bietet nicht nur eine hohe Kompatibilit\u00e4t, sondern verk\u00fcrzt auch die Ladezeit erheblich und erm\u00f6glicht so eine schnelle Wiederaufnahme der Nutzung. Der Ladevorgang ist sicher und effizient und an die Bed\u00fcrfnisse des heutigen Lebensrhythmus angepasst.<\/p><p>Es sind zwei Konzentrationen von Nikotinsalzen erh\u00e4ltlich: 2 % (20 mg\/ml) oder 5 % (50 mg\/ml). Die niedrige Konzentration eignet sich f\u00fcr t\u00e4gliche Nutzer, die ein sanftes Gef\u00fchl im Hals suchen, w\u00e4hrend die hohe Konzentration Dampfern, die einen starken Geschmack bevorzugen, mehr Befriedigung bietet. Die Formel mit Nikotinsalzen sorgt f\u00fcr eine sanfte Inhalation, reduziert Irritationen und verbessert den allgemeinen Komfort.<\/p><h2>Gro\u00dfe Kapazit\u00e4t an E-Liquid und 7000 Z\u00fcge<\/h2><p>Der RandM Tornado 7000 ist mit 14 ml hochwertiger E-Fl\u00fcssigkeit mit Nikotinsalzen vorgef\u00fcllt, was weit mehr ist als ein Einwegger\u00e4t. Diese gro\u00dfe Kapazit\u00e4t reicht f\u00fcr etwa 7000 Z\u00fcge, was eine lange Nutzung ohne h\u00e4ufiges Auswechseln des Ger\u00e4ts erm\u00f6glicht und so Praktikabilit\u00e4t und Sparsamkeit miteinander verbindet. Die hochwertige Formel garantiert einen reinen Geschmack und ein lang anhaltendes Aroma.<\/p><p>14 ml E-Liquid reichen f\u00fcr etwa 7000 Z\u00fcge. Diese hohe Anzahl an Z\u00fcgen macht den RandM Tornado 7000 zu einem der langlebigsten Vaporizer auf dem Markt, insbesondere f\u00fcr Intensivnutzer oder diejenigen, die ihr Ger\u00e4t weniger h\u00e4ufig austauschen m\u00f6chten.<\/p><h2>Mesh-Spulentechnologie<\/h2><p>Der RandM Tornado 7000 verwendet eine fortschrittliche 1-Ohm-Mesh-Widerstandstechnologie, um die Effizienz der Dampferzeugung deutlich zu verbessern. Das Mesh-Coil-Design sorgt f\u00fcr eine gleichm\u00e4\u00dfige Erw\u00e4rmung und bringt dichte, vollst\u00e4ndige Dampfwolken, w\u00e4hrend der Geschmack konsistent und rein bleibt, geeignet f\u00fcr Benutzer, die das ultimative Dampferlebnis suchen.<\/p>\t\t\t\t\t\t\t\t<\/div>\n\t\t\t\t<\/div>\n\t\t\t\t\t<\/div>\n\t\t\t\t<\/div>\n\t\t\t\t<\/div>","protected":false},"excerpt":{"rendered":"<p>Das Zuckerwattearoma von RandM Tornado 7000 gibt den weichen, leichten, s\u00fc\u00dfen und nicht fettenden Geschmack der rosa Zuckerwatte aus Ihrer Kindheit wieder. Es ist mehr als nur s\u00fc\u00df, es bietet ein zartes Gef\u00fchl von Luft und ein seidig s\u00fc\u00dfes Aroma, als w\u00fcrde eine Wolke sanft auf der Zungenspitze schmelzen. [...]<\/p>","protected":false},"featured_media":3258,"comment_status":"open","ping_status":"closed","template":"","meta":{"site-sidebar-layout":"no-sidebar","site-content-layout":"page-builder","ast-site-content-layout":"normal-width-container","site-content-style":"default","site-sidebar-style":"default","ast-global-header-display":"","ast-banner-title-visibility":"","ast-main-header-display":"","ast-hfb-above-header-display":"","ast-hfb-below-header-display":"","ast-hfb-mobile-header-display":"","site-post-title":"disabled","ast-breadcrumbs-content":"","ast-featured-img":"disabled","footer-sml-layout":"","theme-transparent-header-meta":"default","adv-header-id-meta":"","stick-header-meta":"default","header-above-stick-meta":"","header-main-stick-meta":"","header-below-stick-meta":"","astra-migrate-meta-layouts":"set","ast-page-background-enabled":"default","ast-page-background-meta":{"desktop":{"background-color":"","background-image":"","background-repeat":"repeat","background-position":"center center","background-size":"auto","background-attachment":"scroll","background-type":"","background-media":"","overlay-type":"","overlay-color":"","overlay-opacity":"","overlay-gradient":""},"tablet":{"background-color":"","background-image":"","background-repeat":"repeat","background-position":"center center","background-size":"auto","background-attachment":"scroll","background-type":"","background-media":"","overlay-type":"","overlay-color":"","overlay-opacity":"","overlay-gradient":""},"mobile":{"background-color":"","background-image":"","background-repeat":"repeat","background-position":"center center","background-size":"auto","background-attachment":"scroll","background-type":"","background-media":"","overlay-type":"","overlay-color":"","overlay-opacity":"","overlay-gradient":""}},"ast-content-background-meta":{"desktop":{"background-color":"var(--ast-global-color-5)","background-image":"","background-repeat":"repeat","background-position":"center center","background-size":"auto","background-attachment":"scroll","background-type":"","background-media":"","overlay-type":"","overlay-color":"","overlay-opacity":"","overlay-gradient":""},"tablet":{"background-color":"var(--ast-global-color-5)","background-image":"","background-repeat":"repeat","background-position":"center center","background-size":"auto","background-attachment":"scroll","background-type":"","background-media":"","overlay-type":"","overlay-color":"","overlay-opacity":"","overlay-gradient":""},"mobile":{"background-color":"var(--ast-global-color-5)","background-image":"","background-repeat":"repeat","background-position":"center center","background-size":"auto","background-attachment":"scroll","background-type":"","background-media":"","overlay-type":"","overlay-color":"","overlay-opacity":"","overlay-gradient":""}}},"product_brand":[29],"product_cat":[31,62],"product_tag":[],"class_list":{"0":"post-3531","1":"product","2":"type-product","3":"status-publish","4":"has-post-thumbnail","6":"product_brand-randm-tornado","7":"product_cat-randm-tornado-7000-est-equipe-dune-batterie-rechargeable-integree-de-850-mah","8":"product_cat-puff-7k-repousse-les-limites-de-duree-de-vie-des-cigarettes-electroniques-jetables","9":"desktop-align-center","10":"tablet-align-center","11":"mobile-align-center","12":"ast-product-gallery-layout-horizontal","13":"ast-product-gallery-with-no-image","14":"ast-product-single-variable","15":"ast-product-tabs-layout-horizontal","17":"first","18":"instock","19":"sale","20":"shipping-taxable","21":"purchasable","22":"product-type-variable","23":"has-default-attributes"},"tiered_pricing_type":"fixed","tiered_pricing_fixed_rules":{"30":"8.58","60":"8.12","100":"7.48","200":"6.98"},"tiered_pricing_product_settings":{"layout":"default","base_unit_name":{"singular":null,"plural":null},"default_variation":null},"tiered_pricing_minimum_quantity":null,"tiered_pricing_roles_data":[],"tiered_pricing_percentage_rules":[],"_links":{"self":[{"href":"https:\/\/puffvapekit.com\/de\/wp-json\/wp\/v2\/product\/3531","targetHints":{"allow":["GET"]}}],"collection":[{"href":"https:\/\/puffvapekit.com\/de\/wp-json\/wp\/v2\/product"}],"about":[{"href":"https:\/\/puffvapekit.com\/de\/wp-json\/wp\/v2\/types\/product"}],"replies":[{"embeddable":true,"href":"https:\/\/puffvapekit.com\/de\/wp-json\/wp\/v2\/comments?post=3531"}],"version-history":[{"count":6,"href":"https:\/\/puffvapekit.com\/de\/wp-json\/wp\/v2\/product\/3531\/revisions"}],"predecessor-version":[{"id":3539,"href":"https:\/\/puffvapekit.com\/de\/wp-json\/wp\/v2\/product\/3531\/revisions\/3539"}],"wp:featuredmedia":[{"embeddable":true,"href":"https:\/\/puffvapekit.com\/de\/wp-json\/wp\/v2\/media\/3258"}],"wp:attachment":[{"href":"https:\/\/puffvapekit.com\/de\/wp-json\/wp\/v2\/media?parent=3531"}],"wp:term":[{"taxonomy":"product_brand","embeddable":true,"href":"https:\/\/puffvapekit.com\/de\/wp-json\/wp\/v2\/product_brand?post=3531"},{"taxonomy":"product_cat","embeddable":true,"href":"https:\/\/puffvapekit.com\/de\/wp-json\/wp\/v2\/product_cat?post=3531"},{"taxonomy":"product_tag","embeddable":true,"href":"https:\/\/puffvapekit.com\/de\/wp-json\/wp\/v2\/product_tag?post=3531"}],"curies":[{"name":"wp","href":"https:\/\/api.w.org\/{rel}","templated":true}]}}