{"id":3540,"date":"2025-07-19T07:10:34","date_gmt":"2025-07-19T07:10:34","guid":{"rendered":"https:\/\/puffvapekit.com\/?post_type=product&#038;p=3540"},"modified":"2026-02-22T01:24:36","modified_gmt":"2026-02-22T01:24:36","slug":"tornado-7000-strawberry-red-bull-romance-tendresse-et-energie","status":"publish","type":"product","link":"https:\/\/puffvapekit.com\/de\/product\/tornado-7000-strawberry-red-bull-romantik-zartlichkeit-und-energie\/","title":{"rendered":"Strawberry Red Bull - Fumot RandM Tornado 7000"},"content":{"rendered":"<div data-elementor-type=\"wp-post\" data-elementor-id=\"3540\" class=\"elementor elementor-3540\">\n\t\t\t\t<div class=\"elementor-element elementor-element-5367c11 e-flex e-con-boxed e-con e-parent\" data-id=\"5367c11\" data-element_type=\"container\" data-e-type=\"container\">\n\t\t\t\t\t<div class=\"e-con-inner\">\n\t\t\t\t<div class=\"elementor-element elementor-element-1704875 elementor-widget elementor-widget-text-editor\" data-id=\"1704875\" data-element_type=\"widget\" data-e-type=\"widget\" data-widget_type=\"text-editor.default\">\n\t\t\t\t<div class=\"elementor-widget-container\">\n\t\t\t\t\t\t\t\t\t<p>Wenn das s\u00fc\u00dfe Erdbeeraroma auf die anregenden Blasen von Red Bull trifft, entfaltet sich sanft ein v\u00f6llig neues Geschmacksfest. Es ist weder ein Getr\u00e4nk noch eine S\u00fc\u00dfigkeit, sondern ein s\u00fc\u00dfes und intensives Raucherlebnis - das ist die elektronische Zigarette RandM Tornado 7000 Erdbeere Red Bull.<\/p><p>In Frankreich, einem Land mit hohen Geschmacksanspr\u00fcchen und Lebensritualen, f\u00e4ngt das Aroma Erdbeere Red Bull perfekt das Zusammentreffen zweier Emotionen ein: die Romantik und Z\u00e4rtlichkeit, die von den Erdbeeren mitgebracht werden, und die Energie und Wachheit, die von Red Bull vermittelt werden. Machen Sie es sich in der Abendd\u00e4mmerung auf Ihrem Balkon gem\u00fctlich und nehmen Sie einen Zug an der elektronischen Zigarette RandM Tornado 7000 Erdbeere Red Bull. Das Aroma von Red Bull mit seinen Mikrobl\u00e4schen und dem s\u00fc\u00dfen, nicht fettenden Beerenaroma ist eine sanfte Brise, die die Sinne erweckt: nicht trocken oder fettig, genau richtig.<\/p><h2>Eigenschaften des Erdbeergeschmacks :<\/h2><p>S\u00fc\u00df und saftig: Erdbeeren verstr\u00f6men ein deutlich fruchtiges Aroma und ihr Geschmack ist rund und nat\u00fcrlich.<\/p><p>Leicht s\u00e4uerliche Note: Diese leichte S\u00e4ure gleicht die allgemeine S\u00fc\u00dfe aus und verhindert so ein fettiges Gef\u00fchl beim Einatmen.<\/p><p>Dominierende Kopfnoten : Das erste Gef\u00fchl im Mund ist die S\u00fc\u00dfe von frischen Erdbeeren, die sich schnell im Mund ausbreitet.<\/p><h2>Eigenschaften der Geschmacksrichtung Red Bull :<\/h2><p>Das einzigartige Gef\u00fchl von Energydrinks : Der Geschmackskern enth\u00fcllt das klassische Red Bull-Aroma, das an den komplexen Geschmack von Ginseng und Zitrusfr\u00fcchten erinnert, mit einem Hauch von Kr\u00e4utern und S\u00fc\u00dfe.<\/p><p>Anhaltender Nachgeschmack: Der Geschmack von Red Bull ist beim Ausatmen deutlicher und der Duft h\u00e4lt l\u00e4nger an, mit einem leichten Frischegef\u00fchl.<\/p><h2>850-mAh-Akku und mehrere Nikotinkonzentrationen<\/h2><p>Die RandM Tornado 7000 Strawberry Red Bull ist mit einem wiederaufladbaren Hochleistungsakku mit 850 mAh ausgestattet, der gen\u00fcgend Kapazit\u00e4t f\u00fcr langes Dampfen bietet, so dass h\u00e4ufiges Aufladen bei mehreren Anwendungen \u00fcber den Tag hinweg vermieden wird. Sein Design optimiert die Akkulaufzeit und eignet sich f\u00fcr l\u00e4ngere Ausfl\u00fcge und Anwendungen.<\/p><p>Ausgestattet mit einem USB-Typ-C-Anschluss unterst\u00fctzt es die Schnellladetechnologie. Die Type-C-Schnittstelle bietet nicht nur eine hohe Kompatibilit\u00e4t, sondern verk\u00fcrzt auch die Ladezeit erheblich und erm\u00f6glicht so eine schnelle Wiederaufnahme der Nutzung. Der Ladevorgang ist sicher und effizient und an die Bed\u00fcrfnisse des heutigen Lebensrhythmus angepasst.<\/p><p>Es sind zwei Konzentrationen von Nikotinsalzen erh\u00e4ltlich: 2 % (20 mg\/ml) oder 5 % (50 mg\/ml). Die niedrige Konzentration eignet sich f\u00fcr t\u00e4gliche Nutzer, die ein sanftes Gef\u00fchl im Hals suchen, w\u00e4hrend die hohe Konzentration Dampfern, die einen starken Geschmack bevorzugen, mehr Befriedigung bietet. Die Formel mit Nikotinsalzen sorgt f\u00fcr eine sanfte Inhalation, reduziert Irritationen und verbessert den allgemeinen Komfort.<\/p><h2>Gro\u00dfe Kapazit\u00e4t an E-Liquid und 7000 Z\u00fcge<\/h2><p>Der RandM Tornado 7000 Strawberry Red Bull ist mit 14 ml E-Fl\u00fcssigkeit mit hochwertigen Nikotinsalzen vorgef\u00fcllt, viel mehr als ein Einwegger\u00e4t. Diese gro\u00dfe Kapazit\u00e4t reicht f\u00fcr ca. 7000 Z\u00fcge, was eine lange Nutzung ohne h\u00e4ufiges Auswechseln des Ger\u00e4ts erm\u00f6glicht, was Bequemlichkeit und Sparsamkeit miteinander verbindet. Die hochwertige Formel garantiert einen reinen Geschmack und ein lang anhaltendes Aroma.<\/p><p>14 ml E-Liquid reichen f\u00fcr etwa 7000 Z\u00fcge. Diese hohe Anzahl an Z\u00fcgen macht den RandM Tornado 7000 Strawberry Red Bull zu einem der langlebigsten Dampfger\u00e4te auf dem Markt, insbesondere f\u00fcr Intensivnutzer oder diejenigen, die ihr Ger\u00e4t weniger h\u00e4ufig austauschen m\u00f6chten.<\/p><h2>Mesh-Spulentechnologie<\/h2><p>Der RandM Tornado 7000 Strawberry Red Bull verwendet eine fortschrittliche 1 Ohm Mesh-Widerstandstechnologie, um die Effizienz der Dampferzeugung deutlich zu verbessern. Das Mesh-Coil-Design sorgt f\u00fcr eine gleichm\u00e4\u00dfige Erw\u00e4rmung und bringt dichte, volle Dampfwolken, w\u00e4hrend der Geschmack konsistent und rein bleibt, geeignet f\u00fcr Benutzer, die nach dem ultimativen Dampferlebnis suchen.<\/p>\t\t\t\t\t\t\t\t<\/div>\n\t\t\t\t<\/div>\n\t\t\t\t\t<\/div>\n\t\t\t\t<\/div>\n\t\t\t\t<\/div>","protected":false},"excerpt":{"rendered":"<p>Wenn das s\u00fc\u00dfe Erdbeeraroma auf die anregenden Blasen von Red Bull trifft, entfaltet sich sanft ein v\u00f6llig neues Geschmacksfest. Es ist weder ein Getr\u00e4nk noch ein Bonbon, sondern ein s\u00fc\u00dfes und intensives Raucherlebnis - das ist die elektronische Zigarette RandM Tornado 7000 Erdbeere Red Bull. In Frankreich, einem Land mit hohen geschmacklichen Anspr\u00fcchen und [...].<\/p>","protected":false},"featured_media":3289,"comment_status":"open","ping_status":"closed","template":"","meta":{"site-sidebar-layout":"no-sidebar","site-content-layout":"page-builder","ast-site-content-layout":"normal-width-container","site-content-style":"default","site-sidebar-style":"default","ast-global-header-display":"","ast-banner-title-visibility":"","ast-main-header-display":"","ast-hfb-above-header-display":"","ast-hfb-below-header-display":"","ast-hfb-mobile-header-display":"","site-post-title":"disabled","ast-breadcrumbs-content":"","ast-featured-img":"disabled","footer-sml-layout":"","theme-transparent-header-meta":"default","adv-header-id-meta":"","stick-header-meta":"default","header-above-stick-meta":"","header-main-stick-meta":"","header-below-stick-meta":"","astra-migrate-meta-layouts":"set","ast-page-background-enabled":"default","ast-page-background-meta":{"desktop":{"background-color":"","background-image":"","background-repeat":"repeat","background-position":"center center","background-size":"auto","background-attachment":"scroll","background-type":"","background-media":"","overlay-type":"","overlay-color":"","overlay-opacity":"","overlay-gradient":""},"tablet":{"background-color":"","background-image":"","background-repeat":"repeat","background-position":"center center","background-size":"auto","background-attachment":"scroll","background-type":"","background-media":"","overlay-type":"","overlay-color":"","overlay-opacity":"","overlay-gradient":""},"mobile":{"background-color":"","background-image":"","background-repeat":"repeat","background-position":"center center","background-size":"auto","background-attachment":"scroll","background-type":"","background-media":"","overlay-type":"","overlay-color":"","overlay-opacity":"","overlay-gradient":""}},"ast-content-background-meta":{"desktop":{"background-color":"var(--ast-global-color-5)","background-image":"","background-repeat":"repeat","background-position":"center center","background-size":"auto","background-attachment":"scroll","background-type":"","background-media":"","overlay-type":"","overlay-color":"","overlay-opacity":"","overlay-gradient":""},"tablet":{"background-color":"var(--ast-global-color-5)","background-image":"","background-repeat":"repeat","background-position":"center center","background-size":"auto","background-attachment":"scroll","background-type":"","background-media":"","overlay-type":"","overlay-color":"","overlay-opacity":"","overlay-gradient":""},"mobile":{"background-color":"var(--ast-global-color-5)","background-image":"","background-repeat":"repeat","background-position":"center center","background-size":"auto","background-attachment":"scroll","background-type":"","background-media":"","overlay-type":"","overlay-color":"","overlay-opacity":"","overlay-gradient":""}}},"product_brand":[29],"product_cat":[31,62],"product_tag":[],"class_list":{"0":"post-3540","1":"product","2":"type-product","3":"status-publish","4":"has-post-thumbnail","6":"product_brand-randm-tornado","7":"product_cat-randm-tornado-7000-est-equipe-dune-batterie-rechargeable-integree-de-850-mah","8":"product_cat-puff-7k-repousse-les-limites-de-duree-de-vie-des-cigarettes-electroniques-jetables","9":"desktop-align-center","10":"tablet-align-center","11":"mobile-align-center","12":"ast-product-gallery-layout-horizontal","13":"ast-product-gallery-with-no-image","14":"ast-product-single-variable","15":"ast-product-tabs-layout-horizontal","17":"first","18":"instock","19":"sale","20":"shipping-taxable","21":"purchasable","22":"product-type-variable","23":"has-default-attributes"},"tiered_pricing_type":"fixed","tiered_pricing_fixed_rules":{"30":"8.58","60":"8.12","100":"7.48","200":"6.98"},"tiered_pricing_product_settings":{"layout":"default","base_unit_name":{"singular":null,"plural":null},"default_variation":null},"tiered_pricing_minimum_quantity":null,"tiered_pricing_roles_data":[],"tiered_pricing_percentage_rules":[],"_links":{"self":[{"href":"https:\/\/puffvapekit.com\/de\/wp-json\/wp\/v2\/product\/3540","targetHints":{"allow":["GET"]}}],"collection":[{"href":"https:\/\/puffvapekit.com\/de\/wp-json\/wp\/v2\/product"}],"about":[{"href":"https:\/\/puffvapekit.com\/de\/wp-json\/wp\/v2\/types\/product"}],"replies":[{"embeddable":true,"href":"https:\/\/puffvapekit.com\/de\/wp-json\/wp\/v2\/comments?post=3540"}],"version-history":[{"count":6,"href":"https:\/\/puffvapekit.com\/de\/wp-json\/wp\/v2\/product\/3540\/revisions"}],"predecessor-version":[{"id":3548,"href":"https:\/\/puffvapekit.com\/de\/wp-json\/wp\/v2\/product\/3540\/revisions\/3548"}],"wp:featuredmedia":[{"embeddable":true,"href":"https:\/\/puffvapekit.com\/de\/wp-json\/wp\/v2\/media\/3289"}],"wp:attachment":[{"href":"https:\/\/puffvapekit.com\/de\/wp-json\/wp\/v2\/media?parent=3540"}],"wp:term":[{"taxonomy":"product_brand","embeddable":true,"href":"https:\/\/puffvapekit.com\/de\/wp-json\/wp\/v2\/product_brand?post=3540"},{"taxonomy":"product_cat","embeddable":true,"href":"https:\/\/puffvapekit.com\/de\/wp-json\/wp\/v2\/product_cat?post=3540"},{"taxonomy":"product_tag","embeddable":true,"href":"https:\/\/puffvapekit.com\/de\/wp-json\/wp\/v2\/product_tag?post=3540"}],"curies":[{"name":"wp","href":"https:\/\/api.w.org\/{rel}","templated":true}]}}