{"id":3549,"date":"2025-07-19T09:21:48","date_gmt":"2025-07-19T09:21:48","guid":{"rendered":"https:\/\/puffvapekit.com\/?post_type=product&#038;p=3549"},"modified":"2026-02-22T01:24:36","modified_gmt":"2026-02-22T01:24:36","slug":"bluesour-raspberry-tornado-7000-laissez-larome-fruite-acidule-et-rafraichissant","status":"publish","type":"product","link":"https:\/\/puffvapekit.com\/de\/product\/bluesour-raspberry-tornado-7000-lassen-sie-larome-fruchtig-sauerlich-und-erfrischend\/","title":{"rendered":"Bluesour Raspberry - Fumot RandM Tornado 7000"},"content":{"rendered":"<div data-elementor-type=\"wp-post\" data-elementor-id=\"3549\" class=\"elementor elementor-3549\">\n\t\t\t\t<div class=\"elementor-element elementor-element-5367c11 e-flex e-con-boxed e-con e-parent\" data-id=\"5367c11\" data-element_type=\"container\" data-e-type=\"container\">\n\t\t\t\t\t<div class=\"e-con-inner\">\n\t\t\t\t<div class=\"elementor-element elementor-element-1704875 elementor-widget elementor-widget-text-editor\" data-id=\"1704875\" data-element_type=\"widget\" data-e-type=\"widget\" data-widget_type=\"text-editor.default\">\n\t\t\t\t<div class=\"elementor-widget-container\">\n\t\t\t\t\t\t\t\t\t<p>Der Geschmack Saure Himbeere ist von der klassischen Heidelbeerbonbon inspiriert. Im Mund verstr\u00f6mt der Rauch ein nat\u00fcrliches Fruchtaroma von reifen Heidelbeeren, gefolgt von einer \u00fcberraschenden s\u00e4uerlichen Explosion, wie der Genuss einer Himbeere, die unter der Sonne S\u00fcdfrankreichs auf der Zungenspitze zerplatzt. Diese komplexe Aromakomposition mit nat\u00fcrlichen Beerenaromen wird durch die s\u00e4uerliche S\u00fc\u00dfe und S\u00e4ure der Bonbons verfeinert und entspricht perfekt den Geschmacksanspr\u00fcchen der Franzosen.<\/p><p>Jede elektronische Zigarette RandM Tornado 7000 Bluesour Raspberry bietet 7000 Rauchz\u00fcge, ohne dass sie h\u00e4ufig ersetzt werden muss. Ein einziger Kauf wird Sie mehrere Arbeitstage oder Wochen lang auf dem Weg zur Arbeit begleiten. Im franz\u00f6sischen Lebensstil, der \u00abEffizienz und Eleganz\u00bb bevorzugt, ist sie ein sehr praktisches Must-have. Sie eignet sich besonders gut, um vor einem anstrengenden Meeting oder bei Versp\u00e4tung zu einem Termin \u00abeinen Zug an der E-Zigarette zur Entspannung zu nehmen\u00bb und ihr erfrischend s\u00e4uerlich-fruchtiges Aroma die Anspannung sofort abbauen zu lassen.<\/p><p><strong>Kopfnote (beim ersten Zug)<\/strong>\u00a0: Die lebhafte S\u00e4ure stimuliert sofort die Geschmacksknospen, wie ein saures Himbeerbonbon. Die S\u00e4ure regt schnell den Speichelfluss an und verbessert das Gef\u00fchl beim Inhalieren.<\/p><p><strong>Herznote (bei Inhalation)<\/strong>\u00a0: Die S\u00fc\u00dfe der Heidelbeeren entfaltet sich allm\u00e4hlich und bietet einen s\u00fc\u00dfen, vollen Geschmack mit pektinhaltiger Textur. Die allm\u00e4hlich s\u00e4uerlich werdende Himbeere nimmt leicht ab und l\u00e4sst die Heidelbeere das Herz des Geschmacks dominieren, wodurch ein s\u00fc\u00df-saures Gleichgewicht entsteht.<\/p><p><strong>Nachgeschmack (beim Ausspucken und als Rest im Mund)<\/strong>\u00a0: Im Nachgeschmack ist das fruchtige Aroma noch vorhanden und der Duft h\u00e4lt m\u00e4\u00dfig an, was f\u00fcr h\u00e4ufigen Konsum geeignet ist, ohne dass es langweilig wird.<\/p><h2>850-mAh-Akku und mehrere Nikotinkonzentrationen<\/h2><p>Der RandM Tornado 7000 Bluesour Raspberry ist mit einem wiederaufladbaren Hochleistungsakku mit 850 mAh ausgestattet, der gen\u00fcgend Kapazit\u00e4t f\u00fcr langes Dampfen bietet, so dass h\u00e4ufiges Aufladen bei mehrmaligem Gebrauch \u00fcber den Tag hinweg vermieden wird. Sein Design optimiert die Akkulaufzeit und eignet sich f\u00fcr l\u00e4ngere Ausfl\u00fcge und Nutzungen.<\/p><p>Ausgestattet mit einem USB-Typ-C-Anschluss unterst\u00fctzt es die Schnellladetechnologie. Die Type-C-Schnittstelle bietet nicht nur eine hohe Kompatibilit\u00e4t, sondern verk\u00fcrzt auch die Ladezeit erheblich und erm\u00f6glicht so eine schnelle Wiederaufnahme der Nutzung. Der Ladevorgang ist sicher und effizient und an die Bed\u00fcrfnisse des heutigen Lebensrhythmus angepasst.<\/p><p>Es sind zwei Konzentrationen von Nikotinsalzen erh\u00e4ltlich: 2 % (20 mg\/ml) oder 5 % (50 mg\/ml). Die niedrige Konzentration eignet sich f\u00fcr t\u00e4gliche Nutzer, die ein sanftes Gef\u00fchl im Hals suchen, w\u00e4hrend die hohe Konzentration Dampfern, die einen starken Geschmack bevorzugen, mehr Befriedigung bietet. Die Formel mit Nikotinsalzen sorgt f\u00fcr eine sanfte Inhalation, reduziert Irritationen und verbessert den allgemeinen Komfort.<\/p><h2>Gro\u00dfe Kapazit\u00e4t an E-Liquid und 7000 Z\u00fcge<\/h2><p>Der RandM Tornado 7000 Bluesour Raspberry ist mit 14 ml hochwertiger E-Fl\u00fcssigkeit mit Nikotinsalzen vorgef\u00fcllt und damit weit mehr als ein Einwegger\u00e4t. Diese gro\u00dfe Kapazit\u00e4t reicht f\u00fcr ca. 7000 Z\u00fcge, was eine lange Nutzung ohne h\u00e4ufiges Auswechseln des Ger\u00e4ts erm\u00f6glicht und so Bequemlichkeit und Sparsamkeit miteinander verbindet. Die hochwertige Formel garantiert einen reinen Geschmack und ein lang anhaltendes Aroma.<\/p><p>14 ml E-Liquid reichen f\u00fcr etwa 7000 Z\u00fcge. Diese hohe Anzahl an Z\u00fcgen macht den RandM Tornado 7000 zu einem der langlebigsten Vaporizer auf dem Markt, insbesondere f\u00fcr Intensivnutzer oder diejenigen, die ihr Ger\u00e4t weniger h\u00e4ufig austauschen m\u00f6chten.<\/p><h2>Mesh-Spulentechnologie<\/h2><p>Der RandM Tornado 7000 Bluesour Raspberry verwendet eine fortschrittliche 1-Ohm-Mesh-Widerstandstechnologie, um die Effizienz der Dampferzeugung deutlich zu verbessern. Das Mesh-Coil-Design sorgt f\u00fcr eine gleichm\u00e4\u00dfige Erhitzung und bringt dichte, vollst\u00e4ndige Dampfwolken, w\u00e4hrend der Geschmack konsistent und rein bleibt, geeignet f\u00fcr Benutzer, die das ultimative Dampferlebnis suchen.<\/p>\t\t\t\t\t\t\t\t<\/div>\n\t\t\t\t<\/div>\n\t\t\t\t\t<\/div>\n\t\t\t\t<\/div>\n\t\t\t\t<\/div>","protected":false},"excerpt":{"rendered":"<p>Der Geschmack Saure Himbeere ist von der klassischen Heidelbeerbonbon inspiriert. Im Mund verstr\u00f6mt der Rauch ein nat\u00fcrliches fruchtiges Aroma von reifen Heidelbeeren, gefolgt von einer \u00fcberraschenden s\u00e4uerlichen Explosion, wie der Genuss einer Himbeere, die unter der Sonne S\u00fcdfrankreichs auf der Zungenspitze zerplatzt. Diese komplexe aromatische Komposition mit [...].<\/p>","protected":false},"featured_media":3250,"comment_status":"open","ping_status":"closed","template":"","meta":{"site-sidebar-layout":"no-sidebar","site-content-layout":"page-builder","ast-site-content-layout":"normal-width-container","site-content-style":"default","site-sidebar-style":"default","ast-global-header-display":"","ast-banner-title-visibility":"","ast-main-header-display":"","ast-hfb-above-header-display":"","ast-hfb-below-header-display":"","ast-hfb-mobile-header-display":"","site-post-title":"disabled","ast-breadcrumbs-content":"","ast-featured-img":"disabled","footer-sml-layout":"","theme-transparent-header-meta":"default","adv-header-id-meta":"","stick-header-meta":"default","header-above-stick-meta":"","header-main-stick-meta":"","header-below-stick-meta":"","astra-migrate-meta-layouts":"set","ast-page-background-enabled":"default","ast-page-background-meta":{"desktop":{"background-color":"","background-image":"","background-repeat":"repeat","background-position":"center center","background-size":"auto","background-attachment":"scroll","background-type":"","background-media":"","overlay-type":"","overlay-color":"","overlay-opacity":"","overlay-gradient":""},"tablet":{"background-color":"","background-image":"","background-repeat":"repeat","background-position":"center center","background-size":"auto","background-attachment":"scroll","background-type":"","background-media":"","overlay-type":"","overlay-color":"","overlay-opacity":"","overlay-gradient":""},"mobile":{"background-color":"","background-image":"","background-repeat":"repeat","background-position":"center center","background-size":"auto","background-attachment":"scroll","background-type":"","background-media":"","overlay-type":"","overlay-color":"","overlay-opacity":"","overlay-gradient":""}},"ast-content-background-meta":{"desktop":{"background-color":"var(--ast-global-color-5)","background-image":"","background-repeat":"repeat","background-position":"center center","background-size":"auto","background-attachment":"scroll","background-type":"","background-media":"","overlay-type":"","overlay-color":"","overlay-opacity":"","overlay-gradient":""},"tablet":{"background-color":"var(--ast-global-color-5)","background-image":"","background-repeat":"repeat","background-position":"center center","background-size":"auto","background-attachment":"scroll","background-type":"","background-media":"","overlay-type":"","overlay-color":"","overlay-opacity":"","overlay-gradient":""},"mobile":{"background-color":"var(--ast-global-color-5)","background-image":"","background-repeat":"repeat","background-position":"center center","background-size":"auto","background-attachment":"scroll","background-type":"","background-media":"","overlay-type":"","overlay-color":"","overlay-opacity":"","overlay-gradient":""}}},"product_brand":[29],"product_cat":[31,62],"product_tag":[],"class_list":{"0":"post-3549","1":"product","2":"type-product","3":"status-publish","4":"has-post-thumbnail","6":"product_brand-randm-tornado","7":"product_cat-randm-tornado-7000-est-equipe-dune-batterie-rechargeable-integree-de-850-mah","8":"product_cat-puff-7k-repousse-les-limites-de-duree-de-vie-des-cigarettes-electroniques-jetables","9":"desktop-align-center","10":"tablet-align-center","11":"mobile-align-center","12":"ast-product-gallery-layout-horizontal","13":"ast-product-gallery-with-no-image","14":"ast-product-single-variable","15":"ast-product-tabs-layout-horizontal","17":"first","18":"instock","19":"sale","20":"shipping-taxable","21":"purchasable","22":"product-type-variable","23":"has-default-attributes"},"tiered_pricing_type":"fixed","tiered_pricing_fixed_rules":{"30":"8.58","60":"8.12","100":"7.48","200":"6.98"},"tiered_pricing_product_settings":{"layout":"default","base_unit_name":{"singular":null,"plural":null},"default_variation":null},"tiered_pricing_minimum_quantity":null,"tiered_pricing_roles_data":[],"tiered_pricing_percentage_rules":[],"_links":{"self":[{"href":"https:\/\/puffvapekit.com\/de\/wp-json\/wp\/v2\/product\/3549","targetHints":{"allow":["GET"]}}],"collection":[{"href":"https:\/\/puffvapekit.com\/de\/wp-json\/wp\/v2\/product"}],"about":[{"href":"https:\/\/puffvapekit.com\/de\/wp-json\/wp\/v2\/types\/product"}],"replies":[{"embeddable":true,"href":"https:\/\/puffvapekit.com\/de\/wp-json\/wp\/v2\/comments?post=3549"}],"version-history":[{"count":6,"href":"https:\/\/puffvapekit.com\/de\/wp-json\/wp\/v2\/product\/3549\/revisions"}],"predecessor-version":[{"id":3557,"href":"https:\/\/puffvapekit.com\/de\/wp-json\/wp\/v2\/product\/3549\/revisions\/3557"}],"wp:featuredmedia":[{"embeddable":true,"href":"https:\/\/puffvapekit.com\/de\/wp-json\/wp\/v2\/media\/3250"}],"wp:attachment":[{"href":"https:\/\/puffvapekit.com\/de\/wp-json\/wp\/v2\/media?parent=3549"}],"wp:term":[{"taxonomy":"product_brand","embeddable":true,"href":"https:\/\/puffvapekit.com\/de\/wp-json\/wp\/v2\/product_brand?post=3549"},{"taxonomy":"product_cat","embeddable":true,"href":"https:\/\/puffvapekit.com\/de\/wp-json\/wp\/v2\/product_cat?post=3549"},{"taxonomy":"product_tag","embeddable":true,"href":"https:\/\/puffvapekit.com\/de\/wp-json\/wp\/v2\/product_tag?post=3549"}],"curies":[{"name":"wp","href":"https:\/\/api.w.org\/{rel}","templated":true}]}}