{"id":3624,"date":"2025-07-20T19:50:42","date_gmt":"2025-07-20T19:50:42","guid":{"rendered":"https:\/\/puffvapekit.com\/?post_type=product&#038;p=3624"},"modified":"2026-04-09T12:22:25","modified_gmt":"2026-04-09T12:22:25","slug":"randm-12000-est-livre-avec-une-batterie-rechargeable-et-un-e-liquide-de-grande-capacite","status":"publish","type":"product","link":"https:\/\/puffvapekit.com\/de\/product\/randm-12000-wird-mit-einer-wiederaufladbaren-batterie-und-einer-grosen-e-flussigkeit-geliefert\/","title":{"rendered":"RandM Tornado 12000: 12K Rauchz\u00fcge, 850 mAh wiederaufladbare Batterie, 20 ml E-Fl\u00fcssigkeit und Mesh-Widerstand"},"content":{"rendered":"<div data-elementor-type=\"wp-post\" data-elementor-id=\"3624\" class=\"elementor elementor-3624\">\n\t\t\t\t<div class=\"elementor-element elementor-element-5367c11 e-flex e-con-boxed e-con e-parent\" data-id=\"5367c11\" data-element_type=\"container\" data-e-type=\"container\">\n\t\t\t\t\t<div class=\"e-con-inner\">\n\t\t\t\t<div class=\"elementor-element elementor-element-1704875 elementor-widget elementor-widget-text-editor\" data-id=\"1704875\" data-element_type=\"widget\" data-e-type=\"widget\" data-widget_type=\"text-editor.default\">\n\t\t\t\t<div class=\"elementor-widget-container\">\n\t\t\t\t\t\t\t\t\t<h2>Lange Laufzeit - Eingebauter wiederaufladbarer 850-mAh-Akku<\/h2><p>Der RandM Tornado 12000 ist mit einem wiederaufladbaren Hochleistungs-Lithium-Akku mit 850 mAh ausgestattet, der eine lange Nutzungsdauer erm\u00f6glicht. Das schnelle Aufladen \u00fcber die USB-Typ-C-Schnittstelle verk\u00fcrzt die Wartezeit und sorgt f\u00fcr ein kontinuierlicheres Dampferlebnis. Im Vergleich zu herk\u00f6mmlichen elektronischen Einwegzigaretten mit nicht wiederaufladbarem Akku ist diese Konfiguration nachhaltiger und umweltfreundlicher.<\/p><h2>E-Liquid mit gro\u00dfer Kapazit\u00e4t - Vorgef\u00fcllt 20 ml<\/h2><p>Die RandM Tornado 12000 bietet bis zu 12000 Z\u00fcge, da sie mit 20 ml hochwertiger E-Liquids vorgef\u00fcllt ist. Dadurch entf\u00e4llt das l\u00e4stige Nachf\u00fcllen von Liquid und Sie erhalten ein lang anhaltendes und ausgewogenes Geschmackserlebnis. Diese gro\u00dfe Kapazit\u00e4t erm\u00f6glicht es, bis zu 12000 Z\u00fcge zu dampfen, so dass Sie vom ersten bis zum letzten Zug einen gleichbleibenden Geschmack genie\u00dfen k\u00f6nnen.<\/p><p>Die fortschrittliche 0,8 \u03a9 Mesh-Widerstandstechnologie verbessert die Erhitzungseffizienz und sorgt f\u00fcr eine gleichm\u00e4\u00dfige Erw\u00e4rmung der E-Fl\u00fcssigkeit, f\u00fcr ein weicheres Gef\u00fchl im Hals, einen reicheren Rauch und eine realistischere Geschmackswiedergabe. Ob Sie nun fruchtige, minzige oder tabakige Aromen bevorzugen, der mesh-Widerstand wird sie perfekt wiedergeben.<\/p><h2>Intelligente LED-Anzeige: Anzeige des Akkuladestands und der verbleibenden Menge an E-Fl\u00fcssigkeit<\/h2><p>Ein intelligentes Farb-LED-Display, das in den K\u00f6rper integriert ist, zeigt in Echtzeit die verbleibende Akkuladung und die verbleibende Menge an E-Fl\u00fcssigkeit an. Dadurch werden pl\u00f6tzliche Unterbrechungen aufgrund von Batterie- oder E-Fl\u00fcssigkeitsmangel vermieden und die Benutzer k\u00f6nnen beruhigter dampfen. Dieses Ph\u00e4nomen, das bei Einwegger\u00e4ten \u00e4u\u00dferst selten auftritt, ist einer der Hauptvorteile dieses Produkts.<\/p><h2>Mehrere Optionen f\u00fcr die Nikotinkonzentration: 2 % \/ 5 %<\/h2><p>Die RandM Tornado 12000 bietet Nikotinkonzentrationen von 2 % (20 mg\/ml) und 5 % (50 mg\/ml), um den Bed\u00fcrfnissen jedes einzelnen Nutzers gerecht zu werden. 2 % eignet sich f\u00fcr E-Zigaretten-Neulinge, w\u00e4hrend 5 % Nutzern, die einen intensiveren Hals-Hit suchen, eine intensive Befriedigung verschafft.<\/p><h2>Verschiedene Geschmacksrichtungen erh\u00e4ltlich: reiche Aromen voller Pers\u00f6nlichkeit.<\/h2><p>RandM Tornado 12000 bietet \u00fcber 40 verschiedene Geschmackskombinationen, die Fr\u00fcchte, Eis, Dessert, Tabak und andere Kategorien abdecken und so verschiedene Geschm\u00e4cker ansprechen. Reich an Aromen, lang anhaltend und erfrischend, eignet sie sich f\u00fcr den t\u00e4glichen Gebrauch und bietet ein angenehmeres Erlebnis.<\/p><h2>Die RandM Tornado 12000 bietet \u00fcber 40 Geschmacksrichtungen an<\/h2><p>Die RandM Tornado 12000 bietet bis zu 45 Geschmacksrichtungen, die eine Vielzahl von Aromen wie Fr\u00fcchte, Erfrischungsgetr\u00e4nke, Desserts und Getr\u00e4nke abdecken, um den geschmacklichen Vorlieben jedes Nutzers gerecht zu werden. Diese Geschmacksrichtungen sind bekannt f\u00fcr ihr reiches Aroma, ihre ausgewogene S\u00fc\u00dfe und ihren lang anhaltenden Geschmack, kombiniert mit der Mesh-Widerstandstechnologie dieser E-Zigarette, die bei jedem Einatmen ein reichhaltiges und gleichbleibendes Raucherlebnis garantiert.<\/p><p>Fruchtige Aromen: Diese Kategorie ist das Herzst\u00fcck von RandM Tornado 12000 und umfasst eine Vielzahl von einfachen und gemischten Fruchtgeschmacksrichtungen. Zum Beispiel bieten \u00abApple Berry Blast\u00bb und \u00abBlueberry Cherry Cranberry\u00bb eine reiche Mischung aus roten Fr\u00fcchten, die ein s\u00fc\u00df-saures Erlebnis bieten; \u00abKiwi Passionfruit Guava\u00bb bringt die Frische und S\u00fc\u00dfe tropischer Fr\u00fcchte mit einem reichhaltigen Geschmack. \u00abMango On Ice\u00bb und \u00abPeach Mango\u00bb unterstreichen die S\u00fc\u00dfe tropischer Fr\u00fcchte und eignen sich f\u00fcr Nutzer, die die Kombination von Fruchtigkeit und Frische sch\u00e4tzen. Dar\u00fcber hinaus unterstreichen \u00abTwo Apple\u00bb und \u00abRed Apple Ice\u00bb den knackigen Geschmack von \u00c4pfeln, mit eisigen oder rein fruchtigen Optionen.<\/p><p>Frische Mentholgeschmacksrichtungen : F\u00fcr Raucher, die ein frisches Gef\u00fchl bevorzugen, bieten \u00abCool Mint\u00bb und \u00abGrape Mint\u00bb reine Mentholfrische mit einem k\u00fchlen Hit im Hals. \u00abBlueberry On Ice\u00bb, \u00abPeach Ice\u00bb und \u00abWatermelon Ice\u00bb kombinieren Fr\u00fcchte mit frischer Minze und balancieren S\u00fc\u00dfe und Frische f\u00fcr hei\u00dfes Wetter oder diejenigen, die eine erfrischende Wirkung suchen. \u00abBlack Ice\u00bb und \u00abDragonfruit Ice\u00bb verleihen einen Hauch von Geheimnis und Komplexit\u00e4t durch die einzigartige Kombination von fruchtigen Aromen und einem eisigen Gef\u00fchl.<\/p><p>Geschmacksrichtungen f\u00fcr Desserts und Getr\u00e4nke : Dessertliebhaber k\u00f6nnen \u00abStrawberry Donut\u00bb w\u00e4hlen, das das s\u00fc\u00dfe, gebackene Aroma eines Erdbeer-Donuts simuliert und einen s\u00fc\u00dfen, befriedigenden Geschmack bietet. \u00abWatermelon Bubble Gum\u00bb und \u00abBlueberry Bubblegum\u00bb stellen den s\u00fc\u00dfen Geschmack des klassischen Bubble Gum mit einem Hauch von Kindheitserinnerungen nach. Getr\u00e4nkearomen wie \u00abCherry Cola\u00bb, \u00abStrawberry Red Bull\u00bb und \u00abVimto\u00bb sind von beliebten Getr\u00e4nken inspiriert und bieten ein vertrautes und neuartiges Raucherlebnis, ideal f\u00fcr Raucher, die auf der Suche nach originellen Geschmacksrichtungen sind.<\/p><p>Vollst\u00e4ndige und innovative Aromen: Die RandM Tornado 12000 bietet auch einzigartige Kombinationen, wie \u00abLove 66\u00bb, die komplexe Frucht- und Blumenaromen f\u00fcr ein elegantes Raucherlebnis vereint. \u00abBingo Crush\u00bb und \u00abIce Pop\u00bb verf\u00fchren die Nutzer mit innovativen Geschmacksmischungen, die unerwartete geschmackliche \u00dcberraschungen bieten. Diese Geschmacksrichtungen eignen sich f\u00fcr Raucher, die gerne neue Kombinationen ausprobieren.<\/p>\t\t\t\t\t\t\t\t<\/div>\n\t\t\t\t<\/div>\n\t\t\t\t\t<\/div>\n\t\t\t\t<\/div>\n\t\t\t\t<\/div>","protected":false},"excerpt":{"rendered":"<p>Lange Akkulaufzeit - Eingebauter wiederaufladbarer 850 mAh Akku Der RandM Tornado 12000 ist mit einem leistungsstarken wiederaufladbaren 850 mAh Lithium-Akku ausgestattet, der f\u00fcr eine lange Nutzungsdauer sorgt. Das schnelle Aufladen \u00fcber die USB-Typ-C-Schnittstelle reduziert die Wartezeit und sorgt f\u00fcr ein kontinuierlicheres Dampferlebnis. Im Vergleich zu herk\u00f6mmlichen elektronischen Einwegzigaretten mit [...].<\/p>","protected":false},"featured_media":3576,"comment_status":"open","ping_status":"closed","template":"","meta":{"site-sidebar-layout":"no-sidebar","site-content-layout":"page-builder","ast-site-content-layout":"normal-width-container","site-content-style":"default","site-sidebar-style":"default","ast-global-header-display":"","ast-banner-title-visibility":"","ast-main-header-display":"","ast-hfb-above-header-display":"","ast-hfb-below-header-display":"","ast-hfb-mobile-header-display":"","site-post-title":"disabled","ast-breadcrumbs-content":"","ast-featured-img":"disabled","footer-sml-layout":"","theme-transparent-header-meta":"default","adv-header-id-meta":"","stick-header-meta":"default","header-above-stick-meta":"","header-main-stick-meta":"","header-below-stick-meta":"","astra-migrate-meta-layouts":"set","ast-page-background-enabled":"default","ast-page-background-meta":{"desktop":{"background-color":"","background-image":"","background-repeat":"repeat","background-position":"center center","background-size":"auto","background-attachment":"scroll","background-type":"","background-media":"","overlay-type":"","overlay-color":"","overlay-opacity":"","overlay-gradient":""},"tablet":{"background-color":"","background-image":"","background-repeat":"repeat","background-position":"center center","background-size":"auto","background-attachment":"scroll","background-type":"","background-media":"","overlay-type":"","overlay-color":"","overlay-opacity":"","overlay-gradient":""},"mobile":{"background-color":"","background-image":"","background-repeat":"repeat","background-position":"center center","background-size":"auto","background-attachment":"scroll","background-type":"","background-media":"","overlay-type":"","overlay-color":"","overlay-opacity":"","overlay-gradient":""}},"ast-content-background-meta":{"desktop":{"background-color":"var(--ast-global-color-5)","background-image":"","background-repeat":"repeat","background-position":"center center","background-size":"auto","background-attachment":"scroll","background-type":"","background-media":"","overlay-type":"","overlay-color":"","overlay-opacity":"","overlay-gradient":""},"tablet":{"background-color":"var(--ast-global-color-5)","background-image":"","background-repeat":"repeat","background-position":"center center","background-size":"auto","background-attachment":"scroll","background-type":"","background-media":"","overlay-type":"","overlay-color":"","overlay-opacity":"","overlay-gradient":""},"mobile":{"background-color":"var(--ast-global-color-5)","background-image":"","background-repeat":"repeat","background-position":"center center","background-size":"auto","background-attachment":"scroll","background-type":"","background-media":"","overlay-type":"","overlay-color":"","overlay-opacity":"","overlay-gradient":""}}},"product_brand":[29],"product_cat":[32,65],"product_tag":[],"class_list":{"0":"post-3624","1":"product","2":"type-product","3":"status-publish","4":"has-post-thumbnail","6":"product_brand-randm-tornado","7":"product_cat-randm-tornado-12000-avec-bobine-en-maille","8":"product_cat-puff-12k-cest-bien-plus-quune-capacite-doublee","9":"desktop-align-center","10":"tablet-align-center","11":"mobile-align-center","12":"ast-product-gallery-layout-horizontal","13":"ast-product-single-variable","14":"ast-product-tabs-layout-horizontal","16":"first","17":"instock","18":"sale","19":"shipping-taxable","20":"purchasable","21":"product-type-variable","22":"has-default-attributes"},"tiered_pricing_type":"fixed","tiered_pricing_fixed_rules":{"30":"9.39","60":"8.79","100":"7.99","200":"7.48","400":"7.23"},"tiered_pricing_product_settings":{"layout":"default","base_unit_name":{"singular":null,"plural":null},"default_variation":null},"tiered_pricing_minimum_quantity":null,"tiered_pricing_roles_data":[],"tiered_pricing_percentage_rules":[],"_links":{"self":[{"href":"https:\/\/puffvapekit.com\/de\/wp-json\/wp\/v2\/product\/3624","targetHints":{"allow":["GET"]}}],"collection":[{"href":"https:\/\/puffvapekit.com\/de\/wp-json\/wp\/v2\/product"}],"about":[{"href":"https:\/\/puffvapekit.com\/de\/wp-json\/wp\/v2\/types\/product"}],"replies":[{"embeddable":true,"href":"https:\/\/puffvapekit.com\/de\/wp-json\/wp\/v2\/comments?post=3624"}],"version-history":[{"count":8,"href":"https:\/\/puffvapekit.com\/de\/wp-json\/wp\/v2\/product\/3624\/revisions"}],"predecessor-version":[{"id":3724,"href":"https:\/\/puffvapekit.com\/de\/wp-json\/wp\/v2\/product\/3624\/revisions\/3724"}],"wp:featuredmedia":[{"embeddable":true,"href":"https:\/\/puffvapekit.com\/de\/wp-json\/wp\/v2\/media\/3576"}],"wp:attachment":[{"href":"https:\/\/puffvapekit.com\/de\/wp-json\/wp\/v2\/media?parent=3624"}],"wp:term":[{"taxonomy":"product_brand","embeddable":true,"href":"https:\/\/puffvapekit.com\/de\/wp-json\/wp\/v2\/product_brand?post=3624"},{"taxonomy":"product_cat","embeddable":true,"href":"https:\/\/puffvapekit.com\/de\/wp-json\/wp\/v2\/product_cat?post=3624"},{"taxonomy":"product_tag","embeddable":true,"href":"https:\/\/puffvapekit.com\/de\/wp-json\/wp\/v2\/product_tag?post=3624"}],"curies":[{"name":"wp","href":"https:\/\/api.w.org\/{rel}","templated":true}]}}