{"id":3729,"date":"2025-07-20T22:13:00","date_gmt":"2025-07-20T22:13:00","guid":{"rendered":"https:\/\/puffvapekit.com\/?post_type=product&#038;p=3729"},"modified":"2026-04-09T12:27:10","modified_gmt":"2026-04-09T12:27:10","slug":"randm-12000-lush-ice-est-un-arome-rafraichissant-de-pasteque-sucree","status":"publish","type":"product","link":"https:\/\/puffvapekit.com\/de\/product\/randm-12000-lush-ice-ist-ein-erfrischendes-aroma-von-suser-pasteke\/","title":{"rendered":"RandM Tornado 12000 - Lush Ice"},"content":{"rendered":"<div data-elementor-type=\"wp-post\" data-elementor-id=\"3729\" class=\"elementor elementor-3729\">\n\t\t\t\t<div class=\"elementor-element elementor-element-5367c11 e-flex e-con-boxed e-con e-parent\" data-id=\"5367c11\" data-element_type=\"container\" data-e-type=\"container\">\n\t\t\t\t\t<div class=\"e-con-inner\">\n\t\t\t\t<div class=\"elementor-element elementor-element-1704875 elementor-widget elementor-widget-text-editor\" data-id=\"1704875\" data-element_type=\"widget\" data-e-type=\"widget\" data-widget_type=\"text-editor.default\">\n\t\t\t\t<div class=\"elementor-widget-container\">\n\t\t\t\t\t\t\t\t\t<p>Lush Ice ist eine klassische Fusion aus eiskalter Wassermelone und Minze. Der Rauch ist vom ersten Moment an erfrischend und s\u00fc\u00df, gefolgt von einer abschlie\u00dfenden Note von frischer Minze, wie die Luft an einem fr\u00fchen Herbstmorgen in Frankreich, frisch, aber nicht zu stark, genau das Richtige. Dieses Lush Ice Aroma ist besonders geeignet, um Stress abzubauen und die Einsamkeit zu genie\u00dfen. Es gibt Ihnen das Gef\u00fchl, am fr\u00fchen Morgen in den Alpen zu sein, und Sie f\u00fchlen sich sofort wie im Urlaub.<\/p><h2>Fruchtiges Wassermelonenaroma (Wassermelone Luxuri\u00f6s \/ S\u00fc\u00df) :<\/h2><p>Die Hauptnote ist die saftige, nat\u00fcrlich s\u00fc\u00dfe Wassermelone ohne k\u00fcnstliche Aromen.<\/p><p>Wenn der Rauch eingeatmet wird, schmeckt man sofort den Geschmack einer reifen Sommermelone, \u00e4hnlich einer aufgeschnittenen roten Wassermelone, die vor Saft \u00fcberl\u00e4uft.<\/p><p>Nicht zu s\u00fc\u00df, seine S\u00fc\u00dfe ist mittel bis hoch, ideal f\u00fcr einen l\u00e4ngeren Verzehr.<\/p><h2>Frische Minze :<\/h2><p>Das Gef\u00fchl der Frische ist m\u00e4\u00dfig, nicht das, das direkt auf die Kehle trifft, sondern eher das einer Brise auf der Zungenspitze.<\/p><p>Der Minzgeschmack verschmilzt sehr nat\u00fcrlich und \u00fcberlagert nicht den Geschmack der Wassermelone, sondern vermischt sich und sorgt f\u00fcr ein anhaltendes Gef\u00fchl der Frische.<\/p><p>Das Gef\u00fchl der Frische ist beim Ausatmen st\u00e4rker ausgepr\u00e4gt und hinterl\u00e4sst ein leichtes Frischegef\u00fchl in den Nasenh\u00f6hlen und im Rachen, mit einem klaren und deutlichen Nachgeschmack.<\/p><h2>Leichte fruchtige S\u00e4ure (Nebenton) :<\/h2><p>Obwohl er haupts\u00e4chlich s\u00fc\u00df ist, kann beim Einatmen ein Hauch von fruchtiger S\u00e4ure wahrgenommen werden, was dem Gesamtgeschmack eine ausgepr\u00e4gtere Komplexit\u00e4t verleiht.<\/p><p>Sie verst\u00e4rkt die Authentizit\u00e4t des Geschmacks und bringt ihn n\u00e4her an ein nat\u00fcrliches Fruchtaroma als an den einer E-Zigarette mit reinem Sirup.<\/p><h2>Eigenschaften der Geschmacksrichtung Lush Ice :<\/h2><p>S\u00fc\u00dfe: mittelhoch, s\u00fc\u00df, ohne fettig zu sein, nahe an der nat\u00fcrlichen S\u00fc\u00dfe der Wassermelone.<\/p><p>Frischegef\u00fchl: mittel bis leicht, angenehm, ohne zu sehr anzuregen, geeignet f\u00fcr den t\u00e4glichen Konsum.<\/p><p>Fruchtige Authentizit\u00e4t: relativ hoch, simuliert das nat\u00fcrliche Aroma von reifem Wassermelonensaft mit einem leicht fleischigen Gef\u00fchl.<\/p><p>Geschmacksebenen: Ja, der s\u00fc\u00dfe Geschmack der Wassermelone beginnt, gefolgt von einer frischen Minznote, und der Abgang ist leicht s\u00e4uerlich und erfrischend.<\/p><p>Geeignet f\u00fcr Menschen, die s\u00fc\u00dfe, fruchtige und m\u00e4\u00dfig frische Geschmacksrichtungen m\u00f6gen.<\/p><h2>Lange Laufzeit - Eingebauter wiederaufladbarer 850-mAh-Akku<\/h2><p>Die RandM Tornado 12000 Lush Ice ist mit einem wiederaufladbaren Hochleistungs-Lithium-Akku mit 850 mAh f\u00fcr eine lange Nutzungsdauer ausgestattet. Das schnelle Aufladen \u00fcber die USB-Typ-C-Schnittstelle verk\u00fcrzt die Wartezeit und sorgt f\u00fcr ein kontinuierlicheres Dampferlebnis. Im Vergleich zu herk\u00f6mmlichen elektronischen Einwegzigaretten mit nicht wiederaufladbarem Akku ist diese Konfiguration nachhaltiger und umweltfreundlicher.<\/p><h2>E-Liquid mit gro\u00dfer Kapazit\u00e4t - Vorgef\u00fcllt 20 ml<\/h2><p>Die RandM Tornado 12000 Lush Ice bietet bis zu 12000 Z\u00fcge, da sie mit 20 ml hochwertiger E-Liquids vorgef\u00fcllt ist. Dadurch entf\u00e4llt das l\u00e4stige Nachf\u00fcllen von Liquids und Sie erhalten ein lang anhaltendes, ausgewogenes Geschmackserlebnis. Diese gro\u00dfe Kapazit\u00e4t erm\u00f6glicht es, bis zu 12000 Z\u00fcge zu dampfen, so dass Sie vom ersten bis zum letzten Zug einen gleichbleibenden Geschmack genie\u00dfen k\u00f6nnen.<\/p><p>Die fortschrittliche 0,8 \u03a9 Mesh-Widerstandstechnologie verbessert die Erhitzungseffizienz und sorgt f\u00fcr eine gleichm\u00e4\u00dfige Erw\u00e4rmung der E-Fl\u00fcssigkeit, f\u00fcr ein weicheres Gef\u00fchl im Hals, einen reicheren Rauch und eine realistischere Geschmackswiedergabe. Ob Sie nun fruchtige, minzige oder tabakige Aromen bevorzugen, der mesh-Widerstand wird sie perfekt wiedergeben.<\/p><h2>Intelligente LED-Anzeige: Anzeige des Akkuladestands und der verbleibenden Menge an E-Fl\u00fcssigkeit<\/h2><p>Ein intelligentes Farb-LED-Display, das in den K\u00f6rper integriert ist, zeigt in Echtzeit die verbleibende Akkuladung und die verbleibende Menge an E-Fl\u00fcssigkeit an. Dadurch werden pl\u00f6tzliche Unterbrechungen aufgrund von Batterie- oder E-Fl\u00fcssigkeitsmangel vermieden und die Benutzer k\u00f6nnen beruhigter dampfen. Dieses Ph\u00e4nomen, das bei Einwegger\u00e4ten \u00e4u\u00dferst selten auftritt, ist einer der Hauptvorteile dieses Produkts.<\/p><h2>Mehrere Optionen f\u00fcr die Nikotinkonzentration: 2 % \/ 5 %<\/h2><p>Die RandM Tornado 12000 Lush Ice bietet Nikotinkonzentrationen von 2 % (20 mg\/ml) und 5 % (50 mg\/ml), um den Bed\u00fcrfnissen jedes einzelnen Nutzers gerecht zu werden. 2 % eignet sich f\u00fcr E-Zigaretten-Neulinge, w\u00e4hrend 5 % Nutzern, die einen intensiveren Hals-Hit suchen, eine intensive Befriedigung verschafft.<\/p>\t\t\t\t\t\t\t\t<\/div>\n\t\t\t\t<\/div>\n\t\t\t\t\t<\/div>\n\t\t\t\t<\/div>\n\t\t\t\t<\/div>","protected":false},"excerpt":{"rendered":"<p>Lush Ice ist eine klassische Fusion aus eiskalter Wassermelone und Minze. Der Rauch ist vom ersten Moment an erfrischend und s\u00fc\u00df, gefolgt von einer abschlie\u00dfenden Note frischer Minze, wie die Luft an einem fr\u00fchen Herbstmorgen in Frankreich, frisch, aber nicht zu stark, genau richtig. Dieses Lush Ice Aroma ist besonders geeignet, um [...] abzuf\u00fchren.<\/p>","protected":false},"featured_media":6386,"comment_status":"open","ping_status":"closed","template":"","meta":{"site-sidebar-layout":"no-sidebar","site-content-layout":"page-builder","ast-site-content-layout":"normal-width-container","site-content-style":"default","site-sidebar-style":"default","ast-global-header-display":"","ast-banner-title-visibility":"","ast-main-header-display":"","ast-hfb-above-header-display":"","ast-hfb-below-header-display":"","ast-hfb-mobile-header-display":"","site-post-title":"disabled","ast-breadcrumbs-content":"","ast-featured-img":"disabled","footer-sml-layout":"","theme-transparent-header-meta":"default","adv-header-id-meta":"","stick-header-meta":"default","header-above-stick-meta":"","header-main-stick-meta":"","header-below-stick-meta":"","astra-migrate-meta-layouts":"set","ast-page-background-enabled":"default","ast-page-background-meta":{"desktop":{"background-color":"","background-image":"","background-repeat":"repeat","background-position":"center center","background-size":"auto","background-attachment":"scroll","background-type":"","background-media":"","overlay-type":"","overlay-color":"","overlay-opacity":"","overlay-gradient":""},"tablet":{"background-color":"","background-image":"","background-repeat":"repeat","background-position":"center center","background-size":"auto","background-attachment":"scroll","background-type":"","background-media":"","overlay-type":"","overlay-color":"","overlay-opacity":"","overlay-gradient":""},"mobile":{"background-color":"","background-image":"","background-repeat":"repeat","background-position":"center center","background-size":"auto","background-attachment":"scroll","background-type":"","background-media":"","overlay-type":"","overlay-color":"","overlay-opacity":"","overlay-gradient":""}},"ast-content-background-meta":{"desktop":{"background-color":"var(--ast-global-color-5)","background-image":"","background-repeat":"repeat","background-position":"center center","background-size":"auto","background-attachment":"scroll","background-type":"","background-media":"","overlay-type":"","overlay-color":"","overlay-opacity":"","overlay-gradient":""},"tablet":{"background-color":"var(--ast-global-color-5)","background-image":"","background-repeat":"repeat","background-position":"center center","background-size":"auto","background-attachment":"scroll","background-type":"","background-media":"","overlay-type":"","overlay-color":"","overlay-opacity":"","overlay-gradient":""},"mobile":{"background-color":"var(--ast-global-color-5)","background-image":"","background-repeat":"repeat","background-position":"center center","background-size":"auto","background-attachment":"scroll","background-type":"","background-media":"","overlay-type":"","overlay-color":"","overlay-opacity":"","overlay-gradient":""}}},"product_brand":[29],"product_cat":[32,65],"product_tag":[],"class_list":{"0":"post-3729","1":"product","2":"type-product","3":"status-publish","4":"has-post-thumbnail","6":"product_brand-randm-tornado","7":"product_cat-randm-tornado-12000-avec-bobine-en-maille","8":"product_cat-puff-12k-cest-bien-plus-quune-capacite-doublee","9":"desktop-align-center","10":"tablet-align-center","11":"mobile-align-center","12":"ast-product-gallery-layout-horizontal","13":"ast-product-single-variable","14":"ast-product-tabs-layout-horizontal","16":"first","17":"instock","18":"sale","19":"shipping-taxable","20":"purchasable","21":"product-type-variable","22":"has-default-attributes"},"tiered_pricing_type":"fixed","tiered_pricing_fixed_rules":{"30":"9.39","60":"8.79","100":"7.99","200":"7.48","400":"7.23"},"tiered_pricing_product_settings":{"layout":"default","base_unit_name":{"singular":null,"plural":null},"default_variation":null},"tiered_pricing_minimum_quantity":null,"tiered_pricing_roles_data":[],"tiered_pricing_percentage_rules":[],"_links":{"self":[{"href":"https:\/\/puffvapekit.com\/de\/wp-json\/wp\/v2\/product\/3729","targetHints":{"allow":["GET"]}}],"collection":[{"href":"https:\/\/puffvapekit.com\/de\/wp-json\/wp\/v2\/product"}],"about":[{"href":"https:\/\/puffvapekit.com\/de\/wp-json\/wp\/v2\/types\/product"}],"replies":[{"embeddable":true,"href":"https:\/\/puffvapekit.com\/de\/wp-json\/wp\/v2\/comments?post=3729"}],"version-history":[{"count":7,"href":"https:\/\/puffvapekit.com\/de\/wp-json\/wp\/v2\/product\/3729\/revisions"}],"predecessor-version":[{"id":6561,"href":"https:\/\/puffvapekit.com\/de\/wp-json\/wp\/v2\/product\/3729\/revisions\/6561"}],"wp:featuredmedia":[{"embeddable":true,"href":"https:\/\/puffvapekit.com\/de\/wp-json\/wp\/v2\/media\/6386"}],"wp:attachment":[{"href":"https:\/\/puffvapekit.com\/de\/wp-json\/wp\/v2\/media?parent=3729"}],"wp:term":[{"taxonomy":"product_brand","embeddable":true,"href":"https:\/\/puffvapekit.com\/de\/wp-json\/wp\/v2\/product_brand?post=3729"},{"taxonomy":"product_cat","embeddable":true,"href":"https:\/\/puffvapekit.com\/de\/wp-json\/wp\/v2\/product_cat?post=3729"},{"taxonomy":"product_tag","embeddable":true,"href":"https:\/\/puffvapekit.com\/de\/wp-json\/wp\/v2\/product_tag?post=3729"}],"curies":[{"name":"wp","href":"https:\/\/api.w.org\/{rel}","templated":true}]}}