{"id":3738,"date":"2025-07-20T23:25:08","date_gmt":"2025-07-20T23:25:08","guid":{"rendered":"https:\/\/puffvapekit.com\/?post_type=product&#038;p=3738"},"modified":"2026-04-09T12:27:09","modified_gmt":"2026-04-09T12:27:09","slug":"randm-12000-peach-mango-offre-une-douceur-rafraichissante-et-non-grasse","status":"publish","type":"product","link":"https:\/\/puffvapekit.com\/de\/product\/randm-12000-peach-mango-bietet-eine-erfrischende-nicht-fettende-weichheit\/","title":{"rendered":"RandM Tornado 12000 - Peach Mango"},"content":{"rendered":"<div data-elementor-type=\"wp-post\" data-elementor-id=\"3738\" class=\"elementor elementor-3738\">\n\t\t\t\t<div class=\"elementor-element elementor-element-5367c11 e-flex e-con-boxed e-con e-parent\" data-id=\"5367c11\" data-element_type=\"container\" data-e-type=\"container\">\n\t\t\t\t\t<div class=\"e-con-inner\">\n\t\t\t\t<div class=\"elementor-element elementor-element-1704875 elementor-widget elementor-widget-text-editor\" data-id=\"1704875\" data-element_type=\"widget\" data-e-type=\"widget\" data-widget_type=\"text-editor.default\">\n\t\t\t\t<div class=\"elementor-widget-container\">\n\t\t\t\t\t\t\t\t\t<p>Dieser Pfirsich-Mango-Geschmack ist von tropischen Obstg\u00e4rten inspiriert und verbindet auf intelligente Weise die S\u00fc\u00dfe von Pfirsichen mit der F\u00fclle von Mangos und bietet eine erfrischende, nicht fettende S\u00fc\u00dfe, wie die Sonne am Anfang des Sommers. Mit jeder Inhalation f\u00fchlen Sie sich wie in einem sonnigen Obstgarten in S\u00fcdfrankreich, mit einem intensiven fruchtigen Aroma, als w\u00fcrden Sie einen exquisiten franz\u00f6sischen Urlaub genie\u00dfen.<\/p><p>In Frankreich ist die Philosophie des \u00abGenie\u00dfens des Augenblicks\u00bb sehr pr\u00e4sent. Das Aroma Pfirsich Mango ist ein k\u00f6stlicher Abschluss dieser Philosophie: subtil intensiv, charmant, lang anhaltend und ideal, um in aller Ruhe das Lesen, Ausruhen oder Spazierengehen zu begleiten. Besonders an Abenden unter der Woche oder in den ruhigen Momenten des Wochenendes ist die Verwendung als Ersatz f\u00fcr herk\u00f6mmliche Zigaretten nicht nur eine Ver\u00e4nderung des Lebensstils, sondern auch eine ges\u00fcndere und freiere Art, sich auszudr\u00fccken.<\/p><p>Die RandM Tornado 12000 Pfirsich Mango ist mehr als nur eine elektronische Zigarette, sie ist auch eine Gourmetreise, auf der man sich f\u00fcr einen Moment entspannen kann. Lassen Sie das fruchtige Aroma Ihre Geschmacksknospen wecken, lassen Sie sich von der Technologie beruhigen und finden Sie zwischen jedem Zug den Rhythmus und die Freude am Leben wieder.<\/p><h2>Aroma Pfirsich :<\/h2><p>Geschmacksebene: Der Rauch ist mild und s\u00fc\u00df mit einem leicht fleischigen Gef\u00fchl, \u00e4hnlich wie bei einem wei\u00dfen Pfirsich oder einem reifen Pfirsich mit reichem Saft.<\/p><p>Aromaleistung: Sein blumiger Duft erinnert an das nat\u00fcrliche Aroma eines frischen Pfirsichs.<\/p><p>Kontrolle der S\u00fc\u00dfe: s\u00fc\u00df, ohne fettig zu sein, mit einer Tendenz zu einem authentischen Fruchtaroma.<\/p><h2>Mangoteil :<\/h2><p>Geschmacksrichtung: Der Geschmack ist reich und vollmundig und erinnert an die Alphonso-Mango.<\/p><p>S\u00fc\u00df-saure Balance: Die Mango weist eine leichte S\u00e4ure auf, die dem Ganzen Frische und Komplexit\u00e4t verleiht.<\/p><p>Grundlegendes Aroma: Der Geschmack ist unverwechselbar nach tropischen Fr\u00fcchten und erinnert an Mangosaft.<\/p><h2>Lange Laufzeit - Eingebauter wiederaufladbarer 850-mAh-Akku<\/h2><p>Die RandM Tornado 12000 Peach Mango ist mit einem wiederaufladbaren Hochleistungs-Lithium-Akku mit 850 mAh ausgestattet, der f\u00fcr eine lange Nutzungsdauer sorgt. Das schnelle Aufladen \u00fcber die USB-Typ-C-Schnittstelle verk\u00fcrzt die Wartezeit und sorgt f\u00fcr ein kontinuierlicheres Dampferlebnis. Im Vergleich zu herk\u00f6mmlichen elektronischen Einwegzigaretten mit nicht wiederaufladbarem Akku ist diese Konfiguration nachhaltiger und umweltfreundlicher.<\/p><h2>E-Liquid mit gro\u00dfer Kapazit\u00e4t - Vorgef\u00fcllt 20 ml<\/h2><p>Der RandM Tornado 12000 Peach Mango bietet bis zu 12000 Z\u00fcge, da er mit 20 ml hochwertiger E-Fl\u00fcssigkeit vorgef\u00fcllt ist. Dadurch entf\u00e4llt das l\u00e4stige Nachf\u00fcllen von Fl\u00fcssigkeit und Sie erhalten ein langanhaltendes, ausgewogenes Geschmackserlebnis. Diese gro\u00dfe Kapazit\u00e4t erm\u00f6glicht es, bis zu 12000 Z\u00fcge zu dampfen, so dass Sie vom ersten bis zum letzten Zug einen gleichbleibenden Geschmack genie\u00dfen k\u00f6nnen.<\/p><p>Die fortschrittliche 0,8 \u03a9 Mesh-Widerstandstechnologie verbessert die Erhitzungseffizienz und sorgt f\u00fcr eine gleichm\u00e4\u00dfige Erw\u00e4rmung der E-Fl\u00fcssigkeit, f\u00fcr ein weicheres Gef\u00fchl im Hals, einen reicheren Rauch und eine realistischere Geschmackswiedergabe. Ob Sie nun fruchtige, minzige oder tabakige Aromen bevorzugen, der mesh-Widerstand wird sie perfekt wiedergeben.<\/p><h2>Intelligente LED-Anzeige: Anzeige des Akkuladestands und der verbleibenden Menge an E-Fl\u00fcssigkeit<\/h2><p>Ein intelligentes Farb-LED-Display, das in den K\u00f6rper integriert ist, zeigt in Echtzeit die verbleibende Akkuladung und die verbleibende Menge an E-Fl\u00fcssigkeit an. Dadurch werden pl\u00f6tzliche Unterbrechungen aufgrund von Batterie- oder E-Fl\u00fcssigkeitsmangel vermieden und die Benutzer k\u00f6nnen beruhigter dampfen. Dieses Ph\u00e4nomen, das bei Einwegger\u00e4ten \u00e4u\u00dferst selten auftritt, ist einer der Hauptvorteile dieses Produkts.<\/p><h2>Mehrere Optionen f\u00fcr die Nikotinkonzentration: 2 % \/ 5 %<\/h2><p>Die RandM Tornado 12000 Peach Mango bietet Nikotinkonzentrationen von 2 % (20 mg\/ml) und 5 % (50 mg\/ml), um den Bed\u00fcrfnissen jedes einzelnen Nutzers gerecht zu werden. 2 % eignet sich f\u00fcr E-Zigaretten-Neulinge, w\u00e4hrend 5 % Benutzern, die einen intensiveren Hals-Hit suchen, eine intensive Befriedigung verschafft.<\/p>\t\t\t\t\t\t\t\t<\/div>\n\t\t\t\t<\/div>\n\t\t\t\t\t<\/div>\n\t\t\t\t<\/div>\n\t\t\t\t<\/div>","protected":false},"excerpt":{"rendered":"<p>Dieser Pfirsich-Mango-Geschmack ist von tropischen Obstg\u00e4rten inspiriert und verbindet auf intelligente Weise die S\u00fc\u00dfe von Pfirsichen mit der F\u00fclle von Mangos und bietet eine erfrischende, nicht fettende S\u00fc\u00dfe wie eine fr\u00fchsommerliche Sonne. Bei jeder Inhalation werden Sie sich wie in einem sonnigen Obstgarten in S\u00fcdfrankreich f\u00fchlen, mit einem fruchtigen Aroma [...].<\/p>","protected":false},"featured_media":3597,"comment_status":"open","ping_status":"closed","template":"","meta":{"site-sidebar-layout":"no-sidebar","site-content-layout":"page-builder","ast-site-content-layout":"normal-width-container","site-content-style":"default","site-sidebar-style":"default","ast-global-header-display":"","ast-banner-title-visibility":"","ast-main-header-display":"","ast-hfb-above-header-display":"","ast-hfb-below-header-display":"","ast-hfb-mobile-header-display":"","site-post-title":"disabled","ast-breadcrumbs-content":"","ast-featured-img":"disabled","footer-sml-layout":"","ast-disable-related-posts":"","theme-transparent-header-meta":"default","adv-header-id-meta":"","stick-header-meta":"default","header-above-stick-meta":"","header-main-stick-meta":"","header-below-stick-meta":"","astra-migrate-meta-layouts":"set","ast-page-background-enabled":"default","ast-page-background-meta":{"desktop":{"background-color":"","background-image":"","background-repeat":"repeat","background-position":"center center","background-size":"auto","background-attachment":"scroll","background-type":"","background-media":"","overlay-type":"","overlay-color":"","overlay-opacity":"","overlay-gradient":""},"tablet":{"background-color":"","background-image":"","background-repeat":"repeat","background-position":"center center","background-size":"auto","background-attachment":"scroll","background-type":"","background-media":"","overlay-type":"","overlay-color":"","overlay-opacity":"","overlay-gradient":""},"mobile":{"background-color":"","background-image":"","background-repeat":"repeat","background-position":"center center","background-size":"auto","background-attachment":"scroll","background-type":"","background-media":"","overlay-type":"","overlay-color":"","overlay-opacity":"","overlay-gradient":""}},"ast-content-background-meta":{"desktop":{"background-color":"var(--ast-global-color-5)","background-image":"","background-repeat":"repeat","background-position":"center center","background-size":"auto","background-attachment":"scroll","background-type":"","background-media":"","overlay-type":"","overlay-color":"","overlay-opacity":"","overlay-gradient":""},"tablet":{"background-color":"var(--ast-global-color-5)","background-image":"","background-repeat":"repeat","background-position":"center center","background-size":"auto","background-attachment":"scroll","background-type":"","background-media":"","overlay-type":"","overlay-color":"","overlay-opacity":"","overlay-gradient":""},"mobile":{"background-color":"var(--ast-global-color-5)","background-image":"","background-repeat":"repeat","background-position":"center center","background-size":"auto","background-attachment":"scroll","background-type":"","background-media":"","overlay-type":"","overlay-color":"","overlay-opacity":"","overlay-gradient":""}}},"product_brand":[29],"product_cat":[32,65],"product_tag":[],"class_list":{"0":"post-3738","1":"product","2":"type-product","3":"status-publish","4":"has-post-thumbnail","6":"product_brand-randm-tornado","7":"product_cat-randm-tornado-12000-avec-bobine-en-maille","8":"product_cat-puff-12k-cest-bien-plus-quune-capacite-doublee","9":"desktop-align-center","10":"tablet-align-center","11":"mobile-align-center","12":"ast-product-gallery-layout-horizontal","13":"ast-product-gallery-with-no-image","14":"ast-product-single-variable","15":"ast-product-tabs-layout-horizontal","17":"first","18":"instock","19":"sale","20":"shipping-taxable","21":"purchasable","22":"product-type-variable","23":"has-default-attributes"},"tiered_pricing_type":"fixed","tiered_pricing_fixed_rules":{"30":"9.39","60":"8.79","100":"7.99","200":"7.48","400":"7.23"},"tiered_pricing_product_settings":{"layout":"default","base_unit_name":{"singular":null,"plural":null},"default_variation":null},"tiered_pricing_minimum_quantity":null,"tiered_pricing_roles_data":[],"tiered_pricing_percentage_rules":[],"_links":{"self":[{"href":"https:\/\/puffvapekit.com\/de\/wp-json\/wp\/v2\/product\/3738","targetHints":{"allow":["GET"]}}],"collection":[{"href":"https:\/\/puffvapekit.com\/de\/wp-json\/wp\/v2\/product"}],"about":[{"href":"https:\/\/puffvapekit.com\/de\/wp-json\/wp\/v2\/types\/product"}],"replies":[{"embeddable":true,"href":"https:\/\/puffvapekit.com\/de\/wp-json\/wp\/v2\/comments?post=3738"}],"version-history":[{"count":11,"href":"https:\/\/puffvapekit.com\/de\/wp-json\/wp\/v2\/product\/3738\/revisions"}],"predecessor-version":[{"id":11940,"href":"https:\/\/puffvapekit.com\/de\/wp-json\/wp\/v2\/product\/3738\/revisions\/11940"}],"wp:featuredmedia":[{"embeddable":true,"href":"https:\/\/puffvapekit.com\/de\/wp-json\/wp\/v2\/media\/3597"}],"wp:attachment":[{"href":"https:\/\/puffvapekit.com\/de\/wp-json\/wp\/v2\/media?parent=3738"}],"wp:term":[{"taxonomy":"product_brand","embeddable":true,"href":"https:\/\/puffvapekit.com\/de\/wp-json\/wp\/v2\/product_brand?post=3738"},{"taxonomy":"product_cat","embeddable":true,"href":"https:\/\/puffvapekit.com\/de\/wp-json\/wp\/v2\/product_cat?post=3738"},{"taxonomy":"product_tag","embeddable":true,"href":"https:\/\/puffvapekit.com\/de\/wp-json\/wp\/v2\/product_tag?post=3738"}],"curies":[{"name":"wp","href":"https:\/\/api.w.org\/{rel}","templated":true}]}}