{"id":3751,"date":"2025-07-21T05:34:16","date_gmt":"2025-07-21T05:34:16","guid":{"rendered":"https:\/\/puffvapekit.com\/?post_type=product&#038;p=3751"},"modified":"2026-04-09T12:27:08","modified_gmt":"2026-04-09T12:27:08","slug":"randm-12000-black-ice-est-un-arome-qui-allie-larome","status":"publish","type":"product","link":"https:\/\/puffvapekit.com\/de\/product\/randm-12000-black-ice-ist-ein-aroma-das-larome-vereint\/","title":{"rendered":"RandM Tornado 12000 - Black Ice"},"content":{"rendered":"<div data-elementor-type=\"wp-post\" data-elementor-id=\"3751\" class=\"elementor elementor-3751\">\n\t\t\t\t<div class=\"elementor-element elementor-element-5367c11 e-flex e-con-boxed e-con e-parent\" data-id=\"5367c11\" data-element_type=\"container\" data-e-type=\"container\">\n\t\t\t\t\t<div class=\"e-con-inner\">\n\t\t\t\t<div class=\"elementor-element elementor-element-1704875 elementor-widget elementor-widget-text-editor\" data-id=\"1704875\" data-element_type=\"widget\" data-e-type=\"widget\" data-widget_type=\"text-editor.default\">\n\t\t\t\t<div class=\"elementor-widget-container\">\n\t\t\t\t\t\t\t\t\t<p>Black Ice ist ein Aroma f\u00fcr elektronische Zigaretten, das das Aroma schwarzer Beeren mit der Frische frischer Minze verbindet und ein erfrischendes, belebendes und gleichzeitig komplexes Inhalationserlebnis bietet. Der Rauch verstr\u00f6mt ein s\u00fc\u00dfes, anhaltendes Fruchtaroma auf der Zungenspitze, gefolgt von einem k\u00fchlenden Gef\u00fchl wie eine frische Mitternachtsbrise, was ein Gef\u00fchl von Frische, Ruhe und Zur\u00fcckhaltung vermittelt.<\/p><h2>Haupttonart: Schwarze Johannisbeere<\/h2><p>Geschmackseigenschaften: Die schwarze Johannisbeere verleiht dieser E-Zigarette die S\u00fc\u00dfe und S\u00e4ure der schwarzen Beeren, mit einem nat\u00fcrlichen fruchtigen Aroma und einem Hauch von S\u00e4ure.<\/p><p>Geschmacksdetails: Bei der Inhalation nimmt man zuerst das reiche fruchtige Aroma der schwarzen Johannisbeere wahr, wie ein frisch gepresster Saft, mit einer leichten Note von wilden Fr\u00fcchten.<\/p><h2>K\u00e4ltemodulation (Menthol)<\/h2><p>Geschmackseigenschaften: Wenn sich das fruchtige Aroma ausbreitet, dringt schnell ein starkes Gef\u00fchl von frischer Minze in den Mund und Rachenraum ein und sorgt f\u00fcr ein erfrischendes Gef\u00fchl.<\/p><p>Geschmacksdetails: Dieses eisige Gef\u00fchl \u00fcberlagert das fruchtige Aroma und erzeugt ein Gef\u00fchl wie ein kalter Wind im Gesicht, erfrischend und langanhaltend ohne Irritationen, ideal f\u00fcr Liebhaber des \u00abeisigen Explosionsgef\u00fchls\u00bb.<\/p><h2>Abgang: Ausgewogenes Verh\u00e4ltnis zwischen S\u00fc\u00dfe und S\u00e4ure<\/h2><p>Geschmackseigenschaften: Nach der Inhalation zeigen sich im Nachgeschmack ein Hauch von fruchtiger S\u00e4ure und eine nat\u00fcrliche S\u00fc\u00dfe, die nicht \u00fcberm\u00e4\u00dfig s\u00fc\u00df ist und ein erfrischendes Gef\u00fchl \u00e4hnlich dem eines kalt aufgebr\u00fchten Fr\u00fcchtetees bietet.<\/p><p>Geschmacksdetails: Wenn das K\u00e4ltegef\u00fchl nachl\u00e4sst, kommt das fruchtige Aroma der schwarzen Johannisbeere zur\u00fcck und hinterl\u00e4sst einen leicht fruchtigen Nachgeschmack im Mund, der frisch und lang anhaltend ist.<\/p><h2>Allgemeiner Stil der Geschmacksrichtung Black Ice und die beteiligten Personen :<\/h2><p>Zusammenfassung: Black Ice ist ein facettenreicher Geschmack mit einem ausgepr\u00e4gten Frischegef\u00fchl und klaren Fruchtaromen, die gleichzeitig intensiv und frisch sind.<\/p><p>Die Geschmacksrichtung Black Ice ist f\u00fcr folgende Personen geeignet:<\/p><p>Diejenigen, die das Gef\u00fchl intensiver Frische sch\u00e4tzen ;<\/p><p>Diejenigen, die den Geschmack von roten Fr\u00fcchten (insbesondere schwarze Johannisbeere) bevorzugen ;<\/p><p>Personen, die ihren Atem auffrischen und Mundgeruch loswerden m\u00f6chten.<\/p><h2>Lange Laufzeit - Eingebauter wiederaufladbarer 850-mAh-Akku<\/h2><p>Der RandM Tornado 12000 Black Ice ist mit einem wiederaufladbaren Hochleistungs-Lithium-Akku mit 850 mAh ausgestattet, der eine lange Nutzungsdauer erm\u00f6glicht. Das schnelle Aufladen \u00fcber die USB-Typ-C-Schnittstelle verk\u00fcrzt die Wartezeit und sorgt f\u00fcr ein kontinuierlicheres Dampferlebnis. Im Vergleich zu herk\u00f6mmlichen elektronischen Einwegzigaretten mit nicht wiederaufladbarem Akku ist diese Konfiguration nachhaltiger und umweltfreundlicher.<\/p><h2>E-Liquid mit gro\u00dfer Kapazit\u00e4t - Vorgef\u00fcllt 20 ml<\/h2><p>Die RandM Tornado 12000 Black Ice bietet bis zu 12000 Z\u00fcge, da sie mit 20 ml hochwertiger E-Liquids vorgef\u00fcllt ist. Dadurch entf\u00e4llt das l\u00e4stige Nachf\u00fcllen von Liquids und Sie erhalten ein lang anhaltendes, ausgewogenes Geschmackserlebnis. Diese gro\u00dfe Kapazit\u00e4t erm\u00f6glicht es, bis zu 12000 Z\u00fcge zu dampfen, so dass Sie vom ersten bis zum letzten Zug einen gleichbleibenden Geschmack genie\u00dfen k\u00f6nnen.<\/p><p>Die fortschrittliche 0,8 \u03a9 Mesh-Widerstandstechnologie verbessert die Erhitzungseffizienz und sorgt f\u00fcr eine gleichm\u00e4\u00dfige Erw\u00e4rmung der E-Fl\u00fcssigkeit, f\u00fcr ein weicheres Gef\u00fchl im Hals, einen reicheren Rauch und eine realistischere Geschmackswiedergabe. Ob Sie nun fruchtige, minzige oder tabakige Aromen bevorzugen, der mesh-Widerstand wird sie perfekt wiedergeben.<\/p><h2>Intelligente LED-Anzeige: Anzeige des Akkuladestands und der verbleibenden Menge an E-Fl\u00fcssigkeit<\/h2><p>Ein intelligentes Farb-LED-Display, das in den K\u00f6rper integriert ist, zeigt in Echtzeit die verbleibende Akkuladung und die verbleibende Menge an E-Fl\u00fcssigkeit an. Dadurch werden pl\u00f6tzliche Unterbrechungen aufgrund von Batterie- oder E-Fl\u00fcssigkeitsmangel vermieden und die Benutzer k\u00f6nnen beruhigter dampfen. Dieses Ph\u00e4nomen, das bei Einwegger\u00e4ten \u00e4u\u00dferst selten auftritt, ist einer der Hauptvorteile dieses Produkts.<\/p><h2>Mehrere Optionen f\u00fcr die Nikotinkonzentration: 2 % \/ 5 %<\/h2><p>Die RandM Tornado 12000 Black Ice bietet Nikotinkonzentrationen von 2 % (20 mg\/ml) und 5 % (50 mg\/ml), um den Bed\u00fcrfnissen jedes einzelnen Nutzers gerecht zu werden. 2 % eignet sich f\u00fcr E-Zigaretten-Neulinge, w\u00e4hrend 5 % Nutzern, die einen intensiveren Hals-Hit suchen, eine intensive Befriedigung verschafft.<\/p>\t\t\t\t\t\t\t\t<\/div>\n\t\t\t\t<\/div>\n\t\t\t\t\t<\/div>\n\t\t\t\t<\/div>\n\t\t\t\t<\/div>","protected":false},"excerpt":{"rendered":"<p>Black Ice ist ein Aroma f\u00fcr elektronische Zigaretten, das das Aroma schwarzer Beeren mit der Frische frischer Minze verbindet und ein erfrischendes, belebendes und gleichzeitig komplexes Inhalationserlebnis bietet. Der Rauch verstr\u00f6mt ein s\u00fc\u00dfes, fruchtiges Aroma, das auf der Zungenspitze anh\u00e4lt, gefolgt von einem k\u00fchlenden Gef\u00fchl wie eine frische Brise [...].<\/p>","protected":false},"featured_media":6362,"comment_status":"open","ping_status":"closed","template":"","meta":{"site-sidebar-layout":"no-sidebar","site-content-layout":"page-builder","ast-site-content-layout":"normal-width-container","site-content-style":"default","site-sidebar-style":"default","ast-global-header-display":"","ast-banner-title-visibility":"","ast-main-header-display":"","ast-hfb-above-header-display":"","ast-hfb-below-header-display":"","ast-hfb-mobile-header-display":"","site-post-title":"disabled","ast-breadcrumbs-content":"","ast-featured-img":"disabled","footer-sml-layout":"","theme-transparent-header-meta":"default","adv-header-id-meta":"","stick-header-meta":"default","header-above-stick-meta":"","header-main-stick-meta":"","header-below-stick-meta":"","astra-migrate-meta-layouts":"set","ast-page-background-enabled":"default","ast-page-background-meta":{"desktop":{"background-color":"","background-image":"","background-repeat":"repeat","background-position":"center center","background-size":"auto","background-attachment":"scroll","background-type":"","background-media":"","overlay-type":"","overlay-color":"","overlay-opacity":"","overlay-gradient":""},"tablet":{"background-color":"","background-image":"","background-repeat":"repeat","background-position":"center center","background-size":"auto","background-attachment":"scroll","background-type":"","background-media":"","overlay-type":"","overlay-color":"","overlay-opacity":"","overlay-gradient":""},"mobile":{"background-color":"","background-image":"","background-repeat":"repeat","background-position":"center center","background-size":"auto","background-attachment":"scroll","background-type":"","background-media":"","overlay-type":"","overlay-color":"","overlay-opacity":"","overlay-gradient":""}},"ast-content-background-meta":{"desktop":{"background-color":"var(--ast-global-color-5)","background-image":"","background-repeat":"repeat","background-position":"center center","background-size":"auto","background-attachment":"scroll","background-type":"","background-media":"","overlay-type":"","overlay-color":"","overlay-opacity":"","overlay-gradient":""},"tablet":{"background-color":"var(--ast-global-color-5)","background-image":"","background-repeat":"repeat","background-position":"center center","background-size":"auto","background-attachment":"scroll","background-type":"","background-media":"","overlay-type":"","overlay-color":"","overlay-opacity":"","overlay-gradient":""},"mobile":{"background-color":"var(--ast-global-color-5)","background-image":"","background-repeat":"repeat","background-position":"center center","background-size":"auto","background-attachment":"scroll","background-type":"","background-media":"","overlay-type":"","overlay-color":"","overlay-opacity":"","overlay-gradient":""}}},"product_brand":[29],"product_cat":[32,65],"product_tag":[],"class_list":{"0":"post-3751","1":"product","2":"type-product","3":"status-publish","4":"has-post-thumbnail","6":"product_brand-randm-tornado","7":"product_cat-randm-tornado-12000-avec-bobine-en-maille","8":"product_cat-puff-12k-cest-bien-plus-quune-capacite-doublee","9":"desktop-align-center","10":"tablet-align-center","11":"mobile-align-center","12":"ast-product-gallery-layout-horizontal","13":"ast-product-single-variable","14":"ast-product-tabs-layout-horizontal","16":"first","17":"instock","18":"sale","19":"shipping-taxable","20":"purchasable","21":"product-type-variable","22":"has-default-attributes"},"tiered_pricing_type":"fixed","tiered_pricing_fixed_rules":{"30":"9.39","60":"8.79","100":"7.99","200":"7.48","400":"7.23"},"tiered_pricing_product_settings":{"layout":"default","base_unit_name":{"singular":null,"plural":null},"default_variation":null},"tiered_pricing_minimum_quantity":null,"tiered_pricing_roles_data":[],"tiered_pricing_percentage_rules":[],"_links":{"self":[{"href":"https:\/\/puffvapekit.com\/de\/wp-json\/wp\/v2\/product\/3751","targetHints":{"allow":["GET"]}}],"collection":[{"href":"https:\/\/puffvapekit.com\/de\/wp-json\/wp\/v2\/product"}],"about":[{"href":"https:\/\/puffvapekit.com\/de\/wp-json\/wp\/v2\/types\/product"}],"replies":[{"embeddable":true,"href":"https:\/\/puffvapekit.com\/de\/wp-json\/wp\/v2\/comments?post=3751"}],"version-history":[{"count":7,"href":"https:\/\/puffvapekit.com\/de\/wp-json\/wp\/v2\/product\/3751\/revisions"}],"predecessor-version":[{"id":6560,"href":"https:\/\/puffvapekit.com\/de\/wp-json\/wp\/v2\/product\/3751\/revisions\/6560"}],"wp:featuredmedia":[{"embeddable":true,"href":"https:\/\/puffvapekit.com\/de\/wp-json\/wp\/v2\/media\/6362"}],"wp:attachment":[{"href":"https:\/\/puffvapekit.com\/de\/wp-json\/wp\/v2\/media?parent=3751"}],"wp:term":[{"taxonomy":"product_brand","embeddable":true,"href":"https:\/\/puffvapekit.com\/de\/wp-json\/wp\/v2\/product_brand?post=3751"},{"taxonomy":"product_cat","embeddable":true,"href":"https:\/\/puffvapekit.com\/de\/wp-json\/wp\/v2\/product_cat?post=3751"},{"taxonomy":"product_tag","embeddable":true,"href":"https:\/\/puffvapekit.com\/de\/wp-json\/wp\/v2\/product_tag?post=3751"}],"curies":[{"name":"wp","href":"https:\/\/api.w.org\/{rel}","templated":true}]}}