{"id":3760,"date":"2025-07-21T07:45:52","date_gmt":"2025-07-21T07:45:52","guid":{"rendered":"https:\/\/puffvapekit.com\/?post_type=product&#038;p=3760"},"modified":"2026-04-09T12:27:03","modified_gmt":"2026-04-09T12:27:03","slug":"randm-12000-fraise-red-bull-offre-un-arriere-gout-rafraichissant","status":"publish","type":"product","link":"https:\/\/puffvapekit.com\/de\/product\/randm-12000-red-bull-erdbeere-bietet-einen-erfrischenden-nachgeschmack\/","title":{"rendered":"RandM Tornado 12000 - Strawberry Red Bull"},"content":{"rendered":"<div data-elementor-type=\"wp-post\" data-elementor-id=\"3760\" class=\"elementor elementor-3760\">\n\t\t\t\t<div class=\"elementor-element elementor-element-5367c11 e-flex e-con-boxed e-con e-parent\" data-id=\"5367c11\" data-element_type=\"container\" data-e-type=\"container\">\n\t\t\t\t\t<div class=\"e-con-inner\">\n\t\t\t\t<div class=\"elementor-element elementor-element-1704875 elementor-widget elementor-widget-text-editor\" data-id=\"1704875\" data-element_type=\"widget\" data-e-type=\"widget\" data-widget_type=\"text-editor.default\">\n\t\t\t\t<div class=\"elementor-widget-container\">\n\t\t\t\t\t\t\t\t\t<p>Dieser Red Bull Erdbeerduft verbindet auf intelligente Weise die nat\u00fcrliche S\u00fc\u00dfe von Walderdbeeren mit der leicht anregenden Energie von Red Bull-Getr\u00e4nken. Wenn Sie den Rauch sanft einatmen, werden Sie sich f\u00fchlen, als w\u00e4ren Sie an einem Sommerabend an der K\u00fcste von Nizza. S\u00fc\u00df, aber nicht fettig, mit einem erfrischenden Nachgeschmack, bietet er ein einzigartiges Gef\u00fchl zwischen fruchtigem Aroma und Energydrink.<\/p><p>Die RandM Tornado 12000 - Erdbeere Red Bull ist mit einer fortschrittlichen Widerstandstechnologie mit 0,8 \u03a9 Maschenweite ausgestattet, wodurch das Aroma Erdbeere Red Bull Schicht f\u00fcr Schicht abgegeben wird. Der Rauch ist zart und voll, wie ein Parf\u00fcm, mit einem deutlichen Erlebnis von Kopf-, Herz- und Basisnoten.<\/p><h2>Erdbeeraroma<\/h2><p>Kopfnote: Beim Rauchen ist der erste Eindruck der s\u00fc\u00dfe Duft von reifen Erdbeeren, wie frisch gepfl\u00fcckt, mit einem nat\u00fcrlichen Fruchtaroma und einem Hauch von S\u00e4ure.<\/p><p>Textur: S\u00fc\u00dfer Geschmack, m\u00e4\u00dfige S\u00fc\u00dfe, nicht fettig, mit einem Gef\u00fchl von echter Fruchtigkeit, eher als ein einfacher Bonbongeschmack.<\/p><p>Nachgeschmack: Der Nachgeschmack von Erdbeeren bleibt bestehen und verbindet sich harmonisch mit dem Red-Bull-Aroma.<\/p><h2>Red-Bull-Aroma<\/h2><p>Durchschnittlich: Nach der Erdbeere tritt allm\u00e4hlich das einzigartige Aroma des Red Bull Energy Drinks hervor. Dieses Aroma weist ein leichtes Kr\u00e4uteraroma, einen Hauch von Zitrusfr\u00fcchten und eine leichte Karbonisierung auf und simuliert den einzigartigen Geschmack eines echten Energydrinks.<\/p><p>Aromaleistung: Das Gef\u00fchl ist sowohl erfrischend als auch leicht irritierend, \u00e4hnlich wie bei einem eisgek\u00fchlten Red Bull.<\/p><h2>Allgemeiner Geschmack von Red Bull Erdbeere<\/h2><p>Balance: Das fruchtige Aroma der Erdbeere und die anregende Frische von Red Bull bieten eine gute Balance zwischen S\u00fc\u00dfe und S\u00e4ure. Der Gesamtgeschmack ist leicht und eignet sich f\u00fcr einen l\u00e4ngeren Konsum.<\/p><p>R\u00fcckst\u00e4nde im Mund: Nach dem Einatmen des Rauchs bleibt ein Hauch von S\u00fc\u00dfe und Frische im Mund zur\u00fcck, mit einem besonderen Aroma von Energydrinks und einem anhaltenden Nachgeschmack.<\/p><p>Erfrischung : Leicht k\u00fchl, aber weniger intensiv als die traditionelle Minze, erinnert eher an das eisige Gef\u00fchl von Getr\u00e4nken.<\/p><h2>Lange Laufzeit - Eingebauter wiederaufladbarer 850-mAh-Akku<\/h2><p>Die RandM Tornado 12000 Strawberry Red Bull ist mit einem wiederaufladbaren Hochleistungs-Lithium-Akku mit 850 mAh ausgestattet, der f\u00fcr eine lange Nutzungsdauer sorgt. Das schnelle Aufladen \u00fcber die USB-Typ-C-Schnittstelle verk\u00fcrzt die Wartezeit und sorgt f\u00fcr ein kontinuierlicheres Dampferlebnis. Im Vergleich zu herk\u00f6mmlichen elektronischen Einwegzigaretten mit nicht wiederaufladbarem Akku ist diese Konfiguration nachhaltiger und umweltfreundlicher.<\/p><h2>E-Liquid mit gro\u00dfer Kapazit\u00e4t - Vorgef\u00fcllt 20 ml<\/h2><p>Der RandM Tornado 12000 Strawberry Red Bull bietet bis zu 12000 Z\u00fcge, da er mit 20 ml hochwertiger E-Liquids vorgef\u00fcllt ist. Dadurch entf\u00e4llt das l\u00e4stige Nachf\u00fcllen von Liquid und Sie erhalten ein lang anhaltendes und ausgewogenes Geschmackserlebnis. Diese gro\u00dfe Kapazit\u00e4t erm\u00f6glicht es, bis zu 12000 Z\u00fcge zu dampfen, so dass Sie vom ersten bis zum letzten Zug einen gleichbleibenden Geschmack genie\u00dfen k\u00f6nnen.<\/p><p>Die fortschrittliche 0,8 \u03a9 Mesh-Widerstandstechnologie verbessert die Erhitzungseffizienz und sorgt f\u00fcr eine gleichm\u00e4\u00dfige Erw\u00e4rmung der E-Fl\u00fcssigkeit, f\u00fcr ein weicheres Gef\u00fchl im Hals, einen reicheren Rauch und eine realistischere Geschmackswiedergabe. Ob Sie nun fruchtige, minzige oder tabakige Aromen bevorzugen, der mesh-Widerstand wird sie perfekt wiedergeben.<\/p><h2>Intelligente LED-Anzeige: Anzeige des Akkuladestands und der verbleibenden Menge an E-Fl\u00fcssigkeit<\/h2><p>Ein intelligentes Farb-LED-Display, das in den K\u00f6rper integriert ist, zeigt in Echtzeit die verbleibende Akkuladung und die verbleibende Menge an E-Fl\u00fcssigkeit an. Dadurch werden pl\u00f6tzliche Unterbrechungen aufgrund von Batterie- oder E-Fl\u00fcssigkeitsmangel vermieden und die Benutzer k\u00f6nnen beruhigter dampfen. Dieses Ph\u00e4nomen, das bei Einwegger\u00e4ten \u00e4u\u00dferst selten auftritt, ist einer der Hauptvorteile dieses Produkts.<\/p><h2>Mehrere Optionen f\u00fcr die Nikotinkonzentration: 2 % \/ 5 %<\/h2><p>Die RandM Tornado 12000 Strawberry Red Bull bietet Nikotinkonzentrationen von 2 % (20 mg\/ml) und 5 % (50 mg\/ml), um den Bed\u00fcrfnissen jedes einzelnen Nutzers gerecht zu werden. 2 % eignet sich f\u00fcr E-Zigaretten-Neulinge, w\u00e4hrend 5 % Benutzern, die einen intensiveren Hals-Hit suchen, eine intensive Befriedigung verschafft.<\/p>\t\t\t\t\t\t\t\t<\/div>\n\t\t\t\t<\/div>\n\t\t\t\t\t<\/div>\n\t\t\t\t<\/div>\n\t\t\t\t<\/div>","protected":false},"excerpt":{"rendered":"<p>Dieser Red Bull Erdbeerduft verbindet auf intelligente Weise die nat\u00fcrliche S\u00fc\u00dfe von Walderdbeeren mit der leicht anregenden Energie von Red Bull-Getr\u00e4nken. Wenn Sie den Rauch sanft einatmen, werden Sie sich f\u00fchlen, als w\u00e4ren Sie an einem Sommerabend an der K\u00fcste von Nizza. S\u00fc\u00df, aber nicht fettig, hat er einen erfrischenden Nachgeschmack und bietet ein einzigartiges Gef\u00fchl zwischen fruchtigem Aroma und [...].<\/p>","protected":false},"featured_media":3610,"comment_status":"open","ping_status":"closed","template":"","meta":{"site-sidebar-layout":"no-sidebar","site-content-layout":"page-builder","ast-site-content-layout":"normal-width-container","site-content-style":"default","site-sidebar-style":"default","ast-global-header-display":"","ast-banner-title-visibility":"","ast-main-header-display":"","ast-hfb-above-header-display":"","ast-hfb-below-header-display":"","ast-hfb-mobile-header-display":"","site-post-title":"disabled","ast-breadcrumbs-content":"","ast-featured-img":"disabled","footer-sml-layout":"","theme-transparent-header-meta":"default","adv-header-id-meta":"","stick-header-meta":"default","header-above-stick-meta":"","header-main-stick-meta":"","header-below-stick-meta":"","astra-migrate-meta-layouts":"set","ast-page-background-enabled":"default","ast-page-background-meta":{"desktop":{"background-color":"","background-image":"","background-repeat":"repeat","background-position":"center center","background-size":"auto","background-attachment":"scroll","background-type":"","background-media":"","overlay-type":"","overlay-color":"","overlay-opacity":"","overlay-gradient":""},"tablet":{"background-color":"","background-image":"","background-repeat":"repeat","background-position":"center center","background-size":"auto","background-attachment":"scroll","background-type":"","background-media":"","overlay-type":"","overlay-color":"","overlay-opacity":"","overlay-gradient":""},"mobile":{"background-color":"","background-image":"","background-repeat":"repeat","background-position":"center center","background-size":"auto","background-attachment":"scroll","background-type":"","background-media":"","overlay-type":"","overlay-color":"","overlay-opacity":"","overlay-gradient":""}},"ast-content-background-meta":{"desktop":{"background-color":"var(--ast-global-color-5)","background-image":"","background-repeat":"repeat","background-position":"center center","background-size":"auto","background-attachment":"scroll","background-type":"","background-media":"","overlay-type":"","overlay-color":"","overlay-opacity":"","overlay-gradient":""},"tablet":{"background-color":"var(--ast-global-color-5)","background-image":"","background-repeat":"repeat","background-position":"center center","background-size":"auto","background-attachment":"scroll","background-type":"","background-media":"","overlay-type":"","overlay-color":"","overlay-opacity":"","overlay-gradient":""},"mobile":{"background-color":"var(--ast-global-color-5)","background-image":"","background-repeat":"repeat","background-position":"center center","background-size":"auto","background-attachment":"scroll","background-type":"","background-media":"","overlay-type":"","overlay-color":"","overlay-opacity":"","overlay-gradient":""}}},"product_brand":[29],"product_cat":[32,65],"product_tag":[],"class_list":{"0":"post-3760","1":"product","2":"type-product","3":"status-publish","4":"has-post-thumbnail","6":"product_brand-randm-tornado","7":"product_cat-randm-tornado-12000-avec-bobine-en-maille","8":"product_cat-puff-12k-cest-bien-plus-quune-capacite-doublee","9":"desktop-align-center","10":"tablet-align-center","11":"mobile-align-center","12":"ast-product-gallery-layout-horizontal","13":"ast-product-gallery-with-no-image","14":"ast-product-single-variable","15":"ast-product-tabs-layout-horizontal","17":"first","18":"instock","19":"sale","20":"shipping-taxable","21":"purchasable","22":"product-type-variable","23":"has-default-attributes"},"tiered_pricing_type":"fixed","tiered_pricing_fixed_rules":{"30":"9.39","60":"8.79","100":"7.99","200":"7.48","400":"7.23"},"tiered_pricing_product_settings":{"layout":"default","base_unit_name":{"singular":null,"plural":null},"default_variation":null},"tiered_pricing_minimum_quantity":null,"tiered_pricing_roles_data":[],"tiered_pricing_percentage_rules":[],"_links":{"self":[{"href":"https:\/\/puffvapekit.com\/de\/wp-json\/wp\/v2\/product\/3760","targetHints":{"allow":["GET"]}}],"collection":[{"href":"https:\/\/puffvapekit.com\/de\/wp-json\/wp\/v2\/product"}],"about":[{"href":"https:\/\/puffvapekit.com\/de\/wp-json\/wp\/v2\/types\/product"}],"replies":[{"embeddable":true,"href":"https:\/\/puffvapekit.com\/de\/wp-json\/wp\/v2\/comments?post=3760"}],"version-history":[{"count":7,"href":"https:\/\/puffvapekit.com\/de\/wp-json\/wp\/v2\/product\/3760\/revisions"}],"predecessor-version":[{"id":11939,"href":"https:\/\/puffvapekit.com\/de\/wp-json\/wp\/v2\/product\/3760\/revisions\/11939"}],"wp:featuredmedia":[{"embeddable":true,"href":"https:\/\/puffvapekit.com\/de\/wp-json\/wp\/v2\/media\/3610"}],"wp:attachment":[{"href":"https:\/\/puffvapekit.com\/de\/wp-json\/wp\/v2\/media?parent=3760"}],"wp:term":[{"taxonomy":"product_brand","embeddable":true,"href":"https:\/\/puffvapekit.com\/de\/wp-json\/wp\/v2\/product_brand?post=3760"},{"taxonomy":"product_cat","embeddable":true,"href":"https:\/\/puffvapekit.com\/de\/wp-json\/wp\/v2\/product_cat?post=3760"},{"taxonomy":"product_tag","embeddable":true,"href":"https:\/\/puffvapekit.com\/de\/wp-json\/wp\/v2\/product_tag?post=3760"}],"curies":[{"name":"wp","href":"https:\/\/api.w.org\/{rel}","templated":true}]}}