{"id":3773,"date":"2025-07-21T20:10:47","date_gmt":"2025-07-21T20:10:47","guid":{"rendered":"https:\/\/puffvapekit.com\/?post_type=product&#038;p=3773"},"modified":"2026-04-09T12:27:27","modified_gmt":"2026-04-09T12:27:27","slug":"fumot-12000-grape-mint-bercee-par-la-brise-dun-soir-dete","status":"publish","type":"product","link":"https:\/\/puffvapekit.com\/de\/product\/fumot-12000-grape-mint-wiegt-sich-in-der-brise-eines-sommerabends\/","title":{"rendered":"Fumot Digital Box 12000 - Grape Mint"},"content":{"rendered":"<div data-elementor-type=\"wp-post\" data-elementor-id=\"3773\" class=\"elementor elementor-3773\">\n\t\t\t\t<div class=\"elementor-element elementor-element-5367c11 e-flex e-con-boxed e-con e-parent\" data-id=\"5367c11\" data-element_type=\"container\" data-e-type=\"container\">\n\t\t\t\t\t<div class=\"e-con-inner\">\n\t\t\t\t<div class=\"elementor-element elementor-element-1704875 elementor-widget elementor-widget-text-editor\" data-id=\"1704875\" data-element_type=\"widget\" data-e-type=\"widget\" data-widget_type=\"text-editor.default\">\n\t\t\t\t<div class=\"elementor-widget-container\">\n\t\t\t\t\t\t\t\t\t<p>Die doppelte Begegnung von Trauben und Minze erinnert an einen Spaziergang in einem Obstgarten, der von der Brise eines Sommerabends umweht wird. Das Aroma reifer, saftiger violetter Trauben entfaltet sich sanft zwischen Lippen und Z\u00e4hnen, gefolgt von einem Nachgeschmack frischer Minze, wie eine morgendliche Brise von der C\u00f4te d'Azur - erfrischend und belebend zugleich, aber auch s\u00fcchtig machend und zeitlos. Dieses Traube-Minze-Aroma erf\u00fcllt nicht nur die Geschmacksknospen, sondern verl\u00e4ngert auch die Lebenserfahrung.<\/p><h2>Aroma Traube (Grape Mint) :<\/h2><p>S\u00fc\u00df und saftig: Das Traubenaroma von Grape Mint konzentriert sich auf s\u00fc\u00dfe und intensive Fruchtaromen, die die nat\u00fcrliche S\u00fc\u00dfe und leichte S\u00e4ure reifer violetter Trauben nachahmen. Dieses Traubenaroma hat in der Regel ein kr\u00e4ftiges fruchtiges Aroma, das dem von frisch gepfl\u00fcckten Trauben oder Traubensaft \u00e4hnelt, s\u00fc\u00df, aber nicht fettig ist und ein erfrischendes und befriedigendes Fruchterlebnis bietet.<\/p><p>Nat\u00fcrlich und authentisch: Das Traubenaroma von RandM Tornado wird in der Regel aus hochwertigen Zutaten hergestellt, die den echten Geschmack der Frucht wiedergeben, k\u00fcnstliche oder s\u00fc\u00dfe Aromen vermeiden und f\u00fcr Dampfer geeignet sind, die nat\u00fcrliche Fruchtaromen lieben.<\/p><h2>Minze :<\/h2><p>Frische: Der Zusatz von Minze verleiht diesem e-Liquid ein Gef\u00fchl von Frische, \u00e4hnlich wie bei einem Minzbonbon oder einem Minzblatt. Dieses Frischegef\u00fchl ist besonders beim Ausatmen sp\u00fcrbar und verleiht den Geschmacksknospen ein Gef\u00fchl von Frische, das die S\u00fc\u00dfe der Trauben ausgleicht.<\/p><p>Sanft und unaufdringlich: Im Gegensatz zu manchen kr\u00e4ftigen Mentholaromen ist die Minze in Grape Mint im Allgemeinen sanfter und wurde entwickelt, um eher einen erfrischenden Touch als ein intensives Frischegef\u00fchl zu vermitteln. Dieser milde Minzgeschmack macht den Geschmack weicher und eignet sich gut f\u00fcr l\u00e4ngeres Vaporisieren.<\/p><p>Reinigende Wirkung : Die erfrischenden Eigenschaften der Minze helfen, die Geschmacksknospen zu \u00abreinigen\u00bb und sorgen bei jeder Inhalation f\u00fcr ein frisches und sauberes Gef\u00fchl. Besonders geeignet f\u00fcr Dampfer, die einen erfrischenden Geschmack sch\u00e4tzen oder die S\u00fc\u00dfe abschw\u00e4chen m\u00f6chten.<\/p><h2>Einstellungen f\u00fcr RandM Tornado 12000 Grape Mint<\/h2><p>Maximale Anzahl von Z\u00fcgen: Jede elektronische Zigarette Tornado 12000 kann bis zu 12000 Z\u00fcge liefern.<\/p><p>Inhalt der vorinstallierten E-Liquids: 20 ml hochwertige E-Liquids mit intensivem, lang anhaltendem Geschmack f\u00fcr den Langzeitgebrauch ohne h\u00e4ufiges Nachf\u00fcllen.<\/p><p>Batteriekapazit\u00e4t: Ausgestattet mit einer wiederaufladbaren Lithiumbatterie mit ca. 850 mAh, die mehrere Lade- und Entladevorg\u00e4nge \u00fcbersteht, bietet sie eine hohe Energiedichte und garantiert eine optimale Laufzeit w\u00e4hrend des gesamten E-Liquid-Konsums.<\/p><p>Ladeschnittstelle: Sie \u00fcbernimmt einen universellen Schnellladeanschluss vom Typ C, der eine schnelle Ladegeschwindigkeit und eine hervorragende Kompatibilit\u00e4t bietet und das Aufladen an verschiedenen Ger\u00e4ten erleichtert.<\/p><h2>Eigenschaften des RandM Tornado 12000 Grape Mint<\/h2><h3>Digitaler LED-Bildschirm :<\/h3><p>Der RandM Tornado 12000 Grape Mint ist mit einem hochaufl\u00f6senden LED-Bildschirm ausgestattet, der in Echtzeit die verbleibende Akkuladung und den verbleibenden Stand der E-Fl\u00fcssigkeit anzeigt. W\u00e4hrend des Gebrauchs k\u00f6nnen Sie den Status des Ger\u00e4ts leicht einsehen und so Stromausf\u00e4lle vermeiden.<\/p><h3>Mesh-Widerstand :<\/h3><p>Integrierter Mesh-Widerstand mit 0,8 \u03a9, der eine gleichm\u00e4\u00dfige Erw\u00e4rmung, eine fl\u00fcssige \u00d6lleitung und einen ausgezeichneten Zerst\u00e4ubungseffekt bietet. Er gibt den Geschmack der E-Liquids effektiv wieder und macht jeden Zug dichter und feiner.<\/p><h3>Automatische Aktivierung der elektronischen Zigarette durch Inhalation :<\/h3><p>Es sind keine Kn\u00f6pfe erforderlich: Sie m\u00fcssen nur sanft inhalieren, um die elektronische Zigarette automatisch zu aktivieren. Die Bedienung ist praktisch, intuitiv und ergonomisch.<\/p><h2>Vorteile und St\u00e4rken der RandM Tornado 12000 Grape Mint<\/h2><h3>Au\u00dfergew\u00f6hnliche Autonomie :<\/h3><p>Jede elektronische Zigarette RandM Tornado 12000 Grape Mint bietet bis zu 12000 Inhalationen, d.h. eine viel l\u00e4ngere Laufzeit als herk\u00f6mmliche elektronische Einwegzigaretten. Sie eignet sich f\u00fcr mittlere und intensive Nutzer, f\u00fcr den kontinuierlichen Gebrauch \u00fcber mehrere Tage oder sogar Wochen.<\/p><h3>Wiederaufladbares Design :<\/h3><p>Im Gegensatz zu herk\u00f6mmlichen elektronischen Einwegzigaretten, die nicht aufgeladen werden k\u00f6nnen, kann der Akku der Tornado 12000 Grape Mint immer wieder aufgeladen werden, bis die 20 ml E-Liquid vollst\u00e4ndig aufgebraucht sind, wodurch die Nutzungsrate und die Rentabilit\u00e4t verbessert werden.<\/p><h3>Garantierte Geschmackskonsistenz :<\/h3><p>Dank des leistungsstarken Mesh-Coil-Widerstands und der Kontrolle des Fl\u00fcssigkeitsstands \u00fcber einen LED-Bildschirm ist der Geschmack vom ersten bis zum letzten Zug reichhaltig und konstant.<\/p><h3>Tragbares und elegantes Design :<\/h3><p>Es ist kompakt und leicht und l\u00e4sst sich bequem im Alltag mitf\u00fchren. Mit einem Hightech-Bildschirm ist es sowohl praktisch als auch sch\u00f6n und verbessert das gesamte Nutzererlebnis.<\/p>\t\t\t\t\t\t\t\t<\/div>\n\t\t\t\t<\/div>\n\t\t\t\t\t<\/div>\n\t\t\t\t<\/div>\n\t\t\t\t<\/div>","protected":false},"excerpt":{"rendered":"<p>Die doppelte Begegnung von Trauben und Minze erinnert an einen Spaziergang in einem Obstgarten, der von der Brise eines Sommerabends umweht wird. Das Aroma reifer, saftiger, violetter Trauben entfaltet sich sanft zwischen Lippen und Z\u00e4hnen, gefolgt von einem Nachgeschmack frischer Minze, wie eine morgendliche Brise von der C\u00f4te d'Azur, gleichzeitig [...].<\/p>","protected":false},"featured_media":3588,"comment_status":"open","ping_status":"closed","template":"","meta":{"site-sidebar-layout":"no-sidebar","site-content-layout":"page-builder","ast-site-content-layout":"normal-width-container","site-content-style":"default","site-sidebar-style":"default","ast-global-header-display":"","ast-banner-title-visibility":"","ast-main-header-display":"","ast-hfb-above-header-display":"","ast-hfb-below-header-display":"","ast-hfb-mobile-header-display":"","site-post-title":"disabled","ast-breadcrumbs-content":"","ast-featured-img":"disabled","footer-sml-layout":"","theme-transparent-header-meta":"default","adv-header-id-meta":"","stick-header-meta":"default","header-above-stick-meta":"","header-main-stick-meta":"","header-below-stick-meta":"","astra-migrate-meta-layouts":"set","ast-page-background-enabled":"default","ast-page-background-meta":{"desktop":{"background-color":"","background-image":"","background-repeat":"repeat","background-position":"center center","background-size":"auto","background-attachment":"scroll","background-type":"","background-media":"","overlay-type":"","overlay-color":"","overlay-opacity":"","overlay-gradient":""},"tablet":{"background-color":"","background-image":"","background-repeat":"repeat","background-position":"center center","background-size":"auto","background-attachment":"scroll","background-type":"","background-media":"","overlay-type":"","overlay-color":"","overlay-opacity":"","overlay-gradient":""},"mobile":{"background-color":"","background-image":"","background-repeat":"repeat","background-position":"center center","background-size":"auto","background-attachment":"scroll","background-type":"","background-media":"","overlay-type":"","overlay-color":"","overlay-opacity":"","overlay-gradient":""}},"ast-content-background-meta":{"desktop":{"background-color":"var(--ast-global-color-5)","background-image":"","background-repeat":"repeat","background-position":"center center","background-size":"auto","background-attachment":"scroll","background-type":"","background-media":"","overlay-type":"","overlay-color":"","overlay-opacity":"","overlay-gradient":""},"tablet":{"background-color":"var(--ast-global-color-5)","background-image":"","background-repeat":"repeat","background-position":"center center","background-size":"auto","background-attachment":"scroll","background-type":"","background-media":"","overlay-type":"","overlay-color":"","overlay-opacity":"","overlay-gradient":""},"mobile":{"background-color":"var(--ast-global-color-5)","background-image":"","background-repeat":"repeat","background-position":"center center","background-size":"auto","background-attachment":"scroll","background-type":"","background-media":"","overlay-type":"","overlay-color":"","overlay-opacity":"","overlay-gradient":""}}},"product_brand":[29],"product_cat":[32,65],"product_tag":[],"class_list":{"0":"post-3773","1":"product","2":"type-product","3":"status-publish","4":"has-post-thumbnail","6":"product_brand-randm-tornado","7":"product_cat-randm-tornado-12000-avec-bobine-en-maille","8":"product_cat-puff-12k-cest-bien-plus-quune-capacite-doublee","9":"desktop-align-center","10":"tablet-align-center","11":"mobile-align-center","12":"ast-product-gallery-layout-horizontal","13":"ast-product-gallery-with-no-image","14":"ast-product-single-variable","15":"ast-product-tabs-layout-horizontal","17":"first","18":"instock","19":"sale","20":"shipping-taxable","21":"purchasable","22":"product-type-variable","23":"has-default-attributes"},"tiered_pricing_type":"fixed","tiered_pricing_fixed_rules":{"30":"9.39","60":"8.79","100":"7.99","200":"7.48","400":"7.23"},"tiered_pricing_product_settings":{"layout":"default","base_unit_name":{"singular":null,"plural":null},"default_variation":null},"tiered_pricing_minimum_quantity":null,"tiered_pricing_roles_data":[],"tiered_pricing_percentage_rules":[],"_links":{"self":[{"href":"https:\/\/puffvapekit.com\/de\/wp-json\/wp\/v2\/product\/3773","targetHints":{"allow":["GET"]}}],"collection":[{"href":"https:\/\/puffvapekit.com\/de\/wp-json\/wp\/v2\/product"}],"about":[{"href":"https:\/\/puffvapekit.com\/de\/wp-json\/wp\/v2\/types\/product"}],"replies":[{"embeddable":true,"href":"https:\/\/puffvapekit.com\/de\/wp-json\/wp\/v2\/comments?post=3773"}],"version-history":[{"count":12,"href":"https:\/\/puffvapekit.com\/de\/wp-json\/wp\/v2\/product\/3773\/revisions"}],"predecessor-version":[{"id":11942,"href":"https:\/\/puffvapekit.com\/de\/wp-json\/wp\/v2\/product\/3773\/revisions\/11942"}],"wp:featuredmedia":[{"embeddable":true,"href":"https:\/\/puffvapekit.com\/de\/wp-json\/wp\/v2\/media\/3588"}],"wp:attachment":[{"href":"https:\/\/puffvapekit.com\/de\/wp-json\/wp\/v2\/media?parent=3773"}],"wp:term":[{"taxonomy":"product_brand","embeddable":true,"href":"https:\/\/puffvapekit.com\/de\/wp-json\/wp\/v2\/product_brand?post=3773"},{"taxonomy":"product_cat","embeddable":true,"href":"https:\/\/puffvapekit.com\/de\/wp-json\/wp\/v2\/product_cat?post=3773"},{"taxonomy":"product_tag","embeddable":true,"href":"https:\/\/puffvapekit.com\/de\/wp-json\/wp\/v2\/product_tag?post=3773"}],"curies":[{"name":"wp","href":"https:\/\/api.w.org\/{rel}","templated":true}]}}