{"id":3947,"date":"2025-07-24T10:28:30","date_gmt":"2025-07-24T10:28:30","guid":{"rendered":"https:\/\/puffvapekit.com\/?post_type=product&#038;p=3947"},"modified":"2026-04-09T13:19:36","modified_gmt":"2026-04-09T13:19:36","slug":"fumot-tornado-20000-batterie-rechargeable-de-850mah","status":"publish","type":"product","link":"https:\/\/puffvapekit.com\/de\/product\/fumot-tornado-20000-wiederaufladbare-850mah-batterie\/","title":{"rendered":"Fumot Tornado 20000: 20K Z\u00fcge, 20 ml E-Fl\u00fcssigkeit, 850 mAh wiederaufladbare Batterie und Doppelmaschenwiderstand"},"content":{"rendered":"<div data-elementor-type=\"wp-post\" data-elementor-id=\"3947\" class=\"elementor elementor-3947\">\n\t\t\t\t<div class=\"elementor-element elementor-element-5367c11 e-flex e-con-boxed e-con e-parent\" data-id=\"5367c11\" data-element_type=\"container\" data-e-type=\"container\">\n\t\t\t\t\t<div class=\"e-con-inner\">\n\t\t\t\t<div class=\"elementor-element elementor-element-1704875 elementor-widget elementor-widget-text-editor\" data-id=\"1704875\" data-element_type=\"widget\" data-e-type=\"widget\" data-widget_type=\"text-editor.default\">\n\t\t\t\t<div class=\"elementor-widget-container\">\n\t\t\t\t\t\t\t\t\t<h2>Spezifikationen von Fumot Tornado 20000<\/h2><p>Anzahl der Z\u00fcge: Jede elektronische Zigarette Fumot Tornado 20000 kann bis zu 20000 Z\u00fcge ziehen (im Modus mit einfachem Widerstand).<\/p><p>Im Modus mit doppeltem Widerstand betr\u00e4gt die Anzahl der Z\u00fcge etwa 10000, wobei die Anzahl der Z\u00fcge von dem verwendeten Widerstandsmodus abh\u00e4ngt.<\/p><p>Liquidinhalt: 20 ml vorinstalliertes E-Liquid, gro\u00dfe Kapazit\u00e4t, f\u00fcr den Langzeitgebrauch.<\/p><p>Akku: Eingebauter wiederaufladbarer Akku mit einer Kapazit\u00e4t von 850 mAh. Kompatibel mit Type-C-Schnellladung, hohe Ladeeffizienz und kurze Wartezeit.<\/p><p>Nikotinkonzentration: Es sind verschiedene Konzentrationen von Nikotinsalzen erh\u00e4ltlich: 2 % (20 mg) und 5 % (50 mg), um den Bed\u00fcrfnissen jedes einzelnen Nutzers gerecht zu werden.<\/p><p>Widerstandstechnologie: Die Dual Mesh Coil-Technologie erm\u00f6glicht es, zwischen einfachem und doppeltem Widerstand umzuschalten.<\/p><p>Modus mit einfachem Widerstand: energiesparender, f\u00fcr eine sanfte Nutzung geeignet und bietet mehr Z\u00fcge (ca. 20000 Z\u00fcge).<\/p><p>Modus mit doppeltem Widerstand: Intensiverer Geschmack und Dampfvolumen, die Gesamtzahl der Z\u00fcge wird auf etwa 10.000 Z\u00fcge reduziert.<\/p><h2>Eigenschaften von Fumot Tornado 20000<\/h2><h3>Intelligente LED-Anzeige :<\/h3><p>Der Fumot Tornado 20000 ist mit einem intelligenten LED-Farbdisplay ausgestattet, das in Echtzeit den Akkustand und die verbleibende Menge an E-Fl\u00fcssigkeit anzeigt. So k\u00f6nnen Sie den Status des Ger\u00e4ts leicht \u00fcberwachen und verhindern, dass der Akku ausf\u00e4llt oder die E-Fl\u00fcssigkeit ausgeht.<\/p><h3>Widerstandsmodus wechseln :<\/h3><p>Die Intensit\u00e4t des Rauchs kann auf einfachen oder doppelten Widerstand eingestellt werden.<\/p><p>Einfacher Widerstandsmodus: H\u00f6herer Saugwiderstand, geringerer Liquid- und Energieverbrauch und l\u00e4ngere Lebensdauer der E-Zigarette.<\/p><p>Doppelspulenmodus: St\u00e4rkerer Dampf und Geschmack, geeignet f\u00fcr Raucher, die einen starken Geschmack suchen.<\/p><h2>Die Fumot Tornado 20000 bietet bis zu 30 Geschmacksrichtungen<\/h2><p>Die Fumot Tornado 20000 bietet bis zu 30 Geschmacksrichtungen, die eine Vielzahl von Geschmacksrichtungen wie Fr\u00fcchte, Desserts, Minze und gemischte Kategorien abdecken, um den Vorlieben jedes Nutzers gerecht zu werden. Es dominieren fruchtige Geschmacksrichtungen wie \u00abBlue Razz\u00bb, \u00abBlueberry Raspberry\u00bb, \u00abPeach Mango Watermelon\u00bb, \u00abPeach Pineapple Orange\u00bb und \u00abKiwi Passionfruit Guava\u00bb, die frische und nat\u00fcrliche Fruchtaromen bieten, ideal f\u00fcr alle, die es gerne frisch m\u00f6gen. Dar\u00fcber hinaus vereinen Kirschgeschmacksrichtungen wie \u00abCherry\u00bb, \u00abCherry Cola\u00bb und \u00abCherry Lime\u00bb S\u00e4ure und S\u00fc\u00dfe zu einzigartigen Aromen und bieten eine Vielfalt an Auswahlm\u00f6glichkeiten. Andere fruchtige Geschmacksrichtungen wie \u00abLychee Hami Melon\u00bb und \u00abPineapple Lemon Green Apple\u00bb bieten eine erfrischende Kombination aus tropischen Noten und Zitrusfr\u00fcchten mit einem reichhaltigen Geschmack.<\/p><p>Die Dessert- und S\u00fc\u00dfwarengeschmacksrichtungen bieten eine gro\u00dfe Auswahl f\u00fcr Liebhaber von S\u00fc\u00dfigkeiten wie \u00abBanana Cake\u00bb, \u00abStrawberry Ice Cream\u00bb und \u00abCotton Candy\u00bb, die s\u00fc\u00df und reichhaltig sind und ein mit einem Dessert vergleichbares Genusserlebnis bieten; \u00abSkittles\u00bb und \u00abJelly Beans\u00bb greifen den farbenfrohen Geschmack klassischer S\u00fc\u00dfigkeiten auf, die voller Phantasie sind. Erfrischende Geschmacksrichtungen wie \u00abPear Ice\u00bb, \u00abWatermelon Ice\u00bb und \u00abCool Mint\u00bb bieten ein erfrischendes Erlebnis, das ideal f\u00fcr Verbraucher ist, die auf der Suche nach Frische sind. Dar\u00fcber hinaus bieten einzigartige Geschmacksrichtungen wie \u00abHuckleberry\u00bb und \u00abMr. Blue\u00bb Optionen f\u00fcr Nutzer, die auf der Suche nach neuen Erfahrungen sind.<\/p><p>Das Geschmacksdesign der Fumot Tornado 20000 vereint Klassik und Innovation und bietet eine Vielzahl von Stilen wie fruchtig, dessertartig und erfrischend. Die Nutzer k\u00f6nnen je nach pers\u00f6nlicher Vorliebe einen einzigartigen Fruchtgeschmack wie \u00abCherry\u00bb oder eine komplexe Mischung von Geschmacksrichtungen wie \u00abStrawberry Raspberry Cherry Ice\u00bb w\u00e4hlen.<\/p>\t\t\t\t\t\t\t\t<\/div>\n\t\t\t\t<\/div>\n\t\t\t\t\t<\/div>\n\t\t\t\t<\/div>\n\t\t\t\t<\/div>","protected":false},"excerpt":{"rendered":"<p>Spezifikationen von Fumot Tornado 20000 Anzahl der Z\u00fcge: Jede elektronische Zigarette Fumot Tornado 20000 kann bis zu 20000 Z\u00fcge ziehen (im Modus Einfacher Widerstand). Im Modus mit doppeltem Widerstand betr\u00e4gt die Anzahl der Z\u00fcge etwa 10000, wobei die Anzahl der Z\u00fcge von dem verwendeten Widerstandsmodus abh\u00e4ngt. Liquidinhalt: 20 ml vorinstalliertes E-Liquid, gro\u00dfe Kapazit\u00e4t, [...].<\/p>","protected":false},"featured_media":3867,"comment_status":"open","ping_status":"closed","template":"","meta":{"site-sidebar-layout":"no-sidebar","site-content-layout":"page-builder","ast-site-content-layout":"normal-width-container","site-content-style":"default","site-sidebar-style":"default","ast-global-header-display":"","ast-banner-title-visibility":"","ast-main-header-display":"","ast-hfb-above-header-display":"","ast-hfb-below-header-display":"","ast-hfb-mobile-header-display":"","site-post-title":"disabled","ast-breadcrumbs-content":"","ast-featured-img":"disabled","footer-sml-layout":"","theme-transparent-header-meta":"default","adv-header-id-meta":"","stick-header-meta":"default","header-above-stick-meta":"","header-main-stick-meta":"","header-below-stick-meta":"","astra-migrate-meta-layouts":"set","ast-page-background-enabled":"default","ast-page-background-meta":{"desktop":{"background-color":"","background-image":"","background-repeat":"repeat","background-position":"center center","background-size":"auto","background-attachment":"scroll","background-type":"","background-media":"","overlay-type":"","overlay-color":"","overlay-opacity":"","overlay-gradient":""},"tablet":{"background-color":"","background-image":"","background-repeat":"repeat","background-position":"center center","background-size":"auto","background-attachment":"scroll","background-type":"","background-media":"","overlay-type":"","overlay-color":"","overlay-opacity":"","overlay-gradient":""},"mobile":{"background-color":"","background-image":"","background-repeat":"repeat","background-position":"center center","background-size":"auto","background-attachment":"scroll","background-type":"","background-media":"","overlay-type":"","overlay-color":"","overlay-opacity":"","overlay-gradient":""}},"ast-content-background-meta":{"desktop":{"background-color":"var(--ast-global-color-5)","background-image":"","background-repeat":"repeat","background-position":"center center","background-size":"auto","background-attachment":"scroll","background-type":"","background-media":"","overlay-type":"","overlay-color":"","overlay-opacity":"","overlay-gradient":""},"tablet":{"background-color":"var(--ast-global-color-5)","background-image":"","background-repeat":"repeat","background-position":"center center","background-size":"auto","background-attachment":"scroll","background-type":"","background-media":"","overlay-type":"","overlay-color":"","overlay-opacity":"","overlay-gradient":""},"mobile":{"background-color":"var(--ast-global-color-5)","background-image":"","background-repeat":"repeat","background-position":"center center","background-size":"auto","background-attachment":"scroll","background-type":"","background-media":"","overlay-type":"","overlay-color":"","overlay-opacity":"","overlay-gradient":""}}},"product_brand":[29],"product_cat":[33,69],"product_tag":[],"class_list":{"0":"post-3947","1":"product","2":"type-product","3":"status-publish","4":"has-post-thumbnail","6":"product_brand-randm-tornado","7":"product_cat-fumot-tornado-20000-offre-jusqua-20000-bouffees","8":"product_cat-puff-20k-est-une-veritable-autonomie-pour-vos-trajets-quotidiens","9":"desktop-align-center","10":"tablet-align-center","11":"mobile-align-center","12":"ast-product-gallery-layout-horizontal","13":"ast-product-single-variable","14":"ast-product-tabs-layout-horizontal","16":"first","17":"instock","18":"sale","19":"shipping-taxable","20":"purchasable","21":"product-type-variable","22":"has-default-attributes"},"tiered_pricing_type":"fixed","tiered_pricing_fixed_rules":{"30":"10.37","60":"9.19","100":"7.85","200":"7.69","500":"7.19"},"tiered_pricing_product_settings":{"layout":"default","base_unit_name":{"singular":null,"plural":null},"default_variation":null},"tiered_pricing_minimum_quantity":null,"tiered_pricing_roles_data":[],"tiered_pricing_percentage_rules":[],"_links":{"self":[{"href":"https:\/\/puffvapekit.com\/de\/wp-json\/wp\/v2\/product\/3947","targetHints":{"allow":["GET"]}}],"collection":[{"href":"https:\/\/puffvapekit.com\/de\/wp-json\/wp\/v2\/product"}],"about":[{"href":"https:\/\/puffvapekit.com\/de\/wp-json\/wp\/v2\/types\/product"}],"replies":[{"embeddable":true,"href":"https:\/\/puffvapekit.com\/de\/wp-json\/wp\/v2\/comments?post=3947"}],"version-history":[{"count":13,"href":"https:\/\/puffvapekit.com\/de\/wp-json\/wp\/v2\/product\/3947\/revisions"}],"predecessor-version":[{"id":12047,"href":"https:\/\/puffvapekit.com\/de\/wp-json\/wp\/v2\/product\/3947\/revisions\/12047"}],"wp:featuredmedia":[{"embeddable":true,"href":"https:\/\/puffvapekit.com\/de\/wp-json\/wp\/v2\/media\/3867"}],"wp:attachment":[{"href":"https:\/\/puffvapekit.com\/de\/wp-json\/wp\/v2\/media?parent=3947"}],"wp:term":[{"taxonomy":"product_brand","embeddable":true,"href":"https:\/\/puffvapekit.com\/de\/wp-json\/wp\/v2\/product_brand?post=3947"},{"taxonomy":"product_cat","embeddable":true,"href":"https:\/\/puffvapekit.com\/de\/wp-json\/wp\/v2\/product_cat?post=3947"},{"taxonomy":"product_tag","embeddable":true,"href":"https:\/\/puffvapekit.com\/de\/wp-json\/wp\/v2\/product_tag?post=3947"}],"curies":[{"name":"wp","href":"https:\/\/api.w.org\/{rel}","templated":true}]}}