{"id":4021,"date":"2025-07-25T01:47:16","date_gmt":"2025-07-25T01:47:16","guid":{"rendered":"https:\/\/puffvapekit.com\/?post_type=product&#038;p=4021"},"modified":"2026-04-09T13:30:32","modified_gmt":"2026-04-09T13:30:32","slug":"randm-20000-strawberry-ice-cream-une-veritable-glace-a-la-fraise","status":"publish","type":"product","link":"https:\/\/puffvapekit.com\/de\/product\/randm-20000-strawberry-ice-cream-ein-echtes-erdbeereis\/","title":{"rendered":"Fumot Tornado 20000 - Strawberry Ice Cream"},"content":{"rendered":"<div data-elementor-type=\"wp-post\" data-elementor-id=\"4021\" class=\"elementor elementor-4021\">\n\t\t\t\t<div class=\"elementor-element elementor-element-5367c11 e-flex e-con-boxed e-con e-parent\" data-id=\"5367c11\" data-element_type=\"container\" data-e-type=\"container\">\n\t\t\t\t\t<div class=\"e-con-inner\">\n\t\t\t\t<div class=\"elementor-element elementor-element-1704875 elementor-widget elementor-widget-text-editor\" data-id=\"1704875\" data-element_type=\"widget\" data-e-type=\"widget\" data-widget_type=\"text-editor.default\">\n\t\t\t\t<div class=\"elementor-widget-container\">\n\t\t\t\t\t\t\t\t\t<p>Die RandM Tornado 20000 ist eine elektronische Einwegzigarette. Ihr Aroma \u00abErdbeereis\u00bb ist sowohl s\u00fc\u00df als auch frisch und ahmt den Geschmack von echtem Erdbeereis nach, was f\u00fcr ein reichhaltiges und verlockendes Geschmackserlebnis sorgt.<\/p><h2>Erdbeerteil: eine realit\u00e4tsnahe und weiche Wiedergabe.<\/h2><p>Kopfnote: Bei der Inhalation ist der erste Eindruck das Aroma einer frischen Erdbeere, mit einem nat\u00fcrlichen, frischen, fruchtigen Geschmack, der leicht s\u00e4uerlich ist und die S\u00fc\u00dfe reifer, sanft zerdr\u00fcckter Erdbeeren nachahmt.<\/p><p>S\u00fc\u00dfe Balance: Der Geschmack \u00e4hnelt dem von Erdbeerkonfit\u00fcre oder Erdbeermilchshake mit einem echten Fruchtfleischgef\u00fchl, das an Erdbeerkonfit\u00fcre mit Sahne gemischt erinnert.<\/p><p>Leicht s\u00e4uerlicher Geschmack: Dieser leicht s\u00e4uerliche Geschmack wird im Abgang verwendet und verleiht dem Ganzen eine leichte und erfrischende Textur.<\/p><h2>Eiskalter Teil: Das milchige Aroma ist reichhaltig und cremig.<\/h2><p>Herznote: W\u00e4hrend der Rauch eingeatmet wird, entfaltet sich das Milcharoma. Dieser Teil ahmt den Geschmack von Vanilleeis oder leichter Eiscreme nach, mit einem reichen Milchgeschmack, ohne zu fettig zu sein.<\/p><p>Verschmelzungsgef\u00fchl mit Erdbeere: Das Verh\u00e4ltnis zwischen Erdbeer- und Milcharomen ist perfekt aufeinander abgestimmt und verschmilzt miteinander, anstatt dass ein starkes Gef\u00fchl der Trennung der beiden Geschmacksrichtungen entsteht - eher wie eine gut gemischte Tasse Erdbeermilchshake oder ein L\u00f6ffel Erdbeereis, der auf der Zunge zergeht.<\/p><h2>K\u00e4lteeffekt: Erfrischend und k\u00fchlend<\/h2><p>Kalte Intensit\u00e4t: Dieser Erdbeereisduft bietet ein m\u00e4\u00dfig k\u00fchles Gef\u00fchl mittlerer Intensit\u00e4t, das nicht zu sehr im Hals kratzt, aber beim Einatmen ein k\u00fchles und erfrischendes Gef\u00fchl vermittelt.<\/p><p>Cold Feeling-Funktion: Ihr Hauptzweck ist es, den Realismus von Eis zu verst\u00e4rken und den Eindruck zu vermitteln, dass man einen L\u00f6ffel kalten Nachtisch genie\u00dft.<\/p><p>Anhaltender Nachgeschmack : Nach dem Rauchen bleibt ein Hauch von Frische und S\u00fc\u00dfe im Mund zur\u00fcck, der nicht zu klebrig ist.<\/p><h2>Spezifikationen von Fumot Tornado 20000 Strawberry Ice Cream<\/h2><p>Anzahl der Z\u00fcge: Jede elektronische Zigarette Fumot Tornado 20000 Strawberry Ice Cream kann bis zu 20000 Z\u00fcge machen (im einfachen Widerstandsmodus).<\/p><p>Im Modus mit doppeltem Widerstand betr\u00e4gt die Anzahl der Z\u00fcge etwa 10000, wobei die Anzahl der Z\u00fcge von dem verwendeten Widerstandsmodus abh\u00e4ngt.<\/p><p>Liquidinhalt: 20 ml vorinstalliertes E-Liquid, gro\u00dfe Kapazit\u00e4t, f\u00fcr den Langzeitgebrauch.<\/p><p>Akku: Eingebauter wiederaufladbarer Akku mit einer Kapazit\u00e4t von 850 mAh. Kompatibel mit Type-C-Schnellladung, hohe Ladeeffizienz und kurze Wartezeit.<\/p><p>Nikotinkonzentration: Es sind verschiedene Konzentrationen von Nikotinsalzen erh\u00e4ltlich: 2 % (20 mg) und 5 % (50 mg), um den Bed\u00fcrfnissen jedes einzelnen Nutzers gerecht zu werden.<\/p><p>Widerstandstechnologie: Die Dual Mesh Coil-Technologie erm\u00f6glicht es, zwischen einfachem und doppeltem Widerstand umzuschalten.<\/p><p>Modus mit einfachem Widerstand: energiesparender, f\u00fcr eine sanfte Nutzung geeignet und bietet mehr Z\u00fcge (ca. 20000 Z\u00fcge).<\/p><p>Modus mit doppeltem Widerstand: Intensiverer Geschmack und Dampfvolumen, die Gesamtzahl der Z\u00fcge wird auf etwa 10.000 Z\u00fcge reduziert.<\/p><h2>Eigenschaften von Fumot Tornado 20000 Strawberry Ice Cream<\/h2><h3>Intelligente LED-Anzeige :<\/h3><p>Der Fumot Tornado 20000 Strawberry Ice Cream ist mit einem intelligenten LED-Farbdisplay ausgestattet, das in Echtzeit den Akkustand und die verbleibende Menge an E-Fl\u00fcssigkeit anzeigt. So k\u00f6nnen Sie den Status des Ger\u00e4ts leicht \u00fcberwachen und verhindern, dass der Akku ausf\u00e4llt oder die E-Fl\u00fcssigkeit ausgeht.<\/p><h3>Widerstandsmodus wechseln :<\/h3><p>Die Intensit\u00e4t des Rauchs kann auf einfachen oder doppelten Widerstand eingestellt werden.<\/p><p>Einfacher Widerstandsmodus: H\u00f6herer Saugwiderstand, geringerer Liquid- und Energieverbrauch und l\u00e4ngere Lebensdauer der E-Zigarette.<\/p><p>Doppelspulenmodus: St\u00e4rkerer Dampf und Geschmack, geeignet f\u00fcr Raucher, die einen starken Geschmack suchen.<\/p>\t\t\t\t\t\t\t\t<\/div>\n\t\t\t\t<\/div>\n\t\t\t\t\t<\/div>\n\t\t\t\t<\/div>\n\t\t\t\t<\/div>","protected":false},"excerpt":{"rendered":"<p>Die RandM Tornado 20000 ist eine elektronische Einwegzigarette. Ihr Aroma \u00abErdbeereis\u00bb ist sowohl s\u00fc\u00df als auch frisch und imitiert den Geschmack von echtem Erdbeereis, was ein reichhaltiges und verlockendes Geschmackserlebnis bietet. Erdbeerteil: Eine Wiedergabe der Realit\u00e4t und der S\u00fc\u00dfe. Kopfnote: Bei der Inhalation [...].<\/p>","protected":false},"featured_media":6482,"comment_status":"open","ping_status":"closed","template":"","meta":{"site-sidebar-layout":"no-sidebar","site-content-layout":"page-builder","ast-site-content-layout":"normal-width-container","site-content-style":"default","site-sidebar-style":"default","ast-global-header-display":"","ast-banner-title-visibility":"","ast-main-header-display":"","ast-hfb-above-header-display":"","ast-hfb-below-header-display":"","ast-hfb-mobile-header-display":"","site-post-title":"disabled","ast-breadcrumbs-content":"","ast-featured-img":"disabled","footer-sml-layout":"","theme-transparent-header-meta":"default","adv-header-id-meta":"","stick-header-meta":"default","header-above-stick-meta":"","header-main-stick-meta":"","header-below-stick-meta":"","astra-migrate-meta-layouts":"set","ast-page-background-enabled":"default","ast-page-background-meta":{"desktop":{"background-color":"","background-image":"","background-repeat":"repeat","background-position":"center center","background-size":"auto","background-attachment":"scroll","background-type":"","background-media":"","overlay-type":"","overlay-color":"","overlay-opacity":"","overlay-gradient":""},"tablet":{"background-color":"","background-image":"","background-repeat":"repeat","background-position":"center center","background-size":"auto","background-attachment":"scroll","background-type":"","background-media":"","overlay-type":"","overlay-color":"","overlay-opacity":"","overlay-gradient":""},"mobile":{"background-color":"","background-image":"","background-repeat":"repeat","background-position":"center center","background-size":"auto","background-attachment":"scroll","background-type":"","background-media":"","overlay-type":"","overlay-color":"","overlay-opacity":"","overlay-gradient":""}},"ast-content-background-meta":{"desktop":{"background-color":"var(--ast-global-color-5)","background-image":"","background-repeat":"repeat","background-position":"center center","background-size":"auto","background-attachment":"scroll","background-type":"","background-media":"","overlay-type":"","overlay-color":"","overlay-opacity":"","overlay-gradient":""},"tablet":{"background-color":"var(--ast-global-color-5)","background-image":"","background-repeat":"repeat","background-position":"center center","background-size":"auto","background-attachment":"scroll","background-type":"","background-media":"","overlay-type":"","overlay-color":"","overlay-opacity":"","overlay-gradient":""},"mobile":{"background-color":"var(--ast-global-color-5)","background-image":"","background-repeat":"repeat","background-position":"center center","background-size":"auto","background-attachment":"scroll","background-type":"","background-media":"","overlay-type":"","overlay-color":"","overlay-opacity":"","overlay-gradient":""}}},"product_brand":[29],"product_cat":[33,69],"product_tag":[],"class_list":{"0":"post-4021","1":"product","2":"type-product","3":"status-publish","4":"has-post-thumbnail","6":"product_brand-randm-tornado","7":"product_cat-fumot-tornado-20000-offre-jusqua-20000-bouffees","8":"product_cat-puff-20k-est-une-veritable-autonomie-pour-vos-trajets-quotidiens","9":"desktop-align-center","10":"tablet-align-center","11":"mobile-align-center","12":"ast-product-gallery-layout-horizontal","13":"ast-product-single-variable","14":"ast-product-tabs-layout-horizontal","16":"first","17":"instock","18":"sale","19":"shipping-taxable","20":"purchasable","21":"product-type-variable","22":"has-default-attributes"},"tiered_pricing_type":"fixed","tiered_pricing_fixed_rules":{"30":"10.37","60":"9.19","100":"7.85","200":"7.69","500":"7.19"},"tiered_pricing_product_settings":{"layout":"default","base_unit_name":{"singular":null,"plural":null},"default_variation":null},"tiered_pricing_minimum_quantity":null,"tiered_pricing_roles_data":[],"tiered_pricing_percentage_rules":[],"_links":{"self":[{"href":"https:\/\/puffvapekit.com\/de\/wp-json\/wp\/v2\/product\/4021","targetHints":{"allow":["GET"]}}],"collection":[{"href":"https:\/\/puffvapekit.com\/de\/wp-json\/wp\/v2\/product"}],"about":[{"href":"https:\/\/puffvapekit.com\/de\/wp-json\/wp\/v2\/types\/product"}],"replies":[{"embeddable":true,"href":"https:\/\/puffvapekit.com\/de\/wp-json\/wp\/v2\/comments?post=4021"}],"version-history":[{"count":7,"href":"https:\/\/puffvapekit.com\/de\/wp-json\/wp\/v2\/product\/4021\/revisions"}],"predecessor-version":[{"id":6592,"href":"https:\/\/puffvapekit.com\/de\/wp-json\/wp\/v2\/product\/4021\/revisions\/6592"}],"wp:featuredmedia":[{"embeddable":true,"href":"https:\/\/puffvapekit.com\/de\/wp-json\/wp\/v2\/media\/6482"}],"wp:attachment":[{"href":"https:\/\/puffvapekit.com\/de\/wp-json\/wp\/v2\/media?parent=4021"}],"wp:term":[{"taxonomy":"product_brand","embeddable":true,"href":"https:\/\/puffvapekit.com\/de\/wp-json\/wp\/v2\/product_brand?post=4021"},{"taxonomy":"product_cat","embeddable":true,"href":"https:\/\/puffvapekit.com\/de\/wp-json\/wp\/v2\/product_cat?post=4021"},{"taxonomy":"product_tag","embeddable":true,"href":"https:\/\/puffvapekit.com\/de\/wp-json\/wp\/v2\/product_tag?post=4021"}],"curies":[{"name":"wp","href":"https:\/\/api.w.org\/{rel}","templated":true}]}}