{"id":4039,"date":"2025-07-25T06:57:59","date_gmt":"2025-07-25T06:57:59","guid":{"rendered":"https:\/\/puffvapekit.com\/?post_type=product&#038;p=4039"},"modified":"2026-04-09T13:30:28","modified_gmt":"2026-04-09T13:30:28","slug":"tornado-20000-strawberry-raspberry-cherry-ice-offre-des-aromes-fruites-distincts","status":"publish","type":"product","link":"https:\/\/puffvapekit.com\/de\/product\/tornado-20000-strawberry-raspberry-cherry-ice-bietet-deutliche-fruchtige-aromen\/","title":{"rendered":"Fumot Tornado 20000 - Strawberry Raspberry Cherry Ice"},"content":{"rendered":"<div data-elementor-type=\"wp-post\" data-elementor-id=\"4039\" class=\"elementor elementor-4039\">\n\t\t\t\t<div class=\"elementor-element elementor-element-5367c11 e-flex e-con-boxed e-con e-parent\" data-id=\"5367c11\" data-element_type=\"container\" data-e-type=\"container\">\n\t\t\t\t\t<div class=\"e-con-inner\">\n\t\t\t\t<div class=\"elementor-element elementor-element-1704875 elementor-widget elementor-widget-text-editor\" data-id=\"1704875\" data-element_type=\"widget\" data-e-type=\"widget\" data-widget_type=\"text-editor.default\">\n\t\t\t\t<div class=\"elementor-widget-container\">\n\t\t\t\t\t\t\t\t\t<p>Sie genie\u00dfen diese k\u00f6stliche Kombination aus Erdbeeren, Himbeeren und eisgek\u00fchlter, ger\u00e4ucherter Kirsche wie in einem sommerlichen Obstgarten. Das fruchtige Aroma ist eindeutig komplex: Die S\u00fc\u00dfe der Erdbeere, die leichte S\u00e4ure der Himbeere, die Weichheit der Kirsche und die erfrischende K\u00fchle, die das Eis im Abgang mit sich bringt, sind miteinander verwoben und entfalten sich im Mund, was diesem Moment der Entspannung einen Hauch von nat\u00fcrlicher Frische und sensorischer Freude verleiht.<\/p><p>Erdbeere: Der Geschmack erinnert eher an frisches Erdbeermark mit einem Hauch von Milch und der S\u00fc\u00dfe nat\u00fcrlicher Fruktose sowie einer leichten S\u00e4ure, die das fruchtige Gesamtaroma hervorhebt und das Gef\u00fchl vermittelt, in eine reife Erdbeere zu bei\u00dfen.<\/p><p>Himbeere: Der Kern des Geschmacks ist komplexer. Die Zugabe von Himbeeren vers\u00fc\u00dft das Ganze und bringt einen leicht s\u00e4uerlichen und fruchtigen Geschmack mit sich, der an die Aromen von Waldbeeren erinnert.<\/p><p>Kirsche: Der Nachgeschmack hebt die Vollmundigkeit und Tiefe hervor. Der Geschmack erinnert mehr an Schwarzkirsche, eher an eine nat\u00fcrlich reife Kirsche, mit einem leichten Hauch von fruchtigem Wein. Er verleiht dem Ganzen einen runden, weichen Abgang und f\u00fcgt Tiefe hinzu.<\/p><p>Eis: Ein durchgehend erfrischendes Geschmackserlebnis, wie Crushed Ice in einem Fruchtsaft, ein nat\u00fcrliches Frischegef\u00fchl statt einer Ansammlung erfrischender Fl\u00fcssigkeit.<\/p><h2>Spezifikationen von Fumot Tornado 20000 Strawberry Raspberry Cherry Ice<\/h2><p>Anzahl der Z\u00fcge: Jede elektronische Zigarette Fumot Tornado 20000 Strawberry Raspberry Cherry Ice kann bis zu 20000 Z\u00fcge ziehen (im einfachen Widerstandsmodus).<\/p><p>Im Modus mit doppeltem Widerstand betr\u00e4gt die Anzahl der Z\u00fcge etwa 10000, wobei die Anzahl der Z\u00fcge von dem verwendeten Widerstandsmodus abh\u00e4ngt.<\/p><p>Liquidinhalt: 20 ml vorinstalliertes E-Liquid, gro\u00dfe Kapazit\u00e4t, f\u00fcr den Langzeitgebrauch.<\/p><p>Akku: Eingebauter wiederaufladbarer Akku mit einer Kapazit\u00e4t von 850 mAh. Kompatibel mit Type-C-Schnellladung, hohe Ladeeffizienz und kurze Wartezeit.<\/p><p>Nikotinkonzentration: Es sind verschiedene Konzentrationen von Nikotinsalzen erh\u00e4ltlich: 2 % (20 mg) und 5 % (50 mg), um den Bed\u00fcrfnissen jedes einzelnen Nutzers gerecht zu werden.<\/p><p>Widerstandstechnologie: Die Dual Mesh Coil-Technologie erm\u00f6glicht es, zwischen einfachem und doppeltem Widerstand umzuschalten.<\/p><p>Modus mit einfachem Widerstand: energiesparender, f\u00fcr eine sanfte Nutzung geeignet und bietet mehr Z\u00fcge (ca. 20000 Z\u00fcge).<\/p><p>Modus mit doppeltem Widerstand: Intensiverer Geschmack und Dampfvolumen, die Gesamtzahl der Z\u00fcge wird auf etwa 10.000 Z\u00fcge reduziert.<\/p><h2>Eigenschaften von Fumot Tornado 20000 Strawberry Raspberry Cherry Ice<\/h2><h3>Intelligente LED-Anzeige :<\/h3><p>Der Fumot Tornado 20000 Strawberry Raspberry Cherry Ice ist mit einem intelligenten LED-Farbdisplay ausgestattet, das den Akkustand und die verbleibende Menge an E-Fl\u00fcssigkeit in Echtzeit anzeigt. So k\u00f6nnen Sie den Status des Ger\u00e4ts leicht \u00fcberwachen und verhindern, dass der Akku ausf\u00e4llt oder die E-Fl\u00fcssigkeit ausgeht.<\/p><h3>Widerstandsmodus wechseln :<\/h3><p>Die Intensit\u00e4t des Rauchs kann auf einfachen oder doppelten Widerstand eingestellt werden.<\/p><p>Einfacher Widerstandsmodus: H\u00f6herer Saugwiderstand, geringerer Liquid- und Energieverbrauch und l\u00e4ngere Lebensdauer der E-Zigarette.<\/p><p>Doppelspulenmodus: St\u00e4rkerer Dampf und Geschmack, geeignet f\u00fcr Raucher, die einen starken Geschmack suchen.<\/p>\t\t\t\t\t\t\t\t<\/div>\n\t\t\t\t<\/div>\n\t\t\t\t\t<\/div>\n\t\t\t\t<\/div>\n\t\t\t\t<\/div>","protected":false},"excerpt":{"rendered":"<p>Sie genie\u00dfen diese k\u00f6stliche Kombination aus Erdbeeren, Himbeeren und eisgek\u00fchlter, ger\u00e4ucherter Kirsche wie in einem sommerlichen Obstgarten. Das fruchtige Aroma ist eindeutig komplex: Die S\u00fc\u00dfe der Erdbeere, die leichte S\u00e4ure der Himbeere, die Weichheit der Kirsche und die erfrischende K\u00fchle, die das Eis im Abgang mit sich bringt, sind miteinander verwoben und entfalten sich [...].<\/p>","protected":false},"featured_media":6484,"comment_status":"open","ping_status":"closed","template":"","meta":{"site-sidebar-layout":"no-sidebar","site-content-layout":"page-builder","ast-site-content-layout":"normal-width-container","site-content-style":"default","site-sidebar-style":"default","ast-global-header-display":"","ast-banner-title-visibility":"","ast-main-header-display":"","ast-hfb-above-header-display":"","ast-hfb-below-header-display":"","ast-hfb-mobile-header-display":"","site-post-title":"disabled","ast-breadcrumbs-content":"","ast-featured-img":"disabled","footer-sml-layout":"","theme-transparent-header-meta":"default","adv-header-id-meta":"","stick-header-meta":"default","header-above-stick-meta":"","header-main-stick-meta":"","header-below-stick-meta":"","astra-migrate-meta-layouts":"set","ast-page-background-enabled":"default","ast-page-background-meta":{"desktop":{"background-color":"","background-image":"","background-repeat":"repeat","background-position":"center center","background-size":"auto","background-attachment":"scroll","background-type":"","background-media":"","overlay-type":"","overlay-color":"","overlay-opacity":"","overlay-gradient":""},"tablet":{"background-color":"","background-image":"","background-repeat":"repeat","background-position":"center center","background-size":"auto","background-attachment":"scroll","background-type":"","background-media":"","overlay-type":"","overlay-color":"","overlay-opacity":"","overlay-gradient":""},"mobile":{"background-color":"","background-image":"","background-repeat":"repeat","background-position":"center center","background-size":"auto","background-attachment":"scroll","background-type":"","background-media":"","overlay-type":"","overlay-color":"","overlay-opacity":"","overlay-gradient":""}},"ast-content-background-meta":{"desktop":{"background-color":"var(--ast-global-color-5)","background-image":"","background-repeat":"repeat","background-position":"center center","background-size":"auto","background-attachment":"scroll","background-type":"","background-media":"","overlay-type":"","overlay-color":"","overlay-opacity":"","overlay-gradient":""},"tablet":{"background-color":"var(--ast-global-color-5)","background-image":"","background-repeat":"repeat","background-position":"center center","background-size":"auto","background-attachment":"scroll","background-type":"","background-media":"","overlay-type":"","overlay-color":"","overlay-opacity":"","overlay-gradient":""},"mobile":{"background-color":"var(--ast-global-color-5)","background-image":"","background-repeat":"repeat","background-position":"center center","background-size":"auto","background-attachment":"scroll","background-type":"","background-media":"","overlay-type":"","overlay-color":"","overlay-opacity":"","overlay-gradient":""}}},"product_brand":[29],"product_cat":[33,69],"product_tag":[],"class_list":{"0":"post-4039","1":"product","2":"type-product","3":"status-publish","4":"has-post-thumbnail","6":"product_brand-randm-tornado","7":"product_cat-fumot-tornado-20000-offre-jusqua-20000-bouffees","8":"product_cat-puff-20k-est-une-veritable-autonomie-pour-vos-trajets-quotidiens","9":"desktop-align-center","10":"tablet-align-center","11":"mobile-align-center","12":"ast-product-gallery-layout-horizontal","13":"ast-product-single-variable","14":"ast-product-tabs-layout-horizontal","16":"first","17":"instock","18":"sale","19":"shipping-taxable","20":"purchasable","21":"product-type-variable","22":"has-default-attributes"},"tiered_pricing_type":"fixed","tiered_pricing_fixed_rules":{"30":"10.37","60":"9.19","100":"7.85","200":"7.69","500":"7.19"},"tiered_pricing_product_settings":{"layout":"default","base_unit_name":{"singular":null,"plural":null},"default_variation":null},"tiered_pricing_minimum_quantity":null,"tiered_pricing_roles_data":[],"tiered_pricing_percentage_rules":[],"_links":{"self":[{"href":"https:\/\/puffvapekit.com\/de\/wp-json\/wp\/v2\/product\/4039","targetHints":{"allow":["GET"]}}],"collection":[{"href":"https:\/\/puffvapekit.com\/de\/wp-json\/wp\/v2\/product"}],"about":[{"href":"https:\/\/puffvapekit.com\/de\/wp-json\/wp\/v2\/types\/product"}],"replies":[{"embeddable":true,"href":"https:\/\/puffvapekit.com\/de\/wp-json\/wp\/v2\/comments?post=4039"}],"version-history":[{"count":7,"href":"https:\/\/puffvapekit.com\/de\/wp-json\/wp\/v2\/product\/4039\/revisions"}],"predecessor-version":[{"id":6593,"href":"https:\/\/puffvapekit.com\/de\/wp-json\/wp\/v2\/product\/4039\/revisions\/6593"}],"wp:featuredmedia":[{"embeddable":true,"href":"https:\/\/puffvapekit.com\/de\/wp-json\/wp\/v2\/media\/6484"}],"wp:attachment":[{"href":"https:\/\/puffvapekit.com\/de\/wp-json\/wp\/v2\/media?parent=4039"}],"wp:term":[{"taxonomy":"product_brand","embeddable":true,"href":"https:\/\/puffvapekit.com\/de\/wp-json\/wp\/v2\/product_brand?post=4039"},{"taxonomy":"product_cat","embeddable":true,"href":"https:\/\/puffvapekit.com\/de\/wp-json\/wp\/v2\/product_cat?post=4039"},{"taxonomy":"product_tag","embeddable":true,"href":"https:\/\/puffvapekit.com\/de\/wp-json\/wp\/v2\/product_tag?post=4039"}],"curies":[{"name":"wp","href":"https:\/\/api.w.org\/{rel}","templated":true}]}}