{"id":4048,"date":"2025-07-25T08:15:33","date_gmt":"2025-07-25T08:15:33","guid":{"rendered":"https:\/\/puffvapekit.com\/?post_type=product&#038;p=4048"},"modified":"2026-04-09T13:30:24","modified_gmt":"2026-04-09T13:30:24","slug":"fumot-20000-cotton-candy-une-douce-douceur-qui-se-diffuse-lentement-en-bouche","status":"publish","type":"product","link":"https:\/\/puffvapekit.com\/de\/product\/fumot-20000-cotton-candy-eine-sanfte-suse-die-sich-langsam-im-mund-ausbreitet\/","title":{"rendered":"Fumot Tornado 20000 - Cotton Candy"},"content":{"rendered":"<div data-elementor-type=\"wp-post\" data-elementor-id=\"4048\" class=\"elementor elementor-4048\">\n\t\t\t\t<div class=\"elementor-element elementor-element-5367c11 e-flex e-con-boxed e-con e-parent\" data-id=\"5367c11\" data-element_type=\"container\" data-e-type=\"container\">\n\t\t\t\t\t<div class=\"e-con-inner\">\n\t\t\t\t<div class=\"elementor-element elementor-element-1704875 elementor-widget elementor-widget-text-editor\" data-id=\"1704875\" data-element_type=\"widget\" data-e-type=\"widget\" data-widget_type=\"text-editor.default\">\n\t\t\t\t<div class=\"elementor-widget-container\">\n\t\t\t\t\t\t\t\t\t<p>Die Geschmacksrichtung Zuckerwatte ist eine s\u00fc\u00dfe und leckere Interpretation von S\u00fc\u00dfe. Beim Einatmen scheint die Luft von der fr\u00f6hlichen Atmosph\u00e4re eines Vergn\u00fcgungsparks erf\u00fcllt zu sein, und eine leichte S\u00fc\u00dfe breitet sich langsam im Mund aus, ohne bedr\u00fcckendes oder fettiges Gef\u00fchl. Weniger stark und flammend als die fruchtigen Aromen, bietet er eine leichte, komplexe S\u00fc\u00dfe mit einem leichten Karamellaroma.<\/p><h2>Geschmacksmerkmale des Geschmacks Zuckerwatte :<\/h2><p><strong>Der Rauch ist vom ersten Moment an mild und nicht reizend.<\/strong><br \/>Nach dem ersten Einatmen verbreitet sich die S\u00fc\u00dfe sofort im Mund und bietet eine weiche, dichte S\u00fc\u00dfe. Es simuliert das Gef\u00fchl von echten Marshmallows, die auf der Zunge zergehen, mit einer leichten Milch- und Vanillebasis.<\/p><p><strong>Der mittlere Teil bietet eine reiche Palette an Aromen :<\/strong><br \/>W\u00e4hrend des kontinuierlichen R\u00e4ucherns nimmt man einen Hauch von karamellisiertem Sirup wahr, der dem leicht verbrannten Aroma des erhitzten Sirups \u00e4hnelt und der allgemeinen S\u00fc\u00dfe einen Hauch von \u00abgebackenem Zucker\u00bb hinzuf\u00fcgt. Diese S\u00fc\u00dfe ist nicht mehr monoton, sondern bietet ein dreidimensionales, tiefes Gef\u00fchl.<\/p><p><strong>Der Nachgeschmack ist leicht und nicht klebrig :<\/strong><br \/>Beim Ausatmen l\u00e4sst die S\u00fc\u00dfe schnell nach und es entsteht ein leichter fruchtiger oder milchiger Nachgeschmack, \u00e4hnlich wie bei in der Luft schwebenden Marshmallows, der weder an Mund noch Rachen klebt und eine relativ \u00abreine\u00bb S\u00fc\u00dfe bietet.<\/p><h2>Details zum Zuckerwattegeschmack :<\/h2><p>Grundton: Zuckerwattegeschmack mit einer deutlichen Mischung aus Vanille und s\u00fc\u00dfen Milchbonbons.<\/p><p>Zuckergehalt: Mittlerer bis hoher Zuckergehalt, aber aufgrund seiner Geschmacksstruktur nicht fett.<\/p><p>Halskratzer: Der Eibischgeschmack selbst hat fast keine Frische oder Reizung, und der Hals ist weich und glatt, geeignet f\u00fcr Nutzer, die ein sanftes und angenehmes Erlebnis suchen.<\/p><h2>Technische Daten zu Fumot Tornado 20000 Cotton Candy<\/h2><p>Anzahl der Z\u00fcge: Jede elektronische Zigarette Fumot Tornado 20000 Cotton Candy kann bis zu 20000 Z\u00fcge ziehen (im Modus mit einfachem Widerstand).<\/p><p>Im Modus mit doppeltem Widerstand betr\u00e4gt die Anzahl der Z\u00fcge etwa 10000, wobei die Anzahl der Z\u00fcge von dem verwendeten Widerstandsmodus abh\u00e4ngt.<\/p><p>Liquidinhalt: 20 ml vorinstalliertes E-Liquid, gro\u00dfe Kapazit\u00e4t, f\u00fcr den Langzeitgebrauch.<\/p><p>Akku: Eingebauter wiederaufladbarer Akku mit einer Kapazit\u00e4t von 850 mAh. Kompatibel mit Type-C-Schnellladung, hohe Ladeeffizienz und kurze Wartezeit.<\/p><p>Nikotinkonzentration: Es sind verschiedene Konzentrationen von Nikotinsalzen erh\u00e4ltlich: 2 % (20 mg) und 5 % (50 mg), um den Bed\u00fcrfnissen jedes einzelnen Nutzers gerecht zu werden.<\/p><p>Widerstandstechnologie: Die Dual Mesh Coil-Technologie erm\u00f6glicht es, zwischen einfachem und doppeltem Widerstand umzuschalten.<\/p><p>Modus mit einfachem Widerstand: energiesparender, f\u00fcr eine sanfte Nutzung geeignet und bietet mehr Z\u00fcge (ca. 20000 Z\u00fcge).<\/p><p>Modus mit doppeltem Widerstand: Intensiverer Geschmack und Dampfvolumen, die Gesamtzahl der Z\u00fcge wird auf etwa 10.000 Z\u00fcge reduziert.<\/p><h2>Eigenschaften von Fumot Tornado 20000 Cotton Candy<\/h2><h3>Intelligente LED-Anzeige :<\/h3><p>Der Fumot Tornado 20000 Cotton Candy ist mit einem intelligenten LED-Farbdisplay ausgestattet, das in Echtzeit den Akkustand und die verbleibende Menge an E-Fl\u00fcssigkeit anzeigt. So k\u00f6nnen Sie den Status des Ger\u00e4ts leicht \u00fcberwachen und verhindern, dass der Akku ausf\u00e4llt oder die E-Fl\u00fcssigkeit ausgeht.<\/p><h3>Widerstandsmodus wechseln :<\/h3><p>Die Intensit\u00e4t des Rauchs kann auf einfachen oder doppelten Widerstand eingestellt werden.<\/p><p>Einfacher Widerstandsmodus: H\u00f6herer Saugwiderstand, geringerer Liquid- und Energieverbrauch und l\u00e4ngere Lebensdauer der E-Zigarette.<\/p><p>Doppelspulenmodus: St\u00e4rkerer Dampf und Geschmack, geeignet f\u00fcr Raucher, die einen starken Geschmack suchen.<\/p>\t\t\t\t\t\t\t\t<\/div>\n\t\t\t\t<\/div>\n\t\t\t\t\t<\/div>\n\t\t\t\t<\/div>\n\t\t\t\t<\/div>","protected":false},"excerpt":{"rendered":"<p>Die Geschmacksrichtung Zuckerwatte ist eine s\u00fc\u00dfe und leckere Interpretation von S\u00fc\u00dfe. Beim Einatmen scheint die Luft von der fr\u00f6hlichen Atmosph\u00e4re eines Vergn\u00fcgungsparks erf\u00fcllt zu sein, und eine leichte S\u00fc\u00dfe breitet sich langsam im Mund aus, ohne ein beklemmendes oder fettiges Gef\u00fchl. Weniger stark und flammend als die fruchtigen Aromen, bietet er eine leichte und komplexe S\u00fc\u00dfe, [...].<\/p>","protected":false},"featured_media":6466,"comment_status":"open","ping_status":"closed","template":"","meta":{"site-sidebar-layout":"no-sidebar","site-content-layout":"page-builder","ast-site-content-layout":"normal-width-container","site-content-style":"default","site-sidebar-style":"default","ast-global-header-display":"","ast-banner-title-visibility":"","ast-main-header-display":"","ast-hfb-above-header-display":"","ast-hfb-below-header-display":"","ast-hfb-mobile-header-display":"","site-post-title":"disabled","ast-breadcrumbs-content":"","ast-featured-img":"disabled","footer-sml-layout":"","theme-transparent-header-meta":"default","adv-header-id-meta":"","stick-header-meta":"default","header-above-stick-meta":"","header-main-stick-meta":"","header-below-stick-meta":"","astra-migrate-meta-layouts":"set","ast-page-background-enabled":"default","ast-page-background-meta":{"desktop":{"background-color":"","background-image":"","background-repeat":"repeat","background-position":"center center","background-size":"auto","background-attachment":"scroll","background-type":"","background-media":"","overlay-type":"","overlay-color":"","overlay-opacity":"","overlay-gradient":""},"tablet":{"background-color":"","background-image":"","background-repeat":"repeat","background-position":"center center","background-size":"auto","background-attachment":"scroll","background-type":"","background-media":"","overlay-type":"","overlay-color":"","overlay-opacity":"","overlay-gradient":""},"mobile":{"background-color":"","background-image":"","background-repeat":"repeat","background-position":"center center","background-size":"auto","background-attachment":"scroll","background-type":"","background-media":"","overlay-type":"","overlay-color":"","overlay-opacity":"","overlay-gradient":""}},"ast-content-background-meta":{"desktop":{"background-color":"var(--ast-global-color-5)","background-image":"","background-repeat":"repeat","background-position":"center center","background-size":"auto","background-attachment":"scroll","background-type":"","background-media":"","overlay-type":"","overlay-color":"","overlay-opacity":"","overlay-gradient":""},"tablet":{"background-color":"var(--ast-global-color-5)","background-image":"","background-repeat":"repeat","background-position":"center center","background-size":"auto","background-attachment":"scroll","background-type":"","background-media":"","overlay-type":"","overlay-color":"","overlay-opacity":"","overlay-gradient":""},"mobile":{"background-color":"var(--ast-global-color-5)","background-image":"","background-repeat":"repeat","background-position":"center center","background-size":"auto","background-attachment":"scroll","background-type":"","background-media":"","overlay-type":"","overlay-color":"","overlay-opacity":"","overlay-gradient":""}}},"product_brand":[29],"product_cat":[33,69],"product_tag":[],"class_list":{"0":"post-4048","1":"product","2":"type-product","3":"status-publish","4":"has-post-thumbnail","6":"product_brand-randm-tornado","7":"product_cat-fumot-tornado-20000-offre-jusqua-20000-bouffees","8":"product_cat-puff-20k-est-une-veritable-autonomie-pour-vos-trajets-quotidiens","9":"desktop-align-center","10":"tablet-align-center","11":"mobile-align-center","12":"ast-product-gallery-layout-horizontal","13":"ast-product-single-variable","14":"ast-product-tabs-layout-horizontal","16":"first","17":"instock","18":"sale","19":"shipping-taxable","20":"purchasable","21":"product-type-variable","22":"has-default-attributes"},"tiered_pricing_type":"fixed","tiered_pricing_fixed_rules":{"30":"10.37","60":"9.19","100":"7.85","200":"7.69","500":"7.19"},"tiered_pricing_product_settings":{"layout":"default","base_unit_name":{"singular":null,"plural":null},"default_variation":null},"tiered_pricing_minimum_quantity":null,"tiered_pricing_roles_data":[],"tiered_pricing_percentage_rules":[],"_links":{"self":[{"href":"https:\/\/puffvapekit.com\/de\/wp-json\/wp\/v2\/product\/4048","targetHints":{"allow":["GET"]}}],"collection":[{"href":"https:\/\/puffvapekit.com\/de\/wp-json\/wp\/v2\/product"}],"about":[{"href":"https:\/\/puffvapekit.com\/de\/wp-json\/wp\/v2\/types\/product"}],"replies":[{"embeddable":true,"href":"https:\/\/puffvapekit.com\/de\/wp-json\/wp\/v2\/comments?post=4048"}],"version-history":[{"count":7,"href":"https:\/\/puffvapekit.com\/de\/wp-json\/wp\/v2\/product\/4048\/revisions"}],"predecessor-version":[{"id":6595,"href":"https:\/\/puffvapekit.com\/de\/wp-json\/wp\/v2\/product\/4048\/revisions\/6595"}],"wp:featuredmedia":[{"embeddable":true,"href":"https:\/\/puffvapekit.com\/de\/wp-json\/wp\/v2\/media\/6466"}],"wp:attachment":[{"href":"https:\/\/puffvapekit.com\/de\/wp-json\/wp\/v2\/media?parent=4048"}],"wp:term":[{"taxonomy":"product_brand","embeddable":true,"href":"https:\/\/puffvapekit.com\/de\/wp-json\/wp\/v2\/product_brand?post=4048"},{"taxonomy":"product_cat","embeddable":true,"href":"https:\/\/puffvapekit.com\/de\/wp-json\/wp\/v2\/product_cat?post=4048"},{"taxonomy":"product_tag","embeddable":true,"href":"https:\/\/puffvapekit.com\/de\/wp-json\/wp\/v2\/product_tag?post=4048"}],"curies":[{"name":"wp","href":"https:\/\/api.w.org\/{rel}","templated":true}]}}