{"id":4061,"date":"2025-07-25T09:33:45","date_gmt":"2025-07-25T09:33:45","guid":{"rendered":"https:\/\/puffvapekit.com\/?post_type=product&#038;p=4061"},"modified":"2026-04-09T13:30:25","modified_gmt":"2026-04-09T13:30:25","slug":"pear-ice-randm-20000-allie-la-jutosite-naturelle-de-la-poire-a-une-fraicheur-moderee","status":"publish","type":"product","link":"https:\/\/puffvapekit.com\/de\/product\/pear-ice-randm-20000-vereint-die-naturliche-saftigkeit-der-birne-mit-moderater-frische\/","title":{"rendered":"Pear Ice - RandM Tornado 20000"},"content":{"rendered":"<div data-elementor-type=\"wp-post\" data-elementor-id=\"4061\" class=\"elementor elementor-4061\">\n\t\t\t\t<div class=\"elementor-element elementor-element-5367c11 e-flex e-con-boxed e-con e-parent\" data-id=\"5367c11\" data-element_type=\"container\" data-e-type=\"container\">\n\t\t\t\t\t<div class=\"e-con-inner\">\n\t\t\t\t<div class=\"elementor-element elementor-element-1704875 elementor-widget elementor-widget-text-editor\" data-id=\"1704875\" data-element_type=\"widget\" data-e-type=\"widget\" data-widget_type=\"text-editor.default\">\n\t\t\t\t<div class=\"elementor-widget-container\">\n\t\t\t\t\t\t\t\t\t<p>RandM Tornado 20000 Gefrorene Birne ist ein ideales Aroma f\u00fcr sommerliche E-Zigaretten oder zur Erfrischung. Es vereint perfekt die nat\u00fcrliche Saftigkeit der Birne mit einer moderaten Frische. Es ist weniger s\u00fc\u00df oder k\u00fchl als manche Fruchteisaromen, daf\u00fcr aber frisch, ausgewogen und lang anhaltend.<\/p><h2>Fruchtiger Teil: Birne<\/h2><p>Intensive Geschmackswiederherstellung: Wie eine frisch gesch\u00e4lte gr\u00fcne Birne mit fleischigem Aroma und einer nat\u00fcrlichen, erfrischenden, nicht fettenden S\u00fc\u00dfe, die dem s\u00fc\u00dfen Geschmack asiatischer Wasserbirnen (wie Schnee- oder Jadebirnen) \u00e4hnelt.<\/p><p>Intensive Saftigkeit: Beim Einatmen bietet der Rauch ein erfrischendes, leicht s\u00e4uerliches Gef\u00fchl von Birnensaft, das den Realismus verst\u00e4rkt.<\/p><h2>Frischegef\u00fchl: Eis<\/h2><p>M\u00e4\u00dfig bis stark eisiges Gef\u00fchl: Der Rauch sorgt f\u00fcr ein k\u00fchles Mundgef\u00fchl, ohne den Hals \u00fcberm\u00e4\u00dfig zu reizen, ideal f\u00fcr Liebhaber des \u00abeisigen\u00bb Gef\u00fchls.<\/p><p>Erfrischend: Das Eisgef\u00fchl stimuliert die S\u00fc\u00dfe der Birne beim Einatmen und macht den Geschmack erfrischender, mit dem visuellen Eindruck von Sommergetr\u00e4nken.<\/p><p>Lang anhaltend: Die Frische bleibt lange in der Kehle erhalten und bietet ein Gef\u00fchl von Frische, ideal f\u00fcr alle, die lang anhaltende Frische lieben.<\/p><h2>Aroma und Nachgeschmack<\/h2><p>Das Aroma ist nat\u00fcrlich und frisch: Man nimmt beim Einatmen einen leichten Duft nach Birnenschale und einen frischen Minzgeschmack wahr, der erfrischend und leicht ist.<\/p><p>Reiner Nachgeschmack: Kein unangenehmes s\u00fc\u00dfes Gef\u00fchl im Mund, nachdem man den Rauch ausgespuckt hat, sondern ein sauberes Gef\u00fchl, \u00e4hnlich wie beim Gurgeln.<\/p><p>Die Nuancen sind offensichtlich: Die Kopfnote ist eine Explosion fruchtiger Aromen, die Herznote ist mit einem eisigen Gef\u00fchl vermischt, und die Basisnote ist erfrischend und endet in einem klaren Rhythmus.<\/p><p>Der Fumot Tornado 20000 Pear Ice verwendet ein fortschrittliches doppeltes Mesh-Widerstandssystem, das es den Benutzern erm\u00f6glicht, einfach zwischen dem einfachen und dem doppelten Mesh-Modus umzuschalten. Der Single-Mesh-Modus konzentriert sich auf Energieeinsparungen und einen milden Geschmack, ideal f\u00fcr den Langzeitgebrauch. Der Doppelmaschenmodus bietet eine st\u00e4rkere Erhitzung, wodurch der Rauch dicker und der Geschmack intensiver wird, ideal f\u00fcr Benutzer, die einen st\u00e4rkeren Geschmack suchen. Auch das Raucherlebnis dieser E-Zigarette wird sich je nach Widerstandsmodus erheblich ver\u00e4ndern.<\/p><h2>Bis zu 20.000 Z\u00fcge mit sehr hoher Intensit\u00e4t<\/h2><p>Im Einzelmaschenmodus kann die Tornado 20000 Pear Ice eine maximale Anzahl von Z\u00fcgen von ca. 20000 erreichen, was die meisten \u00e4hnlichen Produkte auf dem Markt weit \u00fcbertrifft und eine extrem lange Nutzungsdauer bietet. F\u00fcr regelm\u00e4\u00dfige Raucher bedeutet dies eine geringere Ersatzh\u00e4ufigkeit und langfristig niedrigere Nutzungskosten. Im Modus mit doppeltem Mesh-Widerstand reicht trotz des erh\u00f6hten \u00d6l- und Energieverbrauchs die Kapazit\u00e4t von etwa 10000 Z\u00fcgen aus, um die Bed\u00fcrfnisse von Intensivnutzern zu erf\u00fcllen.<\/p><p>Jede elektronische Zigarette Fumot Tornado 20000 Pear Ice ist mit 20 ml hochwertiger E-Fl\u00fcssigkeit vorinstalliert, was fast drei- bis viermal so viel ist wie die Kapazit\u00e4t herk\u00f6mmlicher elektronischer Einwegzigaretten. Diese gro\u00dfe Kapazit\u00e4t erm\u00f6glicht nicht nur einen l\u00e4ngeren Gebrauch, sondern gew\u00e4hrleistet auch, dass w\u00e4hrend des Gebrauchs ausreichend Liquid nachgeliefert wird, wodurch ein Trockenbrennen oder eine Beeintr\u00e4chtigung der Aromen vermieden wird.<\/p><h2>Effizientes Aufladen durch eine Type-C-Schnittstelle<\/h2><p>Um den Komfortanspr\u00fcchen moderner Nutzer gerecht zu werden, ist die Fumot Tornado 20000 Pear Ice mit einem wiederaufladbaren Hochleistungsakku mit 850 mAh und einer Typ-C-Schnellladestation ausgestattet. Im Vergleich zur herk\u00f6mmlichen Micro-USB-Schnittstelle bietet Type-C eine schnellere und stabilere Strom\u00fcbertragung, wodurch die Ladezeit erheblich verk\u00fcrzt wird. Ob im B\u00fcro, im Auto oder unterwegs - laden Sie Ihre E-Zigarette schnell auf und genie\u00dfen Sie einen kontinuierlichen Gebrauch rund um die Uhr.<\/p><h2>Mehrere Nikotinkonzentrationen, die an Ihre Bed\u00fcrfnisse angepasst werden k\u00f6nnen<\/h2><p>Die elektronische Zigarette bietet zwei Konzentrationsstufen von Nikotinsalzen an: 2 % (20 mg) und 5 % (50 mg). So k\u00f6nnen die Nutzer frei w\u00e4hlen, welche Konzentration f\u00fcr sie am besten geeignet ist.<\/p><p>Dank seines intelligenten Energiemanagementsystems optimiert der Tornado 20000 Pear Ice im Modus mit einfachem Widerstand automatisch den Ausgangsstrom, um den Energieverbrauch zu senken. Dies verbessert nicht nur seine Lebensdauer, sondern sorgt auch daf\u00fcr, dass der Geschmack und die Leistung des Ger\u00e4ts auch nach l\u00e4ngerem Gebrauch stabil bleiben, wodurch es sich ideal f\u00fcr den t\u00e4glichen Gebrauch eignet, sowohl f\u00fcr leichte als auch f\u00fcr m\u00e4\u00dfige Anspr\u00fcche. F\u00fcr einen st\u00e4rkeren Geschmack erh\u00f6ht der doppelte Widerstand sofort die Heizintensit\u00e4t, was zu einem optimalen Dampfvolumen und Geschmack f\u00fchrt.<\/p><p>Neben ihren hervorragenden technischen Eigenschaften bietet die Fumot Tornado 20000 Pear Ice auch eine optimierte Ergonomie. Das Geh\u00e4use ist mit einer matten, rutschfesten Beschichtung versehen, die bequem zu halten, leicht zu tragen und rutschfest ist. Die kompakte, schlichte Form ist elegant und praktisch zugleich und passt problemlos in jede Tasche oder Handtasche.<\/p>\t\t\t\t\t\t\t\t<\/div>\n\t\t\t\t<\/div>\n\t\t\t\t\t<\/div>\n\t\t\t\t<\/div>\n\t\t\t\t<\/div>","protected":false},"excerpt":{"rendered":"<p>RandM Tornado 20000 Gefrorene Birne ist ein ideales Aroma f\u00fcr sommerliche E-Zigaretten oder zur Erfrischung. Es vereint perfekt die nat\u00fcrliche Saftigkeit der Birne mit einer moderaten Frische. Es ist weniger s\u00fc\u00df oder k\u00fchl als einige Aromen von Fruchteis, daf\u00fcr aber frisch, ausgewogen und lang anhaltend. Fruchtiger Teil: Birne Intensive geschmackliche Restauration [...].<\/p>","protected":false},"featured_media":6477,"comment_status":"open","ping_status":"closed","template":"","meta":{"site-sidebar-layout":"no-sidebar","site-content-layout":"page-builder","ast-site-content-layout":"normal-width-container","site-content-style":"default","site-sidebar-style":"default","ast-global-header-display":"","ast-banner-title-visibility":"","ast-main-header-display":"","ast-hfb-above-header-display":"","ast-hfb-below-header-display":"","ast-hfb-mobile-header-display":"","site-post-title":"disabled","ast-breadcrumbs-content":"","ast-featured-img":"disabled","footer-sml-layout":"","theme-transparent-header-meta":"default","adv-header-id-meta":"","stick-header-meta":"default","header-above-stick-meta":"","header-main-stick-meta":"","header-below-stick-meta":"","astra-migrate-meta-layouts":"set","ast-page-background-enabled":"default","ast-page-background-meta":{"desktop":{"background-color":"","background-image":"","background-repeat":"repeat","background-position":"center center","background-size":"auto","background-attachment":"scroll","background-type":"","background-media":"","overlay-type":"","overlay-color":"","overlay-opacity":"","overlay-gradient":""},"tablet":{"background-color":"","background-image":"","background-repeat":"repeat","background-position":"center center","background-size":"auto","background-attachment":"scroll","background-type":"","background-media":"","overlay-type":"","overlay-color":"","overlay-opacity":"","overlay-gradient":""},"mobile":{"background-color":"","background-image":"","background-repeat":"repeat","background-position":"center center","background-size":"auto","background-attachment":"scroll","background-type":"","background-media":"","overlay-type":"","overlay-color":"","overlay-opacity":"","overlay-gradient":""}},"ast-content-background-meta":{"desktop":{"background-color":"var(--ast-global-color-5)","background-image":"","background-repeat":"repeat","background-position":"center center","background-size":"auto","background-attachment":"scroll","background-type":"","background-media":"","overlay-type":"","overlay-color":"","overlay-opacity":"","overlay-gradient":""},"tablet":{"background-color":"var(--ast-global-color-5)","background-image":"","background-repeat":"repeat","background-position":"center center","background-size":"auto","background-attachment":"scroll","background-type":"","background-media":"","overlay-type":"","overlay-color":"","overlay-opacity":"","overlay-gradient":""},"mobile":{"background-color":"var(--ast-global-color-5)","background-image":"","background-repeat":"repeat","background-position":"center center","background-size":"auto","background-attachment":"scroll","background-type":"","background-media":"","overlay-type":"","overlay-color":"","overlay-opacity":"","overlay-gradient":""}}},"product_brand":[29],"product_cat":[33,69],"product_tag":[],"class_list":{"0":"post-4061","1":"product","2":"type-product","3":"status-publish","4":"has-post-thumbnail","6":"product_brand-randm-tornado","7":"product_cat-fumot-tornado-20000-offre-jusqua-20000-bouffees","8":"product_cat-puff-20k-est-une-veritable-autonomie-pour-vos-trajets-quotidiens","9":"desktop-align-center","10":"tablet-align-center","11":"mobile-align-center","12":"ast-product-gallery-layout-horizontal","13":"ast-product-single-variable","14":"ast-product-tabs-layout-horizontal","16":"first","17":"instock","18":"sale","19":"shipping-taxable","20":"purchasable","21":"product-type-variable","22":"has-default-attributes"},"tiered_pricing_type":"fixed","tiered_pricing_fixed_rules":{"30":"10.37","60":"9.19","100":"7.85","200":"7.69","500":"7.19"},"tiered_pricing_product_settings":{"layout":"default","base_unit_name":{"singular":null,"plural":null},"default_variation":null},"tiered_pricing_minimum_quantity":null,"tiered_pricing_roles_data":[],"tiered_pricing_percentage_rules":[],"_links":{"self":[{"href":"https:\/\/puffvapekit.com\/de\/wp-json\/wp\/v2\/product\/4061","targetHints":{"allow":["GET"]}}],"collection":[{"href":"https:\/\/puffvapekit.com\/de\/wp-json\/wp\/v2\/product"}],"about":[{"href":"https:\/\/puffvapekit.com\/de\/wp-json\/wp\/v2\/types\/product"}],"replies":[{"embeddable":true,"href":"https:\/\/puffvapekit.com\/de\/wp-json\/wp\/v2\/comments?post=4061"}],"version-history":[{"count":7,"href":"https:\/\/puffvapekit.com\/de\/wp-json\/wp\/v2\/product\/4061\/revisions"}],"predecessor-version":[{"id":6594,"href":"https:\/\/puffvapekit.com\/de\/wp-json\/wp\/v2\/product\/4061\/revisions\/6594"}],"wp:featuredmedia":[{"embeddable":true,"href":"https:\/\/puffvapekit.com\/de\/wp-json\/wp\/v2\/media\/6477"}],"wp:attachment":[{"href":"https:\/\/puffvapekit.com\/de\/wp-json\/wp\/v2\/media?parent=4061"}],"wp:term":[{"taxonomy":"product_brand","embeddable":true,"href":"https:\/\/puffvapekit.com\/de\/wp-json\/wp\/v2\/product_brand?post=4061"},{"taxonomy":"product_cat","embeddable":true,"href":"https:\/\/puffvapekit.com\/de\/wp-json\/wp\/v2\/product_cat?post=4061"},{"taxonomy":"product_tag","embeddable":true,"href":"https:\/\/puffvapekit.com\/de\/wp-json\/wp\/v2\/product_tag?post=4061"}],"curies":[{"name":"wp","href":"https:\/\/api.w.org\/{rel}","templated":true}]}}