{"id":4079,"date":"2025-07-26T05:20:01","date_gmt":"2025-07-26T05:20:01","guid":{"rendered":"https:\/\/puffvapekit.com\/?post_type=product&#038;p=4079"},"modified":"2026-04-09T13:30:18","modified_gmt":"2026-04-09T13:30:18","slug":"peach-berry-randm-20000-offre-une-experience-naturelle","status":"publish","type":"product","link":"https:\/\/puffvapekit.com\/de\/product\/peach-berry-randm-20000-bietet-ein-naturliches-erlebnis\/","title":{"rendered":"Peach Berry - RandM Tornado 20000"},"content":{"rendered":"<div data-elementor-type=\"wp-post\" data-elementor-id=\"4079\" class=\"elementor elementor-4079\">\n\t\t\t\t<div class=\"elementor-element elementor-element-5367c11 e-flex e-con-boxed e-con e-parent\" data-id=\"5367c11\" data-element_type=\"container\" data-e-type=\"container\">\n\t\t\t\t\t<div class=\"e-con-inner\">\n\t\t\t\t<div class=\"elementor-element elementor-element-1704875 elementor-widget elementor-widget-text-editor\" data-id=\"1704875\" data-element_type=\"widget\" data-e-type=\"widget\" data-widget_type=\"text-editor.default\">\n\t\t\t\t<div class=\"elementor-widget-container\">\n\t\t\t\t\t\t\t\t\t<p>Pfirsichbeere ist eine der elegantesten und entspannendsten Geschmacksrichtungen in der Produktreihe Fumot Tornado 20000. Er vereint das weiche, fruchtige Aroma reifer Pfirsiche mit der s\u00e4uerlich-s\u00fc\u00dfen Frische wilder Beeren und bietet ein nat\u00fcrliches Erlebnis, wie ein Spaziergang durch einen Obstgarten in der D\u00e4mmerung im Hochsommer. Beim Einatmen entfaltet sich der s\u00fc\u00dfe Pfirsichduft auf der Zungenspitze, dann hebt die S\u00e4ure der Waldbeeren den Geschmack sanft hervor und verleiht ihm ein reiches, zartes und s\u00fc\u00dfes Aroma.<\/p><p>Pfirsich: Dominanter Geschmack, das weiche, s\u00fc\u00dfe Pfirsicharoma dringt beim Einatmen in die Nase ein. Im Nachgeschmack bleibt die S\u00fc\u00dfe des Pfirsichs lange erhalten und wirkt erfrischend.<\/p><p>Beerenmischung: Eine Mischung haupts\u00e4chlich aus Heidelbeeren, Erdbeeren und Himbeeren. In der Mitte der Inhalation nimmt die Beerennote allm\u00e4hlich zu und f\u00fcgt einen leichten Geschmack von \u00abwilden Fr\u00fcchten\u00bb hinzu. Beim Ausatmen hinterl\u00e4sst die Beere einen leicht s\u00e4uerlichen Duft, der die Frische und das allgemeine Gleichgewicht erh\u00f6ht.<\/p><h2>Zusammenfassung des Geschmacks Pfirsichbeeren :<\/h2><p>Kopfnote: Pfirsich ist s\u00fc\u00df und mild, und der Rauch ist leicht im Mund.<\/p><p>Herznote: Die S\u00e4ure und die S\u00fc\u00dfe der Beeren verschmelzen miteinander und erh\u00f6hen die Komplexit\u00e4t des Geschmacks.<\/p><p>Basisnote: Das fruchtige Aroma ist nach dem Schmelzen nat\u00fcrlich s\u00fc\u00df, und der Rachen ist rein und nicht reizend.<\/p><p>Der Geschmack Pfirsich Beeren eignet sich f\u00fcr Liebhaber elektronischer Zigaretten, die fruchtige Aromen sch\u00e4tzen und ein s\u00fc\u00df-saures Gleichgewicht bevorzugen.<\/p><p>Die Fumot Tornado 20000 Peach Berry verwendet ein fortschrittliches doppeltes Mesh-Widerstandssystem, das es den Benutzern erm\u00f6glicht, einfach zwischen dem einfachen und dem doppelten Mesh-Modus zu wechseln. Der Single-Mesh-Modus konzentriert sich auf Energieeinsparungen und einen milden Geschmack, ideal f\u00fcr den Langzeitgebrauch. Der Doppelmaschenmodus bietet eine st\u00e4rkere Erhitzung, wodurch der Rauch dicker und der Geschmack intensiver wird, ideal f\u00fcr Benutzer, die einen st\u00e4rkeren Geschmack suchen. Auch das Raucherlebnis dieser E-Zigarette wird sich je nach Widerstandsmodus erheblich ver\u00e4ndern.<\/p><h2>Bis zu 20.000 Z\u00fcge mit sehr hoher Intensit\u00e4t<\/h2><p>Im Einzelmaschenmodus kann die Tornado 20000 Peach Berry eine maximale Anzahl von Z\u00fcgen von etwa 20000 erreichen, was die meisten \u00e4hnlichen Produkte auf dem Markt weit \u00fcbertrifft und eine extrem lange Nutzungsdauer bietet. F\u00fcr regelm\u00e4\u00dfige Raucher bedeutet dies eine geringere Ersatzh\u00e4ufigkeit und langfristig niedrigere Nutzungskosten. Im Modus mit doppeltem Mesh-Widerstand reicht trotz des erh\u00f6hten \u00d6l- und Energieverbrauchs die Kapazit\u00e4t von etwa 10000 Z\u00fcgen aus, um die Bed\u00fcrfnisse von Intensivnutzern zu erf\u00fcllen.<\/p><p>Jede elektronische Zigarette Fumot Tornado 20000 Peach Berry ist mit 20 ml hochwertiger E-Fl\u00fcssigkeit vorinstalliert, was fast drei- bis viermal so viel ist wie die Kapazit\u00e4t herk\u00f6mmlicher elektronischer Einwegzigaretten. Diese gro\u00dfe Kapazit\u00e4t erm\u00f6glicht nicht nur einen l\u00e4ngeren Gebrauch, sondern gew\u00e4hrleistet auch, dass w\u00e4hrend des Gebrauchs ausreichend Liquid nachgeliefert wird, wodurch ein Trockenbrennen oder eine Beeintr\u00e4chtigung der Aromen vermieden wird.<\/p><h2>Effizientes Aufladen durch eine Type-C-Schnittstelle<\/h2><p>Um den Komfortanspr\u00fcchen moderner Nutzer gerecht zu werden, ist die Fumot Tornado 20000 Peach Berry mit einem wiederaufladbaren Hochleistungsakku mit 850 mAh und einer Typ-C-Schnellladestation ausgestattet. Im Vergleich zur herk\u00f6mmlichen Micro-USB-Schnittstelle bietet Type-C eine schnellere und stabilere Strom\u00fcbertragung, wodurch die Ladezeit erheblich verk\u00fcrzt wird. Ob im B\u00fcro, im Auto oder unterwegs - laden Sie Ihre E-Zigarette schnell auf und genie\u00dfen Sie einen kontinuierlichen Gebrauch rund um die Uhr.<\/p><h2>Mehrere Nikotinkonzentrationen, die an Ihre Bed\u00fcrfnisse angepasst werden k\u00f6nnen<\/h2><p>Die elektronische Zigarette bietet zwei Konzentrationsstufen von Nikotinsalzen an: 2 % (20 mg) und 5 % (50 mg). So k\u00f6nnen die Nutzer frei w\u00e4hlen, welche Konzentration f\u00fcr sie am besten geeignet ist.<\/p><p>Dank seines intelligenten Energiemanagementsystems optimiert der Tornado 20000 Peach Berry im Modus mit einfachem Widerstand automatisch den Ausgangsstrom, um den Energieverbrauch zu senken. Dies verbessert nicht nur seine Lebensdauer, sondern sorgt auch daf\u00fcr, dass der Geschmack und die Leistung des Ger\u00e4ts auch nach l\u00e4ngerem Gebrauch stabil bleiben, wodurch es sich ideal f\u00fcr den t\u00e4glichen Gebrauch eignet, sowohl f\u00fcr leichte als auch f\u00fcr moderate Anspr\u00fcche. F\u00fcr einen st\u00e4rkeren Geschmack erh\u00f6ht der doppelte Widerstand sofort die Heizintensit\u00e4t, was zu einem optimalen Dampfvolumen und Geschmack f\u00fchrt.<\/p><p>Neben ihren hervorragenden technischen Eigenschaften bietet die Fumot Tornado 20000 auch eine optimierte Ergonomie. Das Geh\u00e4use verf\u00fcgt \u00fcber eine matte, rutschfeste Beschichtung, die bequem zu halten, leicht zu tragen und rutschfest ist. Die kompakte, schlichte Form ist elegant und praktisch zugleich und passt problemlos in jede Tasche oder Handtasche.<\/p>\t\t\t\t\t\t\t\t<\/div>\n\t\t\t\t<\/div>\n\t\t\t\t\t<\/div>\n\t\t\t\t<\/div>\n\t\t\t\t<\/div>","protected":false},"excerpt":{"rendered":"<p>Pfirsichbeere ist eine der elegantesten und entspannendsten Geschmacksrichtungen in der Produktreihe Fumot Tornado 20000. Sie kombiniert das weiche, fruchtige Aroma reifer Pfirsiche mit der s\u00e4uerlichen, s\u00fc\u00dfen Frische von Waldbeeren und bietet ein nat\u00fcrliches Erlebnis, wie ein Spaziergang durch einen Obstgarten in der D\u00e4mmerung im Hochsommer. Bei der Inhalation wird der sanfte [...].<\/p>","protected":false},"featured_media":6474,"comment_status":"open","ping_status":"closed","template":"","meta":{"site-sidebar-layout":"no-sidebar","site-content-layout":"page-builder","ast-site-content-layout":"normal-width-container","site-content-style":"default","site-sidebar-style":"default","ast-global-header-display":"","ast-banner-title-visibility":"","ast-main-header-display":"","ast-hfb-above-header-display":"","ast-hfb-below-header-display":"","ast-hfb-mobile-header-display":"","site-post-title":"disabled","ast-breadcrumbs-content":"","ast-featured-img":"disabled","footer-sml-layout":"","theme-transparent-header-meta":"default","adv-header-id-meta":"","stick-header-meta":"default","header-above-stick-meta":"","header-main-stick-meta":"","header-below-stick-meta":"","astra-migrate-meta-layouts":"set","ast-page-background-enabled":"default","ast-page-background-meta":{"desktop":{"background-color":"","background-image":"","background-repeat":"repeat","background-position":"center center","background-size":"auto","background-attachment":"scroll","background-type":"","background-media":"","overlay-type":"","overlay-color":"","overlay-opacity":"","overlay-gradient":""},"tablet":{"background-color":"","background-image":"","background-repeat":"repeat","background-position":"center center","background-size":"auto","background-attachment":"scroll","background-type":"","background-media":"","overlay-type":"","overlay-color":"","overlay-opacity":"","overlay-gradient":""},"mobile":{"background-color":"","background-image":"","background-repeat":"repeat","background-position":"center center","background-size":"auto","background-attachment":"scroll","background-type":"","background-media":"","overlay-type":"","overlay-color":"","overlay-opacity":"","overlay-gradient":""}},"ast-content-background-meta":{"desktop":{"background-color":"var(--ast-global-color-5)","background-image":"","background-repeat":"repeat","background-position":"center center","background-size":"auto","background-attachment":"scroll","background-type":"","background-media":"","overlay-type":"","overlay-color":"","overlay-opacity":"","overlay-gradient":""},"tablet":{"background-color":"var(--ast-global-color-5)","background-image":"","background-repeat":"repeat","background-position":"center center","background-size":"auto","background-attachment":"scroll","background-type":"","background-media":"","overlay-type":"","overlay-color":"","overlay-opacity":"","overlay-gradient":""},"mobile":{"background-color":"var(--ast-global-color-5)","background-image":"","background-repeat":"repeat","background-position":"center center","background-size":"auto","background-attachment":"scroll","background-type":"","background-media":"","overlay-type":"","overlay-color":"","overlay-opacity":"","overlay-gradient":""}}},"product_brand":[29],"product_cat":[33,69],"product_tag":[],"class_list":{"0":"post-4079","1":"product","2":"type-product","3":"status-publish","4":"has-post-thumbnail","6":"product_brand-randm-tornado","7":"product_cat-fumot-tornado-20000-offre-jusqua-20000-bouffees","8":"product_cat-puff-20k-est-une-veritable-autonomie-pour-vos-trajets-quotidiens","9":"desktop-align-center","10":"tablet-align-center","11":"mobile-align-center","12":"ast-product-gallery-layout-horizontal","13":"ast-product-single-variable","14":"ast-product-tabs-layout-horizontal","16":"first","17":"instock","18":"sale","19":"shipping-taxable","20":"purchasable","21":"product-type-variable","22":"has-default-attributes"},"tiered_pricing_type":"fixed","tiered_pricing_fixed_rules":{"30":"10.37","60":"9.19","100":"7.85","200":"7.69","500":"7.19"},"tiered_pricing_product_settings":{"layout":"default","base_unit_name":{"singular":null,"plural":null},"default_variation":null},"tiered_pricing_minimum_quantity":null,"tiered_pricing_roles_data":[],"tiered_pricing_percentage_rules":[],"_links":{"self":[{"href":"https:\/\/puffvapekit.com\/de\/wp-json\/wp\/v2\/product\/4079","targetHints":{"allow":["GET"]}}],"collection":[{"href":"https:\/\/puffvapekit.com\/de\/wp-json\/wp\/v2\/product"}],"about":[{"href":"https:\/\/puffvapekit.com\/de\/wp-json\/wp\/v2\/types\/product"}],"replies":[{"embeddable":true,"href":"https:\/\/puffvapekit.com\/de\/wp-json\/wp\/v2\/comments?post=4079"}],"version-history":[{"count":7,"href":"https:\/\/puffvapekit.com\/de\/wp-json\/wp\/v2\/product\/4079\/revisions"}],"predecessor-version":[{"id":6597,"href":"https:\/\/puffvapekit.com\/de\/wp-json\/wp\/v2\/product\/4079\/revisions\/6597"}],"wp:featuredmedia":[{"embeddable":true,"href":"https:\/\/puffvapekit.com\/de\/wp-json\/wp\/v2\/media\/6474"}],"wp:attachment":[{"href":"https:\/\/puffvapekit.com\/de\/wp-json\/wp\/v2\/media?parent=4079"}],"wp:term":[{"taxonomy":"product_brand","embeddable":true,"href":"https:\/\/puffvapekit.com\/de\/wp-json\/wp\/v2\/product_brand?post=4079"},{"taxonomy":"product_cat","embeddable":true,"href":"https:\/\/puffvapekit.com\/de\/wp-json\/wp\/v2\/product_cat?post=4079"},{"taxonomy":"product_tag","embeddable":true,"href":"https:\/\/puffvapekit.com\/de\/wp-json\/wp\/v2\/product_tag?post=4079"}],"curies":[{"name":"wp","href":"https:\/\/api.w.org\/{rel}","templated":true}]}}