{"id":4101,"date":"2025-07-26T09:58:43","date_gmt":"2025-07-26T09:58:43","guid":{"rendered":"https:\/\/puffvapekit.com\/?post_type=product&#038;p=4101"},"modified":"2026-04-09T13:30:03","modified_gmt":"2026-04-09T13:30:03","slug":"jelly-beans-fumot-20000-un-gout-unique-une-explosion-de-bonne-humeur","status":"publish","type":"product","link":"https:\/\/puffvapekit.com\/de\/product\/jelly-beans-fumot-20000-ein-einzigartiger-geschmack-eine-explosion-der-guten-laune\/","title":{"rendered":"Jelly Beans - Fumot RandM Tornado 20000"},"content":{"rendered":"<div data-elementor-type=\"wp-post\" data-elementor-id=\"4101\" class=\"elementor elementor-4101\">\n\t\t\t\t<div class=\"elementor-element elementor-element-5367c11 e-flex e-con-boxed e-con e-parent\" data-id=\"5367c11\" data-element_type=\"container\" data-e-type=\"container\">\n\t\t\t\t\t<div class=\"e-con-inner\">\n\t\t\t\t<div class=\"elementor-element elementor-element-1704875 elementor-widget elementor-widget-text-editor\" data-id=\"1704875\" data-element_type=\"widget\" data-e-type=\"widget\" data-widget_type=\"text-editor.default\">\n\t\t\t\t<div class=\"elementor-widget-container\">\n\t\t\t\t\t\t\t\t\t<p>Wenn Sie den Rauch der aromatisierten elektronischen Zigarette Jelly Beans tief einatmen, werden Sie sich augenblicklich an die bunten Bonbons erinnern, die Sie als Kind nach der Schule in der Hand hielten. Sauer und s\u00fc\u00df, reich an Nuancen, ist dieser Geschmack nicht nur einzigartig, sondern auch eine Explosion der guten Laune. Nehmen Sie einen Zug an der aromatisierten elektronischen Zigarette Jelly Beans. Ihre S\u00fc\u00dfe breitet sich langsam im Mund aus und verleiht Ihnen ein berauschendes Gef\u00fchl der Leichtigkeit.<\/p><h2>Allgemeine Geschmackseigenschaften des Geschmacks Jelly Beans<\/h2><p>Grundton: s\u00fc\u00dfer, fruktosehaltiger Geschmack, \u00e4hnlich den traditionellen amerikanischen Fruchtbonbons (Jelly Beans).<\/p><p>Stil: Bonbonartiger Geschmack, deutliche S\u00fc\u00dfe, mit einer Mischung aus verschiedenen Fr\u00fcchten.<\/p><p>Geschmack: Der Rauch ist vom ersten Moment an mild, mit reichen Fruchtnoten, die die aromatischen Variationen der weichen Textur von Gummib\u00e4rchen simulieren.<\/p><h2>Spezifische Geschmacksstufen<\/h2><p>RandM's Gummibonbons kombinieren die folgenden typischen Fruchtgeschmacksrichtungen:<\/p><p>Erdbeergeschmack: Reiches fruchtiges Aroma, s\u00fc\u00dfer Geschmack, der das Aroma vorwegnimmt.<\/p><p>Heidelbeergeschmack: Leicht s\u00e4uerlich, gleicht die allgemeine S\u00fc\u00dfe aus; f\u00fcgt dem Ganzen eine erfrischende Note von \u00abblauen Bonbons\u00bb hinzu.<\/p><p>Zitronen-\/Zitrusgeschmack: Leicht unterbrochen, gibt ein lebhaftes Gef\u00fchl auf der Zungenspitze; ein bisschen wie das s\u00fc\u00df-saure Gef\u00fchl von gelben Gummib\u00e4rchen.<\/p><p>Traubengeschmack: Verst\u00e4rkt den lang anhaltenden Duft im Abgang.<\/p><p>Wassermelonengeschmack: Sorgt f\u00fcr ein \u00aberfrischend s\u00fc\u00dfes\u00bb Gef\u00fchl im Abgang; verst\u00e4rkt die fruchtige Struktur und den Genuss.<\/p><p>Der Fumot Tornado 20000 Jelly Beans verf\u00fcgt \u00fcber einen eingebauten wiederaufladbaren 850-mAh-Akku, der f\u00fcr eine lange Laufzeit sorgt. Dank der fortschrittlichen Type-C-Schnellladetechnologie wird das Ger\u00e4t schnell aufgeladen, was die Wartezeit erheblich verk\u00fcrzt und den Genuss des Dampfens garantiert, wo und wann immer Sie wollen. Das effiziente Akkumanagement in Kombination mit dem energiesparenden Design des Ger\u00e4ts erm\u00f6glicht es Ihnen, mit einer einzigen Ladung Hunderte von Z\u00fcgen zu dampfen, was Bequemlichkeit und Langlebigkeit miteinander verbindet.<\/p><p>Ob f\u00fcr den leichten t\u00e4glichen Gebrauch oder f\u00fcr den intensiven Gebrauch mit doppeltem Mesh-Widerstand, der Akku dieser E-Zigarette bietet eine stabile Ausgangsleistung f\u00fcr ein konstantes Dampferlebnis. Die Beliebtheit der Type-C-Schnittstelle macht es den Nutzern au\u00dferdem leicht, kompatible Ladeger\u00e4te zu finden, was die Flexibilit\u00e4t bei der Nutzung noch weiter erh\u00f6ht.<\/p><h2>Auswahl der Nikotinkonzentration<\/h2><p>Der Fumot Tornado 20000 Jelly Beans bietet zwei Konzentrationen von Nikotinsalzen: 2 % (20 mg\/ml) und 5 % (50 mg\/ml), um den Bed\u00fcrfnissen jedes einzelnen Nutzers gerecht zu werden. Die Nikotinsalzkonzentration mit 2 % eignet sich f\u00fcr Gelegenheitsdampfer, die einen milden Geschmack bevorzugen oder die ihren Nikotinkonsum allm\u00e4hlich reduzieren, f\u00fcr einen weichen Hals-Hit. Die 5er-Konzentration % ist f\u00fcr intensive Dampfer gedacht, die eine intensivere Stimulation und Befriedigung im Hals w\u00fcnschen, wodurch das Verlangen nach Nikotin schnell gelindert werden kann.<\/p><p>Diese Flexibilit\u00e4t bei der Auswahl der Nikotinkonzentration erm\u00f6glicht es dem Fumot Tornado 20000, sich an eine breite Palette von Benutzern anzupassen, von Anf\u00e4ngern bis zu erfahrenen Dampfern. Die Formel mit Nikotinsalzen sorgt f\u00fcr ein weiches Inhalationsgef\u00fchl und bewahrt gleichzeitig die Reinheit des Geschmacks f\u00fcr ein optimales Erlebnis.<\/p><h2>Innovative Doppelmaschen-Widerstandstechnologie<\/h2><p>Der Fumot Tornado 20000 Jelly Beans verwendet eine fortschrittliche Technologie des Doppel-Mesh-Widerstands, die es erm\u00f6glicht, frei zwischen dem Single-Mesh-Modus und dem Doppel-Mesh-Modus zu wechseln, was ein v\u00f6llig anderes Dampferlebnis erm\u00f6glicht. Der Single-Mesh-Modus wurde entwickelt, um Energie zu sparen, und eignet sich f\u00fcr Dampfer, die eine l\u00e4ngere Akkulaufzeit und einen milden Geschmack w\u00fcnschen. Im einfachen Widerstandsmodus bietet diese E-Zigarette bis zu ca. 20000 Z\u00fcge, wodurch die Nutzungsdauer erheblich verl\u00e4ngert und h\u00e4ufiges Wechseln des Ger\u00e4ts reduziert wird.<\/p><p>Im Modus mit doppeltem Widerstand verbessert diese E-Zigarette das Dampfvolumen und die Intensit\u00e4t der Aromen erheblich, was den Benutzern ein intensiveres und umfassenderes sensorisches Vergn\u00fcgen beschert. Obwohl die Anzahl der Z\u00fcge im Modus mit doppeltem Widerstand auf ca. 10.000 Z\u00fcge reduziert wird, sind der dicke Dampf und die reicheren Aromen, die sie produziert, perfekt f\u00fcr Dampfer geeignet, die nach starken Aromen suchen. Dieser flexible Umschaltmechanismus erm\u00f6glicht es den Nutzern, sich frei an ihre Stimmung oder den Anlass anzupassen und so Energieeinsparung und Leistung miteinander zu verbinden.<\/p><h2>Kapazit\u00e4t der E-Liquids<\/h2><p>Die Fumot Tornado 20000 Jelly Beans ist mit einer 20-ml-Fl\u00fcssigkeit mit hoher Kapazit\u00e4t vorgef\u00fcllt, die eine l\u00e4ngere Laufzeit bietet und h\u00e4ufiges Nachf\u00fcllen \u00fcberfl\u00fcssig macht. Diese gro\u00dfe Kapazit\u00e4t erg\u00e4nzt den einfachen und den doppelten Widerstandsmodus des Ger\u00e4ts und garantiert die Zufriedenheit der Benutzer, die Haltbarkeit und Geschmacksintensit\u00e4t suchen. Die Kapazit\u00e4t von 20 ml E-Liquid ist in dieser Kategorie au\u00dfergew\u00f6hnlich und ideal f\u00fcr alle, die die Wartungsh\u00e4ufigkeit reduzieren und ein reibungsloses Dampferlebnis genie\u00dfen m\u00f6chten.<\/p><p>Die e-Fl\u00fcssigkeit verwendet eine hochwertige Formel, die sorgf\u00e4ltig entwickelt wurde, um unabh\u00e4ngig von der Art des Widerstands eine optimale Konsistenz und Stabilit\u00e4t zu gew\u00e4hrleisten. Ob fruchtige Aromen, erfrischende Minze oder klassischer Tabak, die e-Liquid Fumot Tornado 20000 bietet einen reinen Geschmack und ein sanftes Inhalieren.<\/p><h2>Flexibilit\u00e4t der Zugzeiten<\/h2><p>Die Zugzeiten der elektronischen Zigarette Fumot Tornado 20000 Jelly Beans k\u00f6nnen dank der verschiedenen Mesh-Widerstandsmodi flexibel variiert werden, wodurch die unterschiedlichen Bed\u00fcrfnisse der Benutzer perfekt erf\u00fcllt werden. Im einfachen Widerstandsmodus kann diese E-Zigarette etwa 20000 Z\u00fcge liefern, was f\u00fcr Benutzer geeignet ist, die eine lange Nutzungsdauer bevorzugen und ein gutes Preis-Leistungs-Verh\u00e4ltnis suchen. In diesem Modus werden Liquid und Batterie langsamer verbraucht, was ein sparsameres Dampferlebnis erm\u00f6glicht.<\/p><p>Im doppelten Mesh-Widerstandsmodus betr\u00e4gt die Anzahl der Z\u00fcge etwa 10.000, aber jeder Zug erzeugt einen reichhaltigeren Dampf und einen st\u00e4rkeren Geschmack. Dieses Design erm\u00f6glicht es den Nutzern, frei nach ihren Dampfgewohnheiten zu w\u00e4hlen: ein l\u00e4ngeres, sanfteres Erlebnis zu genie\u00dfen oder eine intensivere sensorische Stimulation zu suchen.<\/p>\t\t\t\t\t\t\t\t<\/div>\n\t\t\t\t<\/div>\n\t\t\t\t\t<\/div>\n\t\t\t\t<\/div>\n\t\t\t\t<\/div>","protected":false},"excerpt":{"rendered":"<p>Wenn Sie den Rauch der aromatisierten elektronischen Zigarette Jelly Beans tief einatmen, werden Sie sich augenblicklich an die bunten Bonbons erinnern, die Sie als Kind nach der Schule in der Hand hielten. Sauer und s\u00fc\u00df, reich an Nuancen, ist dieser Geschmack nicht nur einzigartig, sondern auch eine Explosion der guten Laune. Nehmen Sie einen Atemzug der [...].<\/p>","protected":false},"featured_media":6469,"comment_status":"open","ping_status":"closed","template":"","meta":{"site-sidebar-layout":"no-sidebar","site-content-layout":"page-builder","ast-site-content-layout":"normal-width-container","site-content-style":"default","site-sidebar-style":"default","ast-global-header-display":"","ast-banner-title-visibility":"","ast-main-header-display":"","ast-hfb-above-header-display":"","ast-hfb-below-header-display":"","ast-hfb-mobile-header-display":"","site-post-title":"disabled","ast-breadcrumbs-content":"","ast-featured-img":"disabled","footer-sml-layout":"","theme-transparent-header-meta":"default","adv-header-id-meta":"","stick-header-meta":"default","header-above-stick-meta":"","header-main-stick-meta":"","header-below-stick-meta":"","astra-migrate-meta-layouts":"set","ast-page-background-enabled":"default","ast-page-background-meta":{"desktop":{"background-color":"","background-image":"","background-repeat":"repeat","background-position":"center center","background-size":"auto","background-attachment":"scroll","background-type":"","background-media":"","overlay-type":"","overlay-color":"","overlay-opacity":"","overlay-gradient":""},"tablet":{"background-color":"","background-image":"","background-repeat":"repeat","background-position":"center center","background-size":"auto","background-attachment":"scroll","background-type":"","background-media":"","overlay-type":"","overlay-color":"","overlay-opacity":"","overlay-gradient":""},"mobile":{"background-color":"","background-image":"","background-repeat":"repeat","background-position":"center center","background-size":"auto","background-attachment":"scroll","background-type":"","background-media":"","overlay-type":"","overlay-color":"","overlay-opacity":"","overlay-gradient":""}},"ast-content-background-meta":{"desktop":{"background-color":"var(--ast-global-color-5)","background-image":"","background-repeat":"repeat","background-position":"center center","background-size":"auto","background-attachment":"scroll","background-type":"","background-media":"","overlay-type":"","overlay-color":"","overlay-opacity":"","overlay-gradient":""},"tablet":{"background-color":"var(--ast-global-color-5)","background-image":"","background-repeat":"repeat","background-position":"center center","background-size":"auto","background-attachment":"scroll","background-type":"","background-media":"","overlay-type":"","overlay-color":"","overlay-opacity":"","overlay-gradient":""},"mobile":{"background-color":"var(--ast-global-color-5)","background-image":"","background-repeat":"repeat","background-position":"center center","background-size":"auto","background-attachment":"scroll","background-type":"","background-media":"","overlay-type":"","overlay-color":"","overlay-opacity":"","overlay-gradient":""}}},"product_brand":[29],"product_cat":[33,69],"product_tag":[],"class_list":{"0":"post-4101","1":"product","2":"type-product","3":"status-publish","4":"has-post-thumbnail","6":"product_brand-randm-tornado","7":"product_cat-fumot-tornado-20000-offre-jusqua-20000-bouffees","8":"product_cat-puff-20k-est-une-veritable-autonomie-pour-vos-trajets-quotidiens","9":"desktop-align-center","10":"tablet-align-center","11":"mobile-align-center","12":"ast-product-gallery-layout-horizontal","13":"ast-product-single-variable","14":"ast-product-tabs-layout-horizontal","16":"first","17":"instock","18":"sale","19":"shipping-taxable","20":"purchasable","21":"product-type-variable","22":"has-default-attributes"},"tiered_pricing_type":"fixed","tiered_pricing_fixed_rules":{"30":"10.37","60":"9.19","100":"7.85","200":"7.69","500":"7.19"},"tiered_pricing_product_settings":{"layout":"default","base_unit_name":{"singular":null,"plural":null},"default_variation":null},"tiered_pricing_minimum_quantity":null,"tiered_pricing_roles_data":[],"tiered_pricing_percentage_rules":[],"_links":{"self":[{"href":"https:\/\/puffvapekit.com\/de\/wp-json\/wp\/v2\/product\/4101","targetHints":{"allow":["GET"]}}],"collection":[{"href":"https:\/\/puffvapekit.com\/de\/wp-json\/wp\/v2\/product"}],"about":[{"href":"https:\/\/puffvapekit.com\/de\/wp-json\/wp\/v2\/types\/product"}],"replies":[{"embeddable":true,"href":"https:\/\/puffvapekit.com\/de\/wp-json\/wp\/v2\/comments?post=4101"}],"version-history":[{"count":7,"href":"https:\/\/puffvapekit.com\/de\/wp-json\/wp\/v2\/product\/4101\/revisions"}],"predecessor-version":[{"id":6601,"href":"https:\/\/puffvapekit.com\/de\/wp-json\/wp\/v2\/product\/4101\/revisions\/6601"}],"wp:featuredmedia":[{"embeddable":true,"href":"https:\/\/puffvapekit.com\/de\/wp-json\/wp\/v2\/media\/6469"}],"wp:attachment":[{"href":"https:\/\/puffvapekit.com\/de\/wp-json\/wp\/v2\/media?parent=4101"}],"wp:term":[{"taxonomy":"product_brand","embeddable":true,"href":"https:\/\/puffvapekit.com\/de\/wp-json\/wp\/v2\/product_brand?post=4101"},{"taxonomy":"product_cat","embeddable":true,"href":"https:\/\/puffvapekit.com\/de\/wp-json\/wp\/v2\/product_cat?post=4101"},{"taxonomy":"product_tag","embeddable":true,"href":"https:\/\/puffvapekit.com\/de\/wp-json\/wp\/v2\/product_tag?post=4101"}],"curies":[{"name":"wp","href":"https:\/\/api.w.org\/{rel}","templated":true}]}}