{"id":4200,"date":"2025-07-28T08:39:21","date_gmt":"2025-07-28T08:39:21","guid":{"rendered":"https:\/\/puffvapekit.com\/?post_type=product&#038;p=4200"},"modified":"2026-02-22T01:23:28","modified_gmt":"2026-02-22T01:23:28","slug":"randm-tornado-25k-avec-batterie-rechargeable-integree-et-bobine-a-double-maille","status":"publish","type":"product","link":"https:\/\/puffvapekit.com\/de\/product\/randm-tornado-25k-mit-eingebauter-wiederaufladbarer-batterie-und-doppelmaschenspule\/","title":{"rendered":"Fumot RandM Tornado 25000: 25K Rauchz\u00fcge, vorgef\u00fcllter 20 ml Tank, eingebaute wiederaufladbare 700 mAh Batterie, doppelte Mesh-Widerst\u00e4nde und HD-Touchscreen"},"content":{"rendered":"<div data-elementor-type=\"wp-post\" data-elementor-id=\"4200\" class=\"elementor elementor-4200\">\n\t\t\t\t<div class=\"elementor-element elementor-element-5367c11 e-flex e-con-boxed e-con e-parent\" data-id=\"5367c11\" data-element_type=\"container\" data-e-type=\"container\">\n\t\t\t\t\t<div class=\"e-con-inner\">\n\t\t\t\t<div class=\"elementor-element elementor-element-1704875 elementor-widget elementor-widget-text-editor\" data-id=\"1704875\" data-element_type=\"widget\" data-e-type=\"widget\" data-widget_type=\"text-editor.default\">\n\t\t\t\t<div class=\"elementor-widget-container\">\n\t\t\t\t\t\t\t\t\t<h2>Langanhaltende E-Liquid-Erfahrung<\/h2><p>Jede elektronische Zigarette RandM Tornado 25000 bietet 25000 Rauchz\u00fcge dank 20 ml E-Fl\u00fcssigkeit und wiederaufladbaren Batterien, ein wirklich umweltfreundliches und wirtschaftliches Modell.<\/p><h2>Stabiler Dampf, reicher Geschmack<\/h2><p>Der Doppelmaschenwiderstand deckt einen gr\u00f6\u00dferen Heizbereich ab und bietet gleichm\u00e4\u00dfiges Erhitzen, kontinuierlichen Dampf, stabilen Geschmack und dicken Rauch.<\/p><h2>Intelligente Anzeige und intuitive Steuerung<\/h2><p>Der Touchscreen zeigt nicht nur die Ausgangsleistung, den Akkuladestand und die verbleibende E-Fl\u00fcssigkeit an, sondern erm\u00f6glicht auch die Einstellung der Leistung mit 3 Klicks; es sind keine Kn\u00f6pfe erforderlich, wodurch Technologie und Bequemlichkeit miteinander verbunden werden.<\/p><h2>Schnelles Aufladen und nachhaltiges Design<\/h2><p>Der USB-C-Schnellladeanschluss verbessert die Akkulaufzeit und erleichtert den Transport. Diese robuste und moderne elektronische Zigarette bietet einen wiederaufladbaren Akku, der wiederverwendet werden kann, bis die E-Fl\u00fcssigkeit aufgebraucht ist, und verringert so die Umweltbelastung durch elektronische Einwegzigaretten.<\/p><h2>Spezifikationen von RandM Tornado 25000<\/h2><p>Anzahl der Z\u00fcge: Jede E-Zigarette bietet etwa 25.000 Z\u00fcge (Raucher k\u00f6nnen sie wochen- oder monatelang ununterbrochen verwenden).<\/p><p>Kapazit\u00e4t: 20 ml vorgef\u00fcllt.<\/p><p>Batteriesystem: Eingebauter wiederaufladbarer 700-mAh-Akku, Schnellladung \u00fcber USB-C.<\/p><p>Zerst\u00e4ubungsstruktur: \u00dcbernimmt einen doppelmaschigen Zerst\u00e4ubungskern, um die Heizfl\u00e4che der Fl\u00fcssigkeit zu verbessern und den Geschmack und die Leistung des Rauchs zu optimieren.<\/p><p>Touchscreen: Ausgestattet mit einem hochaufl\u00f6senden 1,77-Zoll-TFT-Touchscreen, der die aktuelle Ausgangsleistung, die Akkuladung, die verbleibende Fl\u00fcssigkeit und andere Informationen anzeigt.<\/p><p>Einstellung der Ausgangsleistung: Sie k\u00f6nnen zwischen drei Leistungsmodi (16 W, 20 W, 24 W) wechseln, indem Sie dreimal auf den Touchscreen tippen, um Ihren unterschiedlichen Rauch- und Geschmacksbed\u00fcrfnissen gerecht zu werden.<\/p><p>Spa\u00df-Spielmodus: Klicken Sie viermal auf den Bildschirm, um das Unterhaltungs-Minispiel aufzurufen, das ein lustiges interaktives Erlebnis hinzuf\u00fcgt, wenn Freunde zusammenkommen.<\/p><h2>Die Fumot Tornado 25000 bietet bis zu 25 Geschmacksrichtungen an<\/h2><p>Die Fumot Tornado 25000 bietet bis zu 25 Geschmacksrichtungen, die eine breite Palette von Aromen abdecken, von frischer Minze \u00fcber saftige Fr\u00fcchte bis hin zu einzigartigen Bonbon-Geschmacksrichtungen, die auf die Vorlieben der Nutzer zugeschnitten sind.<\/p><p>Dazu geh\u00f6ren \u00abBlueberry Raspberry\u00bb, \u00abJuicy Peach Ice\u00bb, \u00abPeach Mango Watermelon\u00bb, \u00abStrawberry Watermelon\u00bb und \u00abKiwi Passionfruit Guava\u00bb, die ein s\u00fc\u00dfes, reichhaltiges und komplexes Fruchterlebnis bieten. \u00c4hnlich wie bei den Produktreihen \u00abGrape Lemon\u00bb, \u00abPineapple Ice\u00bb und \u00abPink Lemonade\u00bb machen Zitronen- oder Eisnoten den fruchtigen Geschmack noch erfrischender und belebender.<\/p><p>Bei der Produktreihe Eis und Minze steht die Frische im Vordergrund. \u00abBanana Ice\u00bb, \u00abCool Mint\u00bb, \u00abMiami Mint\u00bb, \u00abWatermelon Ice\u00bb und \u00abWhite Gummy Ice\u00bb eignen sich f\u00fcr alle, die es k\u00fchl und erfrischend m\u00f6gen. Geschmacksrichtungen wie \u00abCherry Cola\u00bb und \u00abDr. Blue\u00bb verk\u00f6rpern den Spa\u00df an kreativen Mischungen und kombinieren Noten von Limonade, Bonbons oder Heidelbeeren f\u00fcr ein einzigartiges Raucherlebnis.<\/p>\t\t\t\t\t\t\t\t<\/div>\n\t\t\t\t<\/div>\n\t\t\t\t\t<\/div>\n\t\t\t\t<\/div>\n\t\t\t\t<\/div>","protected":false},"excerpt":{"rendered":"<p>Langanhaltendes E-Fl\u00fcssigkeits-Erlebnis Jede elektronische Zigarette RandM Tornado 25000 bietet 25000 Rauchz\u00fcge dank 20 ml E-Fl\u00fcssigkeit und wiederaufladbaren Batterien, ein wahrhaft umweltfreundliches und wirtschaftliches Modell. Stabiler Dampf, reicher Geschmack Der Widerstand mit doppelter Maschenweite deckt einen gr\u00f6\u00dferen Heizbereich ab und bietet eine gleichm\u00e4\u00dfige Erw\u00e4rmung, kontinuierlichen Dampf, einen [...]] Geschmack.<\/p>","protected":false},"featured_media":4141,"comment_status":"open","ping_status":"closed","template":"","meta":{"site-sidebar-layout":"no-sidebar","site-content-layout":"page-builder","ast-site-content-layout":"normal-width-container","site-content-style":"default","site-sidebar-style":"default","ast-global-header-display":"","ast-banner-title-visibility":"","ast-main-header-display":"","ast-hfb-above-header-display":"","ast-hfb-below-header-display":"","ast-hfb-mobile-header-display":"","site-post-title":"disabled","ast-breadcrumbs-content":"","ast-featured-img":"disabled","footer-sml-layout":"","theme-transparent-header-meta":"default","adv-header-id-meta":"","stick-header-meta":"default","header-above-stick-meta":"","header-main-stick-meta":"","header-below-stick-meta":"","astra-migrate-meta-layouts":"set","ast-page-background-enabled":"default","ast-page-background-meta":{"desktop":{"background-color":"","background-image":"","background-repeat":"repeat","background-position":"center center","background-size":"auto","background-attachment":"scroll","background-type":"","background-media":"","overlay-type":"","overlay-color":"","overlay-opacity":"","overlay-gradient":""},"tablet":{"background-color":"","background-image":"","background-repeat":"repeat","background-position":"center center","background-size":"auto","background-attachment":"scroll","background-type":"","background-media":"","overlay-type":"","overlay-color":"","overlay-opacity":"","overlay-gradient":""},"mobile":{"background-color":"","background-image":"","background-repeat":"repeat","background-position":"center center","background-size":"auto","background-attachment":"scroll","background-type":"","background-media":"","overlay-type":"","overlay-color":"","overlay-opacity":"","overlay-gradient":""}},"ast-content-background-meta":{"desktop":{"background-color":"var(--ast-global-color-5)","background-image":"","background-repeat":"repeat","background-position":"center center","background-size":"auto","background-attachment":"scroll","background-type":"","background-media":"","overlay-type":"","overlay-color":"","overlay-opacity":"","overlay-gradient":""},"tablet":{"background-color":"var(--ast-global-color-5)","background-image":"","background-repeat":"repeat","background-position":"center center","background-size":"auto","background-attachment":"scroll","background-type":"","background-media":"","overlay-type":"","overlay-color":"","overlay-opacity":"","overlay-gradient":""},"mobile":{"background-color":"var(--ast-global-color-5)","background-image":"","background-repeat":"repeat","background-position":"center center","background-size":"auto","background-attachment":"scroll","background-type":"","background-media":"","overlay-type":"","overlay-color":"","overlay-opacity":"","overlay-gradient":""}}},"product_brand":[29],"product_cat":[34,72],"product_tag":[],"class_list":{"0":"post-4200","1":"product","2":"type-product","3":"status-publish","4":"has-post-thumbnail","6":"product_brand-randm-tornado","7":"product_cat-randm-tornado-25000-propose-3-modes-de-puissance","8":"product_cat-puff-25k-sintegre-parfaitement-a-votre-style-quotidien","9":"desktop-align-center","10":"tablet-align-center","11":"mobile-align-center","12":"ast-product-gallery-layout-horizontal","13":"ast-product-single-variable","14":"ast-product-tabs-layout-horizontal","16":"first","17":"instock","18":"sale","19":"shipping-taxable","20":"purchasable","21":"product-type-variable","22":"has-default-attributes"},"tiered_pricing_type":"fixed","tiered_pricing_fixed_rules":{"50":"11.12","100":"9.99","200":"9.42","400":"8.89"},"tiered_pricing_product_settings":{"layout":"default","base_unit_name":{"singular":null,"plural":null},"default_variation":null},"tiered_pricing_minimum_quantity":null,"tiered_pricing_roles_data":[],"tiered_pricing_percentage_rules":[],"_links":{"self":[{"href":"https:\/\/puffvapekit.com\/de\/wp-json\/wp\/v2\/product\/4200","targetHints":{"allow":["GET"]}}],"collection":[{"href":"https:\/\/puffvapekit.com\/de\/wp-json\/wp\/v2\/product"}],"about":[{"href":"https:\/\/puffvapekit.com\/de\/wp-json\/wp\/v2\/types\/product"}],"replies":[{"embeddable":true,"href":"https:\/\/puffvapekit.com\/de\/wp-json\/wp\/v2\/comments?post=4200"}],"version-history":[{"count":6,"href":"https:\/\/puffvapekit.com\/de\/wp-json\/wp\/v2\/product\/4200\/revisions"}],"predecessor-version":[{"id":4258,"href":"https:\/\/puffvapekit.com\/de\/wp-json\/wp\/v2\/product\/4200\/revisions\/4258"}],"wp:featuredmedia":[{"embeddable":true,"href":"https:\/\/puffvapekit.com\/de\/wp-json\/wp\/v2\/media\/4141"}],"wp:attachment":[{"href":"https:\/\/puffvapekit.com\/de\/wp-json\/wp\/v2\/media?parent=4200"}],"wp:term":[{"taxonomy":"product_brand","embeddable":true,"href":"https:\/\/puffvapekit.com\/de\/wp-json\/wp\/v2\/product_brand?post=4200"},{"taxonomy":"product_cat","embeddable":true,"href":"https:\/\/puffvapekit.com\/de\/wp-json\/wp\/v2\/product_cat?post=4200"},{"taxonomy":"product_tag","embeddable":true,"href":"https:\/\/puffvapekit.com\/de\/wp-json\/wp\/v2\/product_tag?post=4200"}],"curies":[{"name":"wp","href":"https:\/\/api.w.org\/{rel}","templated":true}]}}