{"id":4259,"date":"2025-07-28T10:02:24","date_gmt":"2025-07-28T10:02:24","guid":{"rendered":"https:\/\/puffvapekit.com\/?post_type=product&#038;p=4259"},"modified":"2026-02-22T01:23:28","modified_gmt":"2026-02-22T01:23:28","slug":"randm-25000-miami-mint-un-arome-de-menthe-rafraichissant","status":"publish","type":"product","link":"https:\/\/puffvapekit.com\/de\/product\/randm-25000-miami-mint-ein-erfrischendes-minzaroma\/","title":{"rendered":"RandM Tornado 25000 - Miami Mint"},"content":{"rendered":"<div data-elementor-type=\"wp-post\" data-elementor-id=\"4259\" class=\"elementor elementor-4259\">\n\t\t\t\t<div class=\"elementor-element elementor-element-5367c11 e-flex e-con-boxed e-con e-parent\" data-id=\"5367c11\" data-element_type=\"container\" data-e-type=\"container\">\n\t\t\t\t\t<div class=\"e-con-inner\">\n\t\t\t\t<div class=\"elementor-element elementor-element-1704875 elementor-widget elementor-widget-text-editor\" data-id=\"1704875\" data-element_type=\"widget\" data-e-type=\"widget\" data-widget_type=\"text-editor.default\">\n\t\t\t\t<div class=\"elementor-widget-container\">\n\t\t\t\t\t\t\t\t\t<p>Miami Mint ist ein erfrischendes Minzaroma, das die S\u00fc\u00dfe und Frische des s\u00fcdlichen Florida mit einer intensiven tropischen Atmosph\u00e4re verbindet. Es handelt sich nicht um eine einfache Minze, sondern um eine Mischung aus verschiedenen Minzsorten (z. B. gr\u00fcne Minze und Spearmint), die leicht ges\u00fc\u00dft ist, einen ausgewogenen Geschmack hat und nicht fettig ist.<\/p><h2>Eigenschaften der Miami-Minze :<\/h2><h3>Kopfnoten (bei Inhalation)<\/h3><p>Das erfrischende, direkte Aroma von Eisminze schl\u00e4gt Ihnen ins Gesicht, stimuliert Mund und Nasenh\u00f6hlen und erfrischt sofort den Geist.<\/p><p>Mit einer leichten S\u00fc\u00dfe sp\u00fcrt man einen Hauch von tropischem Zuckerrohr.<\/p><h3>Herznote (bei halber Inhalation)<\/h3><p>Die Minzfrische h\u00e4lt an, w\u00e4hrend ein krautiger Geschmack von gr\u00fcner Minze langsam hervortritt und ein Gef\u00fchl der Frische vermittelt, das an die k\u00fchle Meeresbrise Floridas erinnert.<\/p><p>Im Mund ist keine fruchtige Dominanz zu erkennen, aber eine leichte Zitrusnote erhellt das Ganze (nicht von den Fruchtaromen dominiert, sondern einfach sublimiert).<\/p><h3>Hintergrundnote (beim Ausatmen)<\/h3><p>Die Frische l\u00e4sst allm\u00e4hlich nach und hinterl\u00e4sst einen ehrlichen und erfrischenden Nachgeschmack im Mund.<\/p><p>Er ist weder fettig noch chemisch. Sein Geschmack ist frisch. Nach dem Ausatmen f\u00fchlt es sich an, als w\u00fcrde man ein hochwertiges Pfefferminzbonbon kauen.<\/p><p>Der minzige Nachgeschmack ist lang, ideal f\u00fcr E-Zigaretten-Fans, die ein langes und erfrischendes Erlebnis suchen.<\/p><h2>Langanhaltende E-Liquid-Erfahrung<\/h2><p>Jede elektronische Zigarette RandM Tornado 25000 Miami Mint bietet 25000 Rauchz\u00fcge dank 20 ml E-Fl\u00fcssigkeit und wiederaufladbaren Batterien, ein wirklich umweltfreundliches und wirtschaftliches Modell.<\/p><h2>Stabiler Dampf, reicher Geschmack<\/h2><p>Der Doppelmaschenwiderstand deckt einen gr\u00f6\u00dferen Heizbereich ab und bietet gleichm\u00e4\u00dfiges Erhitzen, kontinuierlichen Dampf, stabilen Geschmack und dicken Rauch.<\/p><h2>Intelligente Anzeige und intuitive Steuerung<\/h2><p>Der Touchscreen zeigt nicht nur die Ausgangsleistung, den Akkuladestand und die verbleibende E-Fl\u00fcssigkeit an, sondern erm\u00f6glicht auch die Einstellung der Leistung mit 3 Klicks; es sind keine Kn\u00f6pfe erforderlich, wodurch Technologie und Bequemlichkeit miteinander verbunden werden.<\/p><h2>Schnelles Aufladen und nachhaltiges Design<\/h2><p>Der USB-C-Schnellladeanschluss verbessert die Akkulaufzeit und erleichtert den Transport. Diese robuste und moderne elektronische Zigarette bietet einen wiederaufladbaren Akku, der wiederverwendet werden kann, bis die E-Fl\u00fcssigkeit aufgebraucht ist, und verringert so die Umweltbelastung durch elektronische Einwegzigaretten.<\/p><h2>Spezifikationen von RandM Tornado 25000 Miami Mint<\/h2><p>Anzahl der Z\u00fcge: Jede E-Zigarette bietet etwa 25.000 Z\u00fcge (Raucher k\u00f6nnen sie wochen- oder monatelang ununterbrochen verwenden).<\/p><p>Kapazit\u00e4t: 20 ml vorgef\u00fcllt.<\/p><p>Batteriesystem: Eingebauter wiederaufladbarer 700-mAh-Akku, Schnellladung \u00fcber USB-C.<\/p><p>Zerst\u00e4ubungsstruktur: \u00dcbernimmt einen doppelmaschigen Zerst\u00e4ubungskern, um die Heizfl\u00e4che der Fl\u00fcssigkeit zu verbessern und den Geschmack und die Leistung des Rauchs zu optimieren.<\/p><p>Touchscreen: Ausgestattet mit einem hochaufl\u00f6senden 1,77-Zoll-TFT-Touchscreen, der die aktuelle Ausgangsleistung, die Akkuladung, die verbleibende Fl\u00fcssigkeit und andere Informationen anzeigt.<\/p><p>Einstellung der Ausgangsleistung: Sie k\u00f6nnen zwischen drei Leistungsmodi (16 W, 20 W, 24 W) wechseln, indem Sie dreimal auf den Touchscreen tippen, um Ihren unterschiedlichen Rauch- und Geschmacksbed\u00fcrfnissen gerecht zu werden.<\/p><p>Spa\u00df-Spielmodus: Klicken Sie viermal auf den Bildschirm, um das Unterhaltungs-Minispiel aufzurufen, das ein lustiges interaktives Erlebnis hinzuf\u00fcgt, wenn Freunde zusammenkommen.<\/p>\t\t\t\t\t\t\t\t<\/div>\n\t\t\t\t<\/div>\n\t\t\t\t\t<\/div>\n\t\t\t\t<\/div>\n\t\t\t\t<\/div>","protected":false},"excerpt":{"rendered":"<p>Miami Mint ist ein erfrischendes Minzaroma, das die S\u00fc\u00dfe und Frische des s\u00fcdlichen Florida mit einer intensiven tropischen Atmosph\u00e4re verbindet. Es handelt sich nicht um eine einfache Minze, sondern um eine Mischung aus verschiedenen Minzsorten (z. B. gr\u00fcne Minze und Spearmint), die leicht s\u00fc\u00dflich ist, einen ausgewogenen Geschmack hat und nicht [...].<\/p>","protected":false},"featured_media":6501,"comment_status":"open","ping_status":"closed","template":"","meta":{"site-sidebar-layout":"no-sidebar","site-content-layout":"page-builder","ast-site-content-layout":"normal-width-container","site-content-style":"default","site-sidebar-style":"default","ast-global-header-display":"","ast-banner-title-visibility":"","ast-main-header-display":"","ast-hfb-above-header-display":"","ast-hfb-below-header-display":"","ast-hfb-mobile-header-display":"","site-post-title":"disabled","ast-breadcrumbs-content":"","ast-featured-img":"disabled","footer-sml-layout":"","theme-transparent-header-meta":"default","adv-header-id-meta":"","stick-header-meta":"default","header-above-stick-meta":"","header-main-stick-meta":"","header-below-stick-meta":"","astra-migrate-meta-layouts":"set","ast-page-background-enabled":"default","ast-page-background-meta":{"desktop":{"background-color":"","background-image":"","background-repeat":"repeat","background-position":"center center","background-size":"auto","background-attachment":"scroll","background-type":"","background-media":"","overlay-type":"","overlay-color":"","overlay-opacity":"","overlay-gradient":""},"tablet":{"background-color":"","background-image":"","background-repeat":"repeat","background-position":"center center","background-size":"auto","background-attachment":"scroll","background-type":"","background-media":"","overlay-type":"","overlay-color":"","overlay-opacity":"","overlay-gradient":""},"mobile":{"background-color":"","background-image":"","background-repeat":"repeat","background-position":"center center","background-size":"auto","background-attachment":"scroll","background-type":"","background-media":"","overlay-type":"","overlay-color":"","overlay-opacity":"","overlay-gradient":""}},"ast-content-background-meta":{"desktop":{"background-color":"var(--ast-global-color-5)","background-image":"","background-repeat":"repeat","background-position":"center center","background-size":"auto","background-attachment":"scroll","background-type":"","background-media":"","overlay-type":"","overlay-color":"","overlay-opacity":"","overlay-gradient":""},"tablet":{"background-color":"var(--ast-global-color-5)","background-image":"","background-repeat":"repeat","background-position":"center center","background-size":"auto","background-attachment":"scroll","background-type":"","background-media":"","overlay-type":"","overlay-color":"","overlay-opacity":"","overlay-gradient":""},"mobile":{"background-color":"var(--ast-global-color-5)","background-image":"","background-repeat":"repeat","background-position":"center center","background-size":"auto","background-attachment":"scroll","background-type":"","background-media":"","overlay-type":"","overlay-color":"","overlay-opacity":"","overlay-gradient":""}}},"product_brand":[29],"product_cat":[34,72],"product_tag":[],"class_list":{"0":"post-4259","1":"product","2":"type-product","3":"status-publish","4":"has-post-thumbnail","6":"product_brand-randm-tornado","7":"product_cat-randm-tornado-25000-propose-3-modes-de-puissance","8":"product_cat-puff-25k-sintegre-parfaitement-a-votre-style-quotidien","9":"desktop-align-center","10":"tablet-align-center","11":"mobile-align-center","12":"ast-product-gallery-layout-horizontal","13":"ast-product-single-variable","14":"ast-product-tabs-layout-horizontal","16":"first","17":"instock","18":"sale","19":"shipping-taxable","20":"purchasable","21":"product-type-variable","22":"has-default-attributes"},"tiered_pricing_type":"fixed","tiered_pricing_fixed_rules":{"50":"11.12","100":"9.99","200":"9.42","400":"8.89"},"tiered_pricing_product_settings":{"layout":"default","base_unit_name":{"singular":null,"plural":null},"default_variation":null},"tiered_pricing_minimum_quantity":null,"tiered_pricing_roles_data":[],"tiered_pricing_percentage_rules":[],"_links":{"self":[{"href":"https:\/\/puffvapekit.com\/de\/wp-json\/wp\/v2\/product\/4259","targetHints":{"allow":["GET"]}}],"collection":[{"href":"https:\/\/puffvapekit.com\/de\/wp-json\/wp\/v2\/product"}],"about":[{"href":"https:\/\/puffvapekit.com\/de\/wp-json\/wp\/v2\/types\/product"}],"replies":[{"embeddable":true,"href":"https:\/\/puffvapekit.com\/de\/wp-json\/wp\/v2\/comments?post=4259"}],"version-history":[{"count":7,"href":"https:\/\/puffvapekit.com\/de\/wp-json\/wp\/v2\/product\/4259\/revisions"}],"predecessor-version":[{"id":6614,"href":"https:\/\/puffvapekit.com\/de\/wp-json\/wp\/v2\/product\/4259\/revisions\/6614"}],"wp:featuredmedia":[{"embeddable":true,"href":"https:\/\/puffvapekit.com\/de\/wp-json\/wp\/v2\/media\/6501"}],"wp:attachment":[{"href":"https:\/\/puffvapekit.com\/de\/wp-json\/wp\/v2\/media?parent=4259"}],"wp:term":[{"taxonomy":"product_brand","embeddable":true,"href":"https:\/\/puffvapekit.com\/de\/wp-json\/wp\/v2\/product_brand?post=4259"},{"taxonomy":"product_cat","embeddable":true,"href":"https:\/\/puffvapekit.com\/de\/wp-json\/wp\/v2\/product_cat?post=4259"},{"taxonomy":"product_tag","embeddable":true,"href":"https:\/\/puffvapekit.com\/de\/wp-json\/wp\/v2\/product_tag?post=4259"}],"curies":[{"name":"wp","href":"https:\/\/api.w.org\/{rel}","templated":true}]}}