{"id":4277,"date":"2025-07-29T05:28:55","date_gmt":"2025-07-29T05:28:55","guid":{"rendered":"https:\/\/puffvapekit.com\/?post_type=product&#038;p=4277"},"modified":"2026-02-22T01:23:29","modified_gmt":"2026-02-22T01:23:29","slug":"randm-25000-strawberry-ice-est-un-melange-de-saveurs-fruitees-et-mentholees","status":"publish","type":"product","link":"https:\/\/puffvapekit.com\/de\/product\/randm-25000-strawberry-ice-ist-eine-mischung-aus-fruchtigem-und-minzigem-geschmack\/","title":{"rendered":"RandM Tornado 25000 - Strawberry Ice (Erdbeereis)"},"content":{"rendered":"<div data-elementor-type=\"wp-post\" data-elementor-id=\"4277\" class=\"elementor elementor-4277\">\n\t\t\t\t<div class=\"elementor-element elementor-element-5367c11 e-flex e-con-boxed e-con e-parent\" data-id=\"5367c11\" data-element_type=\"container\" data-e-type=\"container\">\n\t\t\t\t\t<div class=\"e-con-inner\">\n\t\t\t\t<div class=\"elementor-element elementor-element-1704875 elementor-widget elementor-widget-text-editor\" data-id=\"1704875\" data-element_type=\"widget\" data-e-type=\"widget\" data-widget_type=\"text-editor.default\">\n\t\t\t\t<div class=\"elementor-widget-container\">\n\t\t\t\t\t\t\t\t\t<p>Sie lehnen sich in Ihrem Sessel zur\u00fcck, schlagen ein altes Buch auf, halten eine elektronische Zigarette RandM Tornado 25000 Erdbeereis zwischen den Fingern und atmen den Rauch langsam ein. Das fruchtige Aroma und die Minze vermischen sich sofort und lassen ein s\u00fc\u00dfes, erfrischendes Aroma auf der Zungenspitze entstehen, als w\u00fcrden Sie in einen Morgen in der Provence in S\u00fcdfrankreich versetzt werden.<\/p><p>Strawberry Ice ist ein klassisches fruchtiges Aroma, das von RandM Tornado 25000 sorgf\u00e4ltig hergestellt wurde. S\u00fc\u00df, aber nicht fettig, erinnert es an frisch gepfl\u00fcckte Erdbeeren, gemischt mit der Frische von frischer Minze, die dem Sommer einen Hauch von Frische verleiht. Er hat ein nat\u00fcrliches fruchtiges Aroma, eine leichte S\u00e4ure und Frische und ist zart, elegant und voll von der exquisiten Suche nach franz\u00f6sischer Sinnlichkeit.<\/p><h2>Langanhaltende E-Liquid-Erfahrung<\/h2><p>Jede elektronische Zigarette RandM Tornado 25000 Strawberry Ice bietet 25000 Rauchz\u00fcge dank 20 ml E-Fl\u00fcssigkeit und wiederaufladbaren Batterien, ein wirklich umweltfreundliches und wirtschaftliches Modell.<\/p><h2>Stabiler Dampf, reicher Geschmack<\/h2><p>Der Doppelmaschenwiderstand deckt einen gr\u00f6\u00dferen Heizbereich ab und bietet gleichm\u00e4\u00dfiges Erhitzen, kontinuierlichen Dampf, stabilen Geschmack und dicken Rauch.<\/p><h2>Intelligente Anzeige und intuitive Steuerung<\/h2><p>Der Touchscreen zeigt nicht nur die Ausgangsleistung, den Akkuladestand und die verbleibende E-Fl\u00fcssigkeit an, sondern erm\u00f6glicht auch die Einstellung der Leistung mit 3 Klicks; es sind keine Kn\u00f6pfe erforderlich, wodurch Technologie und Bequemlichkeit miteinander verbunden werden.<\/p><h2>Schnelles Aufladen und nachhaltiges Design<\/h2><p>Der USB-C-Schnellladeanschluss verbessert die Akkulaufzeit und erleichtert den Transport. Diese robuste und moderne elektronische Zigarette bietet einen wiederaufladbaren Akku, der wiederverwendet werden kann, bis die E-Fl\u00fcssigkeit aufgebraucht ist, und verringert so die Umweltbelastung durch elektronische Einwegzigaretten.<\/p><h2>Spezifikationen von RandM Tornado 25000 Strawberry Ice<\/h2><p>Anzahl der Z\u00fcge: Jede E-Zigarette bietet etwa 25.000 Z\u00fcge (Raucher k\u00f6nnen sie wochen- oder monatelang ununterbrochen verwenden).<\/p><p>Kapazit\u00e4t: 20 ml vorgef\u00fcllt.<\/p><p>Batteriesystem: Eingebauter wiederaufladbarer 700-mAh-Akku, Schnellladung \u00fcber USB-C.<\/p><p>Zerst\u00e4ubungsstruktur: \u00dcbernimmt einen doppelmaschigen Zerst\u00e4ubungskern, um die Heizfl\u00e4che der Fl\u00fcssigkeit zu verbessern und den Geschmack und die Leistung des Rauchs zu optimieren.<\/p><p>Touchscreen: Ausgestattet mit einem hochaufl\u00f6senden 1,77-Zoll-TFT-Touchscreen, der die aktuelle Ausgangsleistung, die Akkuladung, die verbleibende Fl\u00fcssigkeit und andere Informationen anzeigt.<\/p><p>Einstellung der Ausgangsleistung: Sie k\u00f6nnen zwischen drei Leistungsmodi (16 W, 20 W, 24 W) wechseln, indem Sie dreimal auf den Touchscreen tippen, um Ihren unterschiedlichen Rauch- und Geschmacksbed\u00fcrfnissen gerecht zu werden.<\/p><p>Spa\u00df-Spielmodus: Klicken Sie viermal auf den Bildschirm, um das Unterhaltungs-Minispiel aufzurufen, das ein lustiges interaktives Erlebnis hinzuf\u00fcgt, wenn Freunde zusammenkommen.<\/p>\t\t\t\t\t\t\t\t<\/div>\n\t\t\t\t<\/div>\n\t\t\t\t\t<\/div>\n\t\t\t\t<\/div>\n\t\t\t\t<\/div>","protected":false},"excerpt":{"rendered":"<p>Sie lehnen sich in Ihrem Sessel zur\u00fcck, schlagen ein altes Buch auf, halten eine elektronische Zigarette RandM Tornado 25000 Erdbeereis zwischen den Fingern und atmen den Rauch langsam ein. Das fruchtige Aroma und die Minze vermischen sich sofort und lassen ein s\u00fc\u00dfes, erfrischendes Aroma auf der Zungenspitze entstehen, als w\u00fcrden Sie in einen Morgen [...] versetzt werden.<\/p>","protected":false},"featured_media":6505,"comment_status":"open","ping_status":"closed","template":"","meta":{"site-sidebar-layout":"no-sidebar","site-content-layout":"page-builder","ast-site-content-layout":"normal-width-container","site-content-style":"default","site-sidebar-style":"default","ast-global-header-display":"","ast-banner-title-visibility":"","ast-main-header-display":"","ast-hfb-above-header-display":"","ast-hfb-below-header-display":"","ast-hfb-mobile-header-display":"","site-post-title":"disabled","ast-breadcrumbs-content":"","ast-featured-img":"disabled","footer-sml-layout":"","theme-transparent-header-meta":"default","adv-header-id-meta":"","stick-header-meta":"default","header-above-stick-meta":"","header-main-stick-meta":"","header-below-stick-meta":"","astra-migrate-meta-layouts":"set","ast-page-background-enabled":"default","ast-page-background-meta":{"desktop":{"background-color":"","background-image":"","background-repeat":"repeat","background-position":"center center","background-size":"auto","background-attachment":"scroll","background-type":"","background-media":"","overlay-type":"","overlay-color":"","overlay-opacity":"","overlay-gradient":""},"tablet":{"background-color":"","background-image":"","background-repeat":"repeat","background-position":"center center","background-size":"auto","background-attachment":"scroll","background-type":"","background-media":"","overlay-type":"","overlay-color":"","overlay-opacity":"","overlay-gradient":""},"mobile":{"background-color":"","background-image":"","background-repeat":"repeat","background-position":"center center","background-size":"auto","background-attachment":"scroll","background-type":"","background-media":"","overlay-type":"","overlay-color":"","overlay-opacity":"","overlay-gradient":""}},"ast-content-background-meta":{"desktop":{"background-color":"var(--ast-global-color-5)","background-image":"","background-repeat":"repeat","background-position":"center center","background-size":"auto","background-attachment":"scroll","background-type":"","background-media":"","overlay-type":"","overlay-color":"","overlay-opacity":"","overlay-gradient":""},"tablet":{"background-color":"var(--ast-global-color-5)","background-image":"","background-repeat":"repeat","background-position":"center center","background-size":"auto","background-attachment":"scroll","background-type":"","background-media":"","overlay-type":"","overlay-color":"","overlay-opacity":"","overlay-gradient":""},"mobile":{"background-color":"var(--ast-global-color-5)","background-image":"","background-repeat":"repeat","background-position":"center center","background-size":"auto","background-attachment":"scroll","background-type":"","background-media":"","overlay-type":"","overlay-color":"","overlay-opacity":"","overlay-gradient":""}}},"product_brand":[29],"product_cat":[34,72],"product_tag":[],"class_list":{"0":"post-4277","1":"product","2":"type-product","3":"status-publish","4":"has-post-thumbnail","6":"product_brand-randm-tornado","7":"product_cat-randm-tornado-25000-propose-3-modes-de-puissance","8":"product_cat-puff-25k-sintegre-parfaitement-a-votre-style-quotidien","9":"desktop-align-center","10":"tablet-align-center","11":"mobile-align-center","12":"ast-product-gallery-layout-horizontal","13":"ast-product-single-variable","14":"ast-product-tabs-layout-horizontal","16":"first","17":"instock","18":"sale","19":"shipping-taxable","20":"purchasable","21":"product-type-variable","22":"has-default-attributes"},"tiered_pricing_type":"fixed","tiered_pricing_fixed_rules":{"50":"11.12","100":"9.99","200":"9.42","400":"8.89"},"tiered_pricing_product_settings":{"layout":"default","base_unit_name":{"singular":null,"plural":null},"default_variation":null},"tiered_pricing_minimum_quantity":null,"tiered_pricing_roles_data":[],"tiered_pricing_percentage_rules":[],"_links":{"self":[{"href":"https:\/\/puffvapekit.com\/de\/wp-json\/wp\/v2\/product\/4277","targetHints":{"allow":["GET"]}}],"collection":[{"href":"https:\/\/puffvapekit.com\/de\/wp-json\/wp\/v2\/product"}],"about":[{"href":"https:\/\/puffvapekit.com\/de\/wp-json\/wp\/v2\/types\/product"}],"replies":[{"embeddable":true,"href":"https:\/\/puffvapekit.com\/de\/wp-json\/wp\/v2\/comments?post=4277"}],"version-history":[{"count":11,"href":"https:\/\/puffvapekit.com\/de\/wp-json\/wp\/v2\/product\/4277\/revisions"}],"predecessor-version":[{"id":6612,"href":"https:\/\/puffvapekit.com\/de\/wp-json\/wp\/v2\/product\/4277\/revisions\/6612"}],"wp:featuredmedia":[{"embeddable":true,"href":"https:\/\/puffvapekit.com\/de\/wp-json\/wp\/v2\/media\/6505"}],"wp:attachment":[{"href":"https:\/\/puffvapekit.com\/de\/wp-json\/wp\/v2\/media?parent=4277"}],"wp:term":[{"taxonomy":"product_brand","embeddable":true,"href":"https:\/\/puffvapekit.com\/de\/wp-json\/wp\/v2\/product_brand?post=4277"},{"taxonomy":"product_cat","embeddable":true,"href":"https:\/\/puffvapekit.com\/de\/wp-json\/wp\/v2\/product_cat?post=4277"},{"taxonomy":"product_tag","embeddable":true,"href":"https:\/\/puffvapekit.com\/de\/wp-json\/wp\/v2\/product_tag?post=4277"}],"curies":[{"name":"wp","href":"https:\/\/api.w.org\/{rel}","templated":true}]}}