{"id":4436,"date":"2025-08-01T05:19:13","date_gmt":"2025-08-01T05:19:13","guid":{"rendered":"https:\/\/puffvapekit.com\/?post_type=product&#038;p=4436"},"modified":"2026-02-22T01:22:45","modified_gmt":"2026-02-22T01:22:45","slug":"randm-tornado-30000-batterie-de-600mah-et-sa-resistance-mesh","status":"publish","type":"product","link":"https:\/\/puffvapekit.com\/de\/product\/randm-tornado-30000-600mah-batterie-und-ihr-mesh-widerstand\/","title":{"rendered":"RandM Tornado 30000: Bietet 30K Rauchz\u00fcge mit 25 ml E-Fl\u00fcssigkeit, 600 mAh Akku und Mesh-Widerstand."},"content":{"rendered":"<div data-elementor-type=\"wp-post\" data-elementor-id=\"4436\" class=\"elementor elementor-4436\">\n\t\t\t\t<div class=\"elementor-element elementor-element-5367c11 e-flex e-con-boxed e-con e-parent\" data-id=\"5367c11\" data-element_type=\"container\" data-e-type=\"container\">\n\t\t\t\t\t<div class=\"e-con-inner\">\n\t\t\t\t<div class=\"elementor-element elementor-element-1704875 elementor-widget elementor-widget-text-editor\" data-id=\"1704875\" data-element_type=\"widget\" data-e-type=\"widget\" data-widget_type=\"text-editor.default\">\n\t\t\t\t<div class=\"elementor-widget-container\">\n\t\t\t\t\t\t\t\t\t<h2>Technische Daten zu RandM Tornado 30000<\/h2><p>Maximale Anzahl von Z\u00fcgen: bis zu ca. 30000 Z\u00fcge<\/p><p>Kapazit\u00e4t der vorinstallierten e-Fl\u00fcssigkeit: 25 ml<\/p><p>Akkukapazit\u00e4t: ca. 600 mAh<\/p><p>Ladeanschluss: USB-C Schnellladung, hohe Ladeeffizienz<\/p><p>Atomizer-Konfiguration: Mesh-Widerstand, verbessert die Aromawiedergabe und Stabilit\u00e4t<\/p><p>Nikotinkonzentration: 2 %, 5 % optional<\/p><p>RGB-Beleuchtung und Musiksynchronisation: Einzigartige dynamische RGB-Beleuchtung, die sich dem Rhythmus der Umgebungsmusik anpasst, sorgt f\u00fcr mehr Unterhaltung und eignet sich besonders f\u00fcr Partys und gesellige Veranstaltungen.<\/p><h2>Eigenschaften des RandM Tornado 30000<\/h2><h3>Langlebig und hohe Kapazit\u00e4t<\/h3><p>Intensive Nutzung bis zu 30000 Z\u00fcge, ideal f\u00fcr Intensivnutzer, Reisen oder Ausgehen, reduziert h\u00e4ufiges Auswechseln der elektronischen Zigarette<\/p><p>25 ml E-Liquid mit wiederaufladbarer Hochleistungsbatterie f\u00fcr eine stabile und fl\u00fcssige Leistung w\u00e4hrend der gesamten Verwendung<\/p><h3>Wiederaufladbares Design<\/h3><p>Ausgestattet mit einem wiederaufladbaren 600-mAh-Akku, um die Nutzungsdauer zu verl\u00e4ngern und die Anzahl der Verbrauchsmaterialien zu reduzieren Geringerer Verbrauch<\/p><p>Typ-C-Schnellladung, hohe Ladeeffizienz, einfache Bedienung<\/p><h3>Hitzebest\u00e4ndig und optimales Ausgeh-Erlebnis<\/h3><p>Gleichm\u00e4\u00dfiger Hitzewiderstand von 1,0 \u03a9 f\u00fcr eine optimale Konzentration und Stabilit\u00e4t der Aromen, wodurch das Risiko von Trockenverbrennungen verringert wird.<\/p><p>M\u00e4\u00dfiger Inhalationswiderstand, \u00e4hnlich wie bei Mund-zu-Lunge, sanfter und fl\u00fcssiger Abgang, gute Tr\u00fcbung und gute Geschmacksleistung.<\/p><h2>Die RandM Tornado 30000 bietet bis zu 30 Geschmacksrichtungen an<\/h2><p>Die RandM Tornado 30000 bietet bis zu 30 Geschmacksrichtungen, die eine Vielzahl von Geschmackskategorien wie Fr\u00fcchte, Minze, Eis, S\u00fc\u00dfigkeiten und Getr\u00e4nke abdecken, um den Geschmacksvorlieben jedes Nutzers gerecht zu werden. Die meisten Geschmacksrichtungen sind mit einem erfrischenden Eisgef\u00fchl verbunden und bieten vor allem Liebhabern eisgek\u00fchlter Geschmacksrichtungen ein erfrischendes Erlebnis. Beispielsweise sind \u00abBanana Ice\u00bb, \u00abBlack Ice\u00bb, \u00abCola Ice\u00bb, \u00abPeach Ice\u00bb, \u00abPineapple Ice\u00bb, \u00abGrape Ice\u00bb usw. allesamt Varianten mit dem Wort \u00abice\u00bb, die fruchtige S\u00fc\u00dfe und frische Minze miteinander verbinden und so ein erfrischendes Geschmackserlebnis bieten.<\/p><p>Die fruchtige Palette ist das Hauptprodukt von RandM Tornado 30000. Sie umfasst klassische und gemischte Fruchtgeschmacksrichtungen wie \u00abBlueberry Raspberry\u00bb, \u00abPeachy Mango Pineapple\u00bb, \u00abTriple Mango\u00bb, \u00abKiwi Passionfruit Guava\u00bb, \u00abStrawberry Watermelon\u00bb, \u00abMixed Berries\u00bb und andere. Dieser Geschmackstyp hebt ein reiches Fruchtaroma und eine ausgewogene S\u00fc\u00dfe-S\u00e4ure-Balance hervor und ist ideal f\u00fcr Liebhaber nat\u00fcrlicher Fruchtgeschm\u00e4cker. Einige, wie \u00abLove 66\u00bb (Honigmelone + Passionsfrucht + Wassermelone) und \u00abLush Ice\u00bb (Wassermeloneneis), erinnern mit ihren reichhaltigen Noten eher an Aromen aus dem Nahen Osten oder den Tropen.<\/p><p>Au\u00dferdem gibt es S\u00fc\u00dfigkeiten- oder Getr\u00e4nkegeschmacksrichtungen wie \u00abSkittles\u00bb, \u00abCherry Cola\u00bb, \u00abDr. Blue\u00bb, \u00abVimto\u00bb, \u00abPink Lemonade\u00bb usw., die s\u00fc\u00df und stark reduziert sind und sich f\u00fcr Liebhaber von Desserts oder Kindheitserinnerungen eignen. Die erfrischende \u00abCool Mint\u00bb und traditionelle Geschmacksrichtungen wie \u00abDouble Apple\u00bb eignen sich f\u00fcr Liebhaber der klassischen Wasserpfeife oder eines angenehmeren Mundgef\u00fchls.<\/p>\t\t\t\t\t\t\t\t<\/div>\n\t\t\t\t<\/div>\n\t\t\t\t\t<\/div>\n\t\t\t\t<\/div>\n\t\t\t\t<\/div>","protected":false},"excerpt":{"rendered":"<p>Spezifikationen von RandM Tornado 30000 Maximale Anzahl von Z\u00fcgen: bis zu ca. 30000 Z\u00fcge Vorinstallierte E-Fl\u00fcssigkeit: 25 ml Batteriekapazit\u00e4t: ca. 600 mAh Ladeanschluss: USB-C Schnellladeger\u00e4t, hohe Ladeeffizienz Zerst\u00e4uberkonfiguration: Mesh-Widerstand, verbessert die Aromawiedergabe und Stabilit\u00e4t Nikotinkonzentration: 2 %, 5 % [...].<\/p>","protected":false},"featured_media":4422,"comment_status":"open","ping_status":"closed","template":"","meta":{"site-sidebar-layout":"no-sidebar","site-content-layout":"page-builder","ast-site-content-layout":"normal-width-container","site-content-style":"default","site-sidebar-style":"default","ast-global-header-display":"","ast-banner-title-visibility":"","ast-main-header-display":"","ast-hfb-above-header-display":"","ast-hfb-below-header-display":"","ast-hfb-mobile-header-display":"","site-post-title":"disabled","ast-breadcrumbs-content":"","ast-featured-img":"disabled","footer-sml-layout":"","theme-transparent-header-meta":"default","adv-header-id-meta":"","stick-header-meta":"default","header-above-stick-meta":"","header-main-stick-meta":"","header-below-stick-meta":"","astra-migrate-meta-layouts":"set","ast-page-background-enabled":"default","ast-page-background-meta":{"desktop":{"background-color":"","background-image":"","background-repeat":"repeat","background-position":"center center","background-size":"auto","background-attachment":"scroll","background-type":"","background-media":"","overlay-type":"","overlay-color":"","overlay-opacity":"","overlay-gradient":""},"tablet":{"background-color":"","background-image":"","background-repeat":"repeat","background-position":"center center","background-size":"auto","background-attachment":"scroll","background-type":"","background-media":"","overlay-type":"","overlay-color":"","overlay-opacity":"","overlay-gradient":""},"mobile":{"background-color":"","background-image":"","background-repeat":"repeat","background-position":"center center","background-size":"auto","background-attachment":"scroll","background-type":"","background-media":"","overlay-type":"","overlay-color":"","overlay-opacity":"","overlay-gradient":""}},"ast-content-background-meta":{"desktop":{"background-color":"var(--ast-global-color-5)","background-image":"","background-repeat":"repeat","background-position":"center center","background-size":"auto","background-attachment":"scroll","background-type":"","background-media":"","overlay-type":"","overlay-color":"","overlay-opacity":"","overlay-gradient":""},"tablet":{"background-color":"var(--ast-global-color-5)","background-image":"","background-repeat":"repeat","background-position":"center center","background-size":"auto","background-attachment":"scroll","background-type":"","background-media":"","overlay-type":"","overlay-color":"","overlay-opacity":"","overlay-gradient":""},"mobile":{"background-color":"var(--ast-global-color-5)","background-image":"","background-repeat":"repeat","background-position":"center center","background-size":"auto","background-attachment":"scroll","background-type":"","background-media":"","overlay-type":"","overlay-color":"","overlay-opacity":"","overlay-gradient":""}}},"product_brand":[29],"product_cat":[35,75],"product_tag":[],"class_list":{"0":"post-4436","1":"product","2":"type-product","3":"status-publish","4":"has-post-thumbnail","6":"product_brand-randm-tornado","7":"product_cat-randm-tornado-30000-avec-batterie-rechargeable","8":"product_cat-puff-30k-vous-offre-une-plus-grande-liberte-de-choix","9":"desktop-align-center","10":"tablet-align-center","11":"mobile-align-center","12":"ast-product-gallery-layout-horizontal","13":"ast-product-single-variable","14":"ast-product-tabs-layout-horizontal","16":"first","17":"instock","18":"sale","19":"shipping-taxable","20":"purchasable","21":"product-type-variable","22":"has-default-attributes"},"tiered_pricing_type":"fixed","tiered_pricing_fixed_rules":{"50":"9.38","100":"8.45","200":"7.95","400":"7.59"},"tiered_pricing_product_settings":{"layout":"default","base_unit_name":{"singular":null,"plural":null},"default_variation":null},"tiered_pricing_minimum_quantity":null,"tiered_pricing_roles_data":[],"tiered_pricing_percentage_rules":[],"_links":{"self":[{"href":"https:\/\/puffvapekit.com\/de\/wp-json\/wp\/v2\/product\/4436","targetHints":{"allow":["GET"]}}],"collection":[{"href":"https:\/\/puffvapekit.com\/de\/wp-json\/wp\/v2\/product"}],"about":[{"href":"https:\/\/puffvapekit.com\/de\/wp-json\/wp\/v2\/types\/product"}],"replies":[{"embeddable":true,"href":"https:\/\/puffvapekit.com\/de\/wp-json\/wp\/v2\/comments?post=4436"}],"version-history":[{"count":6,"href":"https:\/\/puffvapekit.com\/de\/wp-json\/wp\/v2\/product\/4436\/revisions"}],"predecessor-version":[{"id":4564,"href":"https:\/\/puffvapekit.com\/de\/wp-json\/wp\/v2\/product\/4436\/revisions\/4564"}],"wp:featuredmedia":[{"embeddable":true,"href":"https:\/\/puffvapekit.com\/de\/wp-json\/wp\/v2\/media\/4422"}],"wp:attachment":[{"href":"https:\/\/puffvapekit.com\/de\/wp-json\/wp\/v2\/media?parent=4436"}],"wp:term":[{"taxonomy":"product_brand","embeddable":true,"href":"https:\/\/puffvapekit.com\/de\/wp-json\/wp\/v2\/product_brand?post=4436"},{"taxonomy":"product_cat","embeddable":true,"href":"https:\/\/puffvapekit.com\/de\/wp-json\/wp\/v2\/product_cat?post=4436"},{"taxonomy":"product_tag","embeddable":true,"href":"https:\/\/puffvapekit.com\/de\/wp-json\/wp\/v2\/product_tag?post=4436"}],"curies":[{"name":"wp","href":"https:\/\/api.w.org\/{rel}","templated":true}]}}