{"id":4587,"date":"2025-08-02T02:40:18","date_gmt":"2025-08-02T02:40:18","guid":{"rendered":"https:\/\/puffvapekit.com\/?post_type=product&#038;p=4587"},"modified":"2026-02-22T01:22:48","modified_gmt":"2026-02-22T01:22:48","slug":"randm-30000-myrtille-et-framboise-aigre-est-un-melange-fruite","status":"publish","type":"product","link":"https:\/\/puffvapekit.com\/de\/product\/randm-30000-heidelbeere-und-saure-himbeere-ist-eine-fruchtige-mischung\/","title":{"rendered":"RandM Tornado 30000 - Blueberry Sour Raspberry"},"content":{"rendered":"<div data-elementor-type=\"wp-post\" data-elementor-id=\"4587\" class=\"elementor elementor-4587\">\n\t\t\t\t<div class=\"elementor-element elementor-element-5367c11 e-flex e-con-boxed e-con e-parent\" data-id=\"5367c11\" data-element_type=\"container\" data-e-type=\"container\">\n\t\t\t\t\t<div class=\"e-con-inner\">\n\t\t\t\t<div class=\"elementor-element elementor-element-1704875 elementor-widget elementor-widget-text-editor\" data-id=\"1704875\" data-element_type=\"widget\" data-e-type=\"widget\" data-widget_type=\"text-editor.default\">\n\t\t\t\t<div class=\"elementor-widget-container\">\n\t\t\t\t\t\t\t\t\t<p>Die elektronische Zigarette RandM Tornado 30000 \u00abBlueberry Sour Raspberry\u00bb ist eine fruchtige Mischung aus s\u00fc\u00dfen Heidelbeeren und s\u00e4uerlichen Himbeeren. Sie bietet Ihnen ein reichhaltiges und s\u00fc\u00dfes Erlebnis, ideal f\u00fcr Dampfer, die die Komplexit\u00e4t von Fruchtaromen sch\u00e4tzen und einen klaren Geschmack bevorzugen.<\/p><p>Heidelbeere: Ausgepr\u00e4gtes Heidelbeeraroma, m\u00e4\u00dfige S\u00fc\u00dfe und milder, cremiger Geschmack.<\/p><p>Saure Himbeere : Das Himbeeraroma ist deutlich und s\u00e4uerlich, mit einem Taubheitsgef\u00fchl zwischen Lippen und Z\u00e4hnen, das sowohl s\u00e4uerlich als auch erfrischend ist. Hebt den Gesamtgeschmack an, so dass er nicht einfach nur s\u00fc\u00df und fettig ist.<\/p><p>S\u00fc\u00df-saure Balance: Die s\u00fc\u00dfe Heidelbeere und die s\u00e4uerliche Himbeere bilden einen scharfen Kontrast und schaffen ein gemischtes, erfrischendes und vibrierendes Fruchterlebnis.<\/p><h2>Allgemeine Eigenschaften des Geschmacks Heidelbeere Himbeere Sauer<\/h2><p>Hauptgeschmacksstil : Fruchtig, s\u00fc\u00dfe Heidelbeere mit einem fruchtigen Aroma, die S\u00e4ure der Himbeere ist deutlich zu erkennen.<\/p><p>S\u00fc\u00df-Sauer-Balance: Die S\u00e4ure hebt den Geschmack hervor, die S\u00fc\u00dfe ist m\u00e4\u00dfig und das Aroma ist neutral.<\/p><p>Geeignet f\u00fcr: Liebhaber elektronischer Zigaretten, die fruchtige, s\u00fc\u00df-saure und erfrischende Geschmacksrichtungen sch\u00e4tzen.<\/p><h2>Spezifikationen von RandM Tornado 30000 Blueberry Sour Raspberry<\/h2><p>Maximale Anzahl von Z\u00fcgen: bis zu ca. 30000 Z\u00fcge<\/p><p>Kapazit\u00e4t der vorinstallierten e-Fl\u00fcssigkeit: 25 ml<\/p><p>Akkukapazit\u00e4t: ca. 600 mAh<\/p><p>Ladeanschluss: USB-C Schnellladung, hohe Ladeeffizienz<\/p><p>Atomizer-Konfiguration: Mesh-Widerstand, verbessert die Aromawiedergabe und Stabilit\u00e4t<\/p><p>Nikotinkonzentration: 2 %, 5 % optional<\/p><p>RGB-Beleuchtung und Musiksynchronisation: Einzigartige dynamische RGB-Beleuchtung, die sich dem Rhythmus der Umgebungsmusik anpasst, sorgt f\u00fcr mehr Unterhaltung und eignet sich besonders f\u00fcr Partys und gesellige Veranstaltungen.<\/p><h2>Eigenschaften des RandM Tornado 30000 Blueberry Sour Raspberry<\/h2><h3>Langlebig und hohe Kapazit\u00e4t<\/h3><p>Intensive Nutzung bis zu 30000 Z\u00fcge, ideal f\u00fcr Intensivnutzer, Reisen oder Ausgehen, reduziert h\u00e4ufiges Auswechseln der elektronischen Zigarette<\/p><p>25 ml E-Liquid mit wiederaufladbarer Hochleistungsbatterie f\u00fcr eine stabile und fl\u00fcssige Leistung w\u00e4hrend der gesamten Verwendung<\/p><h3>Wiederaufladbares Design<\/h3><p>Ausgestattet mit einem wiederaufladbaren 600-mAh-Akku, um die Nutzungsdauer zu verl\u00e4ngern und die Anzahl der Verbrauchsmaterialien zu reduzieren Geringerer Verbrauch<\/p><p>Typ-C-Schnellladung, hohe Ladeeffizienz, einfache Bedienung<\/p><h3>Hitzebest\u00e4ndig und optimales Ausgeh-Erlebnis<\/h3><p>Gleichm\u00e4\u00dfiger Hitzewiderstand von 1,0 \u03a9 f\u00fcr eine optimale Konzentration und Stabilit\u00e4t der Aromen, wodurch das Risiko von Trockenverbrennungen verringert wird.<\/p><p>M\u00e4\u00dfiger Inhalationswiderstand, \u00e4hnlich wie bei Mund-zu-Lunge, sanfter und fl\u00fcssiger Abgang, gute Tr\u00fcbung und gute Geschmacksleistung.<\/p>\t\t\t\t\t\t\t\t<\/div>\n\t\t\t\t<\/div>\n\t\t\t\t\t<\/div>\n\t\t\t\t<\/div>\n\t\t\t\t<\/div>","protected":false},"excerpt":{"rendered":"<p>Die elektronische Zigarette RandM Tornado 30000 \u00abBlueberry Sour Raspberry\u00bb ist eine fruchtige Mischung aus s\u00fc\u00dfen Heidelbeeren und s\u00e4uerlichen Himbeeren. Sie bietet Ihnen ein reiches und s\u00fc\u00dfes Erlebnis, ideal f\u00fcr Dampfer, die die Komplexit\u00e4t von Fruchtaromen sch\u00e4tzen und einen klaren Geschmack bevorzugen. Heidelbeere: Ausgepr\u00e4gtes Heidelbeeraroma, moderate S\u00fc\u00dfe und [...].<\/p>","protected":false},"featured_media":6517,"comment_status":"open","ping_status":"closed","template":"","meta":{"site-sidebar-layout":"no-sidebar","site-content-layout":"page-builder","ast-site-content-layout":"normal-width-container","site-content-style":"default","site-sidebar-style":"default","ast-global-header-display":"","ast-banner-title-visibility":"","ast-main-header-display":"","ast-hfb-above-header-display":"","ast-hfb-below-header-display":"","ast-hfb-mobile-header-display":"","site-post-title":"disabled","ast-breadcrumbs-content":"","ast-featured-img":"disabled","footer-sml-layout":"","theme-transparent-header-meta":"default","adv-header-id-meta":"","stick-header-meta":"default","header-above-stick-meta":"","header-main-stick-meta":"","header-below-stick-meta":"","astra-migrate-meta-layouts":"set","ast-page-background-enabled":"default","ast-page-background-meta":{"desktop":{"background-color":"","background-image":"","background-repeat":"repeat","background-position":"center center","background-size":"auto","background-attachment":"scroll","background-type":"","background-media":"","overlay-type":"","overlay-color":"","overlay-opacity":"","overlay-gradient":""},"tablet":{"background-color":"","background-image":"","background-repeat":"repeat","background-position":"center center","background-size":"auto","background-attachment":"scroll","background-type":"","background-media":"","overlay-type":"","overlay-color":"","overlay-opacity":"","overlay-gradient":""},"mobile":{"background-color":"","background-image":"","background-repeat":"repeat","background-position":"center center","background-size":"auto","background-attachment":"scroll","background-type":"","background-media":"","overlay-type":"","overlay-color":"","overlay-opacity":"","overlay-gradient":""}},"ast-content-background-meta":{"desktop":{"background-color":"var(--ast-global-color-5)","background-image":"","background-repeat":"repeat","background-position":"center center","background-size":"auto","background-attachment":"scroll","background-type":"","background-media":"","overlay-type":"","overlay-color":"","overlay-opacity":"","overlay-gradient":""},"tablet":{"background-color":"var(--ast-global-color-5)","background-image":"","background-repeat":"repeat","background-position":"center center","background-size":"auto","background-attachment":"scroll","background-type":"","background-media":"","overlay-type":"","overlay-color":"","overlay-opacity":"","overlay-gradient":""},"mobile":{"background-color":"var(--ast-global-color-5)","background-image":"","background-repeat":"repeat","background-position":"center center","background-size":"auto","background-attachment":"scroll","background-type":"","background-media":"","overlay-type":"","overlay-color":"","overlay-opacity":"","overlay-gradient":""}}},"product_brand":[29],"product_cat":[35,75],"product_tag":[],"class_list":{"0":"post-4587","1":"product","2":"type-product","3":"status-publish","4":"has-post-thumbnail","6":"product_brand-randm-tornado","7":"product_cat-randm-tornado-30000-avec-batterie-rechargeable","8":"product_cat-puff-30k-vous-offre-une-plus-grande-liberte-de-choix","9":"desktop-align-center","10":"tablet-align-center","11":"mobile-align-center","12":"ast-product-gallery-layout-horizontal","13":"ast-product-single-variable","14":"ast-product-tabs-layout-horizontal","16":"first","17":"instock","18":"sale","19":"shipping-taxable","20":"purchasable","21":"product-type-variable","22":"has-default-attributes"},"tiered_pricing_type":"fixed","tiered_pricing_fixed_rules":{"50":"9.38","100":"8.45","200":"7.95","400":"7.59"},"tiered_pricing_product_settings":{"layout":"default","base_unit_name":{"singular":null,"plural":null},"default_variation":null},"tiered_pricing_minimum_quantity":null,"tiered_pricing_roles_data":[],"tiered_pricing_percentage_rules":[],"_links":{"self":[{"href":"https:\/\/puffvapekit.com\/de\/wp-json\/wp\/v2\/product\/4587","targetHints":{"allow":["GET"]}}],"collection":[{"href":"https:\/\/puffvapekit.com\/de\/wp-json\/wp\/v2\/product"}],"about":[{"href":"https:\/\/puffvapekit.com\/de\/wp-json\/wp\/v2\/types\/product"}],"replies":[{"embeddable":true,"href":"https:\/\/puffvapekit.com\/de\/wp-json\/wp\/v2\/comments?post=4587"}],"version-history":[{"count":7,"href":"https:\/\/puffvapekit.com\/de\/wp-json\/wp\/v2\/product\/4587\/revisions"}],"predecessor-version":[{"id":6615,"href":"https:\/\/puffvapekit.com\/de\/wp-json\/wp\/v2\/product\/4587\/revisions\/6615"}],"wp:featuredmedia":[{"embeddable":true,"href":"https:\/\/puffvapekit.com\/de\/wp-json\/wp\/v2\/media\/6517"}],"wp:attachment":[{"href":"https:\/\/puffvapekit.com\/de\/wp-json\/wp\/v2\/media?parent=4587"}],"wp:term":[{"taxonomy":"product_brand","embeddable":true,"href":"https:\/\/puffvapekit.com\/de\/wp-json\/wp\/v2\/product_brand?post=4587"},{"taxonomy":"product_cat","embeddable":true,"href":"https:\/\/puffvapekit.com\/de\/wp-json\/wp\/v2\/product_cat?post=4587"},{"taxonomy":"product_tag","embeddable":true,"href":"https:\/\/puffvapekit.com\/de\/wp-json\/wp\/v2\/product_tag?post=4587"}],"curies":[{"name":"wp","href":"https:\/\/api.w.org\/{rel}","templated":true}]}}